{"id":602,"date":"2023-03-07T10:42:07","date_gmt":"2023-03-07T08:42:07","guid":{"rendered":"https:\/\/hevosjalostusliitot.fi\/varsinaissuomi\/?page_id=602"},"modified":"2026-03-30T17:40:52","modified_gmt":"2026-03-30T14:40:52","slug":"yhteystiedot","status":"publish","type":"page","link":"https:\/\/hevosjalostusliitot.fi\/varsinaissuomi\/yhteystiedot\/","title":{"rendered":"Yhteystiedot"},"content":{"rendered":"\n<p>Postiosoite:<\/p>\n\n\n\n<p>Varsinais-Suomen Hevosjalostusliitto ry<\/p>\n\n\n\n<p>Vanha Tampereentie 235<\/p>\n\n\n\n<p>20380 TURKU<\/p>\n\n\n\n<p>Toimisto sijaitsee Mets\u00e4m\u00e4en raviradan katsomorakennuksessa Turun Hippos ry:n toimiston kanssa samoissa tiloissa katsomorakennuksen tallialueen puoleisessa p\u00e4\u00e4dyss\u00e4.<\/p>\n\n\n\n<p><\/p>\n\n\n\n<p>Toiminnanjohtaja Virpi Ylitalo, puhelinnumero 040-7473 432<\/p>\n\n\n\n<p>email: virpi.ylitalo@turunhippos.fi ja hevosjalostusliitto@turunhippos.fi<\/p>\n\n\n\n<p><\/p>\n\n\n\n<p>JOHTOKUNTA:<\/p>\n\n\n\n<p> Virtanen Jarmo, Turku (pj.). Hagman Ingrid, Kemi\u00f6nsaari, Minna Hakala, Salo, Iltanen Marjukka, Salo, Kyl\u00e4m\u00e4ki Elina, Marttila, M\u00e4kinen Jenni, Laitila, Nivola Hannu, Uusikaupunki (vpj) , Paavilainen Susanna, Loimaa, S\u00e4teri Heli, P\u00f6yty\u00e4,<\/p>\n\n\n\n<p><\/p>\n","protected":false},"excerpt":{"rendered":"<p>Postiosoite: Varsinais-Suomen Hevosjalostusliitto ry Vanha Tampereentie 235 20380 TURKU Toimisto sijaitsee Mets\u00e4m\u00e4en raviradan katsomorakennuksessa Turun Hippos ry:n toimiston kanssa samoissa tiloissa katsomorakennuksen tallialueen puoleisessa p\u00e4\u00e4dyss\u00e4. Toiminnanjohtaja Virpi Ylitalo, puhelinnumero 040-7473 432 email: virpi.ylitalo@turunhippos.fi ja hevosjalostusliitto@turunhippos.fi JOHTOKUNTA: Virtanen Jarmo, Turku (pj.). Hagman Ingrid, Kemi\u00f6nsaari, Minna Hakala, Salo, Iltanen Marjukka, Salo, Kyl\u00e4m\u00e4ki [&hellip;]<\/p>\n","protected":false},"author":27,"featured_media":0,"parent":0,"menu_order":0,"comment_status":"closed","ping_status":"closed","template":"","meta":{"_EventAllDay":false,"_EventTimezone":"","_EventStartDate":"","_EventEndDate":"","_EventStartDateUTC":"","_EventEndDateUTC":"","_EventShowMap":false,"_EventShowMapLink":false,"_EventURL":"","_EventCost":"","_EventCostDescription":"","_EventCurrencySymbol":"","_EventCurrencyPosition":"","_EventDateTimeSeparator":"","_EventTimeRangeSeparator":"","_EventOrganizerID":[],"_EventVenueID":0,"_OrganizerEmail":"","_OrganizerPhone":"","_OrganizerWebsite":"","_VenueAddress":"","_VenueCity":"","_VenueCountry":"","_VenueProvince":"","_VenueZip":"","_VenuePhone":"","_VenueURL":"","_VenueStateProvince":"","_VenueLat":"","_VenueLng":"","footnotes":""},"class_list":["post-602","page","type-page","status-publish","hentry"],"_links":{"self":[{"href":"https:\/\/hevosjalostusliitot.fi\/varsinaissuomi\/wp-json\/wp\/v2\/pages\/602","targetHints":{"allow":["GET"]}}],"collection":[{"href":"https:\/\/hevosjalostusliitot.fi\/varsinaissuomi\/wp-json\/wp\/v2\/pages"}],"about":[{"href":"https:\/\/hevosjalostusliitot.fi\/varsinaissuomi\/wp-json\/wp\/v2\/types\/page"}],"author":[{"embeddable":true,"href":"https:\/\/hevosjalostusliitot.fi\/varsinaissuomi\/wp-json\/wp\/v2\/users\/27"}],"replies":[{"embeddable":true,"href":"https:\/\/hevosjalostusliitot.fi\/varsinaissuomi\/wp-json\/wp\/v2\/comments?post=602"}],"version-history":[{"count":6,"href":"https:\/\/hevosjalostusliitot.fi\/varsinaissuomi\/wp-json\/wp\/v2\/pages\/602\/revisions"}],"predecessor-version":[{"id":1299,"href":"https:\/\/hevosjalostusliitot.fi\/varsinaissuomi\/wp-json\/wp\/v2\/pages\/602\/revisions\/1299"}],"wp:attachment":[{"href":"https:\/\/hevosjalostusliitot.fi\/varsinaissuomi\/wp-json\/wp\/v2\/media?parent=602"}],"curies":[{"name":"wp","href":"https:\/\/api.w.org\/{rel}","templated":true}]}}