{"id":6,"date":"2020-05-14T16:08:28","date_gmt":"2020-05-14T13:08:28","guid":{"rendered":"https:\/\/hevoskasvattajat.fi\/varsinaissuomi\/?page_id=6"},"modified":"2023-03-07T11:18:07","modified_gmt":"2023-03-07T09:18:07","slug":"etusivu","status":"publish","type":"page","link":"https:\/\/hevosjalostusliitot.fi\/varsinaissuomi\/","title":{"rendered":"Etusivu"},"content":{"rendered":"<style>#kt-layout-id_584f03-46 > .kt-row-column-wrap{z-index:10;position:relative;align-content:start;}:where(#kt-layout-id_584f03-46 > .kt-row-column-wrap) > .wp-block-kadence-column{justify-content:start;}#kt-layout-id_584f03-46 > .kt-row-column-wrap{column-gap:var(--global-kb-gap-md, 2rem);row-gap:var(--global-kb-gap-md, 2rem);max-width:900px;margin-left:auto;margin-right:auto;padding-top:var( --global-kb-row-default-top, 25px );padding-bottom:var( --global-kb-row-default-bottom, 25px );padding-top:250px;padding-bottom:300px;grid-template-columns:minmax(0, 1fr);}#kt-layout-id_584f03-46{background-image:url('https:\/\/hevosjalostusliitot.fi\/varsinaissuomi\/wp-content\/uploads\/sites\/4\/2020\/08\/P9092963-scaled.jpg');background-size:cover;background-position:center center;background-attachment:scroll;background-repeat:no-repeat;}#kt-layout-id_584f03-46 > .kt-row-layout-overlay{opacity:0.00;background-image:linear-gradient(90deg, #00b5e2 0%, #1c809a 100%);mix-blend-mode:overlay;}#kt-layout-id_584f03-46 .kt-row-layout-bottom-sep{height:100px;}#kt-layout-id_584f03-46 .kt-row-layout-bottom-sep svg{width:100%;}#kt-layout-id_584f03-46 .kt-row-layout-bottom-sep svg{fill:#ffffff!important;}@media all and (max-width: 1024px){#kt-layout-id_584f03-46 > .kt-row-column-wrap{grid-template-columns:minmax(0, 1fr);}}@media all and (max-width: 1024px){#kt-layout-id_584f03-46 .kt-row-layout-bottom-sep{height:px;}}@media all and (max-width: 1024px){#kt-layout-id_584f03-46 .kt-row-layout-bottom-sep svg{width:%;}}@media all and (max-width: 767px){#kt-layout-id_584f03-46 > .kt-row-column-wrap{grid-template-columns:minmax(0, 1fr);}#kt-layout-id_584f03-46 .kt-row-layout-bottom-sep{height:px;}#kt-layout-id_584f03-46 .kt-row-layout-bottom-sep svg{width:%;}}<\/style>\n<div class=\"wp-block-kadence-rowlayout alignfull\"><div id=\"kt-layout-id_584f03-46\" class=\"kt-row-layout-inner kt-row-has-bg kt-layout-id_584f03-46\"><div class=\"kt-row-layout-overlay kt-row-overlay-gradient\"><\/div><div class=\"kt-row-column-wrap kt-has-1-columns kt-gutter-default kt-v-gutter-default kt-row-valign-top kt-row-layout-equal kt-tab-layout-inherit kt-m-colapse-left-to-right kt-mobile-layout-row\"><style>.kadence-column_3df01d-25 > .kt-inside-inner-col{border-top-width:0px;border-right-width:0px;border-bottom-width:0px;border-left-width:0px;}.kadence-column_3df01d-25 > .kt-inside-inner-col,.kadence-column_3df01d-25 > .kt-inside-inner-col:before{border-top-left-radius:0px;border-top-right-radius:0px;border-bottom-right-radius:0px;border-bottom-left-radius:0px;}.kadence-column_3df01d-25 > .kt-inside-inner-col{column-gap:var(--global-kb-gap-sm, 1rem);}.kadence-column_3df01d-25 > .kt-inside-inner-col{flex-direction:column;}.kadence-column_3df01d-25 > .kt-inside-inner-col > .aligncenter{width:100%;}.kadence-column_3df01d-25 > .kt-inside-inner-col:before{opacity:0.3;}.kadence-column_3df01d-25{position:relative;}@media all and (max-width: 1024px){.kadence-column_3df01d-25 > .kt-inside-inner-col{flex-direction:column;justify-content:center;}}@media all and (max-width: 767px){.kadence-column_3df01d-25 > .kt-inside-inner-col{flex-direction:column;justify-content:center;}}<\/style>\n<div class=\"wp-block-kadence-column inner-column-1 kadence-column_3df01d-25\"><div class=\"kt-inside-inner-col\">\n<p><\/p>\n\n\n\n<p><\/p>\n\n\n\n<p><\/p>\n\n\n\n<p><\/p>\n\n\n\n<p><\/p>\n\n\n<style>.wp-block-kadence-advancedheading.kt-adv-heading_d50aca-f8, .wp-block-kadence-advancedheading.kt-adv-heading_d50aca-f8[data-kb-block=\"kb-adv-heading_d50aca-f8\"]{text-align:center;font-size:2.5em;line-height:1em;font-weight:300;font-style:normal;font-family:Montserrat;}.wp-block-kadence-advancedheading.kt-adv-heading_d50aca-f8 mark.kt-highlight, .wp-block-kadence-advancedheading.kt-adv-heading_d50aca-f8[data-kb-block=\"kb-adv-heading_d50aca-f8\"] mark.kt-highlight{font-style:normal;color:#f76a0c;-webkit-box-decoration-break:clone;box-decoration-break:clone;padding-top:0px;padding-right:0px;padding-bottom:0px;padding-left:0px;}.wp-block-kadence-advancedheading.kt-adv-heading_d50aca-f8 img.kb-inline-image, .wp-block-kadence-advancedheading.kt-adv-heading_d50aca-f8[data-kb-block=\"kb-adv-heading_d50aca-f8\"] img.kb-inline-image{width:150px;vertical-align:baseline;}<\/style>\n<h4 id=\"kt-adv-heading_d50aca-f8\" class=\"kt-adv-heading_d50aca-f8 wp-block-kadence-advancedheading has-white-color\" style=\"text-align:center\"><\/h4>\n\n\n<style>.wp-block-kadence-advancedbtn.kb-btns_6ff1f5-3b{gap:var(--global-kb-gap-xs, 0.5rem );justify-content:center;align-items:center;}.kt-btns_6ff1f5-3b .kt-button{font-family:Montserrat;font-weight:300;font-style:normal;}.wp-block-kadence-advancedbtn.kt-btns_6ff1f5-3b .kt-btn-wrap-0 .kt-button{color:#ffffff;font-size:18px;background:#00b5e2;border-color:#00b5e2;border-style:solid;}.wp-block-kadence-advancedbtn.kt-btns_6ff1f5-3b .kt-btn-wrap-0 .kt-button:hover, .wp-block-kadence-advancedbtn.kt-btns_6ff1f5-3b .kt-btn-wrap-0 .kt-button:focus{color:#ffffff;border-color:#444444;}.wp-block-kadence-advancedbtn.kt-btns_6ff1f5-3b .kt-btn-wrap-0 .kt-button::before{display:none;}.wp-block-kadence-advancedbtn.kt-btns_6ff1f5-3b .kt-btn-wrap-0 .kt-button:hover, .wp-block-kadence-advancedbtn.kt-btns_6ff1f5-3b .kt-btn-wrap-0 .kt-button:focus{background:#444444;}.wp-block-kadence-advancedbtn.kt-btns_6ff1f5-3b .kt-btn-wrap-1 .kt-button{color:#ffffff;font-size:18px;border-color:#fbfcfd;border-style:solid;}.wp-block-kadence-advancedbtn.kt-btns_6ff1f5-3b .kt-btn-wrap-1 .kt-button:hover, .wp-block-kadence-advancedbtn.kt-btns_6ff1f5-3b .kt-btn-wrap-1 .kt-button:focus{color:#ffffff;border-color:#444444;}.wp-block-kadence-advancedbtn.kt-btns_6ff1f5-3b .kt-btn-wrap-1 .kt-button::before{display:none;}.wp-block-kadence-advancedbtn.kt-btns_6ff1f5-3b .kt-btn-wrap-1 .kt-button:hover, .wp-block-kadence-advancedbtn.kt-btns_6ff1f5-3b .kt-btn-wrap-1 .kt-button:focus{background:#444444;}<\/style>\n<div class=\"wp-block-kadence-advancedbtn kt-btn-align-center kt-btn-tablet-align-inherit kt-btn-mobile-align-inherit kt-btns-wrap kt-btns_6ff1f5-3b\"><div class=\"kt-btn-wrap kt-btn-wrap-0\"><a class=\"kt-button button kt-btn-0-action kt-btn-size-custom kt-btn-style-basic kt-btn-svg-show-always kt-btn-has-text-true kt-btn-has-svg-false\" href=\"mailto:virpi.ylitalo@turunhippos.fi\" style=\"border-radius:3px;border-width:3px\"><span class=\"kt-btn-inner-text\">Ota yhteytt\u00e4<\/span><\/a><\/div><\/div>\n\n\n<style>.wp-block-kadence-advancedheading.kt-adv-heading_28214e-fd, .wp-block-kadence-advancedheading.kt-adv-heading_28214e-fd[data-kb-block=\"kb-adv-heading_28214e-fd\"]{text-align:center;font-size:2.2em;line-height:1.3em;font-weight:800;font-style:normal;font-family:Montserrat;}.wp-block-kadence-advancedheading.kt-adv-heading_28214e-fd mark.kt-highlight, .wp-block-kadence-advancedheading.kt-adv-heading_28214e-fd[data-kb-block=\"kb-adv-heading_28214e-fd\"] mark.kt-highlight{font-style:normal;color:#f76a0c;-webkit-box-decoration-break:clone;box-decoration-break:clone;padding-top:0px;padding-right:0px;padding-bottom:0px;padding-left:0px;}.wp-block-kadence-advancedheading.kt-adv-heading_28214e-fd img.kb-inline-image, .wp-block-kadence-advancedheading.kt-adv-heading_28214e-fd[data-kb-block=\"kb-adv-heading_28214e-fd\"] img.kb-inline-image{width:150px;vertical-align:baseline;}<\/style>\n<h2 id=\"kt-adv-heading_28214e-fd\" class=\"kt-adv-heading_28214e-fd wp-block-kadence-advancedheading has-white-color\" style=\"text-align:center\"><strong>Varsinais-Suomen<\/strong> Hevosjalostusliitto ry<\/h2>\n<\/div><\/div>\n<\/div><div class=\"kt-row-layout-bottom-sep kt-row-sep-type-ctd\"><\/div><\/div><\/div>\n\n\n\n<hr class=\"wp-block-separator\" \/>\n\n\n\n<h2 class=\"wp-block-heading\">Tervetuloa<\/h2>\n\n\n\n<p>Varsinais-Suomen Hevosjalostusliitto ry:n palveluihin kuuluvat mm. varsojen ja tuontihevosten tunnistukset, astutus- ja varsomistietojen tallennukset, tamma- ja varsan\u00e4yttelyt, viralliset ponimittaukset ja  hevosalan neuvonta.<\/p>\n\n\n\n<p>Autamme mielell\u00e4mme kaikissa hevosaiheisissa kysymyksiss\u00e4 ja asioissa toimien hevosenomistajien ja kasvattajien neuvonantajana. <\/p>\n\n\n\n<p>Toimimme tiiviiss\u00e4 yhteisty\u00f6ss\u00e4 Turun Hippos ry:n kanssa<a href=\"http:\/\/www.turunhippos.fi\" data-type=\"URL\" data-id=\"www.turunhippos.fi\" target=\"_blank\" rel=\"noreferrer noopener\"> Mets\u00e4m\u00e4en raviradalla<\/a> Turussa.<\/p>\n\n\n\n<p>Parhaiten tavoittaa puhelimitse: 040-7473 432 ja s\u00e4hk\u00f6postilla virpi.ylitalo@turunhippos.fi<\/p>\n\n\n\n<p>Ajankohtaisesta toiminnastamme tiedotamme n\u00e4iden sivujen uutisissa sek\u00e4 <a rel=\"noreferrer noopener\" href=\"https:\/\/www.facebook.com\/vshevosjalostusliitto\/\" data-type=\"URL\" data-id=\"https:\/\/www.facebook.com\/vshevosjalostusliitto\/\" target=\"_blank\">Facebook-<\/a><a href=\"https:\/\/www.facebook.com\/vshevosjalostusliitto\/\" data-type=\"URL\" data-id=\"https:\/\/www.facebook.com\/vshevosjalostusliitto\/\">sivuillamme<\/a> ja Instagramissa k\u00e4ytt\u00e4j\u00e4nimell\u00e4 vshevosjalostusliitto.<\/p>\n\n\n\n<figure class=\"wp-block-image size-large is-resized\"><img loading=\"lazy\" decoding=\"async\" src=\"https:\/\/hevosjalostusliitot.fi\/varsinaissuomi\/wp-content\/uploads\/sites\/4\/2023\/03\/hjl-logo-1.jpeg\" alt=\"\" class=\"wp-image-612\" width=\"319\" height=\"396\" srcset=\"https:\/\/hevosjalostusliitot.fi\/varsinaissuomi\/wp-content\/uploads\/sites\/4\/2023\/03\/hjl-logo-1.jpeg 454w, https:\/\/hevosjalostusliitot.fi\/varsinaissuomi\/wp-content\/uploads\/sites\/4\/2023\/03\/hjl-logo-1-242x300.jpeg 242w\" sizes=\"auto, (max-width: 319px) 100vw, 319px\" \/><\/figure>\n\n\n","protected":false},"excerpt":{"rendered":"<p>Varsinais-Suomen Hevosjalostusliitto ry Tervetuloa Varsinais-Suomen Hevosjalostusliitto ry:n palveluihin kuuluvat mm. varsojen ja tuontihevosten tunnistukset, astutus- ja varsomistietojen tallennukset, tamma- ja varsan\u00e4yttelyt, viralliset ponimittaukset ja hevosalan neuvonta. Autamme mielell\u00e4mme kaikissa hevosaiheisissa kysymyksiss\u00e4 ja asioissa toimien hevosenomistajien ja kasvattajien neuvonantajana. Toimimme tiiviiss\u00e4 yhteisty\u00f6ss\u00e4 Turun Hippos ry:n kanssa Mets\u00e4m\u00e4en raviradalla Turussa. Parhaiten tavoittaa [&hellip;]<\/p>\n","protected":false},"author":1,"featured_media":0,"parent":0,"menu_order":0,"comment_status":"closed","ping_status":"closed","template":"page-templates\/template-fullwidth.php","meta":{"_EventAllDay":false,"_EventTimezone":"","_EventStartDate":"","_EventEndDate":"","_EventStartDateUTC":"","_EventEndDateUTC":"","_EventShowMap":false,"_EventShowMapLink":false,"_EventURL":"","_EventCost":"","_EventCostDescription":"","_EventCurrencySymbol":"","_EventCurrencyPosition":"","_EventDateTimeSeparator":"","_EventTimeRangeSeparator":"","_EventOrganizerID":[],"_EventVenueID":0,"_OrganizerEmail":"","_OrganizerPhone":"","_OrganizerWebsite":"","_VenueAddress":"","_VenueCity":"","_VenueCountry":"","_VenueProvince":"","_VenueZip":"","_VenuePhone":"","_VenueURL":"","_VenueStateProvince":"","_VenueLat":"","_VenueLng":"","footnotes":""},"class_list":["post-6","page","type-page","status-publish","hentry"],"_links":{"self":[{"href":"https:\/\/hevosjalostusliitot.fi\/varsinaissuomi\/wp-json\/wp\/v2\/pages\/6","targetHints":{"allow":["GET"]}}],"collection":[{"href":"https:\/\/hevosjalostusliitot.fi\/varsinaissuomi\/wp-json\/wp\/v2\/pages"}],"about":[{"href":"https:\/\/hevosjalostusliitot.fi\/varsinaissuomi\/wp-json\/wp\/v2\/types\/page"}],"author":[{"embeddable":true,"href":"https:\/\/hevosjalostusliitot.fi\/varsinaissuomi\/wp-json\/wp\/v2\/users\/1"}],"replies":[{"embeddable":true,"href":"https:\/\/hevosjalostusliitot.fi\/varsinaissuomi\/wp-json\/wp\/v2\/comments?post=6"}],"version-history":[{"count":23,"href":"https:\/\/hevosjalostusliitot.fi\/varsinaissuomi\/wp-json\/wp\/v2\/pages\/6\/revisions"}],"predecessor-version":[{"id":616,"href":"https:\/\/hevosjalostusliitot.fi\/varsinaissuomi\/wp-json\/wp\/v2\/pages\/6\/revisions\/616"}],"wp:attachment":[{"href":"https:\/\/hevosjalostusliitot.fi\/varsinaissuomi\/wp-json\/wp\/v2\/media?parent=6"}],"curies":[{"name":"wp","href":"https:\/\/api.w.org\/{rel}","templated":true}]}}