{"id":77,"date":"2020-08-06T13:48:38","date_gmt":"2020-08-06T10:48:38","guid":{"rendered":"https:\/\/hevosjalostusliitot.fi\/pohjoissavo\/?page_id=77"},"modified":"2026-02-12T11:19:17","modified_gmt":"2026-02-12T09:19:17","slug":"orivarsalaitumet","status":"publish","type":"page","link":"https:\/\/hevosjalostusliitot.fi\/pohjoissavo\/orivarsalaitumet\/","title":{"rendered":"Orivarsalaitumet"},"content":{"rendered":"\n<p>Pohjois-Savon Hevosjalostusliitto ry:n tukiyhteis\u00f6 Pohjois-Savon Hevostalouss\u00e4\u00e4ti\u00f6 yll\u00e4pit\u00e4\u00e4 kolmea&nbsp;perinteik\u00e4st\u00e4&nbsp;orivarsalaidunta.<\/p>\n\n\n\n<p>Laidunsaaret <em>Rahvo<\/em> ja <em>Otus<\/em> sijaitsevat Juurusvedess\u00e4 Siilinj\u00e4rvell\u00e4. Saarissa on laidunnettu vuosittain 1-3 vuotiaita varsoja.<\/p>\n\n\n\n<p>Rahvon pinta-ala on noin 85 hehtaaria ja Otuksen noin 65 hehtaaria.<\/p>\n\n\n\n<p>Laidunkaudella 2026:<br>Rahvon saaressa laiduntavat 1-2-vuotiaat orivarsat, my\u00f6s samanik\u00e4iset ruunat ovat tervetulleita.<br>Otus-saareen otamme eri ik\u00e4isi\u00e4 tammoja.<\/p>\n\n\n\n<p>Kuljetus&nbsp;Rahvoon ja Otukseen&nbsp;tapahtuu lautalla.<\/p>\n\n\n\n<p>Laidun <em>Orilehto<\/em> sijaitsee Iisalmessa Viitan kyl\u00e4ss\u00e4. Laitumella laidunnetaan vuonna 2026 entiseen tapaan 1-2-vuotiaita orivarsoja. Laitumen pinta-ala yhteens\u00e4 noin 12 hehtaaria, josta peltoalaa noin 7 hehtaaria.<br>Orilehto on T\u00c4YTEEN VARATTU kes\u00e4lle 2026!<\/p>\n\n\n\n<p>Laitumilla on s\u00e4\u00e4nn\u00f6llinen valvonta. Laiduntaville hevosille tarjoamme kivenn\u00e4isen sek\u00e4 suolan. Lis\u00e4ksi Rahvon ja Otus-saaren hevosille tarjoamme lis\u00e4ksi valkuaislis\u00e4n.<\/p>\n\n\n\n<p><strong>Laidunmaksut ja ilmoittautuminen:<\/strong><\/p>\n\n\n\n<p>Pohjois-Savon Hevostalouss\u00e4\u00e4ti\u00f6 halua tukea hevoskasvattajia varsinkin, kun kasvatusm\u00e4\u00e4r\u00e4t ovat pienentyneet ja kulut nousseet. Siksi laidunmaksua on laskettu vuodelle 2026. Uudet hinnat ovat edulliset:<\/p>\n\n\n\n<p>300 \u20ac \/ hevonen \/ kes\u00e4 (sis alv. 25,5 %)<\/p>\n\n\n\n<p>Lis\u00e4tiedot ja ilmoittautuminen 044-0375363<\/p>\n\n\n\n<p><\/p>\n\n\n\n<figure class=\"wp-block-image size-large\"><img loading=\"lazy\" decoding=\"async\" width=\"1024\" height=\"768\" src=\"https:\/\/hevosjalostusliitot.fi\/pohjoissavo\/wp-content\/uploads\/sites\/17\/2020\/08\/P6101178.jpg\" alt=\"\" class=\"wp-image-94\" srcset=\"https:\/\/hevosjalostusliitot.fi\/pohjoissavo\/wp-content\/uploads\/sites\/17\/2020\/08\/P6101178.jpg 1024w, https:\/\/hevosjalostusliitot.fi\/pohjoissavo\/wp-content\/uploads\/sites\/17\/2020\/08\/P6101178-300x225.jpg 300w, https:\/\/hevosjalostusliitot.fi\/pohjoissavo\/wp-content\/uploads\/sites\/17\/2020\/08\/P6101178-768x576.jpg 768w\" sizes=\"auto, (max-width: 1024px) 100vw, 1024px\" \/><\/figure>\n\n\n\n<figure class=\"wp-block-image size-large\"><img loading=\"lazy\" decoding=\"async\" width=\"1024\" height=\"768\" src=\"https:\/\/hevosjalostusliitot.fi\/pohjoissavo\/wp-content\/uploads\/sites\/17\/2020\/08\/P6101182.jpg\" alt=\"\" class=\"wp-image-93\" srcset=\"https:\/\/hevosjalostusliitot.fi\/pohjoissavo\/wp-content\/uploads\/sites\/17\/2020\/08\/P6101182.jpg 1024w, https:\/\/hevosjalostusliitot.fi\/pohjoissavo\/wp-content\/uploads\/sites\/17\/2020\/08\/P6101182-300x225.jpg 300w, https:\/\/hevosjalostusliitot.fi\/pohjoissavo\/wp-content\/uploads\/sites\/17\/2020\/08\/P6101182-768x576.jpg 768w\" sizes=\"auto, (max-width: 1024px) 100vw, 1024px\" \/><\/figure>\n\n\n\n<figure class=\"wp-block-image size-large\"><img loading=\"lazy\" decoding=\"async\" width=\"1024\" height=\"768\" src=\"https:\/\/hevosjalostusliitot.fi\/pohjoissavo\/wp-content\/uploads\/sites\/17\/2020\/08\/P6101184.jpg\" alt=\"\" class=\"wp-image-92\" srcset=\"https:\/\/hevosjalostusliitot.fi\/pohjoissavo\/wp-content\/uploads\/sites\/17\/2020\/08\/P6101184.jpg 1024w, https:\/\/hevosjalostusliitot.fi\/pohjoissavo\/wp-content\/uploads\/sites\/17\/2020\/08\/P6101184-300x225.jpg 300w, https:\/\/hevosjalostusliitot.fi\/pohjoissavo\/wp-content\/uploads\/sites\/17\/2020\/08\/P6101184-768x576.jpg 768w\" sizes=\"auto, (max-width: 1024px) 100vw, 1024px\" \/><\/figure>\n\n\n\n<figure class=\"wp-block-image size-large\"><img loading=\"lazy\" decoding=\"async\" width=\"1024\" height=\"665\" src=\"https:\/\/hevosjalostusliitot.fi\/pohjoissavo\/wp-content\/uploads\/sites\/17\/2020\/08\/VarsojaRahvo17_2-1024x665.jpg\" alt=\"\" class=\"wp-image-87\" srcset=\"https:\/\/hevosjalostusliitot.fi\/pohjoissavo\/wp-content\/uploads\/sites\/17\/2020\/08\/VarsojaRahvo17_2-1024x665.jpg 1024w, https:\/\/hevosjalostusliitot.fi\/pohjoissavo\/wp-content\/uploads\/sites\/17\/2020\/08\/VarsojaRahvo17_2-300x195.jpg 300w, https:\/\/hevosjalostusliitot.fi\/pohjoissavo\/wp-content\/uploads\/sites\/17\/2020\/08\/VarsojaRahvo17_2-768x499.jpg 768w, https:\/\/hevosjalostusliitot.fi\/pohjoissavo\/wp-content\/uploads\/sites\/17\/2020\/08\/VarsojaRahvo17_2.jpg 1388w\" sizes=\"auto, (max-width: 1024px) 100vw, 1024px\" \/><\/figure>\n","protected":false},"excerpt":{"rendered":"<p>Pohjois-Savon Hevosjalostusliitto ry:n tukiyhteis\u00f6 Pohjois-Savon Hevostalouss\u00e4\u00e4ti\u00f6 yll\u00e4pit\u00e4\u00e4 kolmea&nbsp;perinteik\u00e4st\u00e4&nbsp;orivarsalaidunta. Laidunsaaret Rahvo ja Otus sijaitsevat Juurusvedess\u00e4 Siilinj\u00e4rvell\u00e4. Saarissa on laidunnettu vuosittain 1-3 vuotiaita varsoja. Rahvon pinta-ala on noin 85 hehtaaria ja Otuksen noin 65 hehtaaria. Laidunkaudella 2026:Rahvon saaressa laiduntavat 1-2-vuotiaat orivarsat, my\u00f6s samanik\u00e4iset ruunat ovat tervetulleita.Otus-saareen otamme eri ik\u00e4isi\u00e4 tammoja. Kuljetus&nbsp;Rahvoon ja [&hellip;]<\/p>\n","protected":false},"author":21,"featured_media":130,"parent":0,"menu_order":0,"comment_status":"closed","ping_status":"closed","template":"","meta":{"_EventAllDay":false,"_EventTimezone":"","_EventStartDate":"","_EventEndDate":"","_EventStartDateUTC":"","_EventEndDateUTC":"","_EventShowMap":false,"_EventShowMapLink":false,"_EventURL":"","_EventCost":"","_EventCostDescription":"","_EventCurrencySymbol":"","_EventCurrencyPosition":"","_EventDateTimeSeparator":"","_EventTimeRangeSeparator":"","_EventOrganizerID":[],"_EventVenueID":0,"_OrganizerEmail":"","_OrganizerPhone":"","_OrganizerWebsite":"","_VenueAddress":"","_VenueCity":"","_VenueCountry":"","_VenueProvince":"","_VenueZip":"","_VenuePhone":"","_VenueURL":"","_VenueStateProvince":"","_VenueLat":"","_VenueLng":"","footnotes":""},"class_list":["post-77","page","type-page","status-publish","has-post-thumbnail","hentry"],"_links":{"self":[{"href":"https:\/\/hevosjalostusliitot.fi\/pohjoissavo\/wp-json\/wp\/v2\/pages\/77","targetHints":{"allow":["GET"]}}],"collection":[{"href":"https:\/\/hevosjalostusliitot.fi\/pohjoissavo\/wp-json\/wp\/v2\/pages"}],"about":[{"href":"https:\/\/hevosjalostusliitot.fi\/pohjoissavo\/wp-json\/wp\/v2\/types\/page"}],"author":[{"embeddable":true,"href":"https:\/\/hevosjalostusliitot.fi\/pohjoissavo\/wp-json\/wp\/v2\/users\/21"}],"replies":[{"embeddable":true,"href":"https:\/\/hevosjalostusliitot.fi\/pohjoissavo\/wp-json\/wp\/v2\/comments?post=77"}],"version-history":[{"count":9,"href":"https:\/\/hevosjalostusliitot.fi\/pohjoissavo\/wp-json\/wp\/v2\/pages\/77\/revisions"}],"predecessor-version":[{"id":368,"href":"https:\/\/hevosjalostusliitot.fi\/pohjoissavo\/wp-json\/wp\/v2\/pages\/77\/revisions\/368"}],"wp:featuredmedia":[{"embeddable":true,"href":"https:\/\/hevosjalostusliitot.fi\/pohjoissavo\/wp-json\/wp\/v2\/media\/130"}],"wp:attachment":[{"href":"https:\/\/hevosjalostusliitot.fi\/pohjoissavo\/wp-json\/wp\/v2\/media?parent=77"}],"curies":[{"name":"wp","href":"https:\/\/api.w.org\/{rel}","templated":true}]}}