{"id":71,"date":"2020-08-06T13:24:25","date_gmt":"2020-08-06T10:24:25","guid":{"rendered":"https:\/\/hevosjalostusliitot.fi\/pohjoissavo\/?page_id=71"},"modified":"2020-08-11T16:32:19","modified_gmt":"2020-08-11T13:32:19","slug":"tunnistus-ja-rekisterointi","status":"publish","type":"page","link":"https:\/\/hevosjalostusliitot.fi\/pohjoissavo\/tunnistus-ja-rekisterointi\/","title":{"rendered":"Tunnistus ja rekister\u00f6inti"},"content":{"rendered":"\n<p>Varsojen ja tuontihevosten tunnistus rekister\u00f6inti\u00e4 varten.<\/p>\n\n\n\n<p>toiminnanjohtaja Hannu Ala-Korpi, Pohjois-Savon alue p. 044-0375363<\/p>\n\n\n\n<p>Rekister\u00f6innin hinta koostuu tunnistuksesta, rekister\u00f6innist\u00e4 ja mahdollisesti dna-n\u00e4ytteen laboratoriokulusta, hinnasto Suomen Hippoksen sivuilla:&nbsp;<a rel=\"noreferrer noopener\" href=\"https:\/\/www.hippos.fi\/suomen_hippos_ry\/suomen_hippos_ry\/palveluhinnasto\/rekisterointi\" target=\"_blank\">LINKKI<\/a><\/p>\n\n\n\n<p>Lis\u00e4tietoja varsan rekister\u00f6innist\u00e4:&nbsp;<a href=\"https:\/\/www.hippos.fi\/rekisterointi_ja_omistaminen\/varsan_rekisterointi\" target=\"_blank\" rel=\"noreferrer noopener\">LINKKI<\/a><\/p>\n\n\n\n<p>Lis\u00e4tietoja maahantuodun ravihevosen rekister\u00f6innist\u00e4:&nbsp;<a href=\"https:\/\/www.hippos.fi\/rekisterointi_ja_omistaminen\/hevosen_tuonti_ja_vienti\/tuontiravihevosen_rekisterointi\" target=\"_blank\" rel=\"noreferrer noopener\">LINKKI<\/a><\/p>\n\n\n\n<p>Lis\u00e4tietoja maahantuodun ratsun rekister\u00f6innist\u00e4:&nbsp;<a href=\"https:\/\/www.hippos.fi\/rekisterointi_ja_omistaminen\/hevosen_tuonti_ja_vienti\/tuontiratsun_ja_-ponin_rekisterointi\" target=\"_blank\" rel=\"noreferrer noopener\">LINKKI<\/a><\/p>\n","protected":false},"excerpt":{"rendered":"<p>Varsojen ja tuontihevosten tunnistus rekister\u00f6inti\u00e4 varten. toiminnanjohtaja Hannu Ala-Korpi, Pohjois-Savon alue p. 044-0375363 Rekister\u00f6innin hinta koostuu tunnistuksesta, rekister\u00f6innist\u00e4 ja mahdollisesti dna-n\u00e4ytteen laboratoriokulusta, hinnasto Suomen Hippoksen sivuilla:&nbsp;LINKKI Lis\u00e4tietoja varsan rekister\u00f6innist\u00e4:&nbsp;LINKKI Lis\u00e4tietoja maahantuodun ravihevosen rekister\u00f6innist\u00e4:&nbsp;LINKKI Lis\u00e4tietoja maahantuodun ratsun rekister\u00f6innist\u00e4:&nbsp;LINKKI<\/p>\n","protected":false},"author":21,"featured_media":128,"parent":0,"menu_order":0,"comment_status":"closed","ping_status":"closed","template":"","meta":{"_EventAllDay":false,"_EventTimezone":"","_EventStartDate":"","_EventEndDate":"","_EventStartDateUTC":"","_EventEndDateUTC":"","_EventShowMap":false,"_EventShowMapLink":false,"_EventURL":"","_EventCost":"","_EventCostDescription":"","_EventCurrencySymbol":"","_EventCurrencyPosition":"","_EventDateTimeSeparator":"","_EventTimeRangeSeparator":"","_EventOrganizerID":[],"_EventVenueID":0,"_OrganizerEmail":"","_OrganizerPhone":"","_OrganizerWebsite":"","_VenueAddress":"","_VenueCity":"","_VenueCountry":"","_VenueProvince":"","_VenueZip":"","_VenuePhone":"","_VenueURL":"","_VenueStateProvince":"","_VenueLat":"","_VenueLng":"","footnotes":""},"class_list":["post-71","page","type-page","status-publish","has-post-thumbnail","hentry"],"_links":{"self":[{"href":"https:\/\/hevosjalostusliitot.fi\/pohjoissavo\/wp-json\/wp\/v2\/pages\/71","targetHints":{"allow":["GET"]}}],"collection":[{"href":"https:\/\/hevosjalostusliitot.fi\/pohjoissavo\/wp-json\/wp\/v2\/pages"}],"about":[{"href":"https:\/\/hevosjalostusliitot.fi\/pohjoissavo\/wp-json\/wp\/v2\/types\/page"}],"author":[{"embeddable":true,"href":"https:\/\/hevosjalostusliitot.fi\/pohjoissavo\/wp-json\/wp\/v2\/users\/21"}],"replies":[{"embeddable":true,"href":"https:\/\/hevosjalostusliitot.fi\/pohjoissavo\/wp-json\/wp\/v2\/comments?post=71"}],"version-history":[{"count":1,"href":"https:\/\/hevosjalostusliitot.fi\/pohjoissavo\/wp-json\/wp\/v2\/pages\/71\/revisions"}],"predecessor-version":[{"id":73,"href":"https:\/\/hevosjalostusliitot.fi\/pohjoissavo\/wp-json\/wp\/v2\/pages\/71\/revisions\/73"}],"wp:featuredmedia":[{"embeddable":true,"href":"https:\/\/hevosjalostusliitot.fi\/pohjoissavo\/wp-json\/wp\/v2\/media\/128"}],"wp:attachment":[{"href":"https:\/\/hevosjalostusliitot.fi\/pohjoissavo\/wp-json\/wp\/v2\/media?parent=71"}],"curies":[{"name":"wp","href":"https:\/\/api.w.org\/{rel}","templated":true}]}}