{"id":62,"date":"2020-08-06T13:18:39","date_gmt":"2020-08-06T10:18:39","guid":{"rendered":"https:\/\/hevosjalostusliitot.fi\/pohjoissavo\/?page_id=62"},"modified":"2025-05-05T16:08:22","modified_gmt":"2025-05-05T13:08:22","slug":"nayttelyt","status":"publish","type":"page","link":"https:\/\/hevosjalostusliitot.fi\/pohjoissavo\/nayttelyt\/","title":{"rendered":"N\u00e4yttelyt"},"content":{"rendered":"\n<p>Pohjois-Savon Hevosjalostusliitto ry j\u00e4rjest\u00e4\u00e4 suomenhevosten sek\u00e4 l\u00e4mminveristen tamma- ja varsan\u00e4yttelyit\u00e4 sek\u00e4 avustaa Suomen Hipposta orin\u00e4yttelyiden j\u00e4rjestelyiss\u00e4. <\/p>\n\n\n\n<p>Tamma- ja varsan\u00e4yttelyiss\u00e4 jalostusarvostellaan suomenhevos- ja l\u00e4mminveritammoja sek\u00e4 rakennetarkastetaan suomenhevostammoja. Varsoista arvostellaan 1-3 -vuotiaita suomenhevosia (kaikki jalostussuunnat) ja 1-2 -vuotiaita l\u00e4mminverivarsoja. My\u00f6s ruunavarsat voivat osallistua, lukuunottamatta valtakunnallisia n\u00e4yttelyit\u00e4.<\/p>\n\n\n\n<p>Ajantasainen n\u00e4yttelykalenteri on&nbsp;<a href=\"https:\/\/heppa.hippos.fi\/heppa\/app?page=grading%2FGradingCalendarSL&amp;service=external\">Heppa-j\u00e4rjestelm\u00e4ss\u00e4<\/a>. Hepan kautta voit ilmoittaa hevosen n\u00e4yttelyyn ja sielt\u00e4 l\u00f6yd\u00e4t ilmoittautumisajan p\u00e4\u00e4tytty\u00e4 n\u00e4yttelyn aikataulu sek\u00e4 n\u00e4yttelyn j\u00e4lkeen tulokset.<\/p>\n\n\n\n<p>Ilmoittautua voi Heppa-j\u00e4rjestelm\u00e4n lis\u00e4ksi s\u00e4hk\u00f6postitse hannu.ala-korpi@kuopionravirata.fi tai puh. 044-0375363 Ilmoittautuminen vahvistetaan maksamalla osallistumismaksu viimeist\u00e4\u00e4n 10 pv. ennen n\u00e4yttely\u00e4 Pohjois-Savon Hevosjalostusliiton tilille FI59 5600 0520 0056 80, viestiksi hevosen nimi ja n\u00e4yttelypaikkakunta.<\/p>\n\n\n\n<p>Tervetuloa n\u00e4yttelyihin!<\/p>\n\n\n\n<figure class=\"wp-block-image size-large\"><img loading=\"lazy\" decoding=\"async\" width=\"800\" height=\"533\" src=\"https:\/\/hevosjalostusliitot.fi\/pohjoissavo\/wp-content\/uploads\/sites\/17\/2020\/08\/dreamrolex2.jpg\" alt=\"\" class=\"wp-image-69\" srcset=\"https:\/\/hevosjalostusliitot.fi\/pohjoissavo\/wp-content\/uploads\/sites\/17\/2020\/08\/dreamrolex2.jpg 800w, https:\/\/hevosjalostusliitot.fi\/pohjoissavo\/wp-content\/uploads\/sites\/17\/2020\/08\/dreamrolex2-300x200.jpg 300w, https:\/\/hevosjalostusliitot.fi\/pohjoissavo\/wp-content\/uploads\/sites\/17\/2020\/08\/dreamrolex2-768x512.jpg 768w, https:\/\/hevosjalostusliitot.fi\/pohjoissavo\/wp-content\/uploads\/sites\/17\/2020\/08\/dreamrolex2-360x240.jpg 360w\" sizes=\"auto, (max-width: 800px) 100vw, 800px\" \/><figcaption class=\"wp-element-caption\">Dream Rolex<\/figcaption><\/figure>\n","protected":false},"excerpt":{"rendered":"<p>Pohjois-Savon Hevosjalostusliitto ry j\u00e4rjest\u00e4\u00e4 suomenhevosten sek\u00e4 l\u00e4mminveristen tamma- ja varsan\u00e4yttelyit\u00e4 sek\u00e4 avustaa Suomen Hipposta orin\u00e4yttelyiden j\u00e4rjestelyiss\u00e4. Tamma- ja varsan\u00e4yttelyiss\u00e4 jalostusarvostellaan suomenhevos- ja l\u00e4mminveritammoja sek\u00e4 rakennetarkastetaan suomenhevostammoja. Varsoista arvostellaan 1-3 -vuotiaita suomenhevosia (kaikki jalostussuunnat) ja 1-2 -vuotiaita l\u00e4mminverivarsoja. My\u00f6s ruunavarsat voivat osallistua, lukuunottamatta valtakunnallisia n\u00e4yttelyit\u00e4. Ajantasainen n\u00e4yttelykalenteri on&nbsp;Heppa-j\u00e4rjestelm\u00e4ss\u00e4. Hepan kautta voit [&hellip;]<\/p>\n","protected":false},"author":21,"featured_media":122,"parent":0,"menu_order":0,"comment_status":"closed","ping_status":"closed","template":"","meta":{"_EventAllDay":false,"_EventTimezone":"","_EventStartDate":"","_EventEndDate":"","_EventStartDateUTC":"","_EventEndDateUTC":"","_EventShowMap":false,"_EventShowMapLink":false,"_EventURL":"","_EventCost":"","_EventCostDescription":"","_EventCurrencySymbol":"","_EventCurrencyPosition":"","_EventDateTimeSeparator":"","_EventTimeRangeSeparator":"","_EventOrganizerID":[],"_EventVenueID":0,"_OrganizerEmail":"","_OrganizerPhone":"","_OrganizerWebsite":"","_VenueAddress":"","_VenueCity":"","_VenueCountry":"","_VenueProvince":"","_VenueZip":"","_VenuePhone":"","_VenueURL":"","_VenueStateProvince":"","_VenueLat":"","_VenueLng":"","footnotes":""},"class_list":["post-62","page","type-page","status-publish","has-post-thumbnail","hentry"],"_links":{"self":[{"href":"https:\/\/hevosjalostusliitot.fi\/pohjoissavo\/wp-json\/wp\/v2\/pages\/62","targetHints":{"allow":["GET"]}}],"collection":[{"href":"https:\/\/hevosjalostusliitot.fi\/pohjoissavo\/wp-json\/wp\/v2\/pages"}],"about":[{"href":"https:\/\/hevosjalostusliitot.fi\/pohjoissavo\/wp-json\/wp\/v2\/types\/page"}],"author":[{"embeddable":true,"href":"https:\/\/hevosjalostusliitot.fi\/pohjoissavo\/wp-json\/wp\/v2\/users\/21"}],"replies":[{"embeddable":true,"href":"https:\/\/hevosjalostusliitot.fi\/pohjoissavo\/wp-json\/wp\/v2\/comments?post=62"}],"version-history":[{"count":7,"href":"https:\/\/hevosjalostusliitot.fi\/pohjoissavo\/wp-json\/wp\/v2\/pages\/62\/revisions"}],"predecessor-version":[{"id":348,"href":"https:\/\/hevosjalostusliitot.fi\/pohjoissavo\/wp-json\/wp\/v2\/pages\/62\/revisions\/348"}],"wp:featuredmedia":[{"embeddable":true,"href":"https:\/\/hevosjalostusliitot.fi\/pohjoissavo\/wp-json\/wp\/v2\/media\/122"}],"wp:attachment":[{"href":"https:\/\/hevosjalostusliitot.fi\/pohjoissavo\/wp-json\/wp\/v2\/media?parent=62"}],"curies":[{"name":"wp","href":"https:\/\/api.w.org\/{rel}","templated":true}]}}