{"id":14,"date":"2020-05-18T14:27:16","date_gmt":"2020-05-18T11:27:16","guid":{"rendered":"https:\/\/hevosjalostusliitot.fi\/pohjoissavo\/?page_id=14"},"modified":"2020-08-11T16:31:14","modified_gmt":"2020-08-11T13:31:14","slug":"etusivu","status":"publish","type":"page","link":"https:\/\/hevosjalostusliitot.fi\/pohjoissavo\/","title":{"rendered":"Etusivu"},"content":{"rendered":"<style>#kt-layout-id_ea366d-a4 > .kt-row-column-wrap{z-index:10;position:relative;align-content:center;}:where(#kt-layout-id_ea366d-a4 > .kt-row-column-wrap) > .wp-block-kadence-column{justify-content:center;}#kt-layout-id_ea366d-a4 > .kt-row-column-wrap{column-gap:var(--global-kb-gap-md, 2rem);row-gap:var(--global-kb-gap-md, 2rem);max-width:900px;margin-left:auto;margin-right:auto;padding-top:var( --global-kb-row-default-top, 25px );padding-bottom:var( --global-kb-row-default-bottom, 25px );padding-top:250px;padding-bottom:300px;grid-template-columns:minmax(0, 1fr);}#kt-layout-id_ea366d-a4{background-image:url('https:\/\/hevosjalostusliitot.fi\/pohjoissavo\/wp-content\/uploads\/sites\/17\/2020\/06\/Orilehto_2017-scaled.jpg');background-size:cover;background-position:center center;background-attachment:scroll;background-repeat:no-repeat;}#kt-layout-id_ea366d-a4 > .kt-row-layout-overlay{opacity:0.00;background-image:linear-gradient(90deg, #00b5e2 0%, #1c809a 100%);mix-blend-mode:overlay;}#kt-layout-id_ea366d-a4 .kt-row-layout-bottom-sep{height:100px;}#kt-layout-id_ea366d-a4 .kt-row-layout-bottom-sep svg{width:100%;}#kt-layout-id_ea366d-a4 .kt-row-layout-bottom-sep svg{fill:#ffffff!important;}@media all and (max-width: 1024px){#kt-layout-id_ea366d-a4 > .kt-row-column-wrap{grid-template-columns:minmax(0, 1fr);}}@media all and (max-width: 1024px){#kt-layout-id_ea366d-a4 .kt-row-layout-bottom-sep{height:px;}}@media all and (max-width: 1024px){#kt-layout-id_ea366d-a4 .kt-row-layout-bottom-sep svg{width:%;}}@media all and (max-width: 767px){#kt-layout-id_ea366d-a4 > .kt-row-column-wrap{grid-template-columns:minmax(0, 1fr);}#kt-layout-id_ea366d-a4 .kt-row-layout-bottom-sep{height:px;}#kt-layout-id_ea366d-a4 .kt-row-layout-bottom-sep svg{width:%;}}<\/style>\n<div class=\"wp-block-kadence-rowlayout alignfull\"><div id=\"kt-layout-id_ea366d-a4\" class=\"kt-row-layout-inner kt-row-has-bg kt-layout-id_ea366d-a4\"><div class=\"kt-row-layout-overlay kt-row-overlay-gradient\"><\/div><div class=\"kt-row-column-wrap kt-has-1-columns kt-gutter-default kt-v-gutter-default kt-row-valign-middle kt-row-layout-equal kt-tab-layout-inherit kt-m-colapse-left-to-right kt-mobile-layout-row\"><style>.kadence-column_3df01d-25 > .kt-inside-inner-col{border-top-width:0px;border-right-width:0px;border-bottom-width:0px;border-left-width:0px;}.kadence-column_3df01d-25 > .kt-inside-inner-col,.kadence-column_3df01d-25 > .kt-inside-inner-col:before{border-top-left-radius:0px;border-top-right-radius:0px;border-bottom-right-radius:0px;border-bottom-left-radius:0px;}.kadence-column_3df01d-25 > .kt-inside-inner-col{column-gap:var(--global-kb-gap-sm, 1rem);}.kadence-column_3df01d-25 > .kt-inside-inner-col{flex-direction:column;}.kadence-column_3df01d-25 > .kt-inside-inner-col > .aligncenter{width:100%;}.kadence-column_3df01d-25 > .kt-inside-inner-col:before{opacity:0.3;}.kadence-column_3df01d-25{position:relative;}@media all and (max-width: 1024px){.kadence-column_3df01d-25 > .kt-inside-inner-col{flex-direction:column;justify-content:center;}}@media all and (max-width: 767px){.kadence-column_3df01d-25 > .kt-inside-inner-col{flex-direction:column;justify-content:center;}}<\/style>\n<div class=\"wp-block-kadence-column inner-column-1 kadence-column_3df01d-25\"><div class=\"kt-inside-inner-col\"><style>.wp-block-kadence-advancedheading.kt-adv-heading_d87b0e-0a, .wp-block-kadence-advancedheading.kt-adv-heading_d87b0e-0a[data-kb-block=\"kb-adv-heading_d87b0e-0a\"]{text-align:center;font-size:3.5em;line-height:1.3em;font-weight:800;font-style:normal;font-family:Montserrat;color:#ffffff;}.wp-block-kadence-advancedheading.kt-adv-heading_d87b0e-0a mark.kt-highlight, .wp-block-kadence-advancedheading.kt-adv-heading_d87b0e-0a[data-kb-block=\"kb-adv-heading_d87b0e-0a\"] mark.kt-highlight{font-style:normal;color:#f76a0c;-webkit-box-decoration-break:clone;box-decoration-break:clone;padding-top:0px;padding-right:0px;padding-bottom:0px;padding-left:0px;}.wp-block-kadence-advancedheading.kt-adv-heading_d87b0e-0a img.kb-inline-image, .wp-block-kadence-advancedheading.kt-adv-heading_d87b0e-0a[data-kb-block=\"kb-adv-heading_d87b0e-0a\"] img.kb-inline-image{width:150px;vertical-align:baseline;}<\/style>\n<h2 id=\"kt-adv-heading_d87b0e-0a\" class=\"kt-adv-heading_d87b0e-0a wp-block-kadence-advancedheading\" style=\"text-align:center;color:#ffffff\">Pohjois-Savon<\/h2>\n\n\n<style>.wp-block-kadence-advancedheading.kt-adv-heading_d50aca-f8, .wp-block-kadence-advancedheading.kt-adv-heading_d50aca-f8[data-kb-block=\"kb-adv-heading_d50aca-f8\"]{text-align:center;font-size:1.6em;line-height:1em;font-weight:200;font-style:normal;font-family:Montserrat;color:#ffffff;}.wp-block-kadence-advancedheading.kt-adv-heading_d50aca-f8 mark.kt-highlight, .wp-block-kadence-advancedheading.kt-adv-heading_d50aca-f8[data-kb-block=\"kb-adv-heading_d50aca-f8\"] mark.kt-highlight{font-style:normal;color:#f76a0c;-webkit-box-decoration-break:clone;box-decoration-break:clone;padding-top:0px;padding-right:0px;padding-bottom:0px;padding-left:0px;}.wp-block-kadence-advancedheading.kt-adv-heading_d50aca-f8 img.kb-inline-image, .wp-block-kadence-advancedheading.kt-adv-heading_d50aca-f8[data-kb-block=\"kb-adv-heading_d50aca-f8\"] img.kb-inline-image{width:150px;vertical-align:baseline;}<\/style>\n<h4 id=\"kt-adv-heading_d50aca-f8\" class=\"kt-adv-heading_d50aca-f8 wp-block-kadence-advancedheading\" style=\"text-align:center;color:#ffffff\">Hevosjalostusliitto<\/h4>\n\n\n<style>.wp-block-kadence-advancedbtn.kb-btns_6ff1f5-3b{gap:var(--global-kb-gap-xs, 0.5rem );justify-content:center;align-items:center;}.kt-btns_6ff1f5-3b .kt-button{font-family:Montserrat;font-weight:300;font-style:normal;}.wp-block-kadence-advancedbtn.kt-btns_6ff1f5-3b .kt-btn-wrap-0 .kt-button{color:#ffffff;font-size:18px;background:#00b5e2;border-color:#00b5e2;border-style:solid;}.wp-block-kadence-advancedbtn.kt-btns_6ff1f5-3b .kt-btn-wrap-0 .kt-button:hover, .wp-block-kadence-advancedbtn.kt-btns_6ff1f5-3b .kt-btn-wrap-0 .kt-button:focus{color:#ffffff;border-color:#444444;}.wp-block-kadence-advancedbtn.kt-btns_6ff1f5-3b .kt-btn-wrap-0 .kt-button::before{display:none;}.wp-block-kadence-advancedbtn.kt-btns_6ff1f5-3b .kt-btn-wrap-0 .kt-button:hover, .wp-block-kadence-advancedbtn.kt-btns_6ff1f5-3b .kt-btn-wrap-0 .kt-button:focus{background:#444444;}.wp-block-kadence-advancedbtn.kt-btns_6ff1f5-3b .kt-btn-wrap-1 .kt-button{color:#ffffff;font-size:18px;border-color:#fbfcfd;border-style:solid;}.wp-block-kadence-advancedbtn.kt-btns_6ff1f5-3b .kt-btn-wrap-1 .kt-button:hover, .wp-block-kadence-advancedbtn.kt-btns_6ff1f5-3b .kt-btn-wrap-1 .kt-button:focus{color:#ffffff;border-color:#444444;}.wp-block-kadence-advancedbtn.kt-btns_6ff1f5-3b .kt-btn-wrap-1 .kt-button::before{display:none;}.wp-block-kadence-advancedbtn.kt-btns_6ff1f5-3b .kt-btn-wrap-1 .kt-button:hover, .wp-block-kadence-advancedbtn.kt-btns_6ff1f5-3b .kt-btn-wrap-1 .kt-button:focus{background:#444444;}<\/style>\n<div class=\"wp-block-kadence-advancedbtn kt-btn-align-center kt-btn-tablet-align-inherit kt-btn-mobile-align-inherit kt-btns-wrap kt-btns_6ff1f5-3b\"><div class=\"kt-btn-wrap kt-btn-wrap-0\"><a class=\"kt-button button kt-btn-0-action kt-btn-size-custom kt-btn-style-basic kt-btn-svg-show-always kt-btn-has-text-true kt-btn-has-svg-false\" href=\"mailto:hannu.ala-korpi@kuopionravirata.fi\" style=\"border-radius:3px;border-width:3px\"><span class=\"kt-btn-inner-text\">Ota yhteytt\u00e4<\/span><\/a><\/div><\/div>\n<\/div><\/div>\n<\/div><div class=\"kt-row-layout-bottom-sep kt-row-sep-type-ctd\"><\/div><\/div><\/div>\n\n\n\n<figure class=\"wp-block-image size-large is-resized\"><img loading=\"lazy\" decoding=\"async\" src=\"https:\/\/hevosjalostusliitot.fi\/pohjoissavo\/wp-content\/uploads\/sites\/17\/2020\/06\/logogif-1024x942.gif\" alt=\"\" class=\"wp-image-44\" width=\"149\" height=\"136\" srcset=\"https:\/\/hevosjalostusliitot.fi\/pohjoissavo\/wp-content\/uploads\/sites\/17\/2020\/06\/logogif-1024x942.gif 1024w, https:\/\/hevosjalostusliitot.fi\/pohjoissavo\/wp-content\/uploads\/sites\/17\/2020\/06\/logogif-300x276.gif 300w, https:\/\/hevosjalostusliitot.fi\/pohjoissavo\/wp-content\/uploads\/sites\/17\/2020\/06\/logogif-768x706.gif 768w\" sizes=\"auto, (max-width: 149px) 100vw, 149px\" \/><\/figure>\n\n\n\n<p>Pohjois-Savon Hevosjalostusliitto on yksi Suomen viidest\u00e4toista toiminnassa olevista hevosjalostusliitoista, joiden toimintaan kuuluu mm. hevoskasvatuksen ja -jalostuksen edist\u00e4minen alueellaan sek\u00e4 hevostalouden tunnettavuuden parantaminen.<\/p>\n\n\n\n<div class=\"wp-block-group\"><div class=\"wp-block-group__inner-container is-layout-flow wp-block-group-is-layout-flow\">\n<p>Pohjois-Savon Hevosjalostusliiton palveluihin kuuluvat mm. varsojen ja tuontihevosten tunnistukset, astutus- ja varsomistietojen tallennukset, tamma- ja varsan\u00e4yttelyt, ajolupakurssit,  orivarsalaiduntoiminta, ravikilpailutoiminta, sek\u00e4 hevosiin ja hevostalouteen liittyv\u00e4 neuvonta.<\/p>\n<\/div><\/div>\n\n\n\n<div class=\"wp-block-group\"><div class=\"wp-block-group__inner-container is-layout-flow wp-block-group-is-layout-flow\">\n<div class=\"wp-block-group\"><div class=\"wp-block-group__inner-container is-layout-flow wp-block-group-is-layout-flow\">\n<div class=\"wp-block-group\"><div class=\"wp-block-group__inner-container is-layout-flow wp-block-group-is-layout-flow\">\n<p>Pohjois-Savon Hevosjalostusliiton toimisto sijaitsee Kuopion raviradalla Sorsasalossa. <br>Puikkarintie 41 <br>70420 Kuopio<\/p>\n\n\n\n<div class=\"wp-block-group\"><div class=\"wp-block-group__inner-container is-layout-flow wp-block-group-is-layout-flow\">\n<p>Toiminnanjohtaja: <br>Hannu Ala-Korpi 044-0375363                                                                       <br>hannu.ala-korpi@kuopionravirata.fi<\/p>\n<\/div><\/div>\n<\/div><\/div>\n\n\n\n<p>Sorsasalon toimisto on avoinna asiakkaille ma-ti klo 9-14. Lis\u00e4ksi palvelemme arkip\u00e4ivisin klo 8-16 puhelimitse ja s\u00e4hk\u00f6postitse. Seuraa meit\u00e4 my\u00f6s Facebookissa!<\/p>\n<\/div><\/div>\n<\/div><\/div>\n","protected":false},"excerpt":{"rendered":"<p>Pohjois-Savon Hevosjalostusliitto Pohjois-Savon Hevosjalostusliitto on yksi Suomen viidest\u00e4toista toiminnassa olevista hevosjalostusliitoista, joiden toimintaan kuuluu mm. hevoskasvatuksen ja -jalostuksen edist\u00e4minen alueellaan sek\u00e4 hevostalouden tunnettavuuden parantaminen. Pohjois-Savon Hevosjalostusliiton palveluihin kuuluvat mm. varsojen ja tuontihevosten tunnistukset, astutus- ja varsomistietojen tallennukset, tamma- ja varsan\u00e4yttelyt, ajolupakurssit, orivarsalaiduntoiminta, ravikilpailutoiminta, sek\u00e4 hevosiin ja hevostalouteen liittyv\u00e4 neuvonta. Pohjois-Savon [&hellip;]<\/p>\n","protected":false},"author":1,"featured_media":0,"parent":0,"menu_order":0,"comment_status":"closed","ping_status":"closed","template":"page-templates\/template-fullwidth.php","meta":{"_EventAllDay":false,"_EventTimezone":"","_EventStartDate":"","_EventEndDate":"","_EventStartDateUTC":"","_EventEndDateUTC":"","_EventShowMap":false,"_EventShowMapLink":false,"_EventURL":"","_EventCost":"","_EventCostDescription":"","_EventCurrencySymbol":"","_EventCurrencyPosition":"","_EventDateTimeSeparator":"","_EventTimeRangeSeparator":"","_EventOrganizerID":[],"_EventVenueID":0,"_OrganizerEmail":"","_OrganizerPhone":"","_OrganizerWebsite":"","_VenueAddress":"","_VenueCity":"","_VenueCountry":"","_VenueProvince":"","_VenueZip":"","_VenuePhone":"","_VenueURL":"","_VenueStateProvince":"","_VenueLat":"","_VenueLng":"","footnotes":""},"class_list":["post-14","page","type-page","status-publish","hentry"],"_links":{"self":[{"href":"https:\/\/hevosjalostusliitot.fi\/pohjoissavo\/wp-json\/wp\/v2\/pages\/14","targetHints":{"allow":["GET"]}}],"collection":[{"href":"https:\/\/hevosjalostusliitot.fi\/pohjoissavo\/wp-json\/wp\/v2\/pages"}],"about":[{"href":"https:\/\/hevosjalostusliitot.fi\/pohjoissavo\/wp-json\/wp\/v2\/types\/page"}],"author":[{"embeddable":true,"href":"https:\/\/hevosjalostusliitot.fi\/pohjoissavo\/wp-json\/wp\/v2\/users\/1"}],"replies":[{"embeddable":true,"href":"https:\/\/hevosjalostusliitot.fi\/pohjoissavo\/wp-json\/wp\/v2\/comments?post=14"}],"version-history":[{"count":9,"href":"https:\/\/hevosjalostusliitot.fi\/pohjoissavo\/wp-json\/wp\/v2\/pages\/14\/revisions"}],"predecessor-version":[{"id":60,"href":"https:\/\/hevosjalostusliitot.fi\/pohjoissavo\/wp-json\/wp\/v2\/pages\/14\/revisions\/60"}],"wp:attachment":[{"href":"https:\/\/hevosjalostusliitot.fi\/pohjoissavo\/wp-json\/wp\/v2\/media?parent=14"}],"curies":[{"name":"wp","href":"https:\/\/api.w.org\/{rel}","templated":true}]}}