{"id":101,"date":"2020-08-06T13:50:51","date_gmt":"2020-08-06T10:50:51","guid":{"rendered":"https:\/\/hevosjalostusliitot.fi\/pohjoissavo\/?page_id=101"},"modified":"2020-08-11T16:32:10","modified_gmt":"2020-08-11T13:32:10","slug":"ponimittaus","status":"publish","type":"page","link":"https:\/\/hevosjalostusliitot.fi\/pohjoissavo\/ponimittaus\/","title":{"rendered":"Ponimittaus"},"content":{"rendered":"\n<p>Viralliset mittaukset sek\u00e4 ravi- ett\u00e4 ratsuponeille. Mittauksia suorittaa toiminnanjohtaja Hannu Ala-Korpi koko liiton alueella. Tiedustelut liiton toimistolta.<\/p>\n\n\n\n<p>Ponimittaus 50 eur + matkakulut<\/p>\n\n\n\n<p>Tunnistusten tms. k\u00e4ynnin yhteydess\u00e4 tai ryhm\u00e4mittaustilaisuuksissa 30 euroa<\/p>\n","protected":false},"excerpt":{"rendered":"<p>Viralliset mittaukset sek\u00e4 ravi- ett\u00e4 ratsuponeille. Mittauksia suorittaa toiminnanjohtaja Hannu Ala-Korpi koko liiton alueella. Tiedustelut liiton toimistolta. Ponimittaus 50 eur + matkakulut Tunnistusten tms. k\u00e4ynnin yhteydess\u00e4 tai ryhm\u00e4mittaustilaisuuksissa 30 euroa<\/p>\n","protected":false},"author":21,"featured_media":0,"parent":0,"menu_order":0,"comment_status":"closed","ping_status":"closed","template":"","meta":{"_EventAllDay":false,"_EventTimezone":"","_EventStartDate":"","_EventEndDate":"","_EventStartDateUTC":"","_EventEndDateUTC":"","_EventShowMap":false,"_EventShowMapLink":false,"_EventURL":"","_EventCost":"","_EventCostDescription":"","_EventCurrencySymbol":"","_EventCurrencyPosition":"","_EventDateTimeSeparator":"","_EventTimeRangeSeparator":"","_EventOrganizerID":[],"_EventVenueID":0,"_OrganizerEmail":"","_OrganizerPhone":"","_OrganizerWebsite":"","_VenueAddress":"","_VenueCity":"","_VenueCountry":"","_VenueProvince":"","_VenueZip":"","_VenuePhone":"","_VenueURL":"","_VenueStateProvince":"","_VenueLat":"","_VenueLng":"","footnotes":""},"class_list":["post-101","page","type-page","status-publish","hentry"],"_links":{"self":[{"href":"https:\/\/hevosjalostusliitot.fi\/pohjoissavo\/wp-json\/wp\/v2\/pages\/101","targetHints":{"allow":["GET"]}}],"collection":[{"href":"https:\/\/hevosjalostusliitot.fi\/pohjoissavo\/wp-json\/wp\/v2\/pages"}],"about":[{"href":"https:\/\/hevosjalostusliitot.fi\/pohjoissavo\/wp-json\/wp\/v2\/types\/page"}],"author":[{"embeddable":true,"href":"https:\/\/hevosjalostusliitot.fi\/pohjoissavo\/wp-json\/wp\/v2\/users\/21"}],"replies":[{"embeddable":true,"href":"https:\/\/hevosjalostusliitot.fi\/pohjoissavo\/wp-json\/wp\/v2\/comments?post=101"}],"version-history":[{"count":1,"href":"https:\/\/hevosjalostusliitot.fi\/pohjoissavo\/wp-json\/wp\/v2\/pages\/101\/revisions"}],"predecessor-version":[{"id":103,"href":"https:\/\/hevosjalostusliitot.fi\/pohjoissavo\/wp-json\/wp\/v2\/pages\/101\/revisions\/103"}],"wp:attachment":[{"href":"https:\/\/hevosjalostusliitot.fi\/pohjoissavo\/wp-json\/wp\/v2\/media?parent=101"}],"curies":[{"name":"wp","href":"https:\/\/api.w.org\/{rel}","templated":true}]}}