{"id":42,"date":"2024-04-14T19:15:28","date_gmt":"2024-04-14T16:15:28","guid":{"rendered":"https:\/\/hevosjalostusliitot.fi\/pohjoiskarjala\/?page_id=42"},"modified":"2024-04-14T19:15:29","modified_gmt":"2024-04-14T16:15:29","slug":"yhteystiedot","status":"publish","type":"page","link":"https:\/\/hevosjalostusliitot.fi\/pohjoiskarjala\/yhteystiedot\/","title":{"rendered":"Yhteystiedot"},"content":{"rendered":"\n<p>Pohjois-Karjalan Hevosjalostusliitto ry<\/p>\n\n\n\n<p>Linnunlahdentie 5<\/p>\n\n\n\n<p>80110 JOENSUU<\/p>\n\n\n\n<p>puh. 050 4417524 k\u00e4yt\u00e4mme my\u00f6s whatsuppia<\/p>\n\n\n\n<p class=\"has-black-color has-text-color\">sposti: hevosjalostusliitto(at)joensuunravirata.fi<\/p>\n","protected":false},"excerpt":{"rendered":"<p>Pohjois-Karjalan Hevosjalostusliitto ry Linnunlahdentie 5 80110 JOENSUU puh. 050 4417524 k\u00e4yt\u00e4mme my\u00f6s whatsuppia sposti: hevosjalostusliitto(at)joensuunravirata.fi<\/p>\n","protected":false},"author":20,"featured_media":0,"parent":0,"menu_order":0,"comment_status":"closed","ping_status":"closed","template":"","meta":{"_EventAllDay":false,"_EventTimezone":"","_EventStartDate":"","_EventEndDate":"","_EventStartDateUTC":"","_EventEndDateUTC":"","_EventShowMap":false,"_EventShowMapLink":false,"_EventURL":"","_EventCost":"","_EventCostDescription":"","_EventCurrencySymbol":"","_EventCurrencyPosition":"","_EventDateTimeSeparator":"","_EventTimeRangeSeparator":"","_EventOrganizerID":[],"_EventVenueID":0,"_OrganizerEmail":"","_OrganizerPhone":"","_OrganizerWebsite":"","_VenueAddress":"","_VenueCity":"","_VenueCountry":"","_VenueProvince":"","_VenueZip":"","_VenuePhone":"","_VenueURL":"","_VenueStateProvince":"","_VenueLat":"","_VenueLng":"","footnotes":""},"class_list":["post-42","page","type-page","status-publish","hentry"],"_links":{"self":[{"href":"https:\/\/hevosjalostusliitot.fi\/pohjoiskarjala\/wp-json\/wp\/v2\/pages\/42","targetHints":{"allow":["GET"]}}],"collection":[{"href":"https:\/\/hevosjalostusliitot.fi\/pohjoiskarjala\/wp-json\/wp\/v2\/pages"}],"about":[{"href":"https:\/\/hevosjalostusliitot.fi\/pohjoiskarjala\/wp-json\/wp\/v2\/types\/page"}],"author":[{"embeddable":true,"href":"https:\/\/hevosjalostusliitot.fi\/pohjoiskarjala\/wp-json\/wp\/v2\/users\/20"}],"replies":[{"embeddable":true,"href":"https:\/\/hevosjalostusliitot.fi\/pohjoiskarjala\/wp-json\/wp\/v2\/comments?post=42"}],"version-history":[{"count":2,"href":"https:\/\/hevosjalostusliitot.fi\/pohjoiskarjala\/wp-json\/wp\/v2\/pages\/42\/revisions"}],"predecessor-version":[{"id":117,"href":"https:\/\/hevosjalostusliitot.fi\/pohjoiskarjala\/wp-json\/wp\/v2\/pages\/42\/revisions\/117"}],"wp:attachment":[{"href":"https:\/\/hevosjalostusliitot.fi\/pohjoiskarjala\/wp-json\/wp\/v2\/media?parent=42"}],"curies":[{"name":"wp","href":"https:\/\/api.w.org\/{rel}","templated":true}]}}