{"id":890,"date":"2023-06-06T15:18:12","date_gmt":"2023-06-06T12:18:12","guid":{"rendered":"https:\/\/hevosjalostusliitot.fi\/pohjanmaa\/?page_id=890"},"modified":"2023-06-06T15:18:13","modified_gmt":"2023-06-06T12:18:13","slug":"hevosen-ruokintakoulu-osa-2","status":"publish","type":"page","link":"https:\/\/hevosjalostusliitot.fi\/pohjanmaa\/hevosen-ruokintakoulu-osa-2\/","title":{"rendered":"Hevosen ruokintakoulu (Osa 2)"},"content":{"rendered":"\n<p>Edellisess\u00e4 osiossa k\u00e4siteltiin hevosten tarvitsemista ravintoaineista hiilihydraatit, rasvat ja valkuaisaineet. Edell\u00e4 mainittujen lis\u00e4ksi hevonen tarvitsee my\u00f6s <strong>vitamiineja<\/strong>, <strong>kivenn\u00e4isaineita<\/strong> ja <strong>vett\u00e4.<\/strong> <\/p>\n\n\n\n<p>Vitamiinien puutos voi aiheuttaa hevoselle sairauksia. Hevosen vitamiinien tarve pystyt\u00e4\u00e4n tyydytt\u00e4m\u00e4\u00e4n rehuissa <strong>luonnollisesti esiintyvien vitamiinien avulla, vitamiinivalmisteil-<br>la, kudosten synteesin avulla sek\u00e4 mikrobien avulla ruoansulatuskanavassa. <\/strong>Vitamiinien tarve vaihtelee hevosen i\u00e4n, terveyden, ymp\u00e4rist\u00f6n olosuhteiden, kuten ilmaston sek\u00e4 k\u00e4ytt\u00f6tarkoituksen mukaan.  <\/p>\n\n\n\n<p>On hyv\u00e4 tiedostaa, ett\u00e4 vitamiineja on sek\u00e4 rasva- ett\u00e4 vesiliukoisia.Rasvaliukoisia vitamiineja hevonen pystyy varastoimaan elimist\u00f6\u00f6ns\u00e4 2\u20133 kuukauden tarpeisiin. Rasvaliukoiset vitamiinit varastoituvat hevosen rasvakudokseen ja elimiin, kuten maksaan ja munuaisiin. Jos vesi-<br>liukoisia vitamiineja on elimist\u00f6n tarpeeseen n\u00e4hden liikaa, poistuvat ne virtsan mu-<br>kana. Vesiliukoisista vitamiineista ei siis voi tulla yliannostusta. Lis\u00e4infoa hevosen vitamiinien tarpeseen liittyen l\u00f6yd\u00e4t esimerkiksi <a href=\"https:\/\/www.theseus.fi\/bitstream\/handle\/10024\/64126\/Huttunen_Aune.pdf?sequence=1&amp;isAllowed=y\">t\u00e4\u00e4lt\u00e4<\/a> tai vaikkapa <a href=\"https:\/\/hevostietokeskus.fi\/i\/ruokinta\/ravintoaineet\/vitamiinit\">Hevostietokeskuksen sivulta. <\/a> <\/p>\n\n\n\n<p><strong>Kivenn\u00e4isaineiden<\/strong> tarve vaihtelee milligrammoista grammoihin. Kaikkein t\u00e4rkeint\u00e4 on<br>huolehtia kivenn\u00e4isten keskin\u00e4isest\u00e4 tasapainosta ja ennen kaikkea kalsiumin ja fos-<br>forin oikeasta suhteesta, joka on 1,5-2\/1. V\u00e4\u00e4r\u00e4nlainen kalsiumin ja fosforin suhde, tai<br>suuresti virheellinen annostus, voivat aiheuttaa hevoselle vakaviakin luustoh\u00e4iri\u00f6it\u00e4. Moni vitamiini ja kivenn\u00e4isaine toimii ns. k\u00e4si k\u00e4dess\u00e4, kuten kalsium ja D-vitamiini sek\u00e4 seleeni ja E-vitamiini. Suomen Hevostietokeskuksen nettisivuilta ja Luonnonvarakeskuksen portaalista <a href=\"https:\/\/portal.mtt.fi\/portal\/page\/portal\/Rehutaulukot\/Ruokintasuositukset\/Hevoset\">t\u00e4st\u00e4 <\/a>l\u00f6yd\u00e4t tietoa hevosen kivenn\u00e4isaineiden tarpeesta. Jos hevosen ruokinnan onnistumisen haluaa optimoida, on se mahdollista ainoastaan rehuanalyysiin perustuen. Karkearehun sis\u00e4lt\u00e4mien eri ravintoaineiden pitoisuuteen vaikuttaa moni tekij\u00e4 ja erityisen paljon viljelytekniikka. <\/p>\n\n\n\n<p><strong>L\u00e4hteet:<\/strong><\/p>\n\n\n\n<p><strong>Hevosen ruokinta, terveys ja suolistomikrobisto<\/strong>. Aune Huttunen. 2013. Saatavissa: <a href=\"https:\/\/www.theseus.fi\/bitstream\/handle\/10024\/64126\/Huttunen_Aune.pdf?sequence=1&amp;isAllowed=y\">https:\/\/www.theseus.fi\/bitstream\/handle\/10024\/64126\/Huttunen_Aune.pdf?sequence=1&amp;isAllowed=y<\/a><\/p>\n\n\n\n<figure class=\"wp-block-embed\"><div class=\"wp-block-embed__wrapper\">\nhttps:\/\/portal.mtt.fi\/portal\/page\/portal\/Rehutaulukot\/Ruokintasuositukset\/Hevoset\n<\/div><\/figure>\n","protected":false},"excerpt":{"rendered":"<p>Edellisess\u00e4 osiossa k\u00e4siteltiin hevosten tarvitsemista ravintoaineista hiilihydraatit, rasvat ja valkuaisaineet. Edell\u00e4 mainittujen lis\u00e4ksi hevonen tarvitsee my\u00f6s vitamiineja, kivenn\u00e4isaineita ja vett\u00e4. Vitamiinien puutos voi aiheuttaa hevoselle sairauksia. Hevosen vitamiinien tarve pystyt\u00e4\u00e4n tyydytt\u00e4m\u00e4\u00e4n rehuissa luonnollisesti esiintyvien vitamiinien avulla, vitamiinivalmisteil-la, kudosten synteesin avulla sek\u00e4 mikrobien avulla ruoansulatuskanavassa. Vitamiinien tarve vaihtelee hevosen i\u00e4n, terveyden, [&hellip;]<\/p>\n","protected":false},"author":12,"featured_media":0,"parent":0,"menu_order":0,"comment_status":"closed","ping_status":"closed","template":"","meta":{"_EventAllDay":false,"_EventTimezone":"","_EventStartDate":"","_EventEndDate":"","_EventStartDateUTC":"","_EventEndDateUTC":"","_EventShowMap":false,"_EventShowMapLink":false,"_EventURL":"","_EventCost":"","_EventCostDescription":"","_EventCurrencySymbol":"","_EventCurrencyPosition":"","_EventDateTimeSeparator":"","_EventTimeRangeSeparator":"","_EventOrganizerID":[],"_EventVenueID":0,"_OrganizerEmail":"","_OrganizerPhone":"","_OrganizerWebsite":"","_VenueAddress":"","_VenueCity":"","_VenueCountry":"","_VenueProvince":"","_VenueZip":"","_VenuePhone":"","_VenueURL":"","_VenueStateProvince":"","_VenueLat":"","_VenueLng":"","footnotes":""},"class_list":["post-890","page","type-page","status-publish","hentry"],"_links":{"self":[{"href":"https:\/\/hevosjalostusliitot.fi\/pohjanmaa\/wp-json\/wp\/v2\/pages\/890","targetHints":{"allow":["GET"]}}],"collection":[{"href":"https:\/\/hevosjalostusliitot.fi\/pohjanmaa\/wp-json\/wp\/v2\/pages"}],"about":[{"href":"https:\/\/hevosjalostusliitot.fi\/pohjanmaa\/wp-json\/wp\/v2\/types\/page"}],"author":[{"embeddable":true,"href":"https:\/\/hevosjalostusliitot.fi\/pohjanmaa\/wp-json\/wp\/v2\/users\/12"}],"replies":[{"embeddable":true,"href":"https:\/\/hevosjalostusliitot.fi\/pohjanmaa\/wp-json\/wp\/v2\/comments?post=890"}],"version-history":[{"count":2,"href":"https:\/\/hevosjalostusliitot.fi\/pohjanmaa\/wp-json\/wp\/v2\/pages\/890\/revisions"}],"predecessor-version":[{"id":893,"href":"https:\/\/hevosjalostusliitot.fi\/pohjanmaa\/wp-json\/wp\/v2\/pages\/890\/revisions\/893"}],"wp:attachment":[{"href":"https:\/\/hevosjalostusliitot.fi\/pohjanmaa\/wp-json\/wp\/v2\/media?parent=890"}],"curies":[{"name":"wp","href":"https:\/\/api.w.org\/{rel}","templated":true}]}}