{"id":877,"date":"2023-05-22T14:07:09","date_gmt":"2023-05-22T11:07:09","guid":{"rendered":"https:\/\/hevosjalostusliitot.fi\/pohjanmaa\/?page_id=877"},"modified":"2023-06-06T09:34:32","modified_gmt":"2023-06-06T06:34:32","slug":"hevosen-ruokintakoulu-osa-1-hiilihydraatit-valkuaisaineet-ja-rasvat","status":"publish","type":"page","link":"https:\/\/hevosjalostusliitot.fi\/pohjanmaa\/hevosen-ruokintakoulu-osa-1-hiilihydraatit-valkuaisaineet-ja-rasvat\/","title":{"rendered":"Hevosen ruokintakoulu (Osa 1)"},"content":{"rendered":"\n<p><strong>Osa 1: Hiilihydraatit, valkuaisaineet ja rasvat<\/strong><\/p>\n\n\n\n<p>Ruokintakoulussa k\u00e4yd\u00e4\u00e4n l\u00e4pi perusasioita hevosen ruokintaan liittyen.<\/p>\n\n\n\n<p>Jotta hevosta voisi ruokkia oikein ja ennaltaehk\u00e4ist\u00e4 hevosen sairastumista v\u00e4\u00e4r\u00e4nlaisesta ruokinnasta johtuen, tulee tuntea hevosen ruokinnan perusteet. Aloitamme ravintoaineista, joita hevonen yksimahaisena kasvissy\u00f6j\u00e4n\u00e4 tarvitsee. <\/p>\n\n\n\n<p><strong>Hiilihydraatit<\/strong> ovat hevosen ruokinnassa t\u00e4rkein ravintoaineryhm\u00e4 ja energian l\u00e4hde. Toisaalta hiilihydraatteihin kuuluvat my\u00f6s sokerit ja t\u00e4rkkelys, jotka voivat aiheuttaa hevosen ruokinnassa suuria ongelmia ja jopa uhkaa terveydelle. Mit\u00e4 pitempi ketjuisempi hiilihyraatti on, sen kauemmin sen hajoaminen kest\u00e4\u00e4. Esimerkiksi sokeri imeytyy nopeasti, t\u00e4rkkelys hitaammin ja selluloosa viel\u00e4 hitaammin. Helposti imeytyv\u00e4t hiilihydraatit t\u00e4ytt\u00e4v\u00e4t elimist\u00f6n glykogeenivarastot ja t\u00e4st\u00e4 voi seurata ei-toivottua maitohapon vapautumista hevosen l\u00e4htiess\u00e4 liikkeelle. Viljat sis\u00e4lt\u00e4v\u00e4t t\u00e4rkkelyst\u00e4, joita hajottaa hevosen elimist\u00f6ss\u00e4 rajallisesti muodostuva amylaasi-entsyymi. Hajoamaton t\u00e4rkkelys kulkeutuu paksuunsuoleen aiheuttaen ongelmia.<\/p>\n\n\n\n<p>Hein\u00e4 koostuu kasvinsolusein\u00e4m\u00e4aineesta, jota hevosen elimist\u00f6 ei pysty itse hajottamaan. Hajottamiseen tarvitaan apureiksi paksunsuolen mikrobistoa, joka muuntaa rehumassan hevosen elimist\u00f6lle hy\u00f6dynnett\u00e4v\u00e4\u00e4n muotoon. Mikrobiston ty\u00f6 on hidasta, ohutsuolessa hajotus tapahtuu entyymisen avulla nopeasti, mutta paksusuolessa matkan teko hidastuu. Hevosen ruokinnan muutoksien tekeminen on riskialtista erityisesti mikrobiston n\u00e4k\u00f6kulmasta. Mikrobiston &#8221;pimahtaminen&#8221; voi sairastuttaa hevosen vakavasti (kaviokuume, ripuli, \u00e4hky jne), joten hevosta tulee ruokkia erityisesti mikrobiston hyvinvoinnin n\u00e4k\u00f6kulmasta. Tyytyv\u00e4inen mikrobisto mahdollistaa hevosen laaja-alaisen terveen\u00e4 pysymisen. Lis\u00e4ksi mikrobisto valmistaa hevosen k\u00e4ytt\u00f6\u00f6n valkuaista, B- vitamiineja sek\u00e4 C- ja K-vitamiinia. <\/p>\n\n\n\n<p><strong>Valkuaisaineita<\/strong> hevonen tarvitsee elimist\u00f6n eri toimintoihin. Kudokset muodostuvat valkuaisaineista, jotka ovat muodostuneet aminohapoista. Ylim\u00e4\u00e4r\u00e4isest\u00e4 valkuaisaineesta muodostuu energiaa. Valkuaisaineiden hajoaminen tapahtuu ohutsuolessa. Ns. raja-aminohappo m\u00e4\u00e4rittelee valkuaisaineen laadun, varsoilla lysiinin liian v\u00e4h\u00e4inen saanti voi rajoittaa kasvua. Hevosen oma valkuaistehdas sijaitsee suolistossa, mutta useimmiten hevosen ruokintaan tulee lis\u00e4t\u00e4 valkuaista. Erityisen t\u00e4rke\u00e4\u00e4 valkuaisaine on kasvaville varsoille, imett\u00e4ville tammoille ja valmennuksessa oleville hevosille. Rehuanalyysin avulla voit selvitt\u00e4\u00e4, kuinka paljon karkearehu sis\u00e4lt\u00e4\u00e4 sulavaa raakavalkuaista. <\/p>\n\n\n\n<p><strong>Rasvoilla<\/strong> voidaan turvallisesti tyydytt\u00e4\u00e4 hevosen energian tarvetta, mutta se vaatii pitk\u00e4hk\u00f6n totuttamisen ja E-vitamiini lis\u00e4n. Rasvalis\u00e4 parantaa hevosen karvan laatua ja ihon hyvinvointia. Rasvaa voidaan lis\u00e4t\u00e4 hevosen ruokintaan kasvi\u00f6ljyjen avulla. Huomioitavaa on, ett\u00e4 \u00f6ljyiss\u00e4 on runsaasti energiaa! (3 dl \u00f6ljy\u00e4 = n.1, 5 litraa kauraa). My\u00f6s rasvojen imeytyminen tapahtuu ohutsuolessa. Runsaan viljaruokinnan sijasta suuren energiantarpeen omaava hevonen kannattaa totuttaa \u00f6ljylis\u00e4\u00e4n ruokinnassaan. \u00d6ljyt eiv\u00e4t lis\u00e4\u00e4 lihasten glykogeenivarastoja eik\u00e4 sivutuotteena synny lihaksia v\u00e4sytt\u00e4vi\u00e4 sivutuotteita. <\/p>\n\n\n\n<p><strong>L\u00e4hteet: <\/strong><\/p>\n\n\n\n<p><strong>Ruokinnalla tuloksiin 4<\/strong>. Anneli Lillkvist. 2007.<\/p>\n\n\n\n<p><strong>Hevosen ruokinta, terveys ja suolistomikrobisto<\/strong>. Aune Huttunen. 2013. Saatavissa: <a href=\"https:\/\/www.theseus.fi\/bitstream\/handle\/10024\/64126\/Huttunen_Aune.pdf?sequence=1&amp;isAllowed=y\">https:\/\/www.theseus.fi\/bitstream\/handle\/10024\/64126\/Huttunen_Aune.pdf?sequence=1&amp;isAllowed=y<\/a><\/p>\n\n\n\n<h5 class=\"wp-block-heading\"><\/h5>\n\n\n\n<p><\/p>\n\n\n\n<h1 class=\"wp-block-heading\"><\/h1>\n\n\n\n<p><\/p>\n","protected":false},"excerpt":{"rendered":"<p>Osa 1: Hiilihydraatit, valkuaisaineet ja rasvat Ruokintakoulussa k\u00e4yd\u00e4\u00e4n l\u00e4pi perusasioita hevosen ruokintaan liittyen. Jotta hevosta voisi ruokkia oikein ja ennaltaehk\u00e4ist\u00e4 hevosen sairastumista v\u00e4\u00e4r\u00e4nlaisesta ruokinnasta johtuen, tulee tuntea hevosen ruokinnan perusteet. Aloitamme ravintoaineista, joita hevonen yksimahaisena kasvissy\u00f6j\u00e4n\u00e4 tarvitsee. Hiilihydraatit ovat hevosen ruokinnassa t\u00e4rkein ravintoaineryhm\u00e4 ja energian l\u00e4hde. Toisaalta hiilihydraatteihin kuuluvat my\u00f6s [&hellip;]<\/p>\n","protected":false},"author":12,"featured_media":0,"parent":0,"menu_order":0,"comment_status":"closed","ping_status":"closed","template":"","meta":{"_EventAllDay":false,"_EventTimezone":"","_EventStartDate":"","_EventEndDate":"","_EventStartDateUTC":"","_EventEndDateUTC":"","_EventShowMap":false,"_EventShowMapLink":false,"_EventURL":"","_EventCost":"","_EventCostDescription":"","_EventCurrencySymbol":"","_EventCurrencyPosition":"","_EventDateTimeSeparator":"","_EventTimeRangeSeparator":"","_EventOrganizerID":[],"_EventVenueID":0,"_OrganizerEmail":"","_OrganizerPhone":"","_OrganizerWebsite":"","_VenueAddress":"","_VenueCity":"","_VenueCountry":"","_VenueProvince":"","_VenueZip":"","_VenuePhone":"","_VenueURL":"","_VenueStateProvince":"","_VenueLat":"","_VenueLng":"","footnotes":""},"class_list":["post-877","page","type-page","status-publish","hentry"],"_links":{"self":[{"href":"https:\/\/hevosjalostusliitot.fi\/pohjanmaa\/wp-json\/wp\/v2\/pages\/877","targetHints":{"allow":["GET"]}}],"collection":[{"href":"https:\/\/hevosjalostusliitot.fi\/pohjanmaa\/wp-json\/wp\/v2\/pages"}],"about":[{"href":"https:\/\/hevosjalostusliitot.fi\/pohjanmaa\/wp-json\/wp\/v2\/types\/page"}],"author":[{"embeddable":true,"href":"https:\/\/hevosjalostusliitot.fi\/pohjanmaa\/wp-json\/wp\/v2\/users\/12"}],"replies":[{"embeddable":true,"href":"https:\/\/hevosjalostusliitot.fi\/pohjanmaa\/wp-json\/wp\/v2\/comments?post=877"}],"version-history":[{"count":3,"href":"https:\/\/hevosjalostusliitot.fi\/pohjanmaa\/wp-json\/wp\/v2\/pages\/877\/revisions"}],"predecessor-version":[{"id":889,"href":"https:\/\/hevosjalostusliitot.fi\/pohjanmaa\/wp-json\/wp\/v2\/pages\/877\/revisions\/889"}],"wp:attachment":[{"href":"https:\/\/hevosjalostusliitot.fi\/pohjanmaa\/wp-json\/wp\/v2\/media?parent=877"}],"curies":[{"name":"wp","href":"https:\/\/api.w.org\/{rel}","templated":true}]}}