{"id":332,"date":"2020-12-01T13:11:20","date_gmt":"2020-12-01T11:11:20","guid":{"rendered":"https:\/\/hevosjalostusliitot.fi\/pohjanmaa\/?page_id=332"},"modified":"2026-01-15T09:30:23","modified_gmt":"2026-01-15T07:30:23","slug":"pohjanmaan-hevosjalostusliito-hallitus-2020","status":"publish","type":"page","link":"https:\/\/hevosjalostusliitot.fi\/pohjanmaa\/pohjanmaan-hevosjalostusliito-hallitus-2020\/","title":{"rendered":"Pohjanmaan Hevosjalostusliitto hallitus 2026 ja j\u00e4senyhdistykset"},"content":{"rendered":"\n<div class=\"wp-block-group\"><div class=\"wp-block-group__inner-container is-layout-flow wp-block-group-is-layout-flow\">\n<p>Kai Pajala, puheenjohtaja (2025) Oulainen. puh. 044 9716466.<br>Markku Nisula, varapuheenjohtaja (2025) Haukipudas<br>Katri Helminen. Ylivieska.<br>Antero Kurttila, Ii. <br>Markku Lumiaho, Lumimets\u00e4.<br>Marjo Miettunen, Temmes.<\/p>\n\n\n\n<p>Miia Multam\u00e4ki, Liminka.<\/p>\n\n\n\n<p>Marjo Parpala, Ii.<br>Pasi Pohjola, Muhos.<br><\/p>\n<\/div><\/div>\n\n\n\n<figure class=\"wp-block-image size-large\"><img loading=\"lazy\" decoding=\"async\" width=\"1024\" height=\"682\" src=\"https:\/\/hevosjalostusliitot.fi\/pohjanmaa\/wp-content\/uploads\/sites\/15\/2022\/11\/DSC_0002-1024x682.jpg\" alt=\"\" class=\"wp-image-753\" srcset=\"https:\/\/hevosjalostusliitot.fi\/pohjanmaa\/wp-content\/uploads\/sites\/15\/2022\/11\/DSC_0002-1024x682.jpg 1024w, https:\/\/hevosjalostusliitot.fi\/pohjanmaa\/wp-content\/uploads\/sites\/15\/2022\/11\/DSC_0002-300x200.jpg 300w, https:\/\/hevosjalostusliitot.fi\/pohjanmaa\/wp-content\/uploads\/sites\/15\/2022\/11\/DSC_0002-768x512.jpg 768w, https:\/\/hevosjalostusliitot.fi\/pohjanmaa\/wp-content\/uploads\/sites\/15\/2022\/11\/DSC_0002-1536x1024.jpg 1536w, https:\/\/hevosjalostusliitot.fi\/pohjanmaa\/wp-content\/uploads\/sites\/15\/2022\/11\/DSC_0002-360x240.jpg 360w, https:\/\/hevosjalostusliitot.fi\/pohjanmaa\/wp-content\/uploads\/sites\/15\/2022\/11\/DSC_0002.jpg 2000w\" sizes=\"auto, (max-width: 1024px) 100vw, 1024px\" \/><figcaption class=\"wp-element-caption\">Kuva: Mia M\u00e4ki-Maunus<\/figcaption><\/figure>\n\n\n\n<p class=\"has-text-align-center\"><strong>J\u00c4SENYHDISTYKSET<\/strong><\/p>\n\n\n\n<p><\/p>\n\n\n\n<p>Alavieskan Hevosjalostusyhdistys ry<\/p>\n\n\n\n<p>Haapaj\u00e4rven Ravi ry<\/p>\n\n\n\n<p>Haapaveden- K\u00e4rs\u00e4m\u00e4en Hevosyst\u00e4v\u00e4t ry<\/p>\n\n\n\n<p>Kempeleen Hevosyst\u00e4v\u00e4t ry<\/p>\n\n\n\n<p>Kiiminkien Hevosyst\u00e4v\u00e4t ry<\/p>\n\n\n\n<p>Koillismaan Hevosyst\u00e4v\u00e4t ry<\/p>\n\n\n\n<p>Kuusamon Hevosyst\u00e4v\u00e4t ry<\/p>\n\n\n\n<p>Limingan- Lumijoen Hevosyst\u00e4v\u00e4t ry<\/p>\n\n\n\n<p>Muhoksen ravinaiset ry<\/p>\n\n\n\n<p>Muhoksen Raviseura ry<\/p>\n\n\n\n<p>Nivalan Ravirata Oy<\/p>\n\n\n\n<p>Oulaisten Hevosyst\u00e4v\u00e4t ry<\/p>\n\n\n\n<p>Oulun Seudun Hevosenomistajayhdistys ry<\/p>\n\n\n\n<p>Pohjanmaan Ravi ry<\/p>\n\n\n\n<p>Pohjolan Hevosyst\u00e4v\u00e4t ry<\/p>\n\n\n\n<p>Pyh\u00e4j\u00e4rven Hevosjalostusyhdistys ry<\/p>\n\n\n\n<p>Raahen Ravi ry<\/p>\n\n\n\n<p>Raahen Seudun Hevosyst\u00e4v\u00e4t ry<\/p>\n\n\n\n<p>Rannikon Hevosseura ry<\/p>\n\n\n\n<p>Sievin Hevosyst\u00e4v\u00e4inseura ry<\/p>\n\n\n\n<p>Siikalaakson Hevosyst\u00e4v\u00e4t ry<\/p>\n\n\n\n<p>Siikalatvan Hevosurheilijat ry<\/p>\n\n\n\n<p>Tyrn\u00e4v\u00e4n Hevosjalostusyhdistys ry<\/p>\n\n\n\n<p>Utaj\u00e4rven ja Vaalan Hevosyst\u00e4v\u00e4inseura ry<\/p>\n\n\n\n<p>Virpiniemen Hevosyst\u00e4v\u00e4t ry <\/p>\n\n\n\n<p><\/p>\n\n\n\n<p><strong>Yhteens\u00e4 25 j\u00e4senyhdistyst\u00e4<\/strong><\/p>\n","protected":false},"excerpt":{"rendered":"<p>Kai Pajala, puheenjohtaja (2025) Oulainen. puh. 044 9716466.Markku Nisula, varapuheenjohtaja (2025) HaukipudasKatri Helminen. Ylivieska.Antero Kurttila, Ii. Markku Lumiaho, Lumimets\u00e4.Marjo Miettunen, Temmes. Miia Multam\u00e4ki, Liminka. Marjo Parpala, Ii.Pasi Pohjola, Muhos. J\u00c4SENYHDISTYKSET Alavieskan Hevosjalostusyhdistys ry Haapaj\u00e4rven Ravi ry Haapaveden- K\u00e4rs\u00e4m\u00e4en Hevosyst\u00e4v\u00e4t ry Kempeleen Hevosyst\u00e4v\u00e4t ry Kiiminkien Hevosyst\u00e4v\u00e4t ry Koillismaan Hevosyst\u00e4v\u00e4t ry Kuusamon [&hellip;]<\/p>\n","protected":false},"author":12,"featured_media":0,"parent":0,"menu_order":0,"comment_status":"closed","ping_status":"closed","template":"","meta":{"_EventAllDay":false,"_EventTimezone":"","_EventStartDate":"","_EventEndDate":"","_EventStartDateUTC":"","_EventEndDateUTC":"","_EventShowMap":false,"_EventShowMapLink":false,"_EventURL":"","_EventCost":"","_EventCostDescription":"","_EventCurrencySymbol":"","_EventCurrencyPosition":"","_EventDateTimeSeparator":"","_EventTimeRangeSeparator":"","_EventOrganizerID":[],"_EventVenueID":0,"_OrganizerEmail":"","_OrganizerPhone":"","_OrganizerWebsite":"","_VenueAddress":"","_VenueCity":"","_VenueCountry":"","_VenueProvince":"","_VenueZip":"","_VenuePhone":"","_VenueURL":"","_VenueStateProvince":"","_VenueLat":"","_VenueLng":"","footnotes":""},"class_list":["post-332","page","type-page","status-publish","hentry"],"_links":{"self":[{"href":"https:\/\/hevosjalostusliitot.fi\/pohjanmaa\/wp-json\/wp\/v2\/pages\/332","targetHints":{"allow":["GET"]}}],"collection":[{"href":"https:\/\/hevosjalostusliitot.fi\/pohjanmaa\/wp-json\/wp\/v2\/pages"}],"about":[{"href":"https:\/\/hevosjalostusliitot.fi\/pohjanmaa\/wp-json\/wp\/v2\/types\/page"}],"author":[{"embeddable":true,"href":"https:\/\/hevosjalostusliitot.fi\/pohjanmaa\/wp-json\/wp\/v2\/users\/12"}],"replies":[{"embeddable":true,"href":"https:\/\/hevosjalostusliitot.fi\/pohjanmaa\/wp-json\/wp\/v2\/comments?post=332"}],"version-history":[{"count":13,"href":"https:\/\/hevosjalostusliitot.fi\/pohjanmaa\/wp-json\/wp\/v2\/pages\/332\/revisions"}],"predecessor-version":[{"id":1393,"href":"https:\/\/hevosjalostusliitot.fi\/pohjanmaa\/wp-json\/wp\/v2\/pages\/332\/revisions\/1393"}],"wp:attachment":[{"href":"https:\/\/hevosjalostusliitot.fi\/pohjanmaa\/wp-json\/wp\/v2\/media?parent=332"}],"curies":[{"name":"wp","href":"https:\/\/api.w.org\/{rel}","templated":true}]}}