{"id":13,"date":"2020-05-18T13:46:30","date_gmt":"2020-05-18T10:46:30","guid":{"rendered":"https:\/\/hevosjalostusliitot.fi\/pohjanmaa\/?page_id=13"},"modified":"2026-01-31T15:24:05","modified_gmt":"2026-01-31T13:24:05","slug":"etusivu","status":"publish","type":"page","link":"https:\/\/hevosjalostusliitot.fi\/pohjanmaa\/","title":{"rendered":"Etusivu"},"content":{"rendered":"<style>#kt-layout-id_584f03-46 > .kt-row-column-wrap{z-index:10;position:relative;align-content:start;}:where(#kt-layout-id_584f03-46 > .kt-row-column-wrap) > .wp-block-kadence-column{justify-content:start;}#kt-layout-id_584f03-46 > .kt-row-column-wrap{column-gap:var(--global-kb-gap-md, 2rem);row-gap:var(--global-kb-gap-md, 2rem);max-width:900px;margin-left:auto;margin-right:auto;padding-top:var( --global-kb-row-default-top, 25px );padding-bottom:var( --global-kb-row-default-bottom, 25px );padding-top:250px;padding-bottom:300px;grid-template-columns:minmax(0, 1fr);}#kt-layout-id_584f03-46{background-image:url('https:\/\/hevosjalostusliitot.fi\/pohjanmaa\/wp-content\/uploads\/sites\/15\/2020\/05\/liittojen-nettisivulle-scaled.jpg');background-size:cover;background-position:center center;background-attachment:scroll;background-repeat:no-repeat;}#kt-layout-id_584f03-46 > .kt-row-layout-overlay{opacity:0.00;background-image:linear-gradient(90deg, #00b5e2 0%, #1c809a 100%);mix-blend-mode:overlay;}#kt-layout-id_584f03-46 .kt-row-layout-bottom-sep{height:100px;}#kt-layout-id_584f03-46 .kt-row-layout-bottom-sep svg{width:100%;}#kt-layout-id_584f03-46 .kt-row-layout-bottom-sep svg{fill:#ffffff!important;}@media all and (max-width: 1024px){#kt-layout-id_584f03-46 > .kt-row-column-wrap{grid-template-columns:minmax(0, 1fr);}}@media all and (max-width: 1024px){#kt-layout-id_584f03-46 .kt-row-layout-bottom-sep{height:px;}}@media all and (max-width: 1024px){#kt-layout-id_584f03-46 .kt-row-layout-bottom-sep svg{width:%;}}@media all and (max-width: 767px){#kt-layout-id_584f03-46 > .kt-row-column-wrap{grid-template-columns:minmax(0, 1fr);}#kt-layout-id_584f03-46 .kt-row-layout-bottom-sep{height:px;}#kt-layout-id_584f03-46 .kt-row-layout-bottom-sep svg{width:%;}}<\/style>\n<div class=\"wp-block-kadence-rowlayout alignfull\"><div id=\"kt-layout-id_584f03-46\" class=\"kt-row-layout-inner kt-row-has-bg kt-layout-id_584f03-46\"><div class=\"kt-row-layout-overlay kt-row-overlay-gradient\"><\/div><div class=\"kt-row-column-wrap kt-has-1-columns kt-gutter-default kt-v-gutter-default kt-row-valign-top kt-row-layout-equal kt-tab-layout-inherit kt-m-colapse-left-to-right kt-mobile-layout-row\">\n<style>.kadence-column_3df01d-25 > .kt-inside-inner-col{border-top-width:0px;border-right-width:0px;border-bottom-width:0px;border-left-width:0px;}.kadence-column_3df01d-25 > .kt-inside-inner-col,.kadence-column_3df01d-25 > .kt-inside-inner-col:before{border-top-left-radius:0px;border-top-right-radius:0px;border-bottom-right-radius:0px;border-bottom-left-radius:0px;}.kadence-column_3df01d-25 > .kt-inside-inner-col{column-gap:var(--global-kb-gap-sm, 1rem);}.kadence-column_3df01d-25 > .kt-inside-inner-col{flex-direction:column;}.kadence-column_3df01d-25 > .kt-inside-inner-col > .aligncenter{width:100%;}.kadence-column_3df01d-25 > .kt-inside-inner-col:before{opacity:0.3;}.kadence-column_3df01d-25{position:relative;}@media all and (max-width: 1024px){.kadence-column_3df01d-25 > .kt-inside-inner-col{flex-direction:column;justify-content:center;}}@media all and (max-width: 767px){.kadence-column_3df01d-25 > .kt-inside-inner-col{flex-direction:column;justify-content:center;}}<\/style>\n<div class=\"wp-block-kadence-column inner-column-1 kadence-column_3df01d-25\"><div class=\"kt-inside-inner-col\">\n<style>.wp-block-kadence-advancedheading.kt-adv-heading_e8f260-c5, .wp-block-kadence-advancedheading.kt-adv-heading_e8f260-c5[data-kb-block=\"kb-adv-heading_e8f260-c5\"]{text-align:center;font-size:3.5em;line-height:1.3em;font-weight:800;font-style:normal;font-family:Montserrat;color:#16c90f;}.wp-block-kadence-advancedheading.kt-adv-heading_e8f260-c5 mark.kt-highlight, .wp-block-kadence-advancedheading.kt-adv-heading_e8f260-c5[data-kb-block=\"kb-adv-heading_e8f260-c5\"] mark.kt-highlight{font-style:normal;color:#f76a0c;-webkit-box-decoration-break:clone;box-decoration-break:clone;padding-top:0px;padding-right:0px;padding-bottom:0px;padding-left:0px;}.wp-block-kadence-advancedheading.kt-adv-heading_e8f260-c5 img.kb-inline-image, .wp-block-kadence-advancedheading.kt-adv-heading_e8f260-c5[data-kb-block=\"kb-adv-heading_e8f260-c5\"] img.kb-inline-image{width:150px;vertical-align:baseline;}<\/style>\n<h2 id=\"kt-adv-heading_e8f260-c5\" class=\"kt-adv-heading_e8f260-c5 wp-block-kadence-advancedheading\" style=\"text-align:center;color:#16c90f\">Pohjanmaan<\/h2>\n\n<style>.wp-block-kadence-advancedheading.kt-adv-heading_d50aca-f8, .wp-block-kadence-advancedheading.kt-adv-heading_d50aca-f8[data-kb-block=\"kb-adv-heading_d50aca-f8\"]{text-align:center;font-size:1.6em;line-height:1em;font-weight:200;font-style:normal;font-family:Montserrat;color:#14d952;}.wp-block-kadence-advancedheading.kt-adv-heading_d50aca-f8 mark.kt-highlight, .wp-block-kadence-advancedheading.kt-adv-heading_d50aca-f8[data-kb-block=\"kb-adv-heading_d50aca-f8\"] mark.kt-highlight{font-style:normal;color:#f76a0c;-webkit-box-decoration-break:clone;box-decoration-break:clone;padding-top:0px;padding-right:0px;padding-bottom:0px;padding-left:0px;}.wp-block-kadence-advancedheading.kt-adv-heading_d50aca-f8 img.kb-inline-image, .wp-block-kadence-advancedheading.kt-adv-heading_d50aca-f8[data-kb-block=\"kb-adv-heading_d50aca-f8\"] img.kb-inline-image{width:150px;vertical-align:baseline;}<\/style>\n<h4 id=\"kt-adv-heading_d50aca-f8\" class=\"kt-adv-heading_d50aca-f8 wp-block-kadence-advancedheading\" style=\"text-align:center;color:#14d952\"><strong>Hevosjalostusliitto<\/strong> <strong>ry<\/strong><\/h4>\n\n<style>.wp-block-kadence-advancedbtn.kb-btns_6ff1f5-3b{gap:var(--global-kb-gap-xs, 0.5rem );justify-content:center;align-items:center;}.kt-btns_6ff1f5-3b .kt-button{font-family:Montserrat;font-weight:300;font-style:normal;}.wp-block-kadence-advancedbtn.kt-btns_6ff1f5-3b .kt-btn-wrap-0 .kt-button{color:#ffffff;font-size:18px;background:#00b5e2;border-color:#00b5e2;border-style:solid;}.wp-block-kadence-advancedbtn.kt-btns_6ff1f5-3b .kt-btn-wrap-0 .kt-button:hover, .wp-block-kadence-advancedbtn.kt-btns_6ff1f5-3b .kt-btn-wrap-0 .kt-button:focus{color:#ffffff;border-color:#444444;}.wp-block-kadence-advancedbtn.kt-btns_6ff1f5-3b .kt-btn-wrap-0 .kt-button::before{display:none;}.wp-block-kadence-advancedbtn.kt-btns_6ff1f5-3b .kt-btn-wrap-0 .kt-button:hover, .wp-block-kadence-advancedbtn.kt-btns_6ff1f5-3b .kt-btn-wrap-0 .kt-button:focus{background:#444444;}.wp-block-kadence-advancedbtn.kt-btns_6ff1f5-3b .kt-btn-wrap-1 .kt-button{color:#ffffff;font-size:18px;border-color:#fbfcfd;border-style:solid;}.wp-block-kadence-advancedbtn.kt-btns_6ff1f5-3b .kt-btn-wrap-1 .kt-button:hover, .wp-block-kadence-advancedbtn.kt-btns_6ff1f5-3b .kt-btn-wrap-1 .kt-button:focus{color:#ffffff;border-color:#444444;}.wp-block-kadence-advancedbtn.kt-btns_6ff1f5-3b .kt-btn-wrap-1 .kt-button::before{display:none;}.wp-block-kadence-advancedbtn.kt-btns_6ff1f5-3b .kt-btn-wrap-1 .kt-button:hover, .wp-block-kadence-advancedbtn.kt-btns_6ff1f5-3b .kt-btn-wrap-1 .kt-button:focus{background:#444444;}<\/style>\n<div class=\"wp-block-kadence-advancedbtn kt-btn-align-center kt-btn-tablet-align-inherit kt-btn-mobile-align-inherit kt-btns-wrap kt-btns_6ff1f5-3b\"><div class=\"kt-btn-wrap kt-btn-wrap-0\"><a class=\"kt-button button kt-btn-0-action kt-btn-size-custom kt-btn-style-basic kt-btn-svg-show-always kt-btn-has-text-true kt-btn-has-svg-false\" href=\"\/\/hevosjalostusliitot.fi\/blog\/pohjanmaan-hjl-p\/\" style=\"border-radius:3px;border-width:3px\"><span class=\"kt-btn-inner-text\">Ota yhteytt\u00e4<\/span><\/a><\/div><\/div>\n\n<\/div><\/div>\n\n<\/div><div class=\"kt-row-layout-bottom-sep kt-row-sep-type-ctd\"><\/div><\/div><\/div>\n\n\n\n<h2 class=\"wp-block-heading\">Tervetuloa<\/h2>\n\n\n\n<p>P\u00e4ivit\u00e4mme sivuston Uutiset -kohtaan kaikki Pohjanmaan Hevosjalostusliiton tulevat tapahtumat ja ajankohtaiset asiat. <\/p>\n\n\n\n<p><strong>Mik\u00e4li et l\u00f6yd\u00e4 etsim\u00e4\u00e4si, niin soitathan numeroon 0500 921 527\/Aune Lantto. Samasta numerosta voit tilata my\u00f6s tunnistajan! <\/strong><\/p>\n\n\n\n<p><mark class=\"kt-highlight\">Uutiset osiosta l\u00f6yd\u00e4t muun muassa vuoden 2026 hiittiravip\u00e4iv\u00e4t ja C-ajolupakurssien aikataulut. Seuraava C- ajolupakurssi j\u00e4rjestet\u00e4\u00e4n Oulussa kes\u00e4ll\u00e4 2026.<\/mark><\/p>\n\n\n\n<p>Pohjanmaan Hevosjalostusliitto palvelee Oulussa kaksi p\u00e4iv\u00e4\u00e4 viikossa raviradan toimistolla ja muuten kaikkina arkip\u00e4ivin\u00e4 klo 8:00 &#8211; 16:00 v\u00e4lisen\u00e4 aikana puhelimitse, s\u00e4hk\u00f6postitse (aune.lantto@oulunravit.fi) ja whatsapin kautta. <strong>Toimistop\u00e4iv\u00e4t saattavat jonkin verran vaihdella, joten kannattaa varata etuk\u00e4teen aika yll\u00e4mainitusta numerosta<\/strong>. Seuraathan my\u00f6s liittomme Facebook -sivuja!<\/p>\n\n\n\n<p class=\"has-text-align-center\"><strong><span style=\"color:#0d4b66\" class=\"has-inline-color\">Hevosjalostusliitot hevosihmisten asialla!<\/span><\/strong><\/p>\n","protected":false},"excerpt":{"rendered":"<p>Pohjanmaan Hevosjalostusliitto ry Tervetuloa P\u00e4ivit\u00e4mme sivuston Uutiset -kohtaan kaikki Pohjanmaan Hevosjalostusliiton tulevat tapahtumat ja ajankohtaiset asiat. Mik\u00e4li et l\u00f6yd\u00e4 etsim\u00e4\u00e4si, niin soitathan numeroon 0500 921 527\/Aune Lantto. Samasta numerosta voit tilata my\u00f6s tunnistajan! Uutiset osiosta l\u00f6yd\u00e4t muun muassa vuoden 2026 hiittiravip\u00e4iv\u00e4t ja C-ajolupakurssien aikataulut. Seuraava C- ajolupakurssi j\u00e4rjestet\u00e4\u00e4n Oulussa kes\u00e4ll\u00e4 [&hellip;]<\/p>\n","protected":false},"author":1,"featured_media":0,"parent":0,"menu_order":0,"comment_status":"closed","ping_status":"closed","template":"page-templates\/template-fullwidth.php","meta":{"_EventAllDay":false,"_EventTimezone":"","_EventStartDate":"","_EventEndDate":"","_EventStartDateUTC":"","_EventEndDateUTC":"","_EventShowMap":false,"_EventShowMapLink":false,"_EventURL":"","_EventCost":"","_EventCostDescription":"","_EventCurrencySymbol":"","_EventCurrencyPosition":"","_EventDateTimeSeparator":"","_EventTimeRangeSeparator":"","_EventOrganizerID":[],"_EventVenueID":0,"_OrganizerEmail":"","_OrganizerPhone":"","_OrganizerWebsite":"","_VenueAddress":"","_VenueCity":"","_VenueCountry":"","_VenueProvince":"","_VenueZip":"","_VenuePhone":"","_VenueURL":"","_VenueStateProvince":"","_VenueLat":"","_VenueLng":"","footnotes":""},"class_list":["post-13","page","type-page","status-publish","hentry"],"_links":{"self":[{"href":"https:\/\/hevosjalostusliitot.fi\/pohjanmaa\/wp-json\/wp\/v2\/pages\/13","targetHints":{"allow":["GET"]}}],"collection":[{"href":"https:\/\/hevosjalostusliitot.fi\/pohjanmaa\/wp-json\/wp\/v2\/pages"}],"about":[{"href":"https:\/\/hevosjalostusliitot.fi\/pohjanmaa\/wp-json\/wp\/v2\/types\/page"}],"author":[{"embeddable":true,"href":"https:\/\/hevosjalostusliitot.fi\/pohjanmaa\/wp-json\/wp\/v2\/users\/1"}],"replies":[{"embeddable":true,"href":"https:\/\/hevosjalostusliitot.fi\/pohjanmaa\/wp-json\/wp\/v2\/comments?post=13"}],"version-history":[{"count":17,"href":"https:\/\/hevosjalostusliitot.fi\/pohjanmaa\/wp-json\/wp\/v2\/pages\/13\/revisions"}],"predecessor-version":[{"id":1403,"href":"https:\/\/hevosjalostusliitot.fi\/pohjanmaa\/wp-json\/wp\/v2\/pages\/13\/revisions\/1403"}],"wp:attachment":[{"href":"https:\/\/hevosjalostusliitot.fi\/pohjanmaa\/wp-json\/wp\/v2\/media?parent=13"}],"curies":[{"name":"wp","href":"https:\/\/api.w.org\/{rel}","templated":true}]}}