{"id":86,"date":"2022-03-20T20:05:15","date_gmt":"2022-03-20T18:05:15","guid":{"rendered":"https:\/\/hevosjalostusliitot.fi\/lappi\/?page_id=86"},"modified":"2025-05-03T19:09:43","modified_gmt":"2025-05-03T16:09:43","slug":"koulutukset-ja-kurssit","status":"publish","type":"page","link":"https:\/\/hevosjalostusliitot.fi\/lappi\/koulutukset-ja-kurssit\/","title":{"rendered":"Koulutukset ja kurssit"},"content":{"rendered":"\n<p>Liitto j\u00e4rjest\u00e4\u00e4 erilaisia koulutuksia ja kursseja yhdess\u00e4 muiden hevosjalostusliittojen kanssa.<\/p>\n\n\n\n<p>Yhteiskoulutus et\u00e4yhteydell\u00e4 Zoom:ssa Pohjanmaan ja Kainuun hevosjalostusliittojen kanssa 14.5. 2025<\/p>\n\n\n\n<p> <strong>Webinaari hevosen kokemasta kivusta ja oppimisesta<\/strong><\/p>\n\n\n\n<p><strong>14.5.2025 kello 17.30-19.30<\/strong><\/p>\n\n\n\n<p>Mervi Pakola &amp; Ann-Helena Hokkanen<\/p>\n\n\n\n<p>El\u00e4imen kokema kipu ja oppiminen ovat tiukasti yhteydess\u00e4 toisiinsa. Kivun suojaavaan merkitykseen liittyy se, ett\u00e4 el\u00e4in oppii v\u00e4ltt\u00e4m\u00e4\u00e4n kipua, muuttaa k\u00e4ytt\u00e4ytymist\u00e4\u00e4n kivun seurauksena ja my\u00f6s arvioi kokemaansa kipua aikaisemmin oppimansa pohjalta. Aikaisemmin opittu voi joko voimistaa tai lievitt\u00e4\u00e4 koettua kipua riippuen tilanteesta.<\/p>\n\n\n\n<p>Kipu voi my\u00f6s vaikeuttaa oppimista. Erityisesti pitk\u00e4\u00e4n jatkuvan kivun on todettu h\u00e4iritsev\u00e4n etenkin muistia sek\u00e4 vaikeuttavan varsinkin intensiivist\u00e4 keskittymist\u00e4 vaativia teht\u00e4vi\u00e4. Koettu kipu my\u00f6s aiheuttaa negatiivisia tunteita, jotka voivat h\u00e4irit\u00e4 oppimista. Toisaalta taas keskittyminen johonkin asiaan voi lievitt\u00e4\u00e4 kipua, kun hevosen huomio jakautuu kivun lis\u00e4ksi suoritettavaan teht\u00e4v\u00e4\u00e4n.<\/p>\n\n\n\n<p>T\u00e4m\u00e4n webinaarin aikana keskustelemme hevosen kokemasta kivusta ja oppimisesta. Pohdimme, miten koettu kipu vaikuttaa hevosen kykyyn oppia ja keskitty\u00e4 erilaisissa tilanteissa. Keskustelemme my\u00f6s, miten oppiminen voi vaikuttaa hevosen kokemaan kipuun ja siihen, kuinka kipua kokeva hevonen k\u00e4ytt\u00e4ytyy eri tilanteissa.<\/p>\n\n\n\n<p><\/p>\n\n\n\n<p>Haluaisitko j\u00e4rjest\u00e4\u00e4 koulutuksen tai sinulla olisi aihe mik\u00e4 kiinnostaa? Ota yhteytt\u00e4 niin voimme yhdess\u00e4 j\u00e4rjest\u00e4\u00e4 koulutuksen vaikka omalla tallillasi tai vaikka alueella olevilla raviradoilla.<\/p>\n\n\n\n<p><\/p>\n","protected":false},"excerpt":{"rendered":"<p>Liitto j\u00e4rjest\u00e4\u00e4 erilaisia koulutuksia ja kursseja yhdess\u00e4 muiden hevosjalostusliittojen kanssa. Yhteiskoulutus et\u00e4yhteydell\u00e4 Zoom:ssa Pohjanmaan ja Kainuun hevosjalostusliittojen kanssa 14.5. 2025 Webinaari hevosen kokemasta kivusta ja oppimisesta 14.5.2025 kello 17.30-19.30 Mervi Pakola &amp; Ann-Helena Hokkanen El\u00e4imen kokema kipu ja oppiminen ovat tiukasti yhteydess\u00e4 toisiinsa. Kivun suojaavaan merkitykseen liittyy se, ett\u00e4 el\u00e4in [&hellip;]<\/p>\n","protected":false},"author":13,"featured_media":0,"parent":0,"menu_order":0,"comment_status":"closed","ping_status":"closed","template":"","meta":{"_EventAllDay":false,"_EventTimezone":"","_EventStartDate":"","_EventEndDate":"","_EventStartDateUTC":"","_EventEndDateUTC":"","_EventShowMap":false,"_EventShowMapLink":false,"_EventURL":"","_EventCost":"","_EventCostDescription":"","_EventCurrencySymbol":"","_EventCurrencyPosition":"","_EventDateTimeSeparator":"","_EventTimeRangeSeparator":"","_EventOrganizerID":[],"_EventVenueID":0,"_OrganizerEmail":"","_OrganizerPhone":"","_OrganizerWebsite":"","_VenueAddress":"","_VenueCity":"","_VenueCountry":"","_VenueProvince":"","_VenueZip":"","_VenuePhone":"","_VenueURL":"","_VenueStateProvince":"","_VenueLat":"","_VenueLng":"","footnotes":""},"class_list":["post-86","page","type-page","status-publish","hentry"],"_links":{"self":[{"href":"https:\/\/hevosjalostusliitot.fi\/lappi\/wp-json\/wp\/v2\/pages\/86","targetHints":{"allow":["GET"]}}],"collection":[{"href":"https:\/\/hevosjalostusliitot.fi\/lappi\/wp-json\/wp\/v2\/pages"}],"about":[{"href":"https:\/\/hevosjalostusliitot.fi\/lappi\/wp-json\/wp\/v2\/types\/page"}],"author":[{"embeddable":true,"href":"https:\/\/hevosjalostusliitot.fi\/lappi\/wp-json\/wp\/v2\/users\/13"}],"replies":[{"embeddable":true,"href":"https:\/\/hevosjalostusliitot.fi\/lappi\/wp-json\/wp\/v2\/comments?post=86"}],"version-history":[{"count":3,"href":"https:\/\/hevosjalostusliitot.fi\/lappi\/wp-json\/wp\/v2\/pages\/86\/revisions"}],"predecessor-version":[{"id":158,"href":"https:\/\/hevosjalostusliitot.fi\/lappi\/wp-json\/wp\/v2\/pages\/86\/revisions\/158"}],"wp:attachment":[{"href":"https:\/\/hevosjalostusliitot.fi\/lappi\/wp-json\/wp\/v2\/media?parent=86"}],"curies":[{"name":"wp","href":"https:\/\/api.w.org\/{rel}","templated":true}]}}