{"id":56,"date":"2021-03-16T13:38:06","date_gmt":"2021-03-16T11:38:06","guid":{"rendered":"https:\/\/hevosjalostusliitot.fi\/lappi\/?page_id=56"},"modified":"2025-05-03T18:47:27","modified_gmt":"2025-05-03T15:47:27","slug":"ajolupakurssit","status":"publish","type":"page","link":"https:\/\/hevosjalostusliitot.fi\/lappi\/ajolupakurssit\/","title":{"rendered":"Ajolupakurssit"},"content":{"rendered":"\n<p>C-ajolupakurssit Lappi 2025<\/p>\n\n\n\n<p>Rovaniemi 9.5.-8.6. ja Tornio 29.6 -27.7 <\/p>\n\n\n\n<p>Rovaniemi C-ajolupa kurssi kokoontuu ajoharjoituksiin seuraavina p\u00e4ivin\u00e4 <\/p>\n\n\n\n<p>9.5 klo 18 ja 10.5. klo 15 alkaen<\/p>\n\n\n\n<p>16.5. klo 18 alkaen <\/p>\n\n\n\n<p> 17.5. klo 11 alkaen. <\/p>\n\n\n\n<p>18.5 klo 14 alkaen<\/p>\n\n\n\n<p>25.5 klo 11 alkaen<\/p>\n\n\n\n<p>29.5 kenraaliharjoitusp\u00e4iv\u00e4<\/p>\n\n\n\n<p>8.6. Loppukoep\u00e4iv\u00e4 klo 16 alkaen. <\/p>\n\n\n\n<p>Lapin Hevosjalostusliitto j\u00e4rjest\u00e4\u00e4 vuosittain yhden C-ajolupakurssin ja mahdollisuuksien mukaan my\u00f6s P-ajolupakurssin. Vastuuvalmentaja koulutuksia voidaan j\u00e4rjest\u00e4\u00e4 tarpeen mukaan.&nbsp;<\/p>\n\n\n\n<p>Kurssille voi hakea v\u00e4hint\u00e4\u00e4n 16-vuotias suomen kansalainen, joka hallitsee perustaidot hevosen k\u00e4sittelyss\u00e4, valjastuksessa ja ohjastuksessa. Hakijan ollessa 60 vuotta t\u00e4ytt\u00e4nyt, h\u00e4nen on toimitettava pyk\u00e4l\u00e4ss\u00e4 35.4. m\u00e4\u00e4ritelty l\u00e4\u00e4k\u00e4rintodistus. Hakijan t\u00e4ytyy pysty\u00e4 hallitsemaan oma ohjastettavansa ja ajamaan ryhm\u00e4ss\u00e4. Perustaidot tarkistetaan p\u00e4\u00e4sykokeella ennen kurssille hyv\u00e4ksymist\u00e4. <\/p>\n\n\n\n<p>P-ajolupakurssille voi osallistua ensimm\u00e4ist\u00e4 kertaa sin\u00e4 vuonna kun tulee 10 vuotta t\u00e4yteen.Ponilisenssin haltija voi ohjastaa ja valmentaa poneja. Ponilisenssi on kolmiportainen (P1, P2, P3) lisenssiluokka ik\u00e4luokittain jaoteltuna. Ponilisenssien ja -ajolupien ik\u00e4luokat lasketaan syntym\u00e4vuosittain.<\/p>\n\n\n\n<p>Ponilisenssin saamisen edellytyksen\u00e4 on hyv\u00e4ksytysti suoritettu P-ajolupakurssi. Alaik\u00e4isell\u00e4 lisenssinhaltijalla on oltava nimettyn\u00e4 t\u00e4ysi-ik\u00e4inen kilpailuhuoltaja, joka vastaa lisenssinhaltijan toiminnasta, kunnes h\u00e4n t\u00e4ytt\u00e4\u00e4 18 vuotta.<\/p>\n\n\n\n<p>Kurssilla k\u00e4ytett\u00e4v\u00e4n hevosen tulee olla toimiva. Hevosella (lv\/sh) ei tarvitse olla kilpailuoikeutta voimassa (yli-ik\u00e4iset voivat osallistua). <strong>Kurssihevosella tulee olla kilpailuvakuutus maksettuna<\/strong>.<\/p>\n\n\n\n<p>Mik\u00e4li C-ajoluvan hakija haluaa oikeuden ohjastaa my\u00f6s mont\u00e9l\u00e4hd\u00f6iss\u00e4, tulee h\u00e4nen antaa n\u00e4yte ratsastustaidostaan ja mont\u00e9hevosen varustamisesta. T\u00e4m\u00e4 koskee 1.1. 2020 alkaen suoritettavia ajolupia. Ilmoita halukkuudestasi suorittaa mont\u00e9n n\u00e4ytt\u00f6koe hakemuksessa.<\/p>\n\n\n\n<p>Lis\u00e4tiedot:<a href=\"https:\/\/www.hippos.fi\/raviurheilu\/ohjastajat_ja_valmentajat\/ajolupakurssi\"> https:\/\/www.hippos.fi\/raviurheilu\/ohjastajat_ja_valmentajat\/ajolupakurssi<\/a><\/p>\n\n\n\n<p><\/p>\n\n\n\n<p><\/p>\n\n\n\n<p><\/p>\n\n\n\n<p>C-ajolupakurssi elo-syyskuussa Rovaniemell\u00e4 !<br>Tervetuloa osallistumaan C-ajolupakurssille , kurssi alkaa p\u00e4\u00e4sykokeella  ja kurssip\u00e4iv\u00e4t voidaan sopia kaikken osallistujien kesken sopivaksi. <\/p>\n\n\n\n<p>Kurssille voi hakea v\u00e4hint\u00e4\u00e4n 16-vuotias vakinaisesti Suomessa asuva henkil\u00f6, joka hallitsee perustaidot hevosen k\u00e4sittelyss\u00e4, valjastuksessa ja ohjastuksessa. Hakijan t\u00e4ytyy pysty\u00e4 hallitsemaan oma ohjastettavansa ja ajamaan ryhm\u00e4ss\u00e4. Perustaidot tarkistetaan p\u00e4\u00e4sykokeella ennen kurssille hyv\u00e4ksymist\u00e4.<\/p>\n\n\n\n<p>Huom. Ajolupakurssille hakijan ollessa 60 vuotta t\u00e4yt\u00adt\u00e4nyt, h\u00e4nen on toimitettava Ravikilpailus\u00e4\u00e4nt\u00f6jen pyk\u00e4l\u00e4ss\u00e4 35.4. m\u00e4\u00e4ritelty l\u00e4\u00e4k\u00e4rintodistus Suomen Hippokseen ajolupakurssin hakuvaiheessa. Kaikki alle 60-vuotiaat ajoluvan hakijat toimittavat l\u00e4\u00e4k\u00e4rintodistuksen (enint\u00e4\u00e4n vuoden vanha, pl. todistukset, joissa m\u00e4\u00e4ritelty voimassaoloaika) Suomen Hippokseen hyv\u00e4ksytyn ajolupakurssin loppukokeen j\u00e4lkeen.<\/p>\n\n\n\n<p>C-ajolupakurssihakemus alla:<br><a href=\"https:\/\/www.hippos.fi\/tiedostot\/hakemus-c-ajolupakurssille\/\">https:\/\/www.hippos.fi\/tiedostot\/hakemus-c-ajolupakurssille\/<\/a><\/p>\n\n\n\n<p>Kurssimaksut:<br>P\u00e4\u00e4sykoemaksu 60\u20ac joka suoritetaan k\u00e4teismaksuna ennen koetta.<br>Kurssimaksu 285\u20ac , joka tulee olla maksettuna ennen loppukoe p\u00e4iv\u00e4\u00e4.<br>Ajolupamaksu 48\u20ac<\/p>\n\n\n\n<p>Ilmoittautuminen : Hakemuksineen Lapin Hevosjalostusliitto lapinhjlry@gmail.com<\/p>\n\n\n\n<p>Annu Tams\/ lapinhjlry@gmail.com<\/p>\n\n\n\n<p>+358 40 159 6049<\/p>\n\n\n\n<p><\/p>\n\n\n\n<p><\/p>\n","protected":false},"excerpt":{"rendered":"<p>C-ajolupakurssit Lappi 2025 Rovaniemi 9.5.-8.6. ja Tornio 29.6 -27.7 Rovaniemi C-ajolupa kurssi kokoontuu ajoharjoituksiin seuraavina p\u00e4ivin\u00e4 9.5 klo 18 ja 10.5. klo 15 alkaen 16.5. klo 18 alkaen 17.5. klo 11 alkaen. 18.5 klo 14 alkaen 25.5 klo 11 alkaen 29.5 kenraaliharjoitusp\u00e4iv\u00e4 8.6. Loppukoep\u00e4iv\u00e4 klo 16 alkaen. Lapin Hevosjalostusliitto j\u00e4rjest\u00e4\u00e4 [&hellip;]<\/p>\n","protected":false},"author":13,"featured_media":0,"parent":0,"menu_order":0,"comment_status":"closed","ping_status":"closed","template":"","meta":{"_EventAllDay":false,"_EventTimezone":"","_EventStartDate":"","_EventEndDate":"","_EventStartDateUTC":"","_EventEndDateUTC":"","_EventShowMap":false,"_EventShowMapLink":false,"_EventURL":"","_EventCost":"","_EventCostDescription":"","_EventCurrencySymbol":"","_EventCurrencyPosition":"","_EventDateTimeSeparator":"","_EventTimeRangeSeparator":"","_EventOrganizerID":[],"_EventVenueID":0,"_OrganizerEmail":"","_OrganizerPhone":"","_OrganizerWebsite":"","_VenueAddress":"","_VenueCity":"","_VenueCountry":"","_VenueProvince":"","_VenueZip":"","_VenuePhone":"","_VenueURL":"","_VenueStateProvince":"","_VenueLat":"","_VenueLng":"","footnotes":""},"class_list":["post-56","page","type-page","status-publish","hentry"],"_links":{"self":[{"href":"https:\/\/hevosjalostusliitot.fi\/lappi\/wp-json\/wp\/v2\/pages\/56","targetHints":{"allow":["GET"]}}],"collection":[{"href":"https:\/\/hevosjalostusliitot.fi\/lappi\/wp-json\/wp\/v2\/pages"}],"about":[{"href":"https:\/\/hevosjalostusliitot.fi\/lappi\/wp-json\/wp\/v2\/types\/page"}],"author":[{"embeddable":true,"href":"https:\/\/hevosjalostusliitot.fi\/lappi\/wp-json\/wp\/v2\/users\/13"}],"replies":[{"embeddable":true,"href":"https:\/\/hevosjalostusliitot.fi\/lappi\/wp-json\/wp\/v2\/comments?post=56"}],"version-history":[{"count":15,"href":"https:\/\/hevosjalostusliitot.fi\/lappi\/wp-json\/wp\/v2\/pages\/56\/revisions"}],"predecessor-version":[{"id":152,"href":"https:\/\/hevosjalostusliitot.fi\/lappi\/wp-json\/wp\/v2\/pages\/56\/revisions\/152"}],"wp:attachment":[{"href":"https:\/\/hevosjalostusliitot.fi\/lappi\/wp-json\/wp\/v2\/media?parent=56"}],"curies":[{"name":"wp","href":"https:\/\/api.w.org\/{rel}","templated":true}]}}