{"id":46,"date":"2021-03-16T13:16:22","date_gmt":"2021-03-16T11:16:22","guid":{"rendered":"https:\/\/hevosjalostusliitot.fi\/lappi\/?page_id=46"},"modified":"2025-09-24T22:24:53","modified_gmt":"2025-09-24T19:24:53","slug":"tamma-ja-varsanayttely","status":"publish","type":"page","link":"https:\/\/hevosjalostusliitot.fi\/lappi\/tamma-ja-varsanayttely\/","title":{"rendered":"Tamma-ja varsan\u00e4yttely"},"content":{"rendered":"\n<p>Tamma ja varsan\u00e4yttelyt 2025<\/p>\n\n\n\n<p>Tamma- ja varsan\u00e4yttely pidet\u00e4\u00e4n sunnuntaina 28.9.2025 Rovaniemell\u00e4 M\u00e4ntyvaarassa raviradan varikko alueella. Helpoiten l\u00f6yd\u00e4t perille E4- tielt\u00e4 Alakorkalosta k\u00e4\u00e4ntyen\u00a0 Isoaavantien risteyksen kautta M\u00e4ntyvaaraan. Varikolle tullaan m\u00e4ntyvaarantielt\u00e4 m\u00e4en alta vasemmalle k\u00e4\u00e4ntyv\u00e4st\u00e4 risteyksest\u00e4 ja seurataan tiet\u00e4 varikolle hevosautot kylttien mukaan.\u00a0<\/p>\n\n\n\n<p>Varikolla hevosten valmiiksi laittamiseen on k\u00e4yt\u00f6ss\u00e4 oikeanpuoleiset karsinalliset katokset nro 85 eteenp\u00e4in. N\u00e4yttelykeh\u00e4 on varsoille karsinallisten katosten \u00e9dess\u00e4 ja mittaus sek\u00e4 kavioiden tutkimus on karsinallisessa katoksessa nro. 78 jonka, vieress\u00e4 ilmoittautuminen. Ilmoittautuminen avautuu klo 8.30.\u00a0 Otathan mukaan <strong>hevosen passin<\/strong>. N\u00e4yttelymaksun 50\u20ac\/ varsa ja 105\u20ac\/ jalostusarvosteltava lv tamma ilman ajokoetta 130\u20ac\/ tamma Sh J- ja Tk-suunta sek\u00e4 Lv tamma ajookeella tulee maksaa suoraa Lapin Hevosjalostusliiton tilille viestiksi Hevosen\/ varsan nimi. Pankkiyhteys: FI36 564002 200125 25, OKOYFIHH. Varsat joiden liikkeet esitell\u00e4\u00e4n ajaen esitet\u00e4\u00e4n varikolla lautakunnan edess\u00e4 sek\u00e4 k\u00e4ynniss\u00e4 ett\u00e4 ravissa.\u00a0\u00a0<\/p>\n\n\n\n<p>Jos sinulta l\u00f6ytyy oma n\u00e4yttely numero niin ota se mukaan n\u00e4yttelyihin, hevosjalostusliitolla on k\u00e4yt\u00f6ss\u00e4\u00e4n joitakin numeroita.&nbsp;&nbsp;&nbsp;<\/p>\n\n\n\n<p>Pj- tuomari : <\/p>\n\n\n\n<p>N\u00e4yttely lautakunnan j\u00e4senet: Eero Perttunen ,Marja Rantala,\u00a0 kaviot\u00a0Matti Kyyhkynen<\/p>\n\n\n\n<p>Juontaja: Eemeli Hernesaho<\/p>\n\n\n\n<p>Aikataulu:&nbsp;<\/p>\n\n\n\n<p>9:00 1-vuotiaiden mittaus ja kavioiden arvostelu, josta jatketaan suoraan arvosteluihin mittauksen loputtua&nbsp;<\/p>\n\n\n\n<p>10.15&nbsp; ajaen esitett\u00e4v\u00e4t 2 ja kolme vuotiaat numeroj\u00e4rjestyksess\u00e4<\/p>\n\n\n\n<p>11.00&nbsp; 2- vuotiaiden mittaus ja kavioiden arvostelu, josta arvosteluihin numeroj\u00e4rjestyksess\u00e4.<\/p>\n\n\n\n<p>12.30 3-vuotiaan mittaus ja kaviot sek\u00e4 arvostelu<\/p>\n\n\n\n<p>N\u00e4yttelyn parhaan varsan palkitseminen<\/p>\n\n\n\n<p>13:00 Tauko<\/p>\n\n\n\n<p>13:30 Tammojen ajokokeet<\/p>\n\n\n\n<p>14:00 Tammojen mittaus ja arvostelu keh\u00e4ss\u00e4<\/p>\n\n\n\n<p>14:30 Tk-suunnan oriin ajokoe yl\u00e4 ratsastuskent\u00e4ll\u00e4<\/p>\n\n\n\n<p>14.45 Oriin mittaus ja arvostelu&nbsp;<\/p>\n\n\n\n<p>N.15:00 N\u00e4yttelyp\u00e4iv\u00e4n p\u00e4\u00e4t\u00f6s<\/p>\n\n\n\n<p>N\u00e4yttelyj\u00e4rjestys:&nbsp;<\/p>\n\n\n\n<p>1- vuotiaat:&nbsp;<\/p>\n\n\n\n<ol class=\"wp-block-list\">\n<li>Ebba Simuna (Sh)<\/li>\n\n\n\n<li>Garas(Sh)<\/li>\n\n\n\n<li>Hellanlettas (Sh)<\/li>\n\n\n\n<li>Ritu Railakas (Sh)<\/li>\n\n\n\n<li>Eternal Angel (Lv)<\/li>\n<\/ol>\n\n\n\n<p>2-vuotiaat<\/p>\n\n\n\n<ol start=\"6\" class=\"wp-block-list\">\n<li>Larvan Daalia (Sh)\u00a0<\/li>\n\n\n\n<li>Coksi (Sh)<\/li>\n\n\n\n<li>Markkalehdon Mette (Sh)<\/li>\n\n\n\n<li>Margareta (Sh)<\/li>\n\n\n\n<li>Outisen Sensaatio (Sh)<\/li>\n\n\n\n<li>Callela Alien\u00a0 (Lv)<\/li>\n\n\n\n<li>Well Weekend (Lv)\u00a0\u00a0<\/li>\n\n\n\n<li>Yp\u00e4j\u00e4 Victory (Lv)<\/li>\n<\/ol>\n\n\n\n<p>3-&nbsp; vuotiaat<\/p>\n\n\n\n<ol start=\"14\" class=\"wp-block-list\">\n<li>Nevan S\u00e4ihke (Sh)<\/li>\n<\/ol>\n\n\n\n<p>Tammat:<\/p>\n\n\n\n<ol start=\"15\" class=\"wp-block-list\">\n<li>Soman Rincessa\u00a0 J-suunnalle.\u00a0<\/li>\n\n\n\n<li>Rehabanero lv- ajokokeella<\/li>\n<\/ol>\n\n\n\n<p>Oriit<\/p>\n\n\n\n<ol class=\"wp-block-list\">\n<li>\u00a0Hempan Touho Tk-suunnalle ajokokeella<\/li>\n<\/ol>\n\n\n\n<p>Yhteisty\u00f6ss\u00e4 :&nbsp;<\/p>\n\n\n\n<figure class=\"wp-block-image\"><img decoding=\"async\" src=\"https:\/\/lh5.googleusercontent.com\/48i5Caff5e_IZIc8874xrkegO1fFk33uPX44r0WqABGF9XTjN398SaFn8EvTysuzJmG24aKr9JMejB5BZqsCrjRIBphxSX13cwweBJfwWqO8zmdEWMhY5hTHJqsLGnVXwJjNz2DsCBdUO7-UVCtw0w\" alt=\"\" \/><\/figure>\n\n\n\n<figure class=\"wp-block-image\"><img decoding=\"async\" src=\"https:\/\/lh6.googleusercontent.com\/dFu9J_2t95lQClj2SX2-vZAmZ2mnDcD_Xrm2nQ4i3B1dzA2E5-z09c_L7T0L0kB3IIXZ9jmf_QEfFlGcVmhKnxiDo7UaufyDpb2U3VncVFW8O4LUhSNAGRTWda5Y_CDn_swVwKWuW_34ZblDSkhpFg\" alt=\"\" \/><\/figure>\n\n\n\n<figure class=\"wp-block-image\"><img decoding=\"async\" src=\"https:\/\/lh3.googleusercontent.com\/0DpTTbQ1hoKg2p3YANzChucmd0DgPbbisPxdmS2JGef9BoMvFzTMzyfUzZTpJA18FadH618cWXaKZ0mjDR2uZPbdJ_-YpoWKckh4yhwHQ_cBQROlVJiCWEjiat7LbbmSecK9t_CS1wNJ2soCmI_znF4\" alt=\"\" \/><\/figure>\n\n\n\n<p>N\u00e4yttelytulokset :<\/p>\n\n\n\n<p>1-vuotiaat suomenhevoset<\/p>\n\n\n\n<p><strong>Tee Wee Wonkamies<\/strong> J-suunta 45,5 pist. II palkinto<\/p>\n\n\n\n<p><strong>Dave Simuna<\/strong> 46 pist. J-suunta II palkinto  1- vuotiaiden Sh varsojen luokkavoittaja<\/p>\n\n\n\n<p><strong>Sirisiina<\/strong> J-suunta 45,5, pist. II palkinto<\/p>\n\n\n\n<p><strong>Ailion Herttua<\/strong> J-suunta 44 pist. II-  palkinto<\/p>\n\n\n\n<p><strong>Friisin Vuokko<\/strong> P- suunta 40,5 pist. III palkinto  <\/p>\n\n\n\n<p>1- vuotiaat l\u00e4mminveriset<\/p>\n\n\n\n<p><strong>Cover King  <\/strong>41,5 pist. I-  palkinto, N\u00e4yttelyn paras varsa<\/p>\n\n\n\n<p>2- vuotiaat suomenhevoset<\/p>\n\n\n\n<p><strong>Soman Rincessa<\/strong> J-suunta 44 pist. II- palkinto<\/p>\n\n\n\n<p><strong>Tyttelin T\u00e4hti<\/strong> J-suunta 41,5 pist.  III+ palkinto<\/p>\n\n\n\n<p><strong>Taikapasilika<\/strong> J-suunta 39,5 pist. III  palkinto<\/p>\n\n\n\n<p><strong>Riksun Xavier<\/strong> J- suunta  44 pist. II-  palkinto<\/p>\n\n\n\n<p><strong>Viimaliina<\/strong> J-suunta 43 pist. III+ palkinto<\/p>\n\n\n\n<p><strong>Outisen Ruustinna<\/strong> J-suunta 41 pist. III palkinto<\/p>\n\n\n\n<p><strong>Koto Tenho<\/strong> J-suunta 44 pist. II-  palkinto<\/p>\n\n\n\n<p><strong>Sipuliina<\/strong> R-suunta 48 pist. II + palkinto  2 vuotiaiden Sh varsojen luokka voittaja <\/p>\n\n\n\n<p>2- vuotiaat l\u00e4mminveriset<\/p>\n\n\n\n<p><strong>Soon Naughty Boy<\/strong> 39,5 pist. II+ palkinto 2 vuotiaiden l\u00e4mminverivarsojen luokkavoittaja<\/p>\n\n\n\n<p><strong>Lancon Boost<\/strong> 35 pist. III+ palkinto<\/p>\n\n\n\n<p>3- vuotiaat suomenhevoset<\/p>\n\n\n\n<p><strong>W\u00e4in\u00e4m\u00f6inen<\/strong> R-suunta 44,5, pist.  II- palkinto<\/p>\n\n\n\n<p><strong>Taisto T\u00e4ysikuu<\/strong> J-suunta 42,5 pist. III+ palkinto<\/p>\n\n\n\n<p><strong>Luohti<\/strong> T-suunta 47 pist.  II palkinto<\/p>\n\n\n\n<p><strong>Viiman Wieno<\/strong> J-suunta 44 pist. II- palkinto<\/p>\n\n\n\n<h2 class=\"wp-block-heading\">&nbsp;<img decoding=\"async\" src=\"https:\/\/hevosjalostusliitot.fi\/ba2bcf74-0e5a-4263-8997-8c0493bd176f\" style=\"width: undefinedpx\"><\/h2>\n\n\n\n<figure class=\"wp-block-image size-large\"><img loading=\"lazy\" decoding=\"async\" width=\"1024\" height=\"683\" src=\"https:\/\/hevosjalostusliitot.fi\/lappi\/wp-content\/uploads\/sites\/13\/2023\/10\/Cover-King-1-v-I-p-N.P.-Orlando-Under-Cover-Series-Majestic-Son-Roi-30092023-1024x683.jpg\" alt=\"\" class=\"wp-image-134\" srcset=\"https:\/\/hevosjalostusliitot.fi\/lappi\/wp-content\/uploads\/sites\/13\/2023\/10\/Cover-King-1-v-I-p-N.P.-Orlando-Under-Cover-Series-Majestic-Son-Roi-30092023-1024x683.jpg 1024w, https:\/\/hevosjalostusliitot.fi\/lappi\/wp-content\/uploads\/sites\/13\/2023\/10\/Cover-King-1-v-I-p-N.P.-Orlando-Under-Cover-Series-Majestic-Son-Roi-30092023-300x200.jpg 300w, https:\/\/hevosjalostusliitot.fi\/lappi\/wp-content\/uploads\/sites\/13\/2023\/10\/Cover-King-1-v-I-p-N.P.-Orlando-Under-Cover-Series-Majestic-Son-Roi-30092023-768x512.jpg 768w, https:\/\/hevosjalostusliitot.fi\/lappi\/wp-content\/uploads\/sites\/13\/2023\/10\/Cover-King-1-v-I-p-N.P.-Orlando-Under-Cover-Series-Majestic-Son-Roi-30092023-1536x1024.jpg 1536w, https:\/\/hevosjalostusliitot.fi\/lappi\/wp-content\/uploads\/sites\/13\/2023\/10\/Cover-King-1-v-I-p-N.P.-Orlando-Under-Cover-Series-Majestic-Son-Roi-30092023-2048x1365.jpg 2048w, https:\/\/hevosjalostusliitot.fi\/lappi\/wp-content\/uploads\/sites\/13\/2023\/10\/Cover-King-1-v-I-p-N.P.-Orlando-Under-Cover-Series-Majestic-Son-Roi-30092023-360x240.jpg 360w\" sizes=\"auto, (max-width: 1024px) 100vw, 1024px\" \/><figcaption class=\"wp-element-caption\">N\u00e4yttelyn Paras varsa Cover King esitt\u00e4j\u00e4ns\u00e4 Armas Flinkin kanssa<\/figcaption><\/figure>\n\n\n\n<figure class=\"wp-block-image size-large\"><img loading=\"lazy\" decoding=\"async\" width=\"1024\" height=\"683\" src=\"https:\/\/hevosjalostusliitot.fi\/lappi\/wp-content\/uploads\/sites\/13\/2023\/10\/Markku-palkitsee-nayttelyvoittaja-Cover-Kingin-Roi-30092023-1024x683.jpg\" alt=\"\" class=\"wp-image-135\" srcset=\"https:\/\/hevosjalostusliitot.fi\/lappi\/wp-content\/uploads\/sites\/13\/2023\/10\/Markku-palkitsee-nayttelyvoittaja-Cover-Kingin-Roi-30092023-1024x683.jpg 1024w, https:\/\/hevosjalostusliitot.fi\/lappi\/wp-content\/uploads\/sites\/13\/2023\/10\/Markku-palkitsee-nayttelyvoittaja-Cover-Kingin-Roi-30092023-300x200.jpg 300w, https:\/\/hevosjalostusliitot.fi\/lappi\/wp-content\/uploads\/sites\/13\/2023\/10\/Markku-palkitsee-nayttelyvoittaja-Cover-Kingin-Roi-30092023-768x512.jpg 768w, https:\/\/hevosjalostusliitot.fi\/lappi\/wp-content\/uploads\/sites\/13\/2023\/10\/Markku-palkitsee-nayttelyvoittaja-Cover-Kingin-Roi-30092023-1536x1024.jpg 1536w, https:\/\/hevosjalostusliitot.fi\/lappi\/wp-content\/uploads\/sites\/13\/2023\/10\/Markku-palkitsee-nayttelyvoittaja-Cover-Kingin-Roi-30092023-2048x1365.jpg 2048w, https:\/\/hevosjalostusliitot.fi\/lappi\/wp-content\/uploads\/sites\/13\/2023\/10\/Markku-palkitsee-nayttelyvoittaja-Cover-Kingin-Roi-30092023-360x240.jpg 360w\" sizes=\"auto, (max-width: 1024px) 100vw, 1024px\" \/><figcaption class=\"wp-element-caption\">Puheenjohtaja tuomari Markku Nisula palkitsee n\u00e4yttelyn parasta. <\/figcaption><\/figure>\n","protected":false},"excerpt":{"rendered":"<p>Tamma ja varsan\u00e4yttelyt 2025 Tamma- ja varsan\u00e4yttely pidet\u00e4\u00e4n sunnuntaina 28.9.2025 Rovaniemell\u00e4 M\u00e4ntyvaarassa raviradan varikko alueella. Helpoiten l\u00f6yd\u00e4t perille E4- tielt\u00e4 Alakorkalosta k\u00e4\u00e4ntyen\u00a0 Isoaavantien risteyksen kautta M\u00e4ntyvaaraan. Varikolle tullaan m\u00e4ntyvaarantielt\u00e4 m\u00e4en alta vasemmalle k\u00e4\u00e4ntyv\u00e4st\u00e4 risteyksest\u00e4 ja seurataan tiet\u00e4 varikolle hevosautot kylttien mukaan.\u00a0 Varikolla hevosten valmiiksi laittamiseen on k\u00e4yt\u00f6ss\u00e4 oikeanpuoleiset karsinalliset katokset [&hellip;]<\/p>\n","protected":false},"author":13,"featured_media":0,"parent":0,"menu_order":0,"comment_status":"closed","ping_status":"closed","template":"","meta":{"_EventAllDay":false,"_EventTimezone":"","_EventStartDate":"","_EventEndDate":"","_EventStartDateUTC":"","_EventEndDateUTC":"","_EventShowMap":false,"_EventShowMapLink":false,"_EventURL":"","_EventCost":"","_EventCostDescription":"","_EventCurrencySymbol":"","_EventCurrencyPosition":"","_EventDateTimeSeparator":"","_EventTimeRangeSeparator":"","_EventOrganizerID":[],"_EventVenueID":0,"_OrganizerEmail":"","_OrganizerPhone":"","_OrganizerWebsite":"","_VenueAddress":"","_VenueCity":"","_VenueCountry":"","_VenueProvince":"","_VenueZip":"","_VenuePhone":"","_VenueURL":"","_VenueStateProvince":"","_VenueLat":"","_VenueLng":"","footnotes":""},"class_list":["post-46","page","type-page","status-publish","hentry"],"_links":{"self":[{"href":"https:\/\/hevosjalostusliitot.fi\/lappi\/wp-json\/wp\/v2\/pages\/46","targetHints":{"allow":["GET"]}}],"collection":[{"href":"https:\/\/hevosjalostusliitot.fi\/lappi\/wp-json\/wp\/v2\/pages"}],"about":[{"href":"https:\/\/hevosjalostusliitot.fi\/lappi\/wp-json\/wp\/v2\/types\/page"}],"author":[{"embeddable":true,"href":"https:\/\/hevosjalostusliitot.fi\/lappi\/wp-json\/wp\/v2\/users\/13"}],"replies":[{"embeddable":true,"href":"https:\/\/hevosjalostusliitot.fi\/lappi\/wp-json\/wp\/v2\/comments?post=46"}],"version-history":[{"count":15,"href":"https:\/\/hevosjalostusliitot.fi\/lappi\/wp-json\/wp\/v2\/pages\/46\/revisions"}],"predecessor-version":[{"id":166,"href":"https:\/\/hevosjalostusliitot.fi\/lappi\/wp-json\/wp\/v2\/pages\/46\/revisions\/166"}],"wp:attachment":[{"href":"https:\/\/hevosjalostusliitot.fi\/lappi\/wp-json\/wp\/v2\/media?parent=46"}],"curies":[{"name":"wp","href":"https:\/\/api.w.org\/{rel}","templated":true}]}}