{"id":14,"date":"2020-05-18T13:20:09","date_gmt":"2020-05-18T10:20:09","guid":{"rendered":"https:\/\/hevosjalostusliitot.fi\/lappi\/?page_id=14"},"modified":"2025-05-21T22:43:44","modified_gmt":"2025-05-21T19:43:44","slug":"etusivu","status":"publish","type":"page","link":"https:\/\/hevosjalostusliitot.fi\/lappi\/","title":{"rendered":"Etusivu"},"content":{"rendered":"\n<h2 class=\"wp-block-heading has-text-align-center\">Tervetuloa<\/h2>\n\n\n\n<p class=\"has-text-align-center\">Lapin Hevosjalostusliitto tarjoaa hevosen omistajille, kasvattajille, alan ammattilaisille kuin harrastajille monenlaisia palveluita omistamisen, kasvattamisen ja ravikilpailutoiminnan sek\u00e4 koulutuksen saralla.<\/p>\n\n\n\n<p class=\"has-text-align-center\">N\u00e4ilt\u00e4 sivuilta l\u00f6yd\u00e4t ajankohtaiset tapahtumamme ja koulutukset sek\u00e4 palveluidemme yleisimm\u00e4t ohjeet. Ota yhteytt\u00e4 joko  s\u00e4hk\u00f6postin  kautta lapinhjlry@gmail.com tai puhelimitse     +358 40 159 6049\/ Annu Tams toiminnanjohtaja. <\/p>\n\n\n\n<p>Vuosikokous vaihtuu 28.5.2025 klo 18 harmillisen p\u00e4\u00e4llekk\u00e4isyyden takia. <\/p>\n\n\n\n<h2 class=\"wp-block-heading has-text-align-center\">       <\/h2>\n","protected":false},"excerpt":{"rendered":"<p>Tervetuloa Lapin Hevosjalostusliitto tarjoaa hevosen omistajille, kasvattajille, alan ammattilaisille kuin harrastajille monenlaisia palveluita omistamisen, kasvattamisen ja ravikilpailutoiminnan sek\u00e4 koulutuksen saralla. N\u00e4ilt\u00e4 sivuilta l\u00f6yd\u00e4t ajankohtaiset tapahtumamme ja koulutukset sek\u00e4 palveluidemme yleisimm\u00e4t ohjeet. Ota yhteytt\u00e4 joko s\u00e4hk\u00f6postin kautta lapinhjlry@gmail.com tai puhelimitse +358 40 159 6049\/ Annu Tams toiminnanjohtaja. Vuosikokous vaihtuu 28.5.2025 klo [&hellip;]<\/p>\n","protected":false},"author":1,"featured_media":0,"parent":0,"menu_order":0,"comment_status":"closed","ping_status":"closed","template":"page-templates\/template-fullwidth.php","meta":{"_EventAllDay":false,"_EventTimezone":"","_EventStartDate":"","_EventEndDate":"","_EventStartDateUTC":"","_EventEndDateUTC":"","_EventShowMap":false,"_EventShowMapLink":false,"_EventURL":"","_EventCost":"","_EventCostDescription":"","_EventCurrencySymbol":"","_EventCurrencyPosition":"","_EventDateTimeSeparator":"","_EventTimeRangeSeparator":"","_EventOrganizerID":[],"_EventVenueID":0,"_OrganizerEmail":"","_OrganizerPhone":"","_OrganizerWebsite":"","_VenueAddress":"","_VenueCity":"","_VenueCountry":"","_VenueProvince":"","_VenueZip":"","_VenuePhone":"","_VenueURL":"","_VenueStateProvince":"","_VenueLat":"","_VenueLng":"","footnotes":""},"class_list":["post-14","page","type-page","status-publish","hentry"],"_links":{"self":[{"href":"https:\/\/hevosjalostusliitot.fi\/lappi\/wp-json\/wp\/v2\/pages\/14","targetHints":{"allow":["GET"]}}],"collection":[{"href":"https:\/\/hevosjalostusliitot.fi\/lappi\/wp-json\/wp\/v2\/pages"}],"about":[{"href":"https:\/\/hevosjalostusliitot.fi\/lappi\/wp-json\/wp\/v2\/types\/page"}],"author":[{"embeddable":true,"href":"https:\/\/hevosjalostusliitot.fi\/lappi\/wp-json\/wp\/v2\/users\/1"}],"replies":[{"embeddable":true,"href":"https:\/\/hevosjalostusliitot.fi\/lappi\/wp-json\/wp\/v2\/comments?post=14"}],"version-history":[{"count":12,"href":"https:\/\/hevosjalostusliitot.fi\/lappi\/wp-json\/wp\/v2\/pages\/14\/revisions"}],"predecessor-version":[{"id":162,"href":"https:\/\/hevosjalostusliitot.fi\/lappi\/wp-json\/wp\/v2\/pages\/14\/revisions\/162"}],"wp:attachment":[{"href":"https:\/\/hevosjalostusliitot.fi\/lappi\/wp-json\/wp\/v2\/media?parent=14"}],"curies":[{"name":"wp","href":"https:\/\/api.w.org\/{rel}","templated":true}]}}