{"id":159,"date":"2021-02-02T11:58:59","date_gmt":"2021-02-02T09:58:59","guid":{"rendered":"https:\/\/hevosjalostusliitot.fi\/kymikarjala\/?page_id=159"},"modified":"2021-02-02T12:05:58","modified_gmt":"2021-02-02T10:05:58","slug":"tunnistukset-ja-rekisterointi","status":"publish","type":"page","link":"https:\/\/hevosjalostusliitot.fi\/kymikarjala\/tunnistukset-ja-rekisterointi\/","title":{"rendered":"TUNNISTUKSET JA REKISTER\u00d6INTI"},"content":{"rendered":"\n<p>Varsojen ja tuontihevosten tunnistus rekister\u00f6inti\u00e4 varten<\/p>\n\n\n\n<p>toiminnanjohtaja Jenni Timlin, koko liiton alue p. 0400 \u2013 958581\/ kymenkarjalan.hjl@gmail.com<\/p>\n\n\n\n<p>Rekister\u00f6innin hinta koostuu tunnistuksesta, rekister\u00f6innist\u00e4 ja mahdollisesti dna-n\u00e4ytteen laboratoriokulusta, hinnasto Suomen Hippoksen sivuilla:&nbsp;<a rel=\"noreferrer noopener\" href=\"https:\/\/www.hippos.fi\/suomen_hippos_ry\/suomen_hippos_ry\/palveluhinnasto\/rekisterointi\" target=\"_blank\">LINKKI<\/a><\/p>\n\n\n\n<p>Lis\u00e4tietoja varsan rekister\u00f6innist\u00e4:&nbsp;<a href=\"https:\/\/www.hippos.fi\/rekisterointi_ja_omistaminen\/varsan_rekisterointi\" target=\"_blank\" rel=\"noreferrer noopener\">LINKKI<\/a><\/p>\n\n\n\n<p>Lis\u00e4tietoja maahantuodun ravihevosen rekister\u00f6innist\u00e4:&nbsp;<a href=\"https:\/\/www.hippos.fi\/rekisterointi_ja_omistaminen\/hevosen_tuonti_ja_vienti\/tuontiravihevosen_rekisterointi\" target=\"_blank\" rel=\"noreferrer noopener\">LINKKI<\/a><\/p>\n\n\n\n<p>Lis\u00e4tietoja maahantuodun ratsun rekister\u00f6innist\u00e4:&nbsp;<a href=\"https:\/\/www.hippos.fi\/rekisterointi_ja_omistaminen\/hevosen_tuonti_ja_vienti\/tuontiratsun_ja_-ponin_rekisterointi\" target=\"_blank\" rel=\"noreferrer noopener\">LINKKI<\/a><\/p>\n","protected":false},"excerpt":{"rendered":"<p>Varsojen ja tuontihevosten tunnistus rekister\u00f6inti\u00e4 varten toiminnanjohtaja Jenni Timlin, koko liiton alue p. 0400 \u2013 958581\/ kymenkarjalan.hjl@gmail.com Rekister\u00f6innin hinta koostuu tunnistuksesta, rekister\u00f6innist\u00e4 ja mahdollisesti dna-n\u00e4ytteen laboratoriokulusta, hinnasto Suomen Hippoksen sivuilla:&nbsp;LINKKI Lis\u00e4tietoja varsan rekister\u00f6innist\u00e4:&nbsp;LINKKI Lis\u00e4tietoja maahantuodun ravihevosen rekister\u00f6innist\u00e4:&nbsp;LINKKI Lis\u00e4tietoja maahantuodun ratsun rekister\u00f6innist\u00e4:&nbsp;LINKKI<\/p>\n","protected":false},"author":19,"featured_media":0,"parent":0,"menu_order":0,"comment_status":"closed","ping_status":"closed","template":"","meta":{"footnotes":""},"class_list":["post-159","page","type-page","status-publish","hentry"],"_links":{"self":[{"href":"https:\/\/hevosjalostusliitot.fi\/kymikarjala\/wp-json\/wp\/v2\/pages\/159","targetHints":{"allow":["GET"]}}],"collection":[{"href":"https:\/\/hevosjalostusliitot.fi\/kymikarjala\/wp-json\/wp\/v2\/pages"}],"about":[{"href":"https:\/\/hevosjalostusliitot.fi\/kymikarjala\/wp-json\/wp\/v2\/types\/page"}],"author":[{"embeddable":true,"href":"https:\/\/hevosjalostusliitot.fi\/kymikarjala\/wp-json\/wp\/v2\/users\/19"}],"replies":[{"embeddable":true,"href":"https:\/\/hevosjalostusliitot.fi\/kymikarjala\/wp-json\/wp\/v2\/comments?post=159"}],"version-history":[{"count":3,"href":"https:\/\/hevosjalostusliitot.fi\/kymikarjala\/wp-json\/wp\/v2\/pages\/159\/revisions"}],"predecessor-version":[{"id":167,"href":"https:\/\/hevosjalostusliitot.fi\/kymikarjala\/wp-json\/wp\/v2\/pages\/159\/revisions\/167"}],"wp:attachment":[{"href":"https:\/\/hevosjalostusliitot.fi\/kymikarjala\/wp-json\/wp\/v2\/media?parent=159"}],"curies":[{"name":"wp","href":"https:\/\/api.w.org\/{rel}","templated":true}]}}