{"id":156,"date":"2021-02-02T11:57:37","date_gmt":"2021-02-02T09:57:37","guid":{"rendered":"https:\/\/hevosjalostusliitot.fi\/kymikarjala\/?page_id=156"},"modified":"2026-02-18T09:59:39","modified_gmt":"2026-02-18T07:59:39","slug":"tamma-ja-varsanayttelyt","status":"publish","type":"page","link":"https:\/\/hevosjalostusliitot.fi\/kymikarjala\/tamma-ja-varsanayttelyt\/","title":{"rendered":"TAMMA- JA VARSAN\u00c4YTTELYT"},"content":{"rendered":"\n<p>N\u00c4YTTELYT KEV\u00c4TKAUDELLA 2026<\/p>\n\n\n\n<p>LAUANTAI 16.5.2026 LAPPEENRANTA<\/p>\n\n\n\n<p>TAMMAT ja K\u00c4YTT\u00d6SUUNNAN ORIIT (my\u00f6s sh R ja P-suuntien tammat) sek\u00e4 VARSAT (lv 1-2v ja sh 1-3v )<\/p>\n\n\n\n<p>kaikki suunnat, varsojen liikkeet mahdollista n\u00e4ytt\u00e4\u00e4 ajaen.<\/p>\n\n\n\n<p>N\u00e4yttelyiden ilmoittautumisohjeet:<\/p>\n\n\n\n<p>Mik\u00e4li varsa suorittaa liikkeiden arvostelun ajaen radalla, tulee t\u00e4m\u00e4 ilmoittaa ilmoittautumisen yhteydess\u00e4.<\/p>\n\n\n\n<p>N\u00e4yttelymaksut:<\/p>\n\n\n\n<p>varsat 52\u20ac<\/p>\n\n\n\n<p>lv-tammat ilman ajokoetta ja rakennetarkastettavat sh tammat 110\u20ac<\/p>\n\n\n\n<p>lv-tammat ajokokeella ja J-suunnan yksil\u00f6arvosteltavat tammat, Tk-suunnan tammat 135\u20ac<\/p>\n\n\n\n<p>R-, P- suunnan suomenhevostammat 160\u20ac<\/p>\n\n\n\n<p>Tk-suunnan oriit 260\u20ac. (Hippos laskuttaa!)<\/p>\n\n\n\n<p>N\u00e4yttelyt toteutuvat, mik\u00e4li niihin ilmoittautuu v\u00e4hint\u00e4\u00e4n 20 hevosta.<\/p>\n\n\n\n<p>N\u00e4yttelymaksu pyydet\u00e4\u00e4n suorittamaan viimeiseen ilmoittautumisp\u00e4iv\u00e4\u00e4n menness\u00e4 Kymen-Karjalan Hjl tilille (FI4457500120002416). Viestiksi hevosen nimi.<\/p>\n\n\n\n<p>Ilmoittautumiset tammojen ja varsojen osalta kaikkiin n\u00e4yttelyihin viimeist\u00e4\u00e4n kaksi viikkoa (14 vrk) ennen n\u00e4yttely\u00e4, suoraan Heppa j\u00e4rjestelm\u00e4\u00e4n omatalli tunnuksilla tai arkisin puh.0400-958 581\/ kymenkarjalan.hjl@gmail.com<\/p>\n\n\n\n<p>Oriiden ilmoittautuminen Lappeenrantaan 16.4.2026 menness\u00e4 Hippokseen.<\/p>\n\n\n\n<p>K\u00e4ytt\u00f6suunnan oriiden jalostusarvosteluista tiedustelut Suomen Hippos ry, Soila Lehmusvaara puh 020-760 5253\/ soila.lehmusvaara@hippos.f<\/p>\n\n\n\n<figure class=\"wp-block-image size-large\"><img loading=\"lazy\" decoding=\"async\" width=\"1024\" height=\"683\" src=\"https:\/\/hevosjalostusliitot.fi\/kymikarjala\/wp-content\/uploads\/sites\/12\/2026\/02\/LH6A1013-1024x683.jpg\" alt=\"\" class=\"wp-image-642\" srcset=\"https:\/\/hevosjalostusliitot.fi\/kymikarjala\/wp-content\/uploads\/sites\/12\/2026\/02\/LH6A1013-1024x683.jpg 1024w, https:\/\/hevosjalostusliitot.fi\/kymikarjala\/wp-content\/uploads\/sites\/12\/2026\/02\/LH6A1013-300x200.jpg 300w, https:\/\/hevosjalostusliitot.fi\/kymikarjala\/wp-content\/uploads\/sites\/12\/2026\/02\/LH6A1013-768x512.jpg 768w, https:\/\/hevosjalostusliitot.fi\/kymikarjala\/wp-content\/uploads\/sites\/12\/2026\/02\/LH6A1013-1536x1025.jpg 1536w, https:\/\/hevosjalostusliitot.fi\/kymikarjala\/wp-content\/uploads\/sites\/12\/2026\/02\/LH6A1013-360x240.jpg 360w, https:\/\/hevosjalostusliitot.fi\/kymikarjala\/wp-content\/uploads\/sites\/12\/2026\/02\/LH6A1013.jpg 2048w\" sizes=\"auto, (max-width: 1024px) 100vw, 1024px\" \/><\/figure>\n","protected":false},"excerpt":{"rendered":"<p>N\u00c4YTTELYT KEV\u00c4TKAUDELLA 2026 LAUANTAI 16.5.2026 LAPPEENRANTA TAMMAT ja K\u00c4YTT\u00d6SUUNNAN ORIIT (my\u00f6s sh R ja P-suuntien tammat) sek\u00e4 VARSAT (lv 1-2v ja sh 1-3v ) kaikki suunnat, varsojen liikkeet mahdollista n\u00e4ytt\u00e4\u00e4 ajaen. N\u00e4yttelyiden ilmoittautumisohjeet: Mik\u00e4li varsa suorittaa liikkeiden arvostelun ajaen radalla, tulee t\u00e4m\u00e4 ilmoittaa ilmoittautumisen yhteydess\u00e4. N\u00e4yttelymaksut: varsat 52\u20ac lv-tammat ilman [&hellip;]<\/p>\n","protected":false},"author":19,"featured_media":186,"parent":0,"menu_order":0,"comment_status":"closed","ping_status":"closed","template":"","meta":{"footnotes":""},"class_list":["post-156","page","type-page","status-publish","has-post-thumbnail","hentry"],"_links":{"self":[{"href":"https:\/\/hevosjalostusliitot.fi\/kymikarjala\/wp-json\/wp\/v2\/pages\/156","targetHints":{"allow":["GET"]}}],"collection":[{"href":"https:\/\/hevosjalostusliitot.fi\/kymikarjala\/wp-json\/wp\/v2\/pages"}],"about":[{"href":"https:\/\/hevosjalostusliitot.fi\/kymikarjala\/wp-json\/wp\/v2\/types\/page"}],"author":[{"embeddable":true,"href":"https:\/\/hevosjalostusliitot.fi\/kymikarjala\/wp-json\/wp\/v2\/users\/19"}],"replies":[{"embeddable":true,"href":"https:\/\/hevosjalostusliitot.fi\/kymikarjala\/wp-json\/wp\/v2\/comments?post=156"}],"version-history":[{"count":14,"href":"https:\/\/hevosjalostusliitot.fi\/kymikarjala\/wp-json\/wp\/v2\/pages\/156\/revisions"}],"predecessor-version":[{"id":643,"href":"https:\/\/hevosjalostusliitot.fi\/kymikarjala\/wp-json\/wp\/v2\/pages\/156\/revisions\/643"}],"wp:featuredmedia":[{"embeddable":true,"href":"https:\/\/hevosjalostusliitot.fi\/kymikarjala\/wp-json\/wp\/v2\/media\/186"}],"wp:attachment":[{"href":"https:\/\/hevosjalostusliitot.fi\/kymikarjala\/wp-json\/wp\/v2\/media?parent=156"}],"curies":[{"name":"wp","href":"https:\/\/api.w.org\/{rel}","templated":true}]}}