{"id":13,"date":"2020-05-16T14:09:23","date_gmt":"2020-05-16T11:09:23","guid":{"rendered":"https:\/\/hevosjalostusliitot.fi\/kymikarjala\/?page_id=13"},"modified":"2021-02-03T12:48:46","modified_gmt":"2021-02-03T10:48:46","slug":"etusivu","status":"publish","type":"page","link":"https:\/\/hevosjalostusliitot.fi\/kymikarjala\/","title":{"rendered":"ETUSIVU"},"content":{"rendered":"<style>#kt-layout-id_d78ce7-0a > .kt-row-column-wrap{z-index:10;position:relative;align-content:start;}:where(#kt-layout-id_d78ce7-0a > .kt-row-column-wrap) > .wp-block-kadence-column{justify-content:start;}#kt-layout-id_d78ce7-0a > .kt-row-column-wrap{column-gap:var(--global-kb-gap-md, 2rem);row-gap:var(--global-kb-gap-md, 2rem);max-width:900px;margin-left:auto;margin-right:auto;padding-top:var( --global-kb-row-default-top, 25px );padding-bottom:var( --global-kb-row-default-bottom, 25px );padding-top:250px;padding-bottom:300px;grid-template-columns:minmax(0, 1fr);}#kt-layout-id_d78ce7-0a{background-image:url('https:\/\/hevosjalostusliitot.fi\/kymikarjala\/wp-content\/uploads\/sites\/12\/2020\/05\/miehikk\u00e4l\u00e4-2009-1.jpg');background-size:cover;background-position:center center;background-attachment:scroll;background-repeat:no-repeat;}#kt-layout-id_d78ce7-0a > .kt-row-layout-overlay{opacity:0.00;background-image:linear-gradient(90deg, #00b5e2 0%, #1c809a 100%);mix-blend-mode:overlay;}#kt-layout-id_d78ce7-0a .kt-row-layout-bottom-sep{height:100px;}#kt-layout-id_d78ce7-0a .kt-row-layout-bottom-sep svg{width:100%;}#kt-layout-id_d78ce7-0a .kt-row-layout-bottom-sep svg{fill:#ffffff!important;}@media all and (max-width: 1024px){#kt-layout-id_d78ce7-0a > .kt-row-column-wrap{grid-template-columns:minmax(0, 1fr);}}@media all and (max-width: 1024px){#kt-layout-id_d78ce7-0a .kt-row-layout-bottom-sep{height:px;}}@media all and (max-width: 1024px){#kt-layout-id_d78ce7-0a .kt-row-layout-bottom-sep svg{width:%;}}@media all and (max-width: 767px){#kt-layout-id_d78ce7-0a > .kt-row-column-wrap{grid-template-columns:minmax(0, 1fr);}#kt-layout-id_d78ce7-0a .kt-row-layout-bottom-sep{height:px;}#kt-layout-id_d78ce7-0a .kt-row-layout-bottom-sep svg{width:%;}}<\/style>\n<div class=\"wp-block-kadence-rowlayout alignfull\"><div id=\"kt-layout-id_d78ce7-0a\" class=\"kt-row-layout-inner kt-row-has-bg kt-layout-id_d78ce7-0a\"><div class=\"kt-row-layout-overlay kt-row-overlay-gradient\"><\/div><div class=\"kt-row-column-wrap kt-has-1-columns kt-gutter-default kt-v-gutter-default kt-row-valign-top kt-row-layout-equal kt-tab-layout-inherit kt-m-colapse-left-to-right kt-mobile-layout-row\"><style>.kadence-column_12c6ad-51 > .kt-inside-inner-col{border-top-width:0px;border-right-width:0px;border-bottom-width:0px;border-left-width:0px;}.kadence-column_12c6ad-51 > .kt-inside-inner-col,.kadence-column_12c6ad-51 > .kt-inside-inner-col:before{border-top-left-radius:0px;border-top-right-radius:0px;border-bottom-right-radius:0px;border-bottom-left-radius:0px;}.kadence-column_12c6ad-51 > .kt-inside-inner-col{column-gap:var(--global-kb-gap-sm, 1rem);}.kadence-column_12c6ad-51 > .kt-inside-inner-col{flex-direction:column;}.kadence-column_12c6ad-51 > .kt-inside-inner-col > .aligncenter{width:100%;}.kadence-column_12c6ad-51 > .kt-inside-inner-col:before{opacity:0.3;}.kadence-column_12c6ad-51{position:relative;}@media all and (max-width: 1024px){.kadence-column_12c6ad-51 > .kt-inside-inner-col{flex-direction:column;justify-content:center;}}@media all and (max-width: 767px){.kadence-column_12c6ad-51 > .kt-inside-inner-col{flex-direction:column;justify-content:center;}}<\/style>\n<div class=\"wp-block-kadence-column inner-column-1 kadence-column_12c6ad-51\"><div class=\"kt-inside-inner-col\"><style>.wp-block-kadence-advancedheading.kt-adv-heading_f9444b-aa, .wp-block-kadence-advancedheading.kt-adv-heading_f9444b-aa[data-kb-block=\"kb-adv-heading_f9444b-aa\"]{text-align:center;font-size:3.5em;line-height:1.3em;font-weight:800;font-style:normal;font-family:Montserrat;color:#ffffff;}.wp-block-kadence-advancedheading.kt-adv-heading_f9444b-aa mark.kt-highlight, .wp-block-kadence-advancedheading.kt-adv-heading_f9444b-aa[data-kb-block=\"kb-adv-heading_f9444b-aa\"] mark.kt-highlight{font-style:normal;color:#f76a0c;-webkit-box-decoration-break:clone;box-decoration-break:clone;padding-top:0px;padding-right:0px;padding-bottom:0px;padding-left:0px;}.wp-block-kadence-advancedheading.kt-adv-heading_f9444b-aa img.kb-inline-image, .wp-block-kadence-advancedheading.kt-adv-heading_f9444b-aa[data-kb-block=\"kb-adv-heading_f9444b-aa\"] img.kb-inline-image{width:150px;vertical-align:baseline;}<\/style>\n<h2 id=\"kt-adv-heading_f9444b-aa\" class=\"kt-adv-heading_f9444b-aa wp-block-kadence-advancedheading\" style=\"text-align:center;color:#ffffff\">Kymen-Karjalan <\/h2>\n\n\n<style>.wp-block-kadence-advancedheading.kt-adv-heading_8eb05b-24, .wp-block-kadence-advancedheading.kt-adv-heading_8eb05b-24[data-kb-block=\"kb-adv-heading_8eb05b-24\"]{text-align:center;font-size:1.6em;line-height:1em;font-weight:200;font-style:normal;font-family:Montserrat;color:#ffffff;}.wp-block-kadence-advancedheading.kt-adv-heading_8eb05b-24 mark.kt-highlight, .wp-block-kadence-advancedheading.kt-adv-heading_8eb05b-24[data-kb-block=\"kb-adv-heading_8eb05b-24\"] mark.kt-highlight{font-style:normal;color:#f76a0c;-webkit-box-decoration-break:clone;box-decoration-break:clone;padding-top:0px;padding-right:0px;padding-bottom:0px;padding-left:0px;}.wp-block-kadence-advancedheading.kt-adv-heading_8eb05b-24 img.kb-inline-image, .wp-block-kadence-advancedheading.kt-adv-heading_8eb05b-24[data-kb-block=\"kb-adv-heading_8eb05b-24\"] img.kb-inline-image{width:150px;vertical-align:baseline;}<\/style>\n<h4 id=\"kt-adv-heading_8eb05b-24\" class=\"kt-adv-heading_8eb05b-24 wp-block-kadence-advancedheading\" style=\"text-align:center;color:#ffffff\">Hevosjalostusliitto<\/h4>\n<\/div><\/div>\n<\/div><div class=\"kt-row-layout-bottom-sep kt-row-sep-type-ctd\"><\/div><\/div><\/div>\n\n\n\n<p>Suomen hevosjalostusliitot on perustettu vuonna 1907 ja t\u00e4n\u00e4 p\u00e4iv\u00e4n\u00e4 Suomessa toimii 16 hevosjalostusliittoa.<\/p>\n\n\n\n<p>Liittojen toimintaan kuuluu hevoskasvatuksen ja -jalostuksen edist\u00e4minen alueellaan sek\u00e4 hevostalouden tunnettavuuden parantaminen.<\/p>\n\n\n\n<p>Liittojen palveluihin kuuluvat mm. hevostalouden neuvonta ja edunvalvonta, varsojen ja tuontihevosten tunnistukset, astutus- ja varsomistietojen tallennukset, tamma- ja varsan\u00e4yttelyt, ajolupakurssit, ravij\u00e4rjestelyt ja orilaiduntoiminta<\/p>\n\n\n\n<p><strong>Kymen-Karjalan Hevosjalostusliitto toimii vanhan Kymenl\u00e4\u00e4nin alueella, p\u00e4\u00e4paikkoina Lappeenranta sek\u00e4 Kouvola.<\/strong><\/p>\n\n\n\n<div class=\"wp-block-group\"><div class=\"wp-block-group__inner-container is-layout-flow wp-block-group-is-layout-flow\">\n<p><strong>Toimisto sijaitsee Ruokolahdella:<\/strong> Kymen-Karjalan Hevosjalostusliitto ry, S\u00e4rkilahdentie 2485, 56440 Pohja-Lankila<\/p>\n<\/div><\/div>\n\n\n\n<p><strong>Jenni Timlin<\/strong><br>toiminnanjohtaja<br><strong>0400-958581<\/strong><\/p>\n\n\n\n<p>Toimisto avoinna ja toiminnanjohtaja tavoitettavissa arkisin klo&nbsp;8 \u2013 16 sek\u00e4 sovittaessa.<\/p>\n\n\n\n<p>Olemme nyky\u00e4\u00e4n my\u00f6s Facebookissa,&nbsp;nimell\u00e4 Kymen-Karjalan Hevosjalostusliitto ry<\/p>\n\n\n\n<p><\/p>\n\n\n\n<figure class=\"wp-block-image size-large\"><img loading=\"lazy\" decoding=\"async\" width=\"730\" height=\"152\" src=\"https:\/\/hevosjalostusliitot.fi\/kymikarjala\/wp-content\/uploads\/sites\/12\/2020\/09\/banneri5.jpg\" alt=\"\" class=\"wp-image-98\" srcset=\"https:\/\/hevosjalostusliitot.fi\/kymikarjala\/wp-content\/uploads\/sites\/12\/2020\/09\/banneri5.jpg 730w, https:\/\/hevosjalostusliitot.fi\/kymikarjala\/wp-content\/uploads\/sites\/12\/2020\/09\/banneri5-300x62.jpg 300w\" sizes=\"auto, (max-width: 730px) 100vw, 730px\" \/><\/figure>\n","protected":false},"excerpt":{"rendered":"<p>Kymen-Karjalan Hevosjalostusliitto Suomen hevosjalostusliitot on perustettu vuonna 1907 ja t\u00e4n\u00e4 p\u00e4iv\u00e4n\u00e4 Suomessa toimii 16 hevosjalostusliittoa. Liittojen toimintaan kuuluu hevoskasvatuksen ja -jalostuksen edist\u00e4minen alueellaan sek\u00e4 hevostalouden tunnettavuuden parantaminen. Liittojen palveluihin kuuluvat mm. hevostalouden neuvonta ja edunvalvonta, varsojen ja tuontihevosten tunnistukset, astutus- ja varsomistietojen tallennukset, tamma- ja varsan\u00e4yttelyt, ajolupakurssit, ravij\u00e4rjestelyt ja orilaiduntoiminta [&hellip;]<\/p>\n","protected":false},"author":1,"featured_media":0,"parent":0,"menu_order":0,"comment_status":"closed","ping_status":"closed","template":"page-templates\/template-fullwidth.php","meta":{"footnotes":""},"class_list":["post-13","page","type-page","status-publish","hentry"],"_links":{"self":[{"href":"https:\/\/hevosjalostusliitot.fi\/kymikarjala\/wp-json\/wp\/v2\/pages\/13","targetHints":{"allow":["GET"]}}],"collection":[{"href":"https:\/\/hevosjalostusliitot.fi\/kymikarjala\/wp-json\/wp\/v2\/pages"}],"about":[{"href":"https:\/\/hevosjalostusliitot.fi\/kymikarjala\/wp-json\/wp\/v2\/types\/page"}],"author":[{"embeddable":true,"href":"https:\/\/hevosjalostusliitot.fi\/kymikarjala\/wp-json\/wp\/v2\/users\/1"}],"replies":[{"embeddable":true,"href":"https:\/\/hevosjalostusliitot.fi\/kymikarjala\/wp-json\/wp\/v2\/comments?post=13"}],"version-history":[{"count":30,"href":"https:\/\/hevosjalostusliitot.fi\/kymikarjala\/wp-json\/wp\/v2\/pages\/13\/revisions"}],"predecessor-version":[{"id":209,"href":"https:\/\/hevosjalostusliitot.fi\/kymikarjala\/wp-json\/wp\/v2\/pages\/13\/revisions\/209"}],"wp:attachment":[{"href":"https:\/\/hevosjalostusliitot.fi\/kymikarjala\/wp-json\/wp\/v2\/media?parent=13"}],"curies":[{"name":"wp","href":"https:\/\/api.w.org\/{rel}","templated":true}]}}