{"id":60,"date":"2021-09-26T22:41:13","date_gmt":"2021-09-26T19:41:13","guid":{"rendered":"https:\/\/hevosjalostusliitot.fi\/keskisuomi\/?page_id=60"},"modified":"2022-12-12T18:46:17","modified_gmt":"2022-12-12T16:46:17","slug":"jasenseurat","status":"publish","type":"page","link":"https:\/\/hevosjalostusliitot.fi\/keskisuomi\/jasenseurat\/","title":{"rendered":"J\u00e4senseurat"},"content":{"rendered":"\n<p>Keski-Suomen Hevosjalostusliiton j\u00e4senseurojen ty\u00f6 on merkitt\u00e4v\u00e4\u00e4 alueen hevostalouden yll\u00e4pit\u00e4j\u00e4n\u00e4. J\u00e4senseurat antavat liitolle tietoja alueidensa hevostalouden toiminnasta.<\/p>\n\n\n\n<p>J\u00e4senseuroilla on my\u00f6s vilkasta paikallis -ja toto -sek\u00e4 harjoitusravitoimintaa. Ne ovat perustaneet, kunnostaneet ja ehostaneet omia rata-alueitaan talkooty\u00f6ll\u00e4 sek\u00e4 muun muassa erilaisten hankerahojen turvin.<\/p>\n\n\n\n<p>J\u00e4senseurojen muuhun toimintaan kuuluvat my\u00f6s erilaiset kurssit ja tilaisuudet, retket, tanssit, tutustumis- ja opintomatkat, pikkujoulujen j\u00e4rjest\u00e4miset sek\u00e4 lukemattomat muut talkooty\u00f6t.<\/p>\n\n\n\n<p><strong>Ala-Keiteleen Hevosyst\u00e4v\u00e4inseura<\/strong><br><a href=\"https:\/\/alakeiteleenhys.yhdistysavain.fi\/\">Kotisivut<\/a><br><a href=\"https:\/\/www.facebook.com\/alakeiteleenhys\">Facebook<\/a><\/p>\n\n\n\n<p><strong>Hankasalmen Hevosyst\u00e4v\u00e4inseura ry<\/strong><br><a href=\"https:\/\/www.hankasalmenravit.fi\/\">Kotisivut<\/a><br><a href=\"https:\/\/www.facebook.com\/hankasalmenhys\">Facebook<\/a><\/p>\n\n\n\n<p><strong>Karstulan Hevosyst\u00e4v\u00e4inseura ry<\/strong><br><a href=\"https:\/\/www.facebook.com\/Karstulanhys\">Facebook<\/a><\/p>\n\n\n\n<p><strong>Keski-Suomen Hevosenomistajat ry<\/strong><br><a href=\"https:\/\/www.shkl.net\/yhdistys\/paikallisyhdistykset\/keski-suomen-hevosenomistajat-ry\/\">Kotisivut<\/a><br><a href=\"https:\/\/www.facebook.com\/kshevosenomistajat\/\">Facebook<\/a><\/p>\n\n\n\n<p><strong>Keuruun Hevosyst\u00e4v\u00e4inseura ry<\/strong><br><a href=\"https:\/\/www.facebook.com\/Keuruun-hevosyst%C3%A4v%C3%A4inseura-ry-103841559681458\">Facebook<\/a><\/p>\n\n\n\n<p><strong>Keski-Suomen Hippos ry<\/strong><\/p>\n\n\n\n<p><strong>Kinnulan Hevosyst\u00e4v\u00e4inseura ry<\/strong><br><a href=\"https:\/\/www.facebook.com\/kinnulanhys\">Facebook<\/a><\/p>\n\n\n\n<p><strong>Konneveden Hevosyst\u00e4v\u00e4inseura ry<\/strong><br><a href=\"https:\/\/www.facebook.com\/konnevedenhys\/\">Facebook<\/a><\/p>\n\n\n\n<p><strong>Korpilahden Hevosyst\u00e4v\u00e4inseura ry<\/strong><br><a href=\"https:\/\/www.facebook.com\/KorpilahdenHYS\">Facebook<\/a><\/p>\n\n\n\n<p><strong>Laukaan Hevosyst\u00e4v\u00e4inseura ry<\/strong><br><a href=\"https:\/\/www.facebook.com\/groups\/113303008680636\">Facebook<\/a><\/p>\n\n\n\n<p><strong>Multian Ravi- ja Ratsastusseura ry<\/strong><\/p>\n\n\n\n<p><strong>Pet\u00e4j\u00e4veden Hevosyst\u00e4v\u00e4inseura ry<\/strong><br><a href=\"https:\/\/www.facebook.com\/petajavedenhys\">Facebook<\/a><\/p>\n\n\n\n<p><strong>Pihtiputaan Hevosyst\u00e4v\u00e4inseura ry<\/strong><br><a href=\"https:\/\/www.facebook.com\/HiekanHippos\">Facebook<\/a><\/p>\n\n\n\n<p><strong>Saarij\u00e4rven Hevosyst\u00e4v\u00e4inseura ry<\/strong><br><a href=\"https:\/\/www.facebook.com\/groups\/117115264975592\">Facebook<\/a><\/p>\n\n\n\n<p><strong>Uuraisten Hevosyst\u00e4v\u00e4inseura ry<\/strong><br><a href=\"https:\/\/www.facebook.com\/groups\/357737827637766\">Facebook<\/a><\/p>\n\n\n\n<p><strong>Viitasaaren Hevosyst\u00e4v\u00e4inseura ry<\/strong><br><a href=\"https:\/\/www.facebook.com\/viitasaarenhys\">Facebook<\/a><\/p>\n\n\n\n<p><strong>Pro Agria Keski-Suomi<\/strong><br><a href=\"https:\/\/www.proagria.fi\/\">Kotisivut<\/a><br><a href=\"https:\/\/www.facebook.com\/proagriakeskisuomi\">Facebook<\/a><\/p>\n","protected":false},"excerpt":{"rendered":"<p>Keski-Suomen Hevosjalostusliiton j\u00e4senseurojen ty\u00f6 on merkitt\u00e4v\u00e4\u00e4 alueen hevostalouden yll\u00e4pit\u00e4j\u00e4n\u00e4. J\u00e4senseurat antavat liitolle tietoja alueidensa hevostalouden toiminnasta. J\u00e4senseuroilla on my\u00f6s vilkasta paikallis -ja toto -sek\u00e4 harjoitusravitoimintaa. Ne ovat perustaneet, kunnostaneet ja ehostaneet omia rata-alueitaan talkooty\u00f6ll\u00e4 sek\u00e4 muun muassa erilaisten hankerahojen turvin. J\u00e4senseurojen muuhun toimintaan kuuluvat my\u00f6s erilaiset kurssit ja tilaisuudet, retket, [&hellip;]<\/p>\n","protected":false},"author":15,"featured_media":0,"parent":0,"menu_order":0,"comment_status":"closed","ping_status":"closed","template":"","meta":{"_EventAllDay":false,"_EventTimezone":"","_EventStartDate":"","_EventEndDate":"","_EventStartDateUTC":"","_EventEndDateUTC":"","_EventShowMap":false,"_EventShowMapLink":false,"_EventURL":"","_EventCost":"","_EventCostDescription":"","_EventCurrencySymbol":"","_EventCurrencyPosition":"","_EventDateTimeSeparator":"","_EventTimeRangeSeparator":"","_EventOrganizerID":[],"_EventVenueID":0,"_OrganizerEmail":"","_OrganizerPhone":"","_OrganizerWebsite":"","_VenueAddress":"","_VenueCity":"","_VenueCountry":"","_VenueProvince":"","_VenueZip":"","_VenuePhone":"","_VenueURL":"","_VenueStateProvince":"","_VenueLat":"","_VenueLng":"","footnotes":""},"class_list":["post-60","page","type-page","status-publish","hentry"],"_links":{"self":[{"href":"https:\/\/hevosjalostusliitot.fi\/keskisuomi\/wp-json\/wp\/v2\/pages\/60","targetHints":{"allow":["GET"]}}],"collection":[{"href":"https:\/\/hevosjalostusliitot.fi\/keskisuomi\/wp-json\/wp\/v2\/pages"}],"about":[{"href":"https:\/\/hevosjalostusliitot.fi\/keskisuomi\/wp-json\/wp\/v2\/types\/page"}],"author":[{"embeddable":true,"href":"https:\/\/hevosjalostusliitot.fi\/keskisuomi\/wp-json\/wp\/v2\/users\/15"}],"replies":[{"embeddable":true,"href":"https:\/\/hevosjalostusliitot.fi\/keskisuomi\/wp-json\/wp\/v2\/comments?post=60"}],"version-history":[{"count":4,"href":"https:\/\/hevosjalostusliitot.fi\/keskisuomi\/wp-json\/wp\/v2\/pages\/60\/revisions"}],"predecessor-version":[{"id":86,"href":"https:\/\/hevosjalostusliitot.fi\/keskisuomi\/wp-json\/wp\/v2\/pages\/60\/revisions\/86"}],"wp:attachment":[{"href":"https:\/\/hevosjalostusliitot.fi\/keskisuomi\/wp-json\/wp\/v2\/media?parent=60"}],"curies":[{"name":"wp","href":"https:\/\/api.w.org\/{rel}","templated":true}]}}