{"id":56,"date":"2021-09-26T22:14:17","date_gmt":"2021-09-26T19:14:17","guid":{"rendered":"https:\/\/hevosjalostusliitot.fi\/keskisuomi\/?page_id=56"},"modified":"2024-05-17T14:05:00","modified_gmt":"2024-05-17T11:05:00","slug":"hankkeet","status":"publish","type":"page","link":"https:\/\/hevosjalostusliitot.fi\/keskisuomi\/hankkeet\/","title":{"rendered":"Hankkeet"},"content":{"rendered":"\n<p>Keski-Suomen Hevosjalostusliitolla k\u00e4ynniss\u00e4 olevat hankkeet<\/p>\n\n\n\n<p>\u2022 <a href=\"https:\/\/hevosjalostusliitot.fi\/keskisuomi\/hankkeet\/valjastuskatos-a1\/\"><strong>Killerin valjastuskatos A1<\/strong> (2024)<\/a>, hallinnoija K-S Hevosjalostusliitto<\/p>\n\n\n\n<p>Hevosjalostusliitto on toteuttanut tai ollut mukana seuraavissa hankkeissa<\/p>\n\n\n\n<p>\u2022 <strong>Killerin valjastus- ja pesuhalli<\/strong> (2019-2020) hallinnoija K-S Hevosjalostusliitto, <a href=\"https:\/\/maaseutuverkosto.fi\/hankkeet\/killerin-valjastushalli\/\">tiedot hankerekisteriss\u00e4<\/a><br>\u2022 <strong>Killerin yhdystie<\/strong> (2019-2020), hallinnoija Laajavuoren ratsukot, <a href=\"https:\/\/www.laajavuorenratsukot.fi\/ruokkeen-lenkin-yhdystie\/\">hankesivu<\/a>, <a href=\"https:\/\/maaseutuverkosto.fi\/hankkeet\/ruokkeen-lenkin-yhdystie\/\">tiedot hankerekisteriss\u00e4<\/a><br>\u2022 <strong>Killerin hiittisuora<\/strong> (2016-2017), hallinnoija K-S Hevosjalostusliitto, <a href=\"https:\/\/maaseutuverkosto.fi\/hankkeet\/killerin-harjoittelusuora\/\">tiedot hankerekisteriss\u00e4<\/a><br>\u2022 <strong>Solmut auki<\/strong> (2017-2019), hallinnoija Suomen Hevostietokeskus, <a href=\"https:\/\/maaseutuverkosto.fi\/hankkeet\/solmut-auki-alueellinen-neuvontapilotti\/\">tiedot hankerekisteriss\u00e4<\/a><br>\u2022 <strong>Uudet hevoskasvattajat<\/strong> (2016-2019), hallinnoija H\u00e4meen ammattikorkeakoulu, <a href=\"https:\/\/maaseutuverkosto.fi\/hankkeet\/uudet-hevoskasvattajat-kotimaisen-hevoskasvatuksen-koulutushanke\/\">tiedot hankerekisteriss\u00e4<\/a><br>\u2022 <strong>Poneista potkua nuorille \u2013 nuorisohanke<\/strong> (2016-2017), hallinnoija K-S Hevosjalostusliitto, <a href=\"https:\/\/maaseutuverkosto.fi\/hankkeet\/poneista-potkua-nuorille\/\">tiedot hankerekisteriss\u00e4<\/a><br>\u2022 <strong>Hauska harrastaa hevosella- valmennuslenkki<\/strong> (2013-2014), hallinnoija Laajavuoren ratsukot<br>\u2022 <strong>Hevosvoimaa \u2013 tiedotus<\/strong> (2012-2014), hallinnoija Jyv\u00e4skyl\u00e4n ammattikorkeakoulu, <a href=\"https:\/\/www.jamk.fi\/fi\/tutkimus-ja-kehitys\/tki-projektit\/hevosvoimaa-tiedotushanke\">hankesivu<\/a><br>\u2022 <strong>Keskisuomalaista hevoskulttuuria sadan vuoden ajalta<\/strong> (2010-2012), hallinnoija K-S hevosjalostusliitto<br>\u2022 <strong>Hevosten Terveydenhuolto <\/strong>(2011-2012), hallinnoija Suomen Hevostietokeskus, <a href=\"https:\/\/hevostietokeskus.fi\/i\/terveys\/tallin-terveysohjelma\">hankesivu<\/a><br>\u2022 <strong>Ty\u00f6llist\u00e4v\u00e4 hevonen<\/strong> (2009-2010), hallinnoija K-S Hevosjalostusliitto, <a href=\"https:\/\/tyollistavahevonen.wordpress.com\/\">hankkeen blogisivusto<\/a>, <a href=\"https:\/\/kyt.fi\/mika-kyt\/hankeportfolio\/valittaja-valittajaorganisaatiohanke-2008-2011\/tyollistava-hevonen\/\">hankesivu<\/a><\/p>\n\n\n\n<p><br><br><br><br><br><br><br><br><br><\/p>\n","protected":false},"excerpt":{"rendered":"<p>Keski-Suomen Hevosjalostusliitolla k\u00e4ynniss\u00e4 olevat hankkeet \u2022 Killerin valjastuskatos A1 (2024), hallinnoija K-S Hevosjalostusliitto Hevosjalostusliitto on toteuttanut tai ollut mukana seuraavissa hankkeissa \u2022 Killerin valjastus- ja pesuhalli (2019-2020) hallinnoija K-S Hevosjalostusliitto, tiedot hankerekisteriss\u00e4\u2022 Killerin yhdystie (2019-2020), hallinnoija Laajavuoren ratsukot, hankesivu, tiedot hankerekisteriss\u00e4\u2022 Killerin hiittisuora (2016-2017), hallinnoija K-S Hevosjalostusliitto, tiedot hankerekisteriss\u00e4\u2022 Solmut [&hellip;]<\/p>\n","protected":false},"author":15,"featured_media":0,"parent":0,"menu_order":0,"comment_status":"closed","ping_status":"closed","template":"","meta":{"_EventAllDay":false,"_EventTimezone":"","_EventStartDate":"","_EventEndDate":"","_EventStartDateUTC":"","_EventEndDateUTC":"","_EventShowMap":false,"_EventShowMapLink":false,"_EventURL":"","_EventCost":"","_EventCostDescription":"","_EventCurrencySymbol":"","_EventCurrencyPosition":"","_EventDateTimeSeparator":"","_EventTimeRangeSeparator":"","_EventOrganizerID":[],"_EventVenueID":0,"_OrganizerEmail":"","_OrganizerPhone":"","_OrganizerWebsite":"","_VenueAddress":"","_VenueCity":"","_VenueCountry":"","_VenueProvince":"","_VenueZip":"","_VenuePhone":"","_VenueURL":"","_VenueStateProvince":"","_VenueLat":"","_VenueLng":"","footnotes":""},"class_list":["post-56","page","type-page","status-publish","hentry"],"_links":{"self":[{"href":"https:\/\/hevosjalostusliitot.fi\/keskisuomi\/wp-json\/wp\/v2\/pages\/56","targetHints":{"allow":["GET"]}}],"collection":[{"href":"https:\/\/hevosjalostusliitot.fi\/keskisuomi\/wp-json\/wp\/v2\/pages"}],"about":[{"href":"https:\/\/hevosjalostusliitot.fi\/keskisuomi\/wp-json\/wp\/v2\/types\/page"}],"author":[{"embeddable":true,"href":"https:\/\/hevosjalostusliitot.fi\/keskisuomi\/wp-json\/wp\/v2\/users\/15"}],"replies":[{"embeddable":true,"href":"https:\/\/hevosjalostusliitot.fi\/keskisuomi\/wp-json\/wp\/v2\/comments?post=56"}],"version-history":[{"count":14,"href":"https:\/\/hevosjalostusliitot.fi\/keskisuomi\/wp-json\/wp\/v2\/pages\/56\/revisions"}],"predecessor-version":[{"id":174,"href":"https:\/\/hevosjalostusliitot.fi\/keskisuomi\/wp-json\/wp\/v2\/pages\/56\/revisions\/174"}],"wp:attachment":[{"href":"https:\/\/hevosjalostusliitot.fi\/keskisuomi\/wp-json\/wp\/v2\/media?parent=56"}],"curies":[{"name":"wp","href":"https:\/\/api.w.org\/{rel}","templated":true}]}}