{"id":50,"date":"2021-09-24T15:18:06","date_gmt":"2021-09-24T12:18:06","guid":{"rendered":"https:\/\/hevosjalostusliitot.fi\/keskisuomi\/?page_id=50"},"modified":"2021-09-24T15:18:49","modified_gmt":"2021-09-24T12:18:49","slug":"tunnistus-ja-rekisterointi","status":"publish","type":"page","link":"https:\/\/hevosjalostusliitot.fi\/keskisuomi\/tunnistus-ja-rekisterointi\/","title":{"rendered":"Tunnistus ja rekister\u00f6inti"},"content":{"rendered":"\n<p>Tunnistusta ja rekister\u00f6inti\u00e4 voit tiedustella liiton toiminnanjohtajalta Sari Piiraiselta, <a href=\"tel:040 849 6958\">040 849 6958<\/a>, <a href=\"mailto:sari.piirainen@killeri.fi\">sari.piirainen@killeri.fi<\/a><\/p>\n\n\n\n<p>Tunnistusten ja rekister\u00f6innin hinnaston l\u00f6yd\u00e4t <a href=\"https:\/\/www.hippos.fi\/hevosen-omistaminen\/hinnasto\/\">Suomen Hippoksen sivuilta<\/a><\/p>\n\n\n\n<p>Lis\u00e4tietoa tuontihevosten <a href=\"https:\/\/www.hippos.fi\/hevosen-omistaminen\/hevosen-rekisterointi-ja-asiakirjat\/hevosen-tuonti-ja-vienti\/\">tunnistuksista ja rekister\u00f6innist\u00e4<\/a>.<\/p>\n\n\n\n<p>Lis\u00e4tietoa <a href=\"https:\/\/www.hippos.fi\/kasvatus\/varsan-rekisterointi\/\">varsan rekister\u00f6innist\u00e4<\/a>.<\/p>\n","protected":false},"excerpt":{"rendered":"<p>Tunnistusta ja rekister\u00f6inti\u00e4 voit tiedustella liiton toiminnanjohtajalta Sari Piiraiselta, 040 849 6958, sari.piirainen@killeri.fi Tunnistusten ja rekister\u00f6innin hinnaston l\u00f6yd\u00e4t Suomen Hippoksen sivuilta Lis\u00e4tietoa tuontihevosten tunnistuksista ja rekister\u00f6innist\u00e4. Lis\u00e4tietoa varsan rekister\u00f6innist\u00e4.<\/p>\n","protected":false},"author":15,"featured_media":0,"parent":0,"menu_order":0,"comment_status":"closed","ping_status":"closed","template":"","meta":{"_EventAllDay":false,"_EventTimezone":"","_EventStartDate":"","_EventEndDate":"","_EventStartDateUTC":"","_EventEndDateUTC":"","_EventShowMap":false,"_EventShowMapLink":false,"_EventURL":"","_EventCost":"","_EventCostDescription":"","_EventCurrencySymbol":"","_EventCurrencyPosition":"","_EventDateTimeSeparator":"","_EventTimeRangeSeparator":"","_EventOrganizerID":[],"_EventVenueID":0,"_OrganizerEmail":"","_OrganizerPhone":"","_OrganizerWebsite":"","_VenueAddress":"","_VenueCity":"","_VenueCountry":"","_VenueProvince":"","_VenueZip":"","_VenuePhone":"","_VenueURL":"","_VenueStateProvince":"","_VenueLat":"","_VenueLng":"","footnotes":""},"class_list":["post-50","page","type-page","status-publish","hentry"],"_links":{"self":[{"href":"https:\/\/hevosjalostusliitot.fi\/keskisuomi\/wp-json\/wp\/v2\/pages\/50","targetHints":{"allow":["GET"]}}],"collection":[{"href":"https:\/\/hevosjalostusliitot.fi\/keskisuomi\/wp-json\/wp\/v2\/pages"}],"about":[{"href":"https:\/\/hevosjalostusliitot.fi\/keskisuomi\/wp-json\/wp\/v2\/types\/page"}],"author":[{"embeddable":true,"href":"https:\/\/hevosjalostusliitot.fi\/keskisuomi\/wp-json\/wp\/v2\/users\/15"}],"replies":[{"embeddable":true,"href":"https:\/\/hevosjalostusliitot.fi\/keskisuomi\/wp-json\/wp\/v2\/comments?post=50"}],"version-history":[{"count":2,"href":"https:\/\/hevosjalostusliitot.fi\/keskisuomi\/wp-json\/wp\/v2\/pages\/50\/revisions"}],"predecessor-version":[{"id":53,"href":"https:\/\/hevosjalostusliitot.fi\/keskisuomi\/wp-json\/wp\/v2\/pages\/50\/revisions\/53"}],"wp:attachment":[{"href":"https:\/\/hevosjalostusliitot.fi\/keskisuomi\/wp-json\/wp\/v2\/media?parent=50"}],"curies":[{"name":"wp","href":"https:\/\/api.w.org\/{rel}","templated":true}]}}