{"id":397,"date":"2025-04-24T08:45:51","date_gmt":"2025-04-24T05:45:51","guid":{"rendered":"https:\/\/hevosjalostusliitot.fi\/keskisuomi\/?page_id=397"},"modified":"2025-04-24T08:45:51","modified_gmt":"2025-04-24T05:45:51","slug":"hyva-talli","status":"publish","type":"page","link":"https:\/\/hevosjalostusliitot.fi\/keskisuomi\/hyva-talli\/","title":{"rendered":"Hyv\u00e4 Talli -laatuj\u00e4rjestelm\u00e4"},"content":{"rendered":"\n<h2 class=\"wp-block-heading\"><strong>Hyv\u00e4 Talli -laatuj\u00e4rjestelm\u00e4n neuvontak\u00e4ynti<\/strong><\/h2>\n\n\n\n<p>Hyv\u00e4 Talli -laatuj\u00e4rjestelm\u00e4n neuvontak\u00e4ynti mittaa, todentaa ja tukee hevosalan toimijoita laadun ja turvallisuuden sek\u00e4 hyvinvointilain vaatimien edellytysten varmistamisessa. Neuvontak\u00e4ynti tilataan oman alueen hevosjalostusliitolta.<\/p>\n\n\n\n<ol class=\"wp-block-list\">\n<li>Hyv\u00e4 Talli -neuvontak\u00e4ynnill\u00e4 keskityt\u00e4\u00e4n tarjoamaan ty\u00f6kaluja hevosten terveydenhoitoon, tallin turvallisuuteen, asiakaskokemukseen sek\u00e4 hevosten lajityypillisen k\u00e4ytt\u00e4ytymisen mahdollistamiseen, yritt\u00e4jien ja ty\u00f6ntekij\u00f6iden hyvinvointia unohtamatta.<\/li>\n\n\n\n<li>Hyv\u00e4 Talli -neuvontak\u00e4ynneille ker\u00e4t\u00e4\u00e4n arvokasta tietoa, jotta voidaan todentaa ja mitata hevosalan hyvinvointia, sek\u00e4 tarvittaessa edist\u00e4\u00e4 toimintaa. Mittaaminen ja valvonta on oleellista hevosalan hyv\u00e4ksytt\u00e4vyyden ja toiminnan kannalta.<\/li>\n\n\n\n<li>Neuvontak\u00e4yntien ohella kehitet\u00e4\u00e4n kansallista hevosten terveydenhuoltoj\u00e4rjestelm\u00e4\u00e4.<\/li>\n<\/ol>\n\n\n\n<h3 class=\"wp-block-heading\"><strong>Tallinpit\u00e4j\u00e4n hy\u00f6dyt<\/strong><\/h3>\n\n\n\n<p>Hyv\u00e4 Talli -neuvontak\u00e4ynnin voi tilata mille tahansa tallille, jonka j\u00e4lkeen talli on oikeutettu Hyv\u00e4 Talli -merkint\u00e4\u00e4n. Neuvontak\u00e4ynti tarjoaa tallinpit\u00e4j\u00e4lle mahdollisuuden varmistaa koulutetun neuvojan tuella, ett\u00e4 puitteet ja paperity\u00f6t ovat kunnossa. T\u00e4m\u00e4 helpottaa arkea sek\u00e4 antaa valmiudet mahdolliselle viranomaisk\u00e4ynnille. Hyv\u00e4 Talli -merkint\u00e4 on puolestaan markkinaetu, jolla asiakas voi varmistua asioiden olevan kunnossa.<\/p>\n\n\n\n<figure class=\"wp-block-embed is-type-video is-provider-youtube wp-block-embed-youtube wp-embed-aspect-16-9 wp-has-aspect-ratio\"><div class=\"wp-block-embed__wrapper\">\n<iframe loading=\"lazy\" title=\"Hyv\u00e4 Talli -laatuj\u00e4rjestelm\u00e4n neuvontak\u00e4ynti\" width=\"750\" height=\"422\" src=\"https:\/\/www.youtube.com\/embed\/Wo9CvC6QWak?feature=oembed\" frameborder=\"0\" allow=\"accelerometer; autoplay; clipboard-write; encrypted-media; gyroscope; picture-in-picture; web-share\" referrerpolicy=\"strict-origin-when-cross-origin\" allowfullscreen><\/iframe>\n<\/div><\/figure>\n\n\n\n<p>Hyv\u00e4 Talli -j\u00e4rjestelm\u00e4ss\u00e4 on kolme tasoa; pronssi-, hopea- ja kultataso. Pronssitaso korvaa vuodesta 2024 alkaen tallitarkastukset, jotka ovat olleet edellytys Suomen Hippoksen my\u00f6nt\u00e4mille A-, B- ja F- valmentajalisensseille. Uusille edell\u00e4 mainituille valmentajalisenssinhaltijoille k\u00e4ynti on pakollinen vuodesta 2024 alkaen. Ennen vuotta 2024 voimassa olevilla lisenssinhaltijoilla noudatetaan kolmen vuoden siirtym\u00e4aikaa. Hyv\u00e4 Talli -neuvontak\u00e4ynti on edellytys my\u00f6s Suomen Hippoksen hyv\u00e4ksymille ravikouluille.<\/p>\n\n\n\n<p>Hyv\u00e4 Talli -neuvontak\u00e4ynnin hinta on 300 euroa \/ k\u00e4ynti, joka on voimassa kolme vuotta. K\u00e4ynti laskutetaan Suomen Hippoksen toimesta neuvontak\u00e4ynnin tekij\u00e4n toimitettua lomakkeen Hippokseen. Hyv\u00e4 Talli -merkint\u00e4 tulee n\u00e4kym\u00e4\u00e4n maksusuorituksen j\u00e4lkeen henkil\u00f6n perustiedoissa Heppa-j\u00e4rjestelm\u00e4ss\u00e4 ja talli lis\u00e4t\u00e4\u00e4n alla oleville listoille. Neuvontak\u00e4ynti uusitaan kolmen vuoden v\u00e4lein, maksutonta omavalvontaa suoritetaan vuosittain itsen\u00e4isesti Oma Tallissa.<\/p>\n\n\n\n<p>Hyv\u00e4 Talli -neuvontak\u00e4ynnin voit tilata Keski-Suomen hevosjalostusliiton toiminnanjohtaja Sari Piiraiselta, <a href=\"tel:0408496958\">040 849 6958<\/a>, <a href=\"mailto:sari.piirainen@killeri.fi\">sari.piirainen@killeri.fi<\/a><\/p>\n\n\n\n<p>Lis\u00e4tietoja saat <a href=\"https:\/\/www.hippos.fi\/hyvatalli\/\">Suomen Hippoksen sivuilta<\/a>.<\/p>\n\n\n\n<figure class=\"wp-block-image size-full\"><img loading=\"lazy\" decoding=\"async\" width=\"1024\" height=\"931\" src=\"https:\/\/hevosjalostusliitot.fi\/keskisuomi\/wp-content\/uploads\/sites\/11\/2025\/04\/image.png\" alt=\"\" class=\"wp-image-399\" srcset=\"https:\/\/hevosjalostusliitot.fi\/keskisuomi\/wp-content\/uploads\/sites\/11\/2025\/04\/image.png 1024w, https:\/\/hevosjalostusliitot.fi\/keskisuomi\/wp-content\/uploads\/sites\/11\/2025\/04\/image-300x273.png 300w, https:\/\/hevosjalostusliitot.fi\/keskisuomi\/wp-content\/uploads\/sites\/11\/2025\/04\/image-768x698.png 768w\" sizes=\"auto, (max-width: 1024px) 100vw, 1024px\" \/><\/figure>\n","protected":false},"excerpt":{"rendered":"<p>Hyv\u00e4 Talli -laatuj\u00e4rjestelm\u00e4n neuvontak\u00e4ynti Hyv\u00e4 Talli -laatuj\u00e4rjestelm\u00e4n neuvontak\u00e4ynti mittaa, todentaa ja tukee hevosalan toimijoita laadun ja turvallisuuden sek\u00e4 hyvinvointilain vaatimien edellytysten varmistamisessa. Neuvontak\u00e4ynti tilataan oman alueen hevosjalostusliitolta. Tallinpit\u00e4j\u00e4n hy\u00f6dyt Hyv\u00e4 Talli -neuvontak\u00e4ynnin voi tilata mille tahansa tallille, jonka j\u00e4lkeen talli on oikeutettu Hyv\u00e4 Talli -merkint\u00e4\u00e4n. Neuvontak\u00e4ynti tarjoaa tallinpit\u00e4j\u00e4lle mahdollisuuden varmistaa [&hellip;]<\/p>\n","protected":false},"author":15,"featured_media":0,"parent":0,"menu_order":0,"comment_status":"closed","ping_status":"closed","template":"","meta":{"_EventAllDay":false,"_EventTimezone":"","_EventStartDate":"","_EventEndDate":"","_EventStartDateUTC":"","_EventEndDateUTC":"","_EventShowMap":false,"_EventShowMapLink":false,"_EventURL":"","_EventCost":"","_EventCostDescription":"","_EventCurrencySymbol":"","_EventCurrencyPosition":"","_EventDateTimeSeparator":"","_EventTimeRangeSeparator":"","_EventOrganizerID":[],"_EventVenueID":0,"_OrganizerEmail":"","_OrganizerPhone":"","_OrganizerWebsite":"","_VenueAddress":"","_VenueCity":"","_VenueCountry":"","_VenueProvince":"","_VenueZip":"","_VenuePhone":"","_VenueURL":"","_VenueStateProvince":"","_VenueLat":"","_VenueLng":"","footnotes":""},"class_list":["post-397","page","type-page","status-publish","hentry"],"_links":{"self":[{"href":"https:\/\/hevosjalostusliitot.fi\/keskisuomi\/wp-json\/wp\/v2\/pages\/397","targetHints":{"allow":["GET"]}}],"collection":[{"href":"https:\/\/hevosjalostusliitot.fi\/keskisuomi\/wp-json\/wp\/v2\/pages"}],"about":[{"href":"https:\/\/hevosjalostusliitot.fi\/keskisuomi\/wp-json\/wp\/v2\/types\/page"}],"author":[{"embeddable":true,"href":"https:\/\/hevosjalostusliitot.fi\/keskisuomi\/wp-json\/wp\/v2\/users\/15"}],"replies":[{"embeddable":true,"href":"https:\/\/hevosjalostusliitot.fi\/keskisuomi\/wp-json\/wp\/v2\/comments?post=397"}],"version-history":[{"count":2,"href":"https:\/\/hevosjalostusliitot.fi\/keskisuomi\/wp-json\/wp\/v2\/pages\/397\/revisions"}],"predecessor-version":[{"id":401,"href":"https:\/\/hevosjalostusliitot.fi\/keskisuomi\/wp-json\/wp\/v2\/pages\/397\/revisions\/401"}],"wp:attachment":[{"href":"https:\/\/hevosjalostusliitot.fi\/keskisuomi\/wp-json\/wp\/v2\/media?parent=397"}],"curies":[{"name":"wp","href":"https:\/\/api.w.org\/{rel}","templated":true}]}}