{"id":39,"date":"2021-09-24T15:00:26","date_gmt":"2021-09-24T12:00:26","guid":{"rendered":"https:\/\/hevosjalostusliitot.fi\/keskisuomi\/?page_id=39"},"modified":"2025-01-27T23:47:39","modified_gmt":"2025-01-27T21:47:39","slug":"johtokunta","status":"publish","type":"page","link":"https:\/\/hevosjalostusliitot.fi\/keskisuomi\/johtokunta\/","title":{"rendered":"Johtokunta"},"content":{"rendered":"\n<p>Puheenjohtaja Markku Koskela, <a href=\"tel:040 160 7523\">040 160 7523<\/a><br>Varapuheenjohtaja Heikki H\u00e4m\u00e4l\u00e4inen, <a href=\"tel:040 545 0585\">040 545 0585<\/a><\/p>\n\n\n\n<p>Markku Hatakka, <a href=\"tel:040 580 2416\">040 580 2416<\/a><br>Markus Kauppinen, <a href=\"tel:045 875 6 875\">045 875 6 875<\/a><br>Saana Kivel\u00e4, <a href=\"tel:044 566 6893\">044 566 6893<\/a><br>Perttu Kemil\u00e4inen, <a href=\"tel:040 548 8451\">040 548 8451<\/a><br>Sanna Mehto, <a href=\"tel:040 060 8188\">040 060 8188<\/a><br>Juhani Palonen, <a href=\"tel:040 099 0096\">040 099 0096<\/a><br>Martti Pisto, <a href=\"tel:040 743 5151\">040 743 5151<\/a><br>Pekka Vehvil\u00e4inen, <a href=\"tel:040 057 4030\">040 057 4030<\/a><\/p>\n\n\n\n<p><\/p>\n","protected":false},"excerpt":{"rendered":"<p>Puheenjohtaja Markku Koskela, 040 160 7523Varapuheenjohtaja Heikki H\u00e4m\u00e4l\u00e4inen, 040 545 0585 Markku Hatakka, 040 580 2416Markus Kauppinen, 045 875 6 875Saana Kivel\u00e4, 044 566 6893Perttu Kemil\u00e4inen, 040 548 8451Sanna Mehto, 040 060 8188Juhani Palonen, 040 099 0096Martti Pisto, 040 743 5151Pekka Vehvil\u00e4inen, 040 057 4030<\/p>\n","protected":false},"author":15,"featured_media":0,"parent":0,"menu_order":0,"comment_status":"closed","ping_status":"closed","template":"","meta":{"_EventAllDay":false,"_EventTimezone":"","_EventStartDate":"","_EventEndDate":"","_EventStartDateUTC":"","_EventEndDateUTC":"","_EventShowMap":false,"_EventShowMapLink":false,"_EventURL":"","_EventCost":"","_EventCostDescription":"","_EventCurrencySymbol":"","_EventCurrencyPosition":"","_EventDateTimeSeparator":"","_EventTimeRangeSeparator":"","_EventOrganizerID":[],"_EventVenueID":0,"_OrganizerEmail":"","_OrganizerPhone":"","_OrganizerWebsite":"","_VenueAddress":"","_VenueCity":"","_VenueCountry":"","_VenueProvince":"","_VenueZip":"","_VenuePhone":"","_VenueURL":"","_VenueStateProvince":"","_VenueLat":"","_VenueLng":"","footnotes":""},"class_list":["post-39","page","type-page","status-publish","hentry"],"_links":{"self":[{"href":"https:\/\/hevosjalostusliitot.fi\/keskisuomi\/wp-json\/wp\/v2\/pages\/39","targetHints":{"allow":["GET"]}}],"collection":[{"href":"https:\/\/hevosjalostusliitot.fi\/keskisuomi\/wp-json\/wp\/v2\/pages"}],"about":[{"href":"https:\/\/hevosjalostusliitot.fi\/keskisuomi\/wp-json\/wp\/v2\/types\/page"}],"author":[{"embeddable":true,"href":"https:\/\/hevosjalostusliitot.fi\/keskisuomi\/wp-json\/wp\/v2\/users\/15"}],"replies":[{"embeddable":true,"href":"https:\/\/hevosjalostusliitot.fi\/keskisuomi\/wp-json\/wp\/v2\/comments?post=39"}],"version-history":[{"count":6,"href":"https:\/\/hevosjalostusliitot.fi\/keskisuomi\/wp-json\/wp\/v2\/pages\/39\/revisions"}],"predecessor-version":[{"id":348,"href":"https:\/\/hevosjalostusliitot.fi\/keskisuomi\/wp-json\/wp\/v2\/pages\/39\/revisions\/348"}],"wp:attachment":[{"href":"https:\/\/hevosjalostusliitot.fi\/keskisuomi\/wp-json\/wp\/v2\/media?parent=39"}],"curies":[{"name":"wp","href":"https:\/\/api.w.org\/{rel}","templated":true}]}}