{"id":266,"date":"2024-08-07T10:00:39","date_gmt":"2024-08-07T07:00:39","guid":{"rendered":"https:\/\/hevosjalostusliitot.fi\/keskisuomi\/?page_id=266"},"modified":"2025-05-15T23:44:01","modified_gmt":"2025-05-15T20:44:01","slug":"hoitajaliiga","status":"publish","type":"page","link":"https:\/\/hevosjalostusliitot.fi\/keskisuomi\/hoitajaliiga\/","title":{"rendered":"Killerin hoitajaliiga"},"content":{"rendered":"\n<p>MT Ravinetti hoitajaliigassa jokaisen hoidokin kilpailemisesta Jyv\u00e4skyl\u00e4n Killerill\u00e4 hevosenhoitaja saa ker\u00e4tty\u00e4 aina yhden pisteen ja kolme ahkerinta hoitajaa palkitaan vuoden lopussa lahjakorteilla.<br>MT Ravinetti hoitajaliigassa kilpaillaan my\u00f6s hoitohevosten voittojen m\u00e4\u00e4r\u00e4st\u00e4. Kolme eniten ykk\u00f6ssijoja saavuttanutta hoitajaa palkitaan MT Ravinetin lahjoittamilla lahjakorteilla.<\/p>\n\n\n\n<p>Jyv\u00e4skyl\u00e4ss\u00e4 ravataan seuraavan kerran Killerin Eliitti lauantaina 7.6. T75-ravien merkeiss\u00e4.<\/p>\n\n\n\n<p>Hoitajaliigan tilanne 10.5. ravien j\u00e4lkeen:<br>Kilpailujen m\u00e4\u00e4r\u00e4:<br>Tiina Santala 12<br>Aada Pasanen 12<br>Tiina Ala-Rantala 9<br>Lotta Vehvil\u00e4inen 9<br>Piia Riihuhta 8<br>Jonna Lahtinen 7<br>Terhi Kotilainen 7<br>Tiia Vehvil\u00e4inen 7<br>Nora M\u00e4enp\u00e4\u00e4 7<br>Tenho Roth 7<br>Ilona M\u00e4kinen 6<br>Jenni Porokka 6<br>Carita Paavola 6<br>Inka Vilen 6<br>Tarja Haatainen 6<br>Elisa Leinonen 5<br>Bea-Maria Puikkonen 5<br>Emma-Lotta Vikstr\u00f6m 5<br>Anniina Uusitalo 5<br>Pilvi Nurminen 5<br>Keijo Ahonen 5<br>Elina Miettunen 4<br>Annukka H\u00e4yh\u00e4nen 4<br>Petri Laine 4<br>Miia Pulkkanen 4<br>Emma-Riina Pelkonen 4<br>Laura Sipil\u00e4 4<br>Kiia Heikari 4<br>Matti Siikki 4<br>Laura Tulonen 4<\/p>\n\n\n\n<p>Voittojen m\u00e4\u00e4r\u00e4:<br>Pilvi Nurminen 3<br>Miia Pulkkanen 3<br>Anniina Pekonen 2<br>Fanny Lemetyinen 2<br>Piia Riihuhta 1<br>Tiina Ala-Rantala 1<br>Nora M\u00e4enp\u00e4\u00e4 1<br>Ilona M\u00e4kinen 1<br>Lotta Vehvil\u00e4inen 1<br>Taru Jukkola 1<br>Vilma Ahtiainen 1<br>Mikael Myll\u00e4ri 1<br>Terhi Kotilainen 1<br>Elisa Leinonen 1<br>Laura Sipil\u00e4 1<br>Elina Miettunen 1<br>Keijo Ahonen 1<br>Vilma Kamotskin 1<br>Vilma Lepist\u00f6 1<br>Saga Pessi 1<br>Eija Albrecht 1<br>Armi Mattinen 1<br>Anne Alhonen 1<br>Heli Haapasalo 1<br>Maija Harjula 1<br>Heli Rontu 1<br>Elina Sillanp\u00e4\u00e4 1<br>Johanna Kyl\u00e4koski 1<br>Jani Hietanen 1<br>Jaana Taalikka 1<\/p>\n\n\n\n<p>Huomioitava, ett\u00e4 kaikilla hevosilla ei ole hoitajaa j\u00e4rjestelmiss\u00e4 ja listassa on 30 eniten pisteit\u00e4 ker\u00e4nnytt\u00e4.<\/p>\n\n\n\n<p>Hoitajaliigan j\u00e4rjest\u00e4v\u00e4t Jyv\u00e4skyl\u00e4n ravirata ja Keski-Suomen hevosjalostusliitto yhteisty\u00f6kumppaninaan Maaseudun Tulevaisuuden julkaisema MT Ravinetti.<\/p>\n\n\n\n<p><a href=\"https:\/\/www.maaseuduntulevaisuus.fi\/ravinetti\">Ravinetti.fi <\/a>on uuden ajan ravimedia. Sielt\u00e4 l\u00f6yd\u00e4t tuoreet uutiset, kattavat taustajutut, viikon p\u00e4\u00e4ravien vihjeet, blogit. Raveista. Rakkaudella.<\/p>\n","protected":false},"excerpt":{"rendered":"<p>MT Ravinetti hoitajaliigassa jokaisen hoidokin kilpailemisesta Jyv\u00e4skyl\u00e4n Killerill\u00e4 hevosenhoitaja saa ker\u00e4tty\u00e4 aina yhden pisteen ja kolme ahkerinta hoitajaa palkitaan vuoden lopussa lahjakorteilla.MT Ravinetti hoitajaliigassa kilpaillaan my\u00f6s hoitohevosten voittojen m\u00e4\u00e4r\u00e4st\u00e4. Kolme eniten ykk\u00f6ssijoja saavuttanutta hoitajaa palkitaan MT Ravinetin lahjoittamilla lahjakorteilla. Jyv\u00e4skyl\u00e4ss\u00e4 ravataan seuraavan kerran Killerin Eliitti lauantaina 7.6. T75-ravien merkeiss\u00e4. Hoitajaliigan [&hellip;]<\/p>\n","protected":false},"author":15,"featured_media":0,"parent":0,"menu_order":0,"comment_status":"closed","ping_status":"closed","template":"","meta":{"_EventAllDay":false,"_EventTimezone":"","_EventStartDate":"","_EventEndDate":"","_EventStartDateUTC":"","_EventEndDateUTC":"","_EventShowMap":false,"_EventShowMapLink":false,"_EventURL":"","_EventCost":"","_EventCostDescription":"","_EventCurrencySymbol":"","_EventCurrencyPosition":"","_EventDateTimeSeparator":"","_EventTimeRangeSeparator":"","_EventOrganizerID":[],"_EventVenueID":0,"_OrganizerEmail":"","_OrganizerPhone":"","_OrganizerWebsite":"","_VenueAddress":"","_VenueCity":"","_VenueCountry":"","_VenueProvince":"","_VenueZip":"","_VenuePhone":"","_VenueURL":"","_VenueStateProvince":"","_VenueLat":"","_VenueLng":"","footnotes":""},"class_list":["post-266","page","type-page","status-publish","hentry"],"_links":{"self":[{"href":"https:\/\/hevosjalostusliitot.fi\/keskisuomi\/wp-json\/wp\/v2\/pages\/266","targetHints":{"allow":["GET"]}}],"collection":[{"href":"https:\/\/hevosjalostusliitot.fi\/keskisuomi\/wp-json\/wp\/v2\/pages"}],"about":[{"href":"https:\/\/hevosjalostusliitot.fi\/keskisuomi\/wp-json\/wp\/v2\/types\/page"}],"author":[{"embeddable":true,"href":"https:\/\/hevosjalostusliitot.fi\/keskisuomi\/wp-json\/wp\/v2\/users\/15"}],"replies":[{"embeddable":true,"href":"https:\/\/hevosjalostusliitot.fi\/keskisuomi\/wp-json\/wp\/v2\/comments?post=266"}],"version-history":[{"count":13,"href":"https:\/\/hevosjalostusliitot.fi\/keskisuomi\/wp-json\/wp\/v2\/pages\/266\/revisions"}],"predecessor-version":[{"id":406,"href":"https:\/\/hevosjalostusliitot.fi\/keskisuomi\/wp-json\/wp\/v2\/pages\/266\/revisions\/406"}],"wp:attachment":[{"href":"https:\/\/hevosjalostusliitot.fi\/keskisuomi\/wp-json\/wp\/v2\/media?parent=266"}],"curies":[{"name":"wp","href":"https:\/\/api.w.org\/{rel}","templated":true}]}}