{"id":13,"date":"2020-05-16T13:57:58","date_gmt":"2020-05-16T10:57:58","guid":{"rendered":"https:\/\/hevosjalostusliitot.fi\/keskisuomi\/?page_id=13"},"modified":"2025-03-13T08:23:31","modified_gmt":"2025-03-13T06:23:31","slug":"etusivu","status":"publish","type":"page","link":"https:\/\/hevosjalostusliitot.fi\/keskisuomi\/","title":{"rendered":"Etusivu"},"content":{"rendered":"<style>#kt-layout-id_584f03-46 > .kt-row-column-wrap{z-index:10;position:relative;align-content:start;}:where(#kt-layout-id_584f03-46 > .kt-row-column-wrap) > .wp-block-kadence-column{justify-content:start;}#kt-layout-id_584f03-46 > .kt-row-column-wrap{column-gap:var(--global-kb-gap-md, 2rem);row-gap:var(--global-kb-gap-md, 2rem);max-width:900px;margin-left:auto;margin-right:auto;padding-top:var( --global-kb-row-default-top, 25px );padding-bottom:var( --global-kb-row-default-bottom, 25px );padding-top:71px;padding-bottom:83px;grid-template-columns:minmax(0, 1fr);}#kt-layout-id_584f03-46{background-image:url('https:\/\/hevosjalostusliitot.fi\/keskisuomi\/wp-content\/uploads\/sites\/11\/2020\/05\/tausta_header.jpg');background-size:cover;background-position:center center;background-attachment:scroll;background-repeat:no-repeat;}#kt-layout-id_584f03-46 > .kt-row-layout-overlay{opacity:0.00;background-image:linear-gradient(90deg, #00b5e2 0%, #1c809a 100%);mix-blend-mode:overlay;}#kt-layout-id_584f03-46 .kt-row-layout-bottom-sep{height:100px;}#kt-layout-id_584f03-46 .kt-row-layout-bottom-sep svg{width:100%;}#kt-layout-id_584f03-46 .kt-row-layout-bottom-sep svg{fill:#ffffff!important;}@media all and (max-width: 1024px){#kt-layout-id_584f03-46 > .kt-row-column-wrap{grid-template-columns:minmax(0, 1fr);}}@media all and (max-width: 1024px){#kt-layout-id_584f03-46 .kt-row-layout-bottom-sep{height:px;}}@media all and (max-width: 1024px){#kt-layout-id_584f03-46 .kt-row-layout-bottom-sep svg{width:%;}}@media all and (max-width: 767px){#kt-layout-id_584f03-46 > .kt-row-column-wrap{grid-template-columns:minmax(0, 1fr);}#kt-layout-id_584f03-46 .kt-row-layout-bottom-sep{height:px;}#kt-layout-id_584f03-46 .kt-row-layout-bottom-sep svg{width:%;}}<\/style>\n<div class=\"wp-block-kadence-rowlayout alignfull\"><div id=\"kt-layout-id_584f03-46\" class=\"kt-row-layout-inner kt-row-has-bg kt-layout-id_584f03-46\"><div class=\"kt-row-layout-overlay kt-row-overlay-gradient\"><\/div><div class=\"kt-row-column-wrap kt-has-1-columns kt-gutter-default kt-v-gutter-default kt-row-valign-top kt-row-layout-equal kt-tab-layout-inherit kt-m-colapse-left-to-right kt-mobile-layout-row\">\n<style>.kadence-column_3df01d-25 > .kt-inside-inner-col{border-top-width:0px;border-right-width:0px;border-bottom-width:0px;border-left-width:0px;}.kadence-column_3df01d-25 > .kt-inside-inner-col,.kadence-column_3df01d-25 > .kt-inside-inner-col:before{border-top-left-radius:0px;border-top-right-radius:0px;border-bottom-right-radius:0px;border-bottom-left-radius:0px;}.kadence-column_3df01d-25 > .kt-inside-inner-col{column-gap:var(--global-kb-gap-sm, 1rem);}.kadence-column_3df01d-25 > .kt-inside-inner-col{flex-direction:column;}.kadence-column_3df01d-25 > .kt-inside-inner-col > .aligncenter{width:100%;}.kadence-column_3df01d-25 > .kt-inside-inner-col:before{opacity:0.3;}.kadence-column_3df01d-25{position:relative;}@media all and (max-width: 1024px){.kadence-column_3df01d-25 > .kt-inside-inner-col{flex-direction:column;justify-content:center;}}@media all and (max-width: 767px){.kadence-column_3df01d-25 > .kt-inside-inner-col{flex-direction:column;justify-content:center;}}<\/style>\n<div class=\"wp-block-kadence-column inner-column-1 kadence-column_3df01d-25\"><div class=\"kt-inside-inner-col\">\n<style>.wp-block-kadence-advancedheading.kt-adv-heading_e8f260-c5, .wp-block-kadence-advancedheading.kt-adv-heading_e8f260-c5[data-kb-block=\"kb-adv-heading_e8f260-c5\"]{text-align:center;font-size:3.5em;line-height:1.3em;font-weight:800;font-style:normal;font-family:Montserrat;color:#ffffff;}.wp-block-kadence-advancedheading.kt-adv-heading_e8f260-c5 mark.kt-highlight, .wp-block-kadence-advancedheading.kt-adv-heading_e8f260-c5[data-kb-block=\"kb-adv-heading_e8f260-c5\"] mark.kt-highlight{font-style:normal;color:#f76a0c;-webkit-box-decoration-break:clone;box-decoration-break:clone;padding-top:0px;padding-right:0px;padding-bottom:0px;padding-left:0px;}.wp-block-kadence-advancedheading.kt-adv-heading_e8f260-c5 img.kb-inline-image, .wp-block-kadence-advancedheading.kt-adv-heading_e8f260-c5[data-kb-block=\"kb-adv-heading_e8f260-c5\"] img.kb-inline-image{width:150px;vertical-align:baseline;}<\/style>\n<h2 id=\"kt-adv-heading_e8f260-c5\" class=\"kt-adv-heading_e8f260-c5 wp-block-kadence-advancedheading\" style=\"text-align:center;color:#ffffff\">Keski-Suomi<\/h2>\n\n<style>.wp-block-kadence-advancedheading.kt-adv-heading_d50aca-f8, .wp-block-kadence-advancedheading.kt-adv-heading_d50aca-f8[data-kb-block=\"kb-adv-heading_d50aca-f8\"]{text-align:center;font-size:1.6em;line-height:1em;font-weight:200;font-style:normal;font-family:Montserrat;color:#ffffff;}.wp-block-kadence-advancedheading.kt-adv-heading_d50aca-f8 mark.kt-highlight, .wp-block-kadence-advancedheading.kt-adv-heading_d50aca-f8[data-kb-block=\"kb-adv-heading_d50aca-f8\"] mark.kt-highlight{font-style:normal;color:#f76a0c;-webkit-box-decoration-break:clone;box-decoration-break:clone;padding-top:0px;padding-right:0px;padding-bottom:0px;padding-left:0px;}.wp-block-kadence-advancedheading.kt-adv-heading_d50aca-f8 img.kb-inline-image, .wp-block-kadence-advancedheading.kt-adv-heading_d50aca-f8[data-kb-block=\"kb-adv-heading_d50aca-f8\"] img.kb-inline-image{width:150px;vertical-align:baseline;}<\/style>\n<h4 id=\"kt-adv-heading_d50aca-f8\" class=\"kt-adv-heading_d50aca-f8 wp-block-kadence-advancedheading\" style=\"text-align:center;color:#ffffff\">Hevosjalostusliitto<\/h4>\n\n<style>.wp-block-kadence-advancedbtn.kb-btns_6ff1f5-3b{gap:var(--global-kb-gap-xs, 0.5rem );justify-content:center;align-items:center;}.kt-btns_6ff1f5-3b .kt-button{font-family:Montserrat;font-weight:300;font-style:normal;}.wp-block-kadence-advancedbtn.kt-btns_6ff1f5-3b .kt-btn-wrap-0 .kt-button{color:#ffffff;font-size:18px;background:#00b5e2;border-color:#00b5e2;border-style:solid;}.wp-block-kadence-advancedbtn.kt-btns_6ff1f5-3b .kt-btn-wrap-0 .kt-button:hover, .wp-block-kadence-advancedbtn.kt-btns_6ff1f5-3b .kt-btn-wrap-0 .kt-button:focus{color:#ffffff;border-color:#444444;}.wp-block-kadence-advancedbtn.kt-btns_6ff1f5-3b .kt-btn-wrap-0 .kt-button::before{display:none;}.wp-block-kadence-advancedbtn.kt-btns_6ff1f5-3b .kt-btn-wrap-0 .kt-button:hover, .wp-block-kadence-advancedbtn.kt-btns_6ff1f5-3b .kt-btn-wrap-0 .kt-button:focus{background:#444444;}.wp-block-kadence-advancedbtn.kt-btns_6ff1f5-3b .kt-btn-wrap-1 .kt-button{color:#ffffff;font-size:18px;border-color:#fbfcfd;border-style:solid;}.wp-block-kadence-advancedbtn.kt-btns_6ff1f5-3b .kt-btn-wrap-1 .kt-button:hover, .wp-block-kadence-advancedbtn.kt-btns_6ff1f5-3b .kt-btn-wrap-1 .kt-button:focus{color:#ffffff;border-color:#444444;}.wp-block-kadence-advancedbtn.kt-btns_6ff1f5-3b .kt-btn-wrap-1 .kt-button::before{display:none;}.wp-block-kadence-advancedbtn.kt-btns_6ff1f5-3b .kt-btn-wrap-1 .kt-button:hover, .wp-block-kadence-advancedbtn.kt-btns_6ff1f5-3b .kt-btn-wrap-1 .kt-button:focus{background:#444444;}<\/style>\n<div class=\"wp-block-kadence-advancedbtn kt-btn-align-center kt-btn-tablet-align-inherit kt-btn-mobile-align-inherit kt-btns-wrap kt-btns_6ff1f5-3b\"><div class=\"kt-btn-wrap kt-btn-wrap-0\"><a class=\"kt-button button kt-btn-0-action kt-btn-size-custom kt-btn-style-basic kt-btn-svg-show-always kt-btn-has-text-true kt-btn-has-svg-false\" href=\"#link\" style=\"border-radius:3px;border-width:3px\"><span class=\"kt-btn-inner-text\">Ota yhteytt\u00e4<\/span><\/a><\/div><\/div>\n\n<\/div><\/div>\n\n<\/div><div class=\"kt-row-layout-bottom-sep kt-row-sep-type-ctd\"><\/div><\/div><\/div>\n\n\n\n<h2 class=\"wp-block-heading\">Tervetuloa!<\/h2>\n\n\n\n<p>T\u00e4ll\u00e4 sivustolla kerrotaan Keski-Suomen hevosjalostusliiton toiminnasta. <\/p>\n\n\n<div class=\"wp-block-image\">\n<figure class=\"alignright size-large is-resized\"><a href=\"https:\/\/hevosjalostusliitot.fi\/keskisuomi\/hankkeet\/valjastuskatos-a1\/\"><img loading=\"lazy\" decoding=\"async\" width=\"1024\" height=\"578\" src=\"https:\/\/hevosjalostusliitot.fi\/keskisuomi\/wp-content\/uploads\/sites\/11\/2024\/05\/valjastuskatos-a1-havainnekuva-toukokuu-2024-1024x578.png\" alt=\"Tietokoneella luotu havainnekuva valjastuskatoksesta, punainen mustin yksityiskohdin. Rakennuksen lappeen puolella hevonen mittakaavassa.\" class=\"wp-image-121\" style=\"width:429px;height:242px\" srcset=\"https:\/\/hevosjalostusliitot.fi\/keskisuomi\/wp-content\/uploads\/sites\/11\/2024\/05\/valjastuskatos-a1-havainnekuva-toukokuu-2024-1024x578.png 1024w, https:\/\/hevosjalostusliitot.fi\/keskisuomi\/wp-content\/uploads\/sites\/11\/2024\/05\/valjastuskatos-a1-havainnekuva-toukokuu-2024-300x169.png 300w, https:\/\/hevosjalostusliitot.fi\/keskisuomi\/wp-content\/uploads\/sites\/11\/2024\/05\/valjastuskatos-a1-havainnekuva-toukokuu-2024-768x433.png 768w, https:\/\/hevosjalostusliitot.fi\/keskisuomi\/wp-content\/uploads\/sites\/11\/2024\/05\/valjastuskatos-a1-havainnekuva-toukokuu-2024-1536x866.png 1536w, https:\/\/hevosjalostusliitot.fi\/keskisuomi\/wp-content\/uploads\/sites\/11\/2024\/05\/valjastuskatos-a1-havainnekuva-toukokuu-2024.png 1920w\" sizes=\"auto, (max-width: 1024px) 100vw, 1024px\" \/><\/a><figcaption class=\"wp-element-caption\">Valjastuskatoksen havainnekuva, Maxim Troyanovskiy \/ Rivitehti Oy.<\/figcaption><\/figure><\/div>\n\n\n<h3 class=\"wp-block-heading\">Uusi valjastuskatos<\/h3>\n\n\n\n<p>Hevosjalostusliitto rakensi vuoden 2024 aikana uuden valjastuskatoksen EU:n hankerahoituksella ja osittain talkooty\u00f6n\u00e4. Sopivasti Kuninkuusraveihin valmistunut katos vahvistaa osaltaan Killerin aluetta hevosalan eri tapahtumiin. Lue hankkeesta ja seuraa ty\u00f6n etenemist\u00e4 hankkeen omalla <a href=\"https:\/\/hevosjalostusliitot.fi\/keskisuomi\/hankkeet\/valjastuskatos-a1\/\" data-type=\"page\" data-id=\"89\">Valjastuskatos A1 -sivulla<\/a>.<\/p>\n\n\n\n<h3 class=\"wp-block-heading\">Ajankohtaiset asiat<\/h3>\n\n\n\n<p>Ajankohtaisia asioita julkaistaan Jyv\u00e4skyl\u00e4n raviradan <a href=\"http:\/\/www.killeri.fi\/uutiset.html\">Killerin verkkosivuilla uutiset -osiossa<\/a> sek\u00e4 hevosjalostusliiton <a href=\"https:\/\/www.facebook.com\/profile.php?id=100076485774121\">Facebook-sivulla<\/a>.<\/p>\n\n\n\n<h3 class=\"wp-block-heading\">Yhteystiedot<\/h3>\n\n\n\n<p>Toiminnanjohtaja Sari Piirainen<br>Jyv\u00e4skyl\u00e4n ravirata &#8211; Killeri, Vesangantie 24, 40630 Jyv\u00e4skyl\u00e4<br><a href=\"tel:040 849 6958\" data-type=\"tel\" data-id=\"tel:040 849 6958\">040 849 6958<\/a><br><a href=\"mailto:sari.piirainen@killeri.fi\">sari.piirainen@killeri.fi<\/a><\/p>\n\n\n\n<p>Puheenjohtaja <a href=\"https:\/\/hevosjalostusliitot.fi\/keskisuomi\/johtokunta\/\" data-type=\"page\" data-id=\"39\">Markku Koskela<\/a><\/p>\n\n\n\n<h3 class=\"wp-block-heading\">Toiminta-alue<\/h3>\n\n\n\n<p>Hankasalmi, Jyv\u00e4skyl\u00e4, entinen J\u00e4ms\u00e4nkosken alue, Kannonkoski, Karstula, Keuruu, Kinnula, Kivij\u00e4rvi, Konnevesi, Korpilahti, Kyyj\u00e4rvi, Laukaa, Multia, Muurame, Pet\u00e4j\u00e4vesi, Pihtipudas, Saarij\u00e4rvi, Toivakka, Uurainen, Viitasaari, \u00c4\u00e4nekoski<\/p>\n","protected":false},"excerpt":{"rendered":"<p>Keski-Suomi Hevosjalostusliitto Tervetuloa! T\u00e4ll\u00e4 sivustolla kerrotaan Keski-Suomen hevosjalostusliiton toiminnasta. Uusi valjastuskatos Hevosjalostusliitto rakensi vuoden 2024 aikana uuden valjastuskatoksen EU:n hankerahoituksella ja osittain talkooty\u00f6n\u00e4. Sopivasti Kuninkuusraveihin valmistunut katos vahvistaa osaltaan Killerin aluetta hevosalan eri tapahtumiin. Lue hankkeesta ja seuraa ty\u00f6n etenemist\u00e4 hankkeen omalla Valjastuskatos A1 -sivulla. Ajankohtaiset asiat Ajankohtaisia asioita julkaistaan [&hellip;]<\/p>\n","protected":false},"author":1,"featured_media":0,"parent":0,"menu_order":0,"comment_status":"closed","ping_status":"closed","template":"page-templates\/template-fullwidth.php","meta":{"_EventAllDay":false,"_EventTimezone":"","_EventStartDate":"","_EventEndDate":"","_EventStartDateUTC":"","_EventEndDateUTC":"","_EventShowMap":false,"_EventShowMapLink":false,"_EventURL":"","_EventCost":"","_EventCostDescription":"","_EventCurrencySymbol":"","_EventCurrencyPosition":"","_EventDateTimeSeparator":"","_EventTimeRangeSeparator":"","_EventOrganizerID":[],"_EventVenueID":0,"_OrganizerEmail":"","_OrganizerPhone":"","_OrganizerWebsite":"","_VenueAddress":"","_VenueCity":"","_VenueCountry":"","_VenueProvince":"","_VenueZip":"","_VenuePhone":"","_VenueURL":"","_VenueStateProvince":"","_VenueLat":"","_VenueLng":"","footnotes":""},"class_list":["post-13","page","type-page","status-publish","hentry"],"_links":{"self":[{"href":"https:\/\/hevosjalostusliitot.fi\/keskisuomi\/wp-json\/wp\/v2\/pages\/13","targetHints":{"allow":["GET"]}}],"collection":[{"href":"https:\/\/hevosjalostusliitot.fi\/keskisuomi\/wp-json\/wp\/v2\/pages"}],"about":[{"href":"https:\/\/hevosjalostusliitot.fi\/keskisuomi\/wp-json\/wp\/v2\/types\/page"}],"author":[{"embeddable":true,"href":"https:\/\/hevosjalostusliitot.fi\/keskisuomi\/wp-json\/wp\/v2\/users\/1"}],"replies":[{"embeddable":true,"href":"https:\/\/hevosjalostusliitot.fi\/keskisuomi\/wp-json\/wp\/v2\/comments?post=13"}],"version-history":[{"count":25,"href":"https:\/\/hevosjalostusliitot.fi\/keskisuomi\/wp-json\/wp\/v2\/pages\/13\/revisions"}],"predecessor-version":[{"id":369,"href":"https:\/\/hevosjalostusliitot.fi\/keskisuomi\/wp-json\/wp\/v2\/pages\/13\/revisions\/369"}],"wp:attachment":[{"href":"https:\/\/hevosjalostusliitot.fi\/keskisuomi\/wp-json\/wp\/v2\/media?parent=13"}],"curies":[{"name":"wp","href":"https:\/\/api.w.org\/{rel}","templated":true}]}}