{"id":43,"date":"2020-08-24T15:38:10","date_gmt":"2020-08-24T12:38:10","guid":{"rendered":"https:\/\/hevosjalostusliitot.fi\/keskipohjanmaa\/?page_id=43"},"modified":"2025-10-02T20:40:21","modified_gmt":"2025-10-02T17:40:21","slug":"yhteystiedot","status":"publish","type":"page","link":"https:\/\/hevosjalostusliitot.fi\/keskipohjanmaa\/yhteystiedot\/","title":{"rendered":"Yhteystiedot"},"content":{"rendered":"\n<div class=\"wp-block-group\"><div class=\"wp-block-group__inner-container is-layout-flow wp-block-group-is-layout-flow\">\n<div class=\"wp-block-media-text alignwide has-media-on-the-right is-vertically-aligned-center is-stacked-on-mobile\" style=\"grid-template-columns:auto 27%\"><div class=\"wp-block-media-text__content\">\n<h2 class=\"wp-block-heading\">Keski-Pohjanmaan Hevosjalostusliitto ry<\/h2>\n\n\n<style>.wp-block-kadence-spacer.kt-block-spacer-43_5dd27a-07 .kt-block-spacer{height:60px;}.wp-block-kadence-spacer.kt-block-spacer-43_5dd27a-07 .kt-divider{border-top-width:1px;height:1px;border-top-color:#eee;width:80%;border-top-style:solid;}<\/style>\n<div class=\"wp-block-kadence-spacer aligncenter kt-block-spacer-43_5dd27a-07\"><div class=\"kt-block-spacer kt-block-spacer-halign-center\"><hr class=\"kt-divider\" \/><\/div><\/div>\n\n\n\n<p><\/p>\n\n\n\n<p><\/p>\n\n\n\n<p><\/p>\n\n\n\n<p>Tunnistajat<br>David Eklund 050 436 2792 (rannikkoseutu, ruotsinkielinen alue)<br>Laura Tulonen 050 360 3815 (Operointi Kaustiselta k\u00e4sin)<\/p>\n\n\n\n<p>toiminnanjohtaja Janne J\u00e4\u00e4skel\u00e4inen<br>puh: 040 584 5907<\/p>\n\n\n\n<p>e-mail: janne.jaaskelainen@kaustisenravit.fi<\/p>\n\n\n\n<p>Seuraa meit\u00e4 my\u00f6s<a rel=\"noreferrer noopener\" href=\"https:\/\/www.facebook.com\/Keski-Pohjanmaan-Hevosjalostusliitto-ry-1470052943210802\" target=\"_blank\"> Facebookissa<\/a>!<\/p>\n<\/div><figure class=\"wp-block-media-text__media\"><img loading=\"lazy\" decoding=\"async\" width=\"1024\" height=\"1024\" src=\"https:\/\/hevosjalostusliitot.fi\/keskipohjanmaa\/wp-content\/uploads\/sites\/10\/2021\/03\/K-P-HJL-Logo-iso-1-1024x1024.png\" alt=\"\" class=\"wp-image-104 size-full\" srcset=\"https:\/\/hevosjalostusliitot.fi\/keskipohjanmaa\/wp-content\/uploads\/sites\/10\/2021\/03\/K-P-HJL-Logo-iso-1-1024x1024.png 1024w, https:\/\/hevosjalostusliitot.fi\/keskipohjanmaa\/wp-content\/uploads\/sites\/10\/2021\/03\/K-P-HJL-Logo-iso-1-300x300.png 300w, https:\/\/hevosjalostusliitot.fi\/keskipohjanmaa\/wp-content\/uploads\/sites\/10\/2021\/03\/K-P-HJL-Logo-iso-1-150x150.png 150w, https:\/\/hevosjalostusliitot.fi\/keskipohjanmaa\/wp-content\/uploads\/sites\/10\/2021\/03\/K-P-HJL-Logo-iso-1-768x768.png 768w, https:\/\/hevosjalostusliitot.fi\/keskipohjanmaa\/wp-content\/uploads\/sites\/10\/2021\/03\/K-P-HJL-Logo-iso-1.png 1500w\" sizes=\"auto, (max-width: 1024px) 100vw, 1024px\" \/><\/figure><\/div>\n<\/div><\/div>\n\n\n<style>.wp-block-kadence-spacer.kt-block-spacer-43_bd6ecf-0a .kt-block-spacer{height:60px;}.wp-block-kadence-spacer.kt-block-spacer-43_bd6ecf-0a .kt-divider{border-top-width:1px;height:1px;border-top-color:#eee;width:80%;border-top-style:solid;}<\/style>\n<div class=\"wp-block-kadence-spacer aligncenter kt-block-spacer-43_bd6ecf-0a\"><div class=\"kt-block-spacer kt-block-spacer-halign-center\"><hr class=\"kt-divider\" \/><\/div><\/div>\n\n\n\n<h2 class=\"wp-block-heading\">Johtokunnan j\u00e4senet <\/h2>\n\n\n\n<ul class=\"wp-block-list\">\n<li>Sami Kangas (Puheenjohtaja) <\/li>\n\n\n\n<li>Jaakko Jylh\u00e4 (Varapuheenjohtaja)<\/li>\n\n\n\n<li>Raimo Saarela<\/li>\n\n\n\n<li>Jari Hietala<\/li>\n\n\n\n<li>Erkki Koski<\/li>\n\n\n\n<li>Heidi H\u00e4m\u00e4l\u00e4inen<\/li>\n\n\n\n<li>Asko Lappi<\/li>\n\n\n\n<li>Jorma Vierimaa<\/li>\n\n\n\n<li>Jorma Huopana<\/li>\n\n\n\n<li>Kari Torppa<\/li>\n<\/ul>\n\n\n<style>.wp-block-kadence-spacer.kt-block-spacer-43_10c0a3-0a .kt-block-spacer{height:60px;}.wp-block-kadence-spacer.kt-block-spacer-43_10c0a3-0a .kt-divider{border-top-width:1px;height:1px;border-top-color:#eee;width:80%;border-top-style:solid;}<\/style>\n<div class=\"wp-block-kadence-spacer aligncenter kt-block-spacer-43_10c0a3-0a\"><div class=\"kt-block-spacer kt-block-spacer-halign-center\"><hr class=\"kt-divider\" \/><\/div><\/div>\n\n\n\n<h2 class=\"wp-block-heading\">Laskutustiedot<\/h2>\n\n\n\n<p>Toivomme aina kaikki edellisvuotta koskevat laskut tammikuun viimeiseen p\u00e4iv\u00e4\u00e4n menness\u00e4, ett\u00e4 saamme kohdistettua ne tilinp\u00e4\u00e4t\u00f6ksess\u00e4 oikealle vuodelle. <\/p>\n\n\n\n<h4 class=\"wp-block-heading\">E-laskuosoite:<\/h4>\n\n\n\n<p>Yrityksen nimi: Keski-Pohjanmaan Hevosjalostusliitto ry<\/p>\n\n\n\n<p>Y-tunnus: 1087582-0<\/p>\n\n\n\n<p>E-laskuosoite: 003710875820 OKOYFIHH<\/p>\n\n\n\n<h4 class=\"wp-block-heading\">Laskutusosoite:<\/h4>\n\n\n\n<p>Keski-Pohjanmaan Hevosjalostusliitto ry<\/p>\n\n\n\n<p><\/p>\n\n\n\n<p><strong>Laskut ensisijaisesti E-laskuna<\/strong><\/p>\n\n\n<style>.wp-block-kadence-spacer.kt-block-spacer-43_dc3e02-0e .kt-block-spacer{height:60px;}.wp-block-kadence-spacer.kt-block-spacer-43_dc3e02-0e .kt-divider{border-top-width:1px;height:1px;border-top-color:#eee;width:80%;border-top-style:solid;}<\/style>\n<div class=\"wp-block-kadence-spacer aligncenter kt-block-spacer-43_dc3e02-0e\"><div class=\"kt-block-spacer kt-block-spacer-halign-center\"><hr class=\"kt-divider\" \/><\/div><\/div>\n\n\n\n<figure class=\"wp-block-image size-large is-resized\"><img loading=\"lazy\" decoding=\"async\" width=\"1024\" height=\"819\" src=\"https:\/\/hevosjalostusliitot.fi\/keskipohjanmaa\/wp-content\/uploads\/sites\/10\/2022\/09\/Tunnistus-1024x819.png\" alt=\"\" class=\"wp-image-373\" style=\"width:681px;height:592px\" srcset=\"https:\/\/hevosjalostusliitot.fi\/keskipohjanmaa\/wp-content\/uploads\/sites\/10\/2022\/09\/Tunnistus-1024x819.png 1024w, https:\/\/hevosjalostusliitot.fi\/keskipohjanmaa\/wp-content\/uploads\/sites\/10\/2022\/09\/Tunnistus-300x240.png 300w, https:\/\/hevosjalostusliitot.fi\/keskipohjanmaa\/wp-content\/uploads\/sites\/10\/2022\/09\/Tunnistus-768x614.png 768w, https:\/\/hevosjalostusliitot.fi\/keskipohjanmaa\/wp-content\/uploads\/sites\/10\/2022\/09\/Tunnistus-1536x1229.png 1536w, https:\/\/hevosjalostusliitot.fi\/keskipohjanmaa\/wp-content\/uploads\/sites\/10\/2022\/09\/Tunnistus.png 2000w\" sizes=\"auto, (max-width: 1024px) 100vw, 1024px\" \/><figcaption class=\"wp-element-caption\">Yhteystiedot<\/figcaption><\/figure>\n","protected":false},"excerpt":{"rendered":"<p>Keski-Pohjanmaan Hevosjalostusliitto ry TunnistajatDavid Eklund 050 436 2792 (rannikkoseutu, ruotsinkielinen alue)Laura Tulonen 050 360 3815 (Operointi Kaustiselta k\u00e4sin) toiminnanjohtaja Janne J\u00e4\u00e4skel\u00e4inenpuh: 040 584 5907 e-mail: janne.jaaskelainen@kaustisenravit.fi Seuraa meit\u00e4 my\u00f6s Facebookissa! Johtokunnan j\u00e4senet Laskutustiedot Toivomme aina kaikki edellisvuotta koskevat laskut tammikuun viimeiseen p\u00e4iv\u00e4\u00e4n menness\u00e4, ett\u00e4 saamme kohdistettua ne tilinp\u00e4\u00e4t\u00f6ksess\u00e4 oikealle vuodelle. [&hellip;]<\/p>\n","protected":false},"author":26,"featured_media":394,"parent":0,"menu_order":0,"comment_status":"closed","ping_status":"closed","template":"","meta":{"_EventAllDay":false,"_EventTimezone":"","_EventStartDate":"","_EventEndDate":"","_EventStartDateUTC":"","_EventEndDateUTC":"","_EventShowMap":false,"_EventShowMapLink":false,"_EventURL":"","_EventCost":"","_EventCostDescription":"","_EventCurrencySymbol":"","_EventCurrencyPosition":"","_EventDateTimeSeparator":"","_EventTimeRangeSeparator":"","_EventOrganizerID":[],"_EventVenueID":0,"_OrganizerEmail":"","_OrganizerPhone":"","_OrganizerWebsite":"","_VenueAddress":"","_VenueCity":"","_VenueCountry":"","_VenueProvince":"","_VenueZip":"","_VenuePhone":"","_VenueURL":"","_VenueStateProvince":"","_VenueLat":"","_VenueLng":"","footnotes":""},"class_list":["post-43","page","type-page","status-publish","has-post-thumbnail","hentry"],"_links":{"self":[{"href":"https:\/\/hevosjalostusliitot.fi\/keskipohjanmaa\/wp-json\/wp\/v2\/pages\/43","targetHints":{"allow":["GET"]}}],"collection":[{"href":"https:\/\/hevosjalostusliitot.fi\/keskipohjanmaa\/wp-json\/wp\/v2\/pages"}],"about":[{"href":"https:\/\/hevosjalostusliitot.fi\/keskipohjanmaa\/wp-json\/wp\/v2\/types\/page"}],"author":[{"embeddable":true,"href":"https:\/\/hevosjalostusliitot.fi\/keskipohjanmaa\/wp-json\/wp\/v2\/users\/26"}],"replies":[{"embeddable":true,"href":"https:\/\/hevosjalostusliitot.fi\/keskipohjanmaa\/wp-json\/wp\/v2\/comments?post=43"}],"version-history":[{"count":26,"href":"https:\/\/hevosjalostusliitot.fi\/keskipohjanmaa\/wp-json\/wp\/v2\/pages\/43\/revisions"}],"predecessor-version":[{"id":644,"href":"https:\/\/hevosjalostusliitot.fi\/keskipohjanmaa\/wp-json\/wp\/v2\/pages\/43\/revisions\/644"}],"wp:featuredmedia":[{"embeddable":true,"href":"https:\/\/hevosjalostusliitot.fi\/keskipohjanmaa\/wp-json\/wp\/v2\/media\/394"}],"wp:attachment":[{"href":"https:\/\/hevosjalostusliitot.fi\/keskipohjanmaa\/wp-json\/wp\/v2\/media?parent=43"}],"curies":[{"name":"wp","href":"https:\/\/api.w.org\/{rel}","templated":true}]}}