{"id":412,"date":"2023-01-17T19:48:09","date_gmt":"2023-01-17T17:48:09","guid":{"rendered":"https:\/\/hevosjalostusliitot.fi\/keskipohjanmaa\/?page_id=412"},"modified":"2025-01-27T10:02:53","modified_gmt":"2025-01-27T08:02:53","slug":"ajolupakurssit","status":"publish","type":"page","link":"https:\/\/hevosjalostusliitot.fi\/keskipohjanmaa\/ajolupakurssit\/","title":{"rendered":"Ajolupakurssit"},"content":{"rendered":"\n<p><strong>Sinustako tulevaisuuden huippuohjastaja? Vai haaveiletko ajavasi kilpaa raveissa harrastuksen muodossa silloin t\u00e4ll\u00f6in omalla tai tuttavien ponilla tai hevosella?<\/strong><\/p>\n\n\n\n<hr class=\"wp-block-separator\" \/>\n\n\n\n<p><a rel=\"noreferrer noopener\" href=\"https:\/\/www.hippos.fi\/koulutus\/raviurheilijan-koulutukset\/\" target=\"_blank\">Ravikilpailussa vaadittavan C-ajoluvan ja mC-ajoluvan hevosl\u00e4ht\u00f6ihin&nbsp;tai P-ajoluvan ponil\u00e4ht\u00f6ihin voi suorittaa ajolupakurssilla<\/a>. Kurssit j\u00e4rjestet\u00e4\u00e4n vuosittain Nikulan raviradalla Kaustisella, mik\u00e4li osallistujia ilmoittautuu riitt\u00e4v\u00e4 m\u00e4\u00e4r\u00e4 volttausharjoitusten j\u00e4rjest\u00e4miseen. Tarkemmat p\u00e4iv\u00e4m\u00e4\u00e4r\u00e4t ja ohjelma ilmoitetaan noin kuukautta tai paria aiemmin.&nbsp;<\/p>\n\n\n\n<p>Huomioithan ett\u00e4 ajolupakurssille on jokaisen itse j\u00e4rjestett\u00e4v\u00e4 hevonen tai poni jolla osallistuu kurssille. My\u00f6s mahdollinen majoittuminen on j\u00e4rjestett\u00e4v\u00e4 itse ja hevosen tai ponin y\u00f6pymisest\u00e4 tai varusteiden lainaamisesta alueen talleista on jokaisen kyselt\u00e4v\u00e4 ja sovittava itse suoraan tallin pit\u00e4j\u00e4n kanssa. Suositeltavaa on, ett\u00e4 hevonen tai poni on sama koko kurssin ajan ja sill\u00e4 suositellaan olevan rokotukset kunnossa. Niin sanotusti \u201dyli-ik\u00e4isell\u00e4kin\u201d voi osallistua, mutta hevosen\/ ponin on oltava toimiva ja riitt\u00e4v\u00e4ss\u00e4 kunnossa, ett\u00e4 se jaksaa juosta volttiharjoituksissa. Kilpailuvakuutus hevoselle ja ponille vaaditaan ja se er\u00e4\u00e4ntyy maksuun kun kurssilla olevat hevoset ilmoitetaan Hippokseen Hevosjalostusliitosta k\u00e4sin. Ohjastajalla on oltava volttausharjoituksissa turvaliivi, kyp\u00e4r\u00e4 ja ajovitsa.&nbsp;<a rel=\"noreferrer noopener\" href=\"https:\/\/www.hippos.fi\/raviurheilu\/raviurheilijalle\/ohjastajalle\/\" target=\"_blank\">Lis\u00e4tietoja ohjastamisesta ja tarvittavista lisensseist\u00e4 ja vakuutuksista voi lukea Hippoksen sivuilta.<\/a>&nbsp;<\/p>\n\n\n\n<p>Ajolupakurssien hinnasto on Hippoksen m\u00e4\u00e4rittelem\u00e4 ja l\u00f6ytyy Hippoksen sivustolta: Hinta koostuu&nbsp;ajolupakurssin p\u00e4\u00e4sykokeesta, ajolupakurssista ja <a rel=\"noreferrer noopener\" href=\"https:\/\/www.hippos.fi\/hevosen-omistaminen\/hinnasto\/\" target=\"_blank\">ajoluvan sek\u00e4 lisenssin lunastamisesta<\/a>. Lis\u00e4kuluja tulee l\u00e4\u00e4k\u00e4rintodistuksen hankkimisesta, mik\u00e4li sellaista ei ole voimassa olevana. Kurssin yhteydess\u00e4 voi tentti\u00e4 vastuuvalmentajaksi, uusia vanhentunen ajoluvan tai suorittaa monten\u00e4yt\u00f6n.<\/p>\n\n\n\n<h2 class=\"wp-block-heading\">C-ajolupa<\/h2>\n\n\n\n<p>C-ajolupakurssille voi hakea v\u00e4hint\u00e4\u00e4n 16-vuotias vakinaisesti Suomessa asuva henkil\u00f6, joka hallitsee perustaidot hevosen k\u00e4sittelyss\u00e4, valjastuksessa ja ohjastuksessa.&nbsp;Hakijan t\u00e4ytyy pysty\u00e4&nbsp;hallitsemaan oma ohjastettavansa ja ajamaan ryhm\u00e4ss\u00e4. Hevosenk\u00e4sittelyn perustaidot tarkistetaan p\u00e4\u00e4sykokeessa ennen kurssille hyv\u00e4ksymist\u00e4.<\/p>\n\n\n\n<h2 class=\"wp-block-heading\">mC-ajolupa<\/h2>\n\n\n\n<p>Mont\u00e9n eli raviratsastuksen mC-ajolupakurssin vaatimukset ovat samat kuin C-ajolupakurssilla t\u00e4ydennettyn\u00e4 mont\u00e9osioilla. Lis\u00e4ksi hakija antaa n\u00e4ytteen hevosen k\u00e4sittely-, valjastustaidoista sek\u00e4 volttaus- ja ohjastustaidostaan ratsain. Hyv\u00e4ksytyst\u00e4 suorituksesta annetaan todistus. mC-ajoluvan haltija saa osallistua vain mont\u00e9l\u00e4ht\u00f6ihin ja l\u00e4mmitt\u00e4\u00e4 hevosta radalla ainoastaan ratsain. Muutoin mC-ajolupaa koskevat samat m\u00e4\u00e4r\u00e4ykset kuin C-ajolupaakin. mC-ajoluvan haltija voi hakea C-ajolupaa osallistumalla yhteen ajoharjoitukseen ja suorittamalla C-ajolupakurssin loppukokeen k\u00e4rryill\u00e4.<\/p>\n\n\n\n<h2 class=\"wp-block-heading\">P-ajolupa<\/h2>\n\n\n\n<p>Poniajoluvan voi suorittaa 9-18 -vuotias nuori.&nbsp;Poniajolupakurssille voi osallistua aikaisintaan sen vuoden kes\u00e4kuussa, kun t\u00e4ytt\u00e4\u00e4 yhdeks\u00e4n (9) vuotta.&nbsp;Hakija saa ajoluvan sen kalenterivuoden alusta alkaen, jonka aikana h\u00e4n t\u00e4ytt\u00e4\u00e4 v\u00e4hint\u00e4\u00e4n kymmenen (10) vuotta. Kurssin alussa j\u00e4rjestet\u00e4\u00e4n&nbsp;p\u00e4\u00e4sykoe, joka kertoo onko hakijalla riitt\u00e4v\u00e4t perustiedot ja -taidot kurssille osallistumiseksi. Hakijan tulee hallita ponin k\u00e4sittelyyn, valmentamiseen ja ohjastamiseen liittyv\u00e4t perustaidot&nbsp;ja tuntea v\u00e4h\u00e4n raviurheilua.<br>Ravikilpailus\u00e4\u00e4nn\u00f6t ja kilpailup\u00e4iv\u00e4n tapahtumat opetellaan kurssin aikana.&nbsp;<\/p>\n\n\n\n<p>My\u00f6s kilpailuhuoltajille j\u00e4rjestet\u00e4\u00e4n luento kurssin aikana, johon on kaikkien osallistuttava.<\/p>\n\n\n\n<h2 class=\"wp-block-heading\">Kursseille osallistuminen<\/h2>\n\n\n\n<p>Ilmoittautuminen ajolupakursseille tapahtuu t\u00e4ytt\u00e4m\u00e4ll\u00e4 ja allekirjoittamalla alla oleva lomake.&nbsp;Lomake palautetaan huolellisesti t\u00e4ytettyn\u00e4 Keski-Pohjanmaan hevosjalostusliittoon viimeiseen ilmoittautumisp\u00e4iv\u00e4\u00e4n menness\u00e4:<\/p>\n\n\n\n<p><a rel=\"noreferrer noopener\" href=\"https:\/\/www.hippos.fi\/tiedostot\/hakemus-c-ajolupakurssille\/\" data-type=\"URL\" data-id=\"https:\/\/www.hippos.fi\/tiedostot\/hakemus-c-ajolupakurssille\/\" target=\"_blank\">https:\/\/www.hippos.fi\/tiedostot\/hakemus-c-ajolupakurssille\/<\/a><\/p>\n\n\n\n<p><a href=\"https:\/\/www.hippos.fi\/tiedostot\/hakemus-p-ajolupakurssille\/\" target=\"_blank\" rel=\"noreferrer noopener\">https:\/\/www.hippos.fi\/tiedostot\/hakemus-p-ajolupakurssille\/<\/a><\/p>\n\n\n\n<p>L\u00e4het\u00e4 hakemus:<\/p>\n\n\n\n<ul class=\"wp-block-list\"><li>tarkasti otettuna ja rajattuna kuvana tekstiviestin\u00e4 tai whatsappilla 040 584 5907 tai<\/li><li>alkuper\u00e4inen hakulomake on tuotava p\u00e4\u00e4sykoep\u00e4iv\u00e4n\u00e4<\/li><\/ul>\n\n\n\n<p>Hakemuksen allekirjoittamalla ja l\u00e4hett\u00e4m\u00e4ll\u00e4, sitoudut osallistumaan p\u00e4\u00e4sykokeeseen ja kurssille ohjelman mukaisesti sek\u00e4 maksamaan kurssimaksut. J\u00e4rjest\u00e4j\u00e4ll\u00e4 on oikeus peruuttaa kurssi v\u00e4h\u00e4isen osallistujam\u00e4\u00e4r\u00e4n vuoksi.<\/p>\n\n\n\n<p>Kurssit j\u00e4rjest\u00e4\u00e4 Keski-Pohjanmaan Hevosjalostusliitto ry <\/p>\n\n\n<style>.wp-block-kadence-spacer.kt-block-spacer-_d8c7d0-d7 .kt-block-spacer{height:60px;}.wp-block-kadence-spacer.kt-block-spacer-_d8c7d0-d7 .kt-divider{border-top-width:1px;height:1px;border-top-color:#eee;width:80%;border-top-style:solid;}<\/style>\n<div class=\"wp-block-kadence-spacer aligncenter kt-block-spacer-_d8c7d0-d7\"><div class=\"kt-block-spacer kt-block-spacer-halign-center\" style=\"height:60px\"><hr class=\"kt-divider\" style=\"border-top-width:1px;width:80%;border-top-style:solid\" \/><\/div><\/div>\n\n\n\n<p>Lis\u00e4tiedot:<br><strong>Keski-Pohjanmaan Hevosjalostusliitto ry<\/strong><br>040 584 5907 (my\u00f6s whatsapp)<br><\/p>\n\n\n\n<p>&#8211; J\u00e4rjest\u00e4j\u00e4 pid\u00e4tt\u00e4\u00e4 oikeuden muutoksiin &#8211;<\/p>\n","protected":false},"excerpt":{"rendered":"<p>Sinustako tulevaisuuden huippuohjastaja? Vai haaveiletko ajavasi kilpaa raveissa harrastuksen muodossa silloin t\u00e4ll\u00f6in omalla tai tuttavien ponilla tai hevosella? Ravikilpailussa vaadittavan C-ajoluvan ja mC-ajoluvan hevosl\u00e4ht\u00f6ihin&nbsp;tai P-ajoluvan ponil\u00e4ht\u00f6ihin voi suorittaa ajolupakurssilla. Kurssit j\u00e4rjestet\u00e4\u00e4n vuosittain Nikulan raviradalla Kaustisella, mik\u00e4li osallistujia ilmoittautuu riitt\u00e4v\u00e4 m\u00e4\u00e4r\u00e4 volttausharjoitusten j\u00e4rjest\u00e4miseen. Tarkemmat p\u00e4iv\u00e4m\u00e4\u00e4r\u00e4t ja ohjelma ilmoitetaan noin kuukautta tai [&hellip;]<\/p>\n","protected":false},"author":26,"featured_media":318,"parent":0,"menu_order":0,"comment_status":"closed","ping_status":"closed","template":"","meta":{"_EventAllDay":false,"_EventTimezone":"","_EventStartDate":"","_EventEndDate":"","_EventStartDateUTC":"","_EventEndDateUTC":"","_EventShowMap":false,"_EventShowMapLink":false,"_EventURL":"","_EventCost":"","_EventCostDescription":"","_EventCurrencySymbol":"","_EventCurrencyPosition":"","_EventDateTimeSeparator":"","_EventTimeRangeSeparator":"","_EventOrganizerID":[],"_EventVenueID":0,"_OrganizerEmail":"","_OrganizerPhone":"","_OrganizerWebsite":"","_VenueAddress":"","_VenueCity":"","_VenueCountry":"","_VenueProvince":"","_VenueZip":"","_VenuePhone":"","_VenueURL":"","_VenueStateProvince":"","_VenueLat":"","_VenueLng":"","footnotes":""},"class_list":["post-412","page","type-page","status-publish","has-post-thumbnail","hentry"],"_links":{"self":[{"href":"https:\/\/hevosjalostusliitot.fi\/keskipohjanmaa\/wp-json\/wp\/v2\/pages\/412","targetHints":{"allow":["GET"]}}],"collection":[{"href":"https:\/\/hevosjalostusliitot.fi\/keskipohjanmaa\/wp-json\/wp\/v2\/pages"}],"about":[{"href":"https:\/\/hevosjalostusliitot.fi\/keskipohjanmaa\/wp-json\/wp\/v2\/types\/page"}],"author":[{"embeddable":true,"href":"https:\/\/hevosjalostusliitot.fi\/keskipohjanmaa\/wp-json\/wp\/v2\/users\/26"}],"replies":[{"embeddable":true,"href":"https:\/\/hevosjalostusliitot.fi\/keskipohjanmaa\/wp-json\/wp\/v2\/comments?post=412"}],"version-history":[{"count":12,"href":"https:\/\/hevosjalostusliitot.fi\/keskipohjanmaa\/wp-json\/wp\/v2\/pages\/412\/revisions"}],"predecessor-version":[{"id":614,"href":"https:\/\/hevosjalostusliitot.fi\/keskipohjanmaa\/wp-json\/wp\/v2\/pages\/412\/revisions\/614"}],"wp:featuredmedia":[{"embeddable":true,"href":"https:\/\/hevosjalostusliitot.fi\/keskipohjanmaa\/wp-json\/wp\/v2\/media\/318"}],"wp:attachment":[{"href":"https:\/\/hevosjalostusliitot.fi\/keskipohjanmaa\/wp-json\/wp\/v2\/media?parent=412"}],"curies":[{"name":"wp","href":"https:\/\/api.w.org\/{rel}","templated":true}]}}