{"id":380,"date":"2022-09-26T14:30:16","date_gmt":"2022-09-26T11:30:16","guid":{"rendered":"https:\/\/hevosjalostusliitot.fi\/keskipohjanmaa\/?page_id=380"},"modified":"2025-01-27T10:01:25","modified_gmt":"2025-01-27T08:01:25","slug":"nayttelyt","status":"publish","type":"page","link":"https:\/\/hevosjalostusliitot.fi\/keskipohjanmaa\/nayttelyt\/","title":{"rendered":"N\u00e4yttelyt"},"content":{"rendered":"\n<p>Keski-Pohjanmaan Hevosjalostusliitto ry j\u00e4rjest\u00e4\u00e4 vuosittain tamma- ja varsan\u00e4yttelyit\u00e4 alueellaan. Viime vuosina n\u00e4yttelypaikaksi on vakiintunut Kaustisen ravirata monipuolisten palveluiden, sujuvan yhteisty\u00f6n sek\u00e4 keskeisen sijainnin vuoksi.<\/p>\n\n\n\n<p>N\u00e4yttely j\u00e4rjestet\u00e4\u00e4n vuosittain syyskuussa jo heti ensimm\u00e4isten n\u00e4yttelyiden aikaan, kun varsat ovat palanneet laitumilta. Ohjeet n\u00e4yttelyhevosten taustajoukoille sek\u00e4 ohjelman ja aikataulun l\u00f6yd\u00e4t t\u00e4st\u00e4: <\/p>\n\n\n\n<div class=\"wp-block-file\"><a href=\"https:\/\/hevosjalostusliitot.fi\/keskipohjanmaa\/wp-content\/uploads\/sites\/10\/2023\/09\/Nayttelyohje-osallistujat.pdf\">Nayttelyohje-osallistujat<\/a><a href=\"https:\/\/hevosjalostusliitot.fi\/keskipohjanmaa\/wp-content\/uploads\/sites\/10\/2023\/09\/Nayttelyohje-osallistujat.pdf\" class=\"wp-block-file__button\" download>Lataa<\/a><\/div>\n\n\n\n<p>Kaikki osallistujat palkitaan tuotepalkinnoilla sek\u00e4 Suomen Hippos ry:n ruusukkeilla. Lis\u00e4ksi n\u00e4yttelyn paras varsa ja n\u00e4yttelyn paras esitt\u00e4j\u00e4 saavat ansaitsemansa lis\u00e4palkinnot sek\u00e4 mainetta ja kunniaa.<\/p>\n\n\n\n<p>N\u00e4yttelykalenteri julkaistaan yleens\u00e4 alkuvuodesta ja sen l\u00f6yt\u00e4\u00e4 Hippoksen heppa-j\u00e4rjestelm\u00e4st\u00e4 N\u00e4yttelyt osiosta &#8211; kun menee kohtaan suomenhevoset ja l\u00e4mminveriset. <a rel=\"noreferrer noopener\" href=\"https:\/\/heppa.hippos.fi\/heppa\/grading\/GradingCalendar.html\" data-type=\"URL\" data-id=\"https:\/\/heppa.hippos.fi\/heppa\/grading\/GradingCalendar.html\" target=\"_blank\">T\u00e4ss\u00e4 linkki sivuille.<\/a><\/p>\n\n\n\n<p>N\u00e4yttelyihin ilmoittaudutaan p\u00e4\u00e4s\u00e4\u00e4nt\u00f6isesti viimeist\u00e4\u00e4n kaksi viikkoa (14vrk) ennen n\u00e4yttely\u00e4. Ilmoittautuminen tapahtuu joko linkin kautta heppa-j\u00e4rjestelm\u00e4st\u00e4 (vaatii tunnukset ja sis\u00e4\u00e4nkirjautumisen) tai s\u00e4hk\u00f6postilla, whatsapp- viestill\u00e4 tai soittamalla Keski-Pohjanmaan Hevosjalostusliittoon 040 584 5907.<\/p>\n\n\n\n<p>Tamma- ja varsan\u00e4yttelyn Pelastus- ja Turvallisuussuunnitelma on laadittu asianmukaisesti ja p\u00e4ivitet\u00e4\u00e4n vuosittain:<\/p>\n\n\n\n<div class=\"wp-block-file\"><a href=\"https:\/\/hevosjalostusliitot.fi\/keskipohjanmaa\/wp-content\/uploads\/sites\/10\/2024\/09\/Pelastussuunnitelma-tamma-ja-varsanayttely-2024.pdf\">Pelastussuunnitelma-tamma-ja-varsanayttely-2024<\/a><a href=\"https:\/\/hevosjalostusliitot.fi\/keskipohjanmaa\/wp-content\/uploads\/sites\/10\/2024\/09\/Pelastussuunnitelma-tamma-ja-varsanayttely-2024.pdf\" class=\"wp-block-file__button\" download>Lataa<\/a><\/div>\n\n\n\n<div class=\"wp-block-file\"><a href=\"https:\/\/hevosjalostusliitot.fi\/keskipohjanmaa\/wp-content\/uploads\/sites\/10\/2024\/09\/Turvallisuussuunnitelma-Tamma-ja-varsanayttely.pdf\">Turvallisuussuunnitelma-Tamma-ja-varsanayttely<\/a><a href=\"https:\/\/hevosjalostusliitot.fi\/keskipohjanmaa\/wp-content\/uploads\/sites\/10\/2024\/09\/Turvallisuussuunnitelma-Tamma-ja-varsanayttely.pdf\" class=\"wp-block-file__button\" download>Lataa<\/a><\/div>\n\n\n\n<p>Lis\u00e4tietoa n\u00e4yttelyist\u00e4 sek\u00e4 niihin valmistautumisesta ja hinnastosta voi lukea <a rel=\"noreferrer noopener\" href=\"https:\/\/www.hippos.fi\/kasvatus\/nayttelyt-ja-jalostusarvostelu\/\" data-type=\"URL\" data-id=\"https:\/\/www.hippos.fi\/kasvatus\/nayttelyt-ja-jalostusarvostelu\/\" target=\"_blank\">Hippoksen sivuilta<\/a>.<\/p>\n\n\n<style>.wp-block-kadence-spacer.kt-block-spacer-_a30664-13 .kt-block-spacer{height:60px;}.wp-block-kadence-spacer.kt-block-spacer-_a30664-13 .kt-divider{border-top-width:1px;height:1px;border-top-color:#eee;width:80%;border-top-style:solid;}<\/style>\n<div class=\"wp-block-kadence-spacer aligncenter kt-block-spacer-_a30664-13\"><div class=\"kt-block-spacer kt-block-spacer-halign-center\" style=\"height:60px\"><hr class=\"kt-divider\" style=\"border-top-width:1px;width:80%;border-top-style:solid\" \/><\/div><\/div>\n\n\n\n<p>Syksyn 2024 n\u00e4yttelykuvat l\u00f6ytyv\u00e4t linkist\u00e4:<\/p>\n\n\n\n<p><a rel=\"noreferrer noopener\" href=\"https:\/\/hehkuva.kuvat.fi\/kuvat\/Muut+hevostapahtumat\/Tamma-+ja+varsan%C3%A4yttely+20.9.2024\/\" target=\"_blank\">Krista J\u00e4rvel\u00e4 \/ Hehkuva<\/a><\/p>\n\n\n\n<figure class=\"wp-block-image size-large\"><img loading=\"lazy\" decoding=\"async\" width=\"1024\" height=\"684\" src=\"https:\/\/hevosjalostusliitot.fi\/keskipohjanmaa\/wp-content\/uploads\/sites\/10\/2024\/11\/untitled-56-1024x684.jpg\" alt=\"\" class=\"wp-image-598\" srcset=\"https:\/\/hevosjalostusliitot.fi\/keskipohjanmaa\/wp-content\/uploads\/sites\/10\/2024\/11\/untitled-56-1024x684.jpg 1024w, https:\/\/hevosjalostusliitot.fi\/keskipohjanmaa\/wp-content\/uploads\/sites\/10\/2024\/11\/untitled-56-300x200.jpg 300w, https:\/\/hevosjalostusliitot.fi\/keskipohjanmaa\/wp-content\/uploads\/sites\/10\/2024\/11\/untitled-56-768x513.jpg 768w, https:\/\/hevosjalostusliitot.fi\/keskipohjanmaa\/wp-content\/uploads\/sites\/10\/2024\/11\/untitled-56-1536x1025.jpg 1536w, https:\/\/hevosjalostusliitot.fi\/keskipohjanmaa\/wp-content\/uploads\/sites\/10\/2024\/11\/untitled-56-360x240.jpg 360w, https:\/\/hevosjalostusliitot.fi\/keskipohjanmaa\/wp-content\/uploads\/sites\/10\/2024\/11\/untitled-56.jpg 2048w\" sizes=\"auto, (max-width: 1024px) 100vw, 1024px\" \/><figcaption>N\u00e4yttelyn paras varsa 2024 Castellan<\/figcaption><\/figure>\n\n\n\n<p><\/p>\n\n\n<style>.wp-block-kadence-spacer.kt-block-spacer-_3256b0-9d .kt-block-spacer{height:60px;}.wp-block-kadence-spacer.kt-block-spacer-_3256b0-9d .kt-divider{border-top-width:1px;height:1px;border-top-color:#eee;width:80%;border-top-style:solid;}<\/style>\n<div class=\"wp-block-kadence-spacer aligncenter kt-block-spacer-_3256b0-9d\"><div class=\"kt-block-spacer kt-block-spacer-halign-center\" style=\"height:60px\"><hr class=\"kt-divider\" style=\"border-top-width:1px;width:80%;border-top-style:solid\" \/><\/div><\/div>\n\n\n\n<p>Vuoden 2023 n\u00e4yttelyn kuvat ovat ihailtavissa ja ostettavissa omaan k\u00e4ytt\u00f6\u00f6n: <\/p>\n\n\n\n<p><a rel=\"noreferrer noopener\" href=\"https:\/\/hehkuva.kuvat.fi\/kuvat\/Muut%20hevostapahtumat\/Tamma-%20ja%20varsan%C3%A4yttely%20Kaustinen%2022.9.2023\/\" data-type=\"URL\" data-id=\"https:\/\/hehkuva.kuvat.fi\/kuvat\/Muut%20hevostapahtumat\/Tamma-%20ja%20varsan%C3%A4yttely%20Kaustinen%2022.9.2023\/\" target=\"_blank\">Krista J\u00e4rvel\u00e4 \/ Hehkuva<\/a> <\/p>\n\n\n\n<figure class=\"wp-block-image size-large\"><img loading=\"lazy\" decoding=\"async\" width=\"1024\" height=\"684\" src=\"https:\/\/hevosjalostusliitot.fi\/keskipohjanmaa\/wp-content\/uploads\/sites\/10\/2023\/09\/untitled-65-1024x684.jpg\" alt=\"\" class=\"wp-image-509\" srcset=\"https:\/\/hevosjalostusliitot.fi\/keskipohjanmaa\/wp-content\/uploads\/sites\/10\/2023\/09\/untitled-65-1024x684.jpg 1024w, https:\/\/hevosjalostusliitot.fi\/keskipohjanmaa\/wp-content\/uploads\/sites\/10\/2023\/09\/untitled-65-300x200.jpg 300w, https:\/\/hevosjalostusliitot.fi\/keskipohjanmaa\/wp-content\/uploads\/sites\/10\/2023\/09\/untitled-65-768x513.jpg 768w, https:\/\/hevosjalostusliitot.fi\/keskipohjanmaa\/wp-content\/uploads\/sites\/10\/2023\/09\/untitled-65-1536x1025.jpg 1536w, https:\/\/hevosjalostusliitot.fi\/keskipohjanmaa\/wp-content\/uploads\/sites\/10\/2023\/09\/untitled-65-360x240.jpg 360w, https:\/\/hevosjalostusliitot.fi\/keskipohjanmaa\/wp-content\/uploads\/sites\/10\/2023\/09\/untitled-65.jpg 2048w\" sizes=\"auto, (max-width: 1024px) 100vw, 1024px\" \/><figcaption>N\u00e4yttelyn paras varsa 2023 Titterin Topi ja taustajoukot<\/figcaption><\/figure>\n\n\n<style>.wp-block-kadence-spacer.kt-block-spacer-_cc2cf4-57 .kt-block-spacer{height:60px;}.wp-block-kadence-spacer.kt-block-spacer-_cc2cf4-57 .kt-divider{border-top-width:1px;height:1px;border-top-color:#eee;width:80%;border-top-style:solid;}<\/style>\n<div class=\"wp-block-kadence-spacer aligncenter kt-block-spacer-_cc2cf4-57\"><div class=\"kt-block-spacer kt-block-spacer-halign-center\" style=\"height:60px\"><hr class=\"kt-divider\" style=\"border-top-width:1px;width:80%;border-top-style:solid\" \/><\/div><\/div>\n\n\n\n<figure class=\"wp-block-image size-large\"><img loading=\"lazy\" decoding=\"async\" width=\"1024\" height=\"684\" src=\"https:\/\/hevosjalostusliitot.fi\/keskipohjanmaa\/wp-content\/uploads\/sites\/10\/2022\/09\/untitled-128-2-1024x684.jpg\" alt=\"\" class=\"wp-image-384\" srcset=\"https:\/\/hevosjalostusliitot.fi\/keskipohjanmaa\/wp-content\/uploads\/sites\/10\/2022\/09\/untitled-128-2-1024x684.jpg 1024w, https:\/\/hevosjalostusliitot.fi\/keskipohjanmaa\/wp-content\/uploads\/sites\/10\/2022\/09\/untitled-128-2-300x200.jpg 300w, https:\/\/hevosjalostusliitot.fi\/keskipohjanmaa\/wp-content\/uploads\/sites\/10\/2022\/09\/untitled-128-2-768x513.jpg 768w, https:\/\/hevosjalostusliitot.fi\/keskipohjanmaa\/wp-content\/uploads\/sites\/10\/2022\/09\/untitled-128-2-1536x1025.jpg 1536w, https:\/\/hevosjalostusliitot.fi\/keskipohjanmaa\/wp-content\/uploads\/sites\/10\/2022\/09\/untitled-128-2-360x240.jpg 360w, https:\/\/hevosjalostusliitot.fi\/keskipohjanmaa\/wp-content\/uploads\/sites\/10\/2022\/09\/untitled-128-2.jpg 2048w\" sizes=\"auto, (max-width: 1024px) 100vw, 1024px\" \/><figcaption>Vuoden 2022 Kaustisen tamma- ja varsan\u00e4yttelyn parhaaksi varsaksi valittu Lumo Aavatar ja Jonna Kumpulainen<\/figcaption><\/figure>\n\n\n<style>.wp-block-kadence-spacer.kt-block-spacer-_befc04-14 .kt-block-spacer{height:60px;}.wp-block-kadence-spacer.kt-block-spacer-_befc04-14 .kt-divider{border-top-width:1px;height:1px;border-top-color:#eee;width:80%;border-top-style:solid;}<\/style>\n<div class=\"wp-block-kadence-spacer aligncenter kt-block-spacer-_befc04-14\"><div class=\"kt-block-spacer kt-block-spacer-halign-center\" style=\"height:60px\"><hr class=\"kt-divider\" style=\"border-top-width:1px;width:80%;border-top-style:solid\" \/><\/div><\/div>\n\n\n\n<p>Lis\u00e4\u00e4 Kaustisen vuoden 2022 n\u00e4yttelykuvia ihailtavaksi, tilattavaksi ja ostettavaksi: <a rel=\"noreferrer noopener\" href=\"https:\/\/hehkuva.kuvat.fi\/kuvat\/Muut%20hevostapahtumat\/Tamma-%20ja%20varsan%C3%A4yttely%2C%20Kaustinen%2010.9.2022\/\" data-type=\"URL\" data-id=\"https:\/\/hehkuva.kuvat.fi\/kuvat\/Muut%20hevostapahtumat\/Tamma-%20ja%20varsan%C3%A4yttely%2C%20Kaustinen%2010.9.2022\/\" target=\"_blank\">Krista J\u00e4rvel\u00e4 \/ Hehkuva<\/a><\/p>\n\n\n<style>.wp-block-kadence-spacer.kt-block-spacer-_d2c3f2-ec .kt-block-spacer{height:60px;}.wp-block-kadence-spacer.kt-block-spacer-_d2c3f2-ec .kt-divider{border-top-width:1px;height:1px;border-top-color:#eee;width:80%;border-top-style:solid;}<\/style>\n<div class=\"wp-block-kadence-spacer aligncenter kt-block-spacer-_d2c3f2-ec\"><div class=\"kt-block-spacer kt-block-spacer-halign-center\" style=\"height:60px\"><hr class=\"kt-divider\" style=\"border-top-width:1px;width:80%;border-top-style:solid\" \/><\/div><\/div>\n\n\n\n<figure class=\"wp-block-image size-large\"><img loading=\"lazy\" decoding=\"async\" width=\"786\" height=\"720\" src=\"https:\/\/hevosjalostusliitot.fi\/keskipohjanmaa\/wp-content\/uploads\/sites\/10\/2022\/09\/244295553_428169805321658_2680621645658577354_n.jpg\" alt=\"\" class=\"wp-image-397\" srcset=\"https:\/\/hevosjalostusliitot.fi\/keskipohjanmaa\/wp-content\/uploads\/sites\/10\/2022\/09\/244295553_428169805321658_2680621645658577354_n.jpg 786w, https:\/\/hevosjalostusliitot.fi\/keskipohjanmaa\/wp-content\/uploads\/sites\/10\/2022\/09\/244295553_428169805321658_2680621645658577354_n-300x275.jpg 300w, https:\/\/hevosjalostusliitot.fi\/keskipohjanmaa\/wp-content\/uploads\/sites\/10\/2022\/09\/244295553_428169805321658_2680621645658577354_n-768x704.jpg 768w\" sizes=\"auto, (max-width: 786px) 100vw, 786px\" \/><figcaption>Vuoden 2021 N\u00e4yttelyn paras varsa Felisa kotitallin pihassa Kaustisella<\/figcaption><\/figure>\n\n\n\n<p> <\/p>\n","protected":false},"excerpt":{"rendered":"<p>Keski-Pohjanmaan Hevosjalostusliitto ry j\u00e4rjest\u00e4\u00e4 vuosittain tamma- ja varsan\u00e4yttelyit\u00e4 alueellaan. Viime vuosina n\u00e4yttelypaikaksi on vakiintunut Kaustisen ravirata monipuolisten palveluiden, sujuvan yhteisty\u00f6n sek\u00e4 keskeisen sijainnin vuoksi. N\u00e4yttely j\u00e4rjestet\u00e4\u00e4n vuosittain syyskuussa jo heti ensimm\u00e4isten n\u00e4yttelyiden aikaan, kun varsat ovat palanneet laitumilta. Ohjeet n\u00e4yttelyhevosten taustajoukoille sek\u00e4 ohjelman ja aikataulun l\u00f6yd\u00e4t t\u00e4st\u00e4: Kaikki osallistujat palkitaan [&hellip;]<\/p>\n","protected":false},"author":26,"featured_media":382,"parent":0,"menu_order":0,"comment_status":"closed","ping_status":"closed","template":"","meta":{"_EventAllDay":false,"_EventTimezone":"","_EventStartDate":"","_EventEndDate":"","_EventStartDateUTC":"","_EventEndDateUTC":"","_EventShowMap":false,"_EventShowMapLink":false,"_EventURL":"","_EventCost":"","_EventCostDescription":"","_EventCurrencySymbol":"","_EventCurrencyPosition":"","_EventDateTimeSeparator":"","_EventTimeRangeSeparator":"","_EventOrganizerID":[],"_EventVenueID":0,"_OrganizerEmail":"","_OrganizerPhone":"","_OrganizerWebsite":"","_VenueAddress":"","_VenueCity":"","_VenueCountry":"","_VenueProvince":"","_VenueZip":"","_VenuePhone":"","_VenueURL":"","_VenueStateProvince":"","_VenueLat":"","_VenueLng":"","footnotes":""},"class_list":["post-380","page","type-page","status-publish","has-post-thumbnail","hentry"],"_links":{"self":[{"href":"https:\/\/hevosjalostusliitot.fi\/keskipohjanmaa\/wp-json\/wp\/v2\/pages\/380","targetHints":{"allow":["GET"]}}],"collection":[{"href":"https:\/\/hevosjalostusliitot.fi\/keskipohjanmaa\/wp-json\/wp\/v2\/pages"}],"about":[{"href":"https:\/\/hevosjalostusliitot.fi\/keskipohjanmaa\/wp-json\/wp\/v2\/types\/page"}],"author":[{"embeddable":true,"href":"https:\/\/hevosjalostusliitot.fi\/keskipohjanmaa\/wp-json\/wp\/v2\/users\/26"}],"replies":[{"embeddable":true,"href":"https:\/\/hevosjalostusliitot.fi\/keskipohjanmaa\/wp-json\/wp\/v2\/comments?post=380"}],"version-history":[{"count":16,"href":"https:\/\/hevosjalostusliitot.fi\/keskipohjanmaa\/wp-json\/wp\/v2\/pages\/380\/revisions"}],"predecessor-version":[{"id":611,"href":"https:\/\/hevosjalostusliitot.fi\/keskipohjanmaa\/wp-json\/wp\/v2\/pages\/380\/revisions\/611"}],"wp:featuredmedia":[{"embeddable":true,"href":"https:\/\/hevosjalostusliitot.fi\/keskipohjanmaa\/wp-json\/wp\/v2\/media\/382"}],"wp:attachment":[{"href":"https:\/\/hevosjalostusliitot.fi\/keskipohjanmaa\/wp-json\/wp\/v2\/media?parent=380"}],"curies":[{"name":"wp","href":"https:\/\/api.w.org\/{rel}","templated":true}]}}