{"id":363,"date":"2022-09-21T13:35:00","date_gmt":"2022-09-21T10:35:00","guid":{"rendered":"https:\/\/hevosjalostusliitot.fi\/keskipohjanmaa\/?page_id=363"},"modified":"2022-09-21T15:18:55","modified_gmt":"2022-09-21T12:18:55","slug":"tunnistus","status":"publish","type":"page","link":"https:\/\/hevosjalostusliitot.fi\/keskipohjanmaa\/tunnistus\/","title":{"rendered":"Tunnistus"},"content":{"rendered":"<style>.wp-block-kadence-spacer.kt-block-spacer-_51d222-e7 .kt-block-spacer{height:60px;}.wp-block-kadence-spacer.kt-block-spacer-_51d222-e7 .kt-divider{border-top-width:1px;height:1px;border-top-color:#eee;width:80%;border-top-style:solid;}<\/style>\n<div class=\"wp-block-kadence-spacer aligncenter kt-block-spacer-_51d222-e7\"><div class=\"kt-block-spacer kt-block-spacer-halign-center\" style=\"height:60px\"><hr class=\"kt-divider\" style=\"border-top-width:1px;width:80%;border-top-style:solid\" \/><\/div><\/div>\n\n\n\n<h1 class=\"wp-block-heading\">Tunnistustoiminta<\/h1>\n\n\n\n<p>Keski-Pohjanmaan Hevosjalostusliitto ry tarjoaa alueellaan tunnistuspalveluita poneille, hevosille ja aaseille. Kes\u00e4lliset varsat tunnistetaan p\u00e4\u00e4s\u00e4\u00e4nt\u00f6isesti syntym\u00e4vuoden syksyll\u00e4.<\/p>\n\n\n<style>.wp-block-kadence-spacer.kt-block-spacer-_df33a0-d2 .kt-block-spacer{height:60px;}.wp-block-kadence-spacer.kt-block-spacer-_df33a0-d2 .kt-divider{border-top-width:1px;height:1px;border-top-color:#eee;width:80%;border-top-style:solid;}<\/style>\n<div class=\"wp-block-kadence-spacer aligncenter kt-block-spacer-_df33a0-d2\"><div class=\"kt-block-spacer kt-block-spacer-halign-center\" style=\"height:60px\"><hr class=\"kt-divider\" style=\"border-top-width:1px;width:80%;border-top-style:solid\" \/><\/div><\/div>\n\n\n\n<h2 class=\"wp-block-heading\">Varsan tunnistus<\/h2>\n\n\n\n<p>T\u00e4rkeint\u00e4 on, ett\u00e4 varsominen (ja my\u00f6s mahdollinen luominen tai varsan kuolleena syntyminen tai menehtyminen) ilmoitetaan joko Suomen Hippokseen omatalli-palvelun kautta (vaatii tunnukset) tai Hevosjalostusliittoon paperilomakkeella. Mik\u00e4li varsa asuu eri osoitteessa kuin kasvattaja, ilmoitathan tallin osoitteen kohtaan &#8221;varsan sijaintipaikka&#8221;. Kun varsa on ilmoitettu syntyneeksi ja n\u00e4kyy Heppa-j\u00e4rjestelm\u00e4ss\u00e4 sek\u00e4 sijaintitiedot ovat oikein, tiet\u00e4\u00e4 tunnistaja ottaa yhteytt\u00e4 syksyn mittaan tunnistusajankohdan sopimiseksi. <\/p>\n\n\n\n<p>Tunnistustilanteessa varsalta m\u00e4\u00e4ritet\u00e4\u00e4n v\u00e4ri ja merkit, nyp\u00e4t\u00e4\u00e4n jouhin\u00e4yte h\u00e4nn\u00e4st\u00e4, klipataan karvaa niskasta ja asennetaan puhdistuksen j\u00e4lkeen mikrosiru, jonka toiminta viel\u00e4 varmistetaan sirun laittamisen j\u00e4lkeen. Tunnistuksesta saa paperilomakkeen josta n\u00e4kee varsan tiedot ja sirunumeron. Lomake toimii passina varsalle niin kauan, kunnes virallinen passi saapuu Hippoksesta (t\u00e4h\u00e4n saattaa kulua useampi kuukausi). My\u00f6s em\u00e4st\u00e4 saatetaan tarvita jouhin\u00e4yte varsan tunnistuksen ohessa DNA:n m\u00e4\u00e4ritt\u00e4miseksi ja varmistamiseksi. Varsamaksu t\u00e4ytyy olla maksettuna ja oriinpit\u00e4j\u00e4n kuittaamana Hippokselle, ett\u00e4 rekister\u00f6inti saadaan valmiiksi. Rekister\u00f6innist\u00e4 tulee kaksi erillist\u00e4 laskua, toinen Hippokselta ja toinen Ruokavirastosta. Mik\u00e4li varsa on vaihtamassa omistajaa, kannattaa varsan tunnistamiseen menness\u00e4 tehd\u00e4 my\u00f6s omistajanvaihdos, joka hoituu maksutta jos paperit on hoidettu silt\u00e4 osin kuntoon tunnistajan k\u00e4yntiin menness\u00e4. <\/p>\n\n\n\n<p>Lis\u00e4tietoa ja tarkemmat ohjeet tunnistusk\u00e4ynti\u00e4 varten voit ladata alta:<\/p>\n\n\n\n<div class=\"wp-block-file\"><a href=\"https:\/\/hevosjalostusliitot.fi\/keskipohjanmaa\/wp-content\/uploads\/sites\/10\/2022\/09\/Tunnistamisinfo-varsanomistajalle.pdf\">Tunnistamisinfo-varsanomistajalle<\/a><a href=\"https:\/\/hevosjalostusliitot.fi\/keskipohjanmaa\/wp-content\/uploads\/sites\/10\/2022\/09\/Tunnistamisinfo-varsanomistajalle.pdf\" class=\"wp-block-file__button\" download>Lataa<\/a><\/div>\n\n\n\n<p><a rel=\"noreferrer noopener\" href=\"https:\/\/www.hippos.fi\/kasvatus\/varsan-rekisterointi\/\" target=\"_blank\">T\u00e4st\u00e4 linkist\u00e4<\/a> p\u00e4\u00e4set suoraan Hippoksen sivuille, jolta voit lukea lis\u00e4\u00e4 varsan rekister\u00f6innist\u00e4 ja tunnistamisesta. Tunnistus ja rekister\u00f6intipalveluiden hinta on sama kaikkialla Suomessa, tarkan hinnaston l\u00f6yd\u00e4t linkin sivustolta.<\/p>\n\n\n<style>.wp-block-kadence-spacer.kt-block-spacer-_7648fd-d4 .kt-block-spacer{height:60px;}.wp-block-kadence-spacer.kt-block-spacer-_7648fd-d4 .kt-divider{border-top-width:1px;height:1px;border-top-color:#eee;width:80%;border-top-style:solid;}<\/style>\n<div class=\"wp-block-kadence-spacer aligncenter kt-block-spacer-_7648fd-d4\"><div class=\"kt-block-spacer kt-block-spacer-halign-center\" style=\"height:60px\"><hr class=\"kt-divider\" style=\"border-top-width:1px;width:80%;border-top-style:solid\" \/><\/div><\/div>\n\n\n\n<figure class=\"wp-block-image size-large\"><img loading=\"lazy\" decoding=\"async\" width=\"1024\" height=\"819\" src=\"https:\/\/hevosjalostusliitot.fi\/keskipohjanmaa\/wp-content\/uploads\/sites\/10\/2022\/09\/Tunnistus-1024x819.png\" alt=\"\" class=\"wp-image-373\" srcset=\"https:\/\/hevosjalostusliitot.fi\/keskipohjanmaa\/wp-content\/uploads\/sites\/10\/2022\/09\/Tunnistus-1024x819.png 1024w, https:\/\/hevosjalostusliitot.fi\/keskipohjanmaa\/wp-content\/uploads\/sites\/10\/2022\/09\/Tunnistus-300x240.png 300w, https:\/\/hevosjalostusliitot.fi\/keskipohjanmaa\/wp-content\/uploads\/sites\/10\/2022\/09\/Tunnistus-768x614.png 768w, https:\/\/hevosjalostusliitot.fi\/keskipohjanmaa\/wp-content\/uploads\/sites\/10\/2022\/09\/Tunnistus-1536x1229.png 1536w, https:\/\/hevosjalostusliitot.fi\/keskipohjanmaa\/wp-content\/uploads\/sites\/10\/2022\/09\/Tunnistus.png 2000w\" sizes=\"auto, (max-width: 1024px) 100vw, 1024px\" \/><figcaption>Varsojen, tuontihevosten, ponien ja aasien tunnistuspalvelut<\/figcaption><\/figure>\n\n\n<style>.wp-block-kadence-spacer.kt-block-spacer-_1466b3-f4 .kt-block-spacer{height:60px;}.wp-block-kadence-spacer.kt-block-spacer-_1466b3-f4 .kt-divider{border-top-width:1px;height:1px;border-top-color:#eee;width:80%;border-top-style:solid;}<\/style>\n<div class=\"wp-block-kadence-spacer aligncenter kt-block-spacer-_1466b3-f4\"><div class=\"kt-block-spacer kt-block-spacer-halign-center\" style=\"height:60px\"><hr class=\"kt-divider\" style=\"border-top-width:1px;width:80%;border-top-style:solid\" \/><\/div><\/div>\n\n\n\n<h2 class=\"wp-block-heading\">Tuontihevosen tunnistus<\/h2>\n\n\n\n<p>My\u00f6s tuontihevoset t\u00e4ytyy v\u00e4hint\u00e4\u00e4nkin ilmoittaa viranomaistietokantaan. Suositeltavaa kuitenkin on, ett\u00e4 paikanp\u00e4\u00e4lle kutsutaan tunnistaja, jolloin tarkistetaan ja varmistutaan hevosen identiteetist\u00e4. Tunnistaja lukee mikrosirun ja vertaa passin tietoja hevoseen. Tunnistus tehd\u00e4\u00e4n huolella ja ammattimaisesti. My\u00f6s jouhin\u00e4yte voidaan ottaa DNA:n varmistamiseksi (ravihevosilla pakollinen). Passi l\u00e4hetet\u00e4\u00e4n tunnistajan toimesta Hippokseen rekister\u00f6inti\u00e4 varten, jonka ajaksi omistaja saa tunnistajalta paperisen tunnistuslomakkeen passin korvikkeeksi. <\/p>\n\n\n\n<p>Ilmoitathan hyviss\u00e4 ajoin tuontihevosesta tunnistajalle, niin ett\u00e4 se saadaan aikataulutettua muiden ty\u00f6ajojen yhteyteen. Kiireellisiss\u00e4 tunnistuksissa veloitetaan lis\u00e4ksi kiirelis\u00e4 sek\u00e4 matkakilometrit.<\/p>\n\n\n\n<p>Hevosen tuonnista ja viennist\u00e4 voi lukea lis\u00e4\u00e4 Hippoksen sivuilta <a rel=\"noreferrer noopener\" href=\"https:\/\/www.hippos.fi\/hevosen-omistaminen\/hevosen-rekisterointi-ja-asiakirjat\/hevosen-tuonti-ja-vienti\/\" data-type=\"URL\" data-id=\"https:\/\/www.hippos.fi\/hevosen-omistaminen\/hevosen-rekisterointi-ja-asiakirjat\/hevosen-tuonti-ja-vienti\/\" target=\"_blank\">t\u00e4st\u00e4 linkist\u00e4.<\/a><\/p>\n\n\n<style>.wp-block-kadence-spacer.kt-block-spacer-_28e865-0c .kt-block-spacer{height:60px;}.wp-block-kadence-spacer.kt-block-spacer-_28e865-0c .kt-divider{border-top-width:1px;height:1px;border-top-color:#eee;width:80%;border-top-style:solid;}<\/style>\n<div class=\"wp-block-kadence-spacer aligncenter kt-block-spacer-_28e865-0c\"><div class=\"kt-block-spacer kt-block-spacer-halign-center\" style=\"height:60px\"><hr class=\"kt-divider\" style=\"border-top-width:1px;width:80%;border-top-style:solid\" \/><\/div><\/div>\n\n\n\n<div class=\"wp-block-image\"><figure class=\"alignleft size-large is-resized\"><img loading=\"lazy\" decoding=\"async\" src=\"https:\/\/hevosjalostusliitot.fi\/keskipohjanmaa\/wp-content\/uploads\/sites\/10\/2022\/09\/IMG-20220619-WA0014__01-1024x726.jpg\" alt=\"\" class=\"wp-image-375\" width=\"363\" height=\"257\" srcset=\"https:\/\/hevosjalostusliitot.fi\/keskipohjanmaa\/wp-content\/uploads\/sites\/10\/2022\/09\/IMG-20220619-WA0014__01-1024x726.jpg 1024w, https:\/\/hevosjalostusliitot.fi\/keskipohjanmaa\/wp-content\/uploads\/sites\/10\/2022\/09\/IMG-20220619-WA0014__01-300x213.jpg 300w, https:\/\/hevosjalostusliitot.fi\/keskipohjanmaa\/wp-content\/uploads\/sites\/10\/2022\/09\/IMG-20220619-WA0014__01-768x545.jpg 768w, https:\/\/hevosjalostusliitot.fi\/keskipohjanmaa\/wp-content\/uploads\/sites\/10\/2022\/09\/IMG-20220619-WA0014__01.jpg 1176w\" sizes=\"auto, (max-width: 363px) 100vw, 363px\" \/><figcaption>Tunnistuspiirros<\/figcaption><\/figure><\/div>\n\n\n\n<div class=\"wp-block-image\"><figure class=\"alignright size-large is-resized\"><img loading=\"lazy\" decoding=\"async\" src=\"https:\/\/hevosjalostusliitot.fi\/keskipohjanmaa\/wp-content\/uploads\/sites\/10\/2022\/09\/IMG-20220619-WA0012__01-1024x746.jpg\" alt=\"\" class=\"wp-image-376\" width=\"355\" height=\"259\" srcset=\"https:\/\/hevosjalostusliitot.fi\/keskipohjanmaa\/wp-content\/uploads\/sites\/10\/2022\/09\/IMG-20220619-WA0012__01-1024x746.jpg 1024w, https:\/\/hevosjalostusliitot.fi\/keskipohjanmaa\/wp-content\/uploads\/sites\/10\/2022\/09\/IMG-20220619-WA0012__01-300x218.jpg 300w, https:\/\/hevosjalostusliitot.fi\/keskipohjanmaa\/wp-content\/uploads\/sites\/10\/2022\/09\/IMG-20220619-WA0012__01-768x559.jpg 768w, https:\/\/hevosjalostusliitot.fi\/keskipohjanmaa\/wp-content\/uploads\/sites\/10\/2022\/09\/IMG-20220619-WA0012__01.jpg 1302w\" sizes=\"auto, (max-width: 355px) 100vw, 355px\" \/><figcaption>Merkkien ja py\u00f6rteiden tarkistus<\/figcaption><\/figure><\/div>\n\n\n\n<p><\/p>\n\n\n<style>.wp-block-kadence-spacer.kt-block-spacer-_8292dd-ba .kt-block-spacer{height:60px;}.wp-block-kadence-spacer.kt-block-spacer-_8292dd-ba .kt-divider{border-top-width:1px;height:1px;border-top-color:#eee;width:80%;border-top-style:solid;}<\/style>\n<div class=\"wp-block-kadence-spacer aligncenter kt-block-spacer-_8292dd-ba\"><div class=\"kt-block-spacer kt-block-spacer-halign-center\" style=\"height:60px\"><hr class=\"kt-divider\" style=\"border-top-width:1px;width:80%;border-top-style:solid\" \/><\/div><\/div>\n","protected":false},"excerpt":{"rendered":"<p>Tunnistustoiminta Keski-Pohjanmaan Hevosjalostusliitto ry tarjoaa alueellaan tunnistuspalveluita poneille, hevosille ja aaseille. Kes\u00e4lliset varsat tunnistetaan p\u00e4\u00e4s\u00e4\u00e4nt\u00f6isesti syntym\u00e4vuoden syksyll\u00e4. Varsan tunnistus T\u00e4rkeint\u00e4 on, ett\u00e4 varsominen (ja my\u00f6s mahdollinen luominen tai varsan kuolleena syntyminen tai menehtyminen) ilmoitetaan joko Suomen Hippokseen omatalli-palvelun kautta (vaatii tunnukset) tai Hevosjalostusliittoon paperilomakkeella. Mik\u00e4li varsa asuu eri osoitteessa kuin [&hellip;]<\/p>\n","protected":false},"author":26,"featured_media":270,"parent":0,"menu_order":0,"comment_status":"closed","ping_status":"closed","template":"","meta":{"_EventAllDay":false,"_EventTimezone":"","_EventStartDate":"","_EventEndDate":"","_EventStartDateUTC":"","_EventEndDateUTC":"","_EventShowMap":false,"_EventShowMapLink":false,"_EventURL":"","_EventCost":"","_EventCostDescription":"","_EventCurrencySymbol":"","_EventCurrencyPosition":"","_EventDateTimeSeparator":"","_EventTimeRangeSeparator":"","_EventOrganizerID":[],"_EventVenueID":0,"_OrganizerEmail":"","_OrganizerPhone":"","_OrganizerWebsite":"","_VenueAddress":"","_VenueCity":"","_VenueCountry":"","_VenueProvince":"","_VenueZip":"","_VenuePhone":"","_VenueURL":"","_VenueStateProvince":"","_VenueLat":"","_VenueLng":"","footnotes":""},"class_list":["post-363","page","type-page","status-publish","has-post-thumbnail","hentry"],"_links":{"self":[{"href":"https:\/\/hevosjalostusliitot.fi\/keskipohjanmaa\/wp-json\/wp\/v2\/pages\/363","targetHints":{"allow":["GET"]}}],"collection":[{"href":"https:\/\/hevosjalostusliitot.fi\/keskipohjanmaa\/wp-json\/wp\/v2\/pages"}],"about":[{"href":"https:\/\/hevosjalostusliitot.fi\/keskipohjanmaa\/wp-json\/wp\/v2\/types\/page"}],"author":[{"embeddable":true,"href":"https:\/\/hevosjalostusliitot.fi\/keskipohjanmaa\/wp-json\/wp\/v2\/users\/26"}],"replies":[{"embeddable":true,"href":"https:\/\/hevosjalostusliitot.fi\/keskipohjanmaa\/wp-json\/wp\/v2\/comments?post=363"}],"version-history":[{"count":7,"href":"https:\/\/hevosjalostusliitot.fi\/keskipohjanmaa\/wp-json\/wp\/v2\/pages\/363\/revisions"}],"predecessor-version":[{"id":377,"href":"https:\/\/hevosjalostusliitot.fi\/keskipohjanmaa\/wp-json\/wp\/v2\/pages\/363\/revisions\/377"}],"wp:featuredmedia":[{"embeddable":true,"href":"https:\/\/hevosjalostusliitot.fi\/keskipohjanmaa\/wp-json\/wp\/v2\/media\/270"}],"wp:attachment":[{"href":"https:\/\/hevosjalostusliitot.fi\/keskipohjanmaa\/wp-json\/wp\/v2\/media?parent=363"}],"curies":[{"name":"wp","href":"https:\/\/api.w.org\/{rel}","templated":true}]}}