{"id":276,"date":"2022-04-26T12:52:44","date_gmt":"2022-04-26T09:52:44","guid":{"rendered":"https:\/\/hevosjalostusliitot.fi\/keskipohjanmaa\/?page_id=276"},"modified":"2025-01-27T10:00:11","modified_gmt":"2025-01-27T08:00:11","slug":"nuorisotoiminta","status":"publish","type":"page","link":"https:\/\/hevosjalostusliitot.fi\/keskipohjanmaa\/nuorisotoiminta\/","title":{"rendered":"Nuorisotoiminta"},"content":{"rendered":"<style>.wp-block-kadence-spacer.kt-block-spacer-_f0ed92-43 .kt-block-spacer{height:60px;}.wp-block-kadence-spacer.kt-block-spacer-_f0ed92-43 .kt-divider{border-top-width:1px;height:1px;border-top-color:#eee;width:80%;border-top-style:solid;}<\/style>\n<div class=\"wp-block-kadence-spacer aligncenter kt-block-spacer-_f0ed92-43\"><div class=\"kt-block-spacer kt-block-spacer-halign-center\" style=\"height:60px\"><hr class=\"kt-divider\" style=\"border-top-width:1px;width:80%;border-top-style:solid\" \/><\/div><\/div>\n\n\n\n<h2 class=\"wp-block-heading\">Ravinuoret<\/h2>\n\n\n\n<p>Keski-Pohjanmaan Hevosjalostusliitto ry on vahvasti mukana kannustamassa nuorisotoimintaa. Toiminnanjohtaja Susanna Mastokangas toimi Kaustisen Seudun Ravinuorten Nuorisovastaavana vuodet 2022-2023 jolloin toimintaa k\u00e4ynnisteltiin uudelleen tauon j\u00e4lkeen. <\/p>\n\n\n\n<div class=\"wp-block-image is-style-rounded\"><figure class=\"alignright size-large is-resized\"><img loading=\"lazy\" decoding=\"async\" src=\"https:\/\/hevosjalostusliitot.fi\/keskipohjanmaa\/wp-content\/uploads\/sites\/10\/2022\/04\/Ravinuoret-logo.jpg\" alt=\"\" class=\"wp-image-281\" width=\"159\" height=\"159\" srcset=\"https:\/\/hevosjalostusliitot.fi\/keskipohjanmaa\/wp-content\/uploads\/sites\/10\/2022\/04\/Ravinuoret-logo.jpg 1022w, https:\/\/hevosjalostusliitot.fi\/keskipohjanmaa\/wp-content\/uploads\/sites\/10\/2022\/04\/Ravinuoret-logo-300x300.jpg 300w, https:\/\/hevosjalostusliitot.fi\/keskipohjanmaa\/wp-content\/uploads\/sites\/10\/2022\/04\/Ravinuoret-logo-150x150.jpg 150w, https:\/\/hevosjalostusliitot.fi\/keskipohjanmaa\/wp-content\/uploads\/sites\/10\/2022\/04\/Ravinuoret-logo-768x768.jpg 768w\" sizes=\"auto, (max-width: 159px) 100vw, 159px\" \/><\/figure><\/div>\n\n\n\n<p>Virallinen tiedotuskanava ravinuorille on <a rel=\"noreferrer noopener\" href=\"https:\/\/www.facebook.com\/kaustisenravinuoret\" target=\"_blank\">Facebook-sivu<\/a>, k\u00e4y tsekkaamassa ja tykk\u00e4\u00e4m\u00e4ss\u00e4.<\/p>\n\n\n\n<p>Kaustisen Seudun Ravinuoriin voi liitty\u00e4 j\u00e4seneksi  <a rel=\"noreferrer noopener\" href=\"https:\/\/www.hippos.fi\/raviurheilu\/nuorisotoiminta\/liity-nuorisotoiminnan-jaseneksi\/\" target=\"_blank\">t\u00e4st\u00e4<\/a>.  Lis\u00e4tietoa raviurheilun nuorisotoiminnasta, j\u00e4senhinnoista ja eduista l\u00f6ytyy <a rel=\"noreferrer noopener\" href=\"https:\/\/www.hippos.fi\/raviurheilu\/nuorisotoiminta\/\" target=\"_blank\">Hippoksen sivuilta<\/a>. <\/p>\n\n\n\n<figure class=\"wp-block-image size-large\"><img loading=\"lazy\" decoding=\"async\" width=\"1024\" height=\"577\" src=\"https:\/\/hevosjalostusliitot.fi\/keskipohjanmaa\/wp-content\/uploads\/sites\/10\/2023\/10\/Kansikuva-1024x577.jpg\" alt=\"\" class=\"wp-image-512\" srcset=\"https:\/\/hevosjalostusliitot.fi\/keskipohjanmaa\/wp-content\/uploads\/sites\/10\/2023\/10\/Kansikuva-1024x577.jpg 1024w, https:\/\/hevosjalostusliitot.fi\/keskipohjanmaa\/wp-content\/uploads\/sites\/10\/2023\/10\/Kansikuva-300x169.jpg 300w, https:\/\/hevosjalostusliitot.fi\/keskipohjanmaa\/wp-content\/uploads\/sites\/10\/2023\/10\/Kansikuva-768x433.jpg 768w, https:\/\/hevosjalostusliitot.fi\/keskipohjanmaa\/wp-content\/uploads\/sites\/10\/2023\/10\/Kansikuva-1536x865.jpg 1536w, https:\/\/hevosjalostusliitot.fi\/keskipohjanmaa\/wp-content\/uploads\/sites\/10\/2023\/10\/Kansikuva.jpg 1640w\" sizes=\"auto, (max-width: 1024px) 100vw, 1024px\" \/><\/figure>\n\n\n<style>.wp-block-kadence-spacer.kt-block-spacer-_5f5b8d-ed .kt-block-spacer{height:60px;}.wp-block-kadence-spacer.kt-block-spacer-_5f5b8d-ed .kt-divider{border-top-width:1px;height:1px;border-top-color:#eee;width:80%;border-top-style:solid;}<\/style>\n<div class=\"wp-block-kadence-spacer aligncenter kt-block-spacer-_5f5b8d-ed\"><div class=\"kt-block-spacer kt-block-spacer-halign-center\" style=\"height:60px\"><hr class=\"kt-divider\" style=\"border-top-width:1px;width:80%;border-top-style:solid\" \/><\/div><\/div>\n\n\n\n<h2 class=\"wp-block-heading\">Kaikki ponit palkitaan<\/h2>\n\n\n\n<p>Keski-Pohjanmaan Hevosjalostusliitto ry on palkinnut jo useampana vuonna per\u00e4kk\u00e4in alueensa kes\u00e4- ja paikallisraveissa ilman rahaa j\u00e4\u00e4neet ponivaljakot lahjakorteilla valjasliikkeeseen, jotta kaikki saavat palkinnon ja harrastus s\u00e4ilyy mielekk\u00e4\u00e4n\u00e4. Pienikin lahjakortti ilahduttaa mielt\u00e4 hylkystartin p\u00e4\u00e4tteeksi ja motivoi jatkamaan hevosurheilun parissa eteenp\u00e4in.<\/p>\n\n\n<style>.wp-block-kadence-spacer.kt-block-spacer-_fc62c1-a4 .kt-block-spacer{height:60px;}.wp-block-kadence-spacer.kt-block-spacer-_fc62c1-a4 .kt-divider{border-top-width:1px;height:1px;border-top-color:#eee;width:80%;border-top-style:solid;}<\/style>\n<div class=\"wp-block-kadence-spacer aligncenter kt-block-spacer-_fc62c1-a4\"><div class=\"kt-block-spacer kt-block-spacer-halign-center\" style=\"height:60px\"><hr class=\"kt-divider\" style=\"border-top-width:1px;width:80%;border-top-style:solid\" \/><\/div><\/div>\n\n\n\n<h2 class=\"wp-block-heading\">Edustavin Valjakko<\/h2>\n\n\n\n<p>Uutuutena vuodelle 2021 tullut Edustavin valjakko palkinto jaetaan Keski-Pohjanmaan alueen kes\u00e4- ja paikallisraveissa niin edustavimmalle poni- kuin hevosvaljakollekin. Palkinto kannustaa kiinnitt\u00e4m\u00e4\u00e4n huomiota ajolinjoihin ja tapoihin sek\u00e4 hevosen, ponin ja omien varusteiden kuntoon ja k\u00e4sittelyyn. Oleellista on my\u00f6s hyvinvoiva hevonen ja poni sek\u00e4 kanssakilpailijoita kunnioittava k\u00e4yt\u00f6s kaikin puolin. N\u00e4m\u00e4 arvot kulkevat yhtenev\u00e4isesti Suomen Hippoksen vastuullisuusohjelman kanssa. <\/p>\n\n\n\n<p><\/p>\n\n\n\n<figure class=\"wp-block-image size-large\"><img loading=\"lazy\" decoding=\"async\" width=\"1024\" height=\"726\" src=\"https:\/\/hevosjalostusliitot.fi\/keskipohjanmaa\/wp-content\/uploads\/sites\/10\/2022\/04\/Edustavin-valjakko-mainos-1024x726.png\" alt=\"\" class=\"wp-image-280\" srcset=\"https:\/\/hevosjalostusliitot.fi\/keskipohjanmaa\/wp-content\/uploads\/sites\/10\/2022\/04\/Edustavin-valjakko-mainos-1024x726.png 1024w, https:\/\/hevosjalostusliitot.fi\/keskipohjanmaa\/wp-content\/uploads\/sites\/10\/2022\/04\/Edustavin-valjakko-mainos-300x213.png 300w, https:\/\/hevosjalostusliitot.fi\/keskipohjanmaa\/wp-content\/uploads\/sites\/10\/2022\/04\/Edustavin-valjakko-mainos-768x545.png 768w, https:\/\/hevosjalostusliitot.fi\/keskipohjanmaa\/wp-content\/uploads\/sites\/10\/2022\/04\/Edustavin-valjakko-mainos-1536x1090.png 1536w, https:\/\/hevosjalostusliitot.fi\/keskipohjanmaa\/wp-content\/uploads\/sites\/10\/2022\/04\/Edustavin-valjakko-mainos.png 1748w\" sizes=\"auto, (max-width: 1024px) 100vw, 1024px\" \/><\/figure>\n\n\n<style>.wp-block-kadence-spacer.kt-block-spacer-_1853eb-62 .kt-block-spacer{height:60px;}.wp-block-kadence-spacer.kt-block-spacer-_1853eb-62 .kt-divider{border-top-width:1px;height:1px;border-top-color:#eee;width:80%;border-top-style:solid;}<\/style>\n<div class=\"wp-block-kadence-spacer aligncenter kt-block-spacer-_1853eb-62\"><div class=\"kt-block-spacer kt-block-spacer-halign-center\" style=\"height:60px\"><hr class=\"kt-divider\" style=\"border-top-width:1px;width:80%;border-top-style:solid\" \/><\/div><\/div>\n\n\n\n<h2 class=\"wp-block-heading\">Vastuullisuus<\/h2>\n\n\n\n<p>Vastuullisuuden kolme p\u00e4\u00e4teemaa ovat Hyvinvoiva hevonen, Yhdenvertainen ja vetovoimainen yhteis\u00f6 ja Reilu tapa toimia. T\u00e4t\u00e4 tuomme esiin ennen kaikkea nuorisotoiminnassa, pid\u00e4mme huolta ett\u00e4 ket\u00e4\u00e4n ei kiusata eik\u00e4 j\u00e4tet\u00e4 yksin tai ulkopuoliseksi, puutumme matalalla kynnyksell\u00e4 heti kaikkiin ep\u00e4kohtiin. Kiinnit\u00e4mme erityishuomiota siihen ett\u00e4 kaikki toiminta on avointa ja l\u00e4pin\u00e4kyv\u00e4\u00e4, teemme jatkuvasti j\u00e4rjest\u00e4mist\u00e4mme kursseista ja kerhoista palautekyselyj\u00e4. Neuvomme ja varmistamme ett\u00e4 ohjeita, s\u00e4\u00e4nt\u00f6j\u00e4 ja lain vaatimuksia noudatetaan niin hevostilojen ty\u00f6el\u00e4m\u00e4ss\u00e4 kuin harrastustoiminnassa, niin hevosten kuin hevosihmistenkin osalta.<\/p>\n\n\n\n<p>Lis\u00e4\u00e4 aiheesta <a rel=\"noreferrer noopener\" href=\"https:\/\/www.hippos.fi\/vastuullisuus\/\" target=\"_blank\">Hippoksen sivuilla.<\/a><\/p>\n\n\n\n<figure class=\"wp-block-image size-large\"><img loading=\"lazy\" decoding=\"async\" width=\"1024\" height=\"1024\" src=\"https:\/\/hevosjalostusliitot.fi\/keskipohjanmaa\/wp-content\/uploads\/sites\/10\/2022\/04\/Hairinnasta_vapaa_hevosalue_kuva_Hippos-1024x1024.jpg\" alt=\"\" class=\"wp-image-283\" srcset=\"https:\/\/hevosjalostusliitot.fi\/keskipohjanmaa\/wp-content\/uploads\/sites\/10\/2022\/04\/Hairinnasta_vapaa_hevosalue_kuva_Hippos-1024x1024.jpg 1024w, https:\/\/hevosjalostusliitot.fi\/keskipohjanmaa\/wp-content\/uploads\/sites\/10\/2022\/04\/Hairinnasta_vapaa_hevosalue_kuva_Hippos-300x300.jpg 300w, https:\/\/hevosjalostusliitot.fi\/keskipohjanmaa\/wp-content\/uploads\/sites\/10\/2022\/04\/Hairinnasta_vapaa_hevosalue_kuva_Hippos-150x150.jpg 150w, https:\/\/hevosjalostusliitot.fi\/keskipohjanmaa\/wp-content\/uploads\/sites\/10\/2022\/04\/Hairinnasta_vapaa_hevosalue_kuva_Hippos-768x768.jpg 768w, https:\/\/hevosjalostusliitot.fi\/keskipohjanmaa\/wp-content\/uploads\/sites\/10\/2022\/04\/Hairinnasta_vapaa_hevosalue_kuva_Hippos.jpg 1200w\" sizes=\"auto, (max-width: 1024px) 100vw, 1024px\" \/><\/figure>\n\n\n<style>.wp-block-kadence-spacer.kt-block-spacer-_ef778d-b7 .kt-block-spacer{height:60px;}.wp-block-kadence-spacer.kt-block-spacer-_ef778d-b7 .kt-divider{border-top-width:1px;height:1px;border-top-color:#eee;width:80%;border-top-style:solid;}<\/style>\n<div class=\"wp-block-kadence-spacer aligncenter kt-block-spacer-_ef778d-b7\"><div class=\"kt-block-spacer kt-block-spacer-halign-center\" style=\"height:60px\"><hr class=\"kt-divider\" style=\"border-top-width:1px;width:80%;border-top-style:solid\" \/><\/div><\/div>\n\n\n<style>.wp-block-kadence-spacer.kt-block-spacer-_8c37a0-71 .kt-block-spacer{height:60px;}.wp-block-kadence-spacer.kt-block-spacer-_8c37a0-71 .kt-divider{border-top-width:1px;height:1px;border-top-color:#eee;width:80%;border-top-style:solid;}<\/style>\n<div class=\"wp-block-kadence-spacer aligncenter kt-block-spacer-_8c37a0-71\"><div class=\"kt-block-spacer kt-block-spacer-halign-center\" style=\"height:60px\"><hr class=\"kt-divider\" style=\"border-top-width:1px;width:80%;border-top-style:solid\" \/><\/div><\/div>\n\n\n\n<h2 class=\"wp-block-heading\">Ponimittaus<\/h2>\n\n\n\n<p>Keski-Pohjanmaan Hevosjalostusliiton tarjoamiin palveluihin kuuluu my\u00f6s virallinen ponimittaus. Kysy lis\u00e4\u00e4, sovitaan aika ja paikka mittaukselle joko kotitallille tai l\u00e4himm\u00e4lle raviradalle.<\/p>\n","protected":false},"excerpt":{"rendered":"<p>Ravinuoret Keski-Pohjanmaan Hevosjalostusliitto ry on vahvasti mukana kannustamassa nuorisotoimintaa. Toiminnanjohtaja Susanna Mastokangas toimi Kaustisen Seudun Ravinuorten Nuorisovastaavana vuodet 2022-2023 jolloin toimintaa k\u00e4ynnisteltiin uudelleen tauon j\u00e4lkeen. Virallinen tiedotuskanava ravinuorille on Facebook-sivu, k\u00e4y tsekkaamassa ja tykk\u00e4\u00e4m\u00e4ss\u00e4. Kaustisen Seudun Ravinuoriin voi liitty\u00e4 j\u00e4seneksi t\u00e4st\u00e4. Lis\u00e4tietoa raviurheilun nuorisotoiminnasta, j\u00e4senhinnoista ja eduista l\u00f6ytyy Hippoksen sivuilta. [&hellip;]<\/p>\n","protected":false},"author":26,"featured_media":297,"parent":0,"menu_order":0,"comment_status":"closed","ping_status":"closed","template":"","meta":{"_EventAllDay":false,"_EventTimezone":"","_EventStartDate":"","_EventEndDate":"","_EventStartDateUTC":"","_EventEndDateUTC":"","_EventShowMap":false,"_EventShowMapLink":false,"_EventURL":"","_EventCost":"","_EventCostDescription":"","_EventCurrencySymbol":"","_EventCurrencyPosition":"","_EventDateTimeSeparator":"","_EventTimeRangeSeparator":"","_EventOrganizerID":[],"_EventVenueID":0,"_OrganizerEmail":"","_OrganizerPhone":"","_OrganizerWebsite":"","_VenueAddress":"","_VenueCity":"","_VenueCountry":"","_VenueProvince":"","_VenueZip":"","_VenuePhone":"","_VenueURL":"","_VenueStateProvince":"","_VenueLat":"","_VenueLng":"","footnotes":""},"class_list":["post-276","page","type-page","status-publish","has-post-thumbnail","hentry"],"_links":{"self":[{"href":"https:\/\/hevosjalostusliitot.fi\/keskipohjanmaa\/wp-json\/wp\/v2\/pages\/276","targetHints":{"allow":["GET"]}}],"collection":[{"href":"https:\/\/hevosjalostusliitot.fi\/keskipohjanmaa\/wp-json\/wp\/v2\/pages"}],"about":[{"href":"https:\/\/hevosjalostusliitot.fi\/keskipohjanmaa\/wp-json\/wp\/v2\/types\/page"}],"author":[{"embeddable":true,"href":"https:\/\/hevosjalostusliitot.fi\/keskipohjanmaa\/wp-json\/wp\/v2\/users\/26"}],"replies":[{"embeddable":true,"href":"https:\/\/hevosjalostusliitot.fi\/keskipohjanmaa\/wp-json\/wp\/v2\/comments?post=276"}],"version-history":[{"count":16,"href":"https:\/\/hevosjalostusliitot.fi\/keskipohjanmaa\/wp-json\/wp\/v2\/pages\/276\/revisions"}],"predecessor-version":[{"id":610,"href":"https:\/\/hevosjalostusliitot.fi\/keskipohjanmaa\/wp-json\/wp\/v2\/pages\/276\/revisions\/610"}],"wp:featuredmedia":[{"embeddable":true,"href":"https:\/\/hevosjalostusliitot.fi\/keskipohjanmaa\/wp-json\/wp\/v2\/media\/297"}],"wp:attachment":[{"href":"https:\/\/hevosjalostusliitot.fi\/keskipohjanmaa\/wp-json\/wp\/v2\/media?parent=276"}],"curies":[{"name":"wp","href":"https:\/\/api.w.org\/{rel}","templated":true}]}}