{"id":19,"date":"2020-05-16T13:43:01","date_gmt":"2020-05-16T10:43:01","guid":{"rendered":"https:\/\/hevosjalostusliitot.fi\/keskipohjanmaa\/?page_id=19"},"modified":"2025-01-27T09:45:50","modified_gmt":"2025-01-27T07:45:50","slug":"etusivu","status":"publish","type":"page","link":"https:\/\/hevosjalostusliitot.fi\/keskipohjanmaa\/","title":{"rendered":"Etusivu"},"content":{"rendered":"\n<div class=\"wp-block-kadence-rowlayout alignfull\"><div id=\"kt-layout-id_584f03-46\" class=\"kt-row-layout-inner kt-row-has-bg kt-layout-id_584f03-46\"><div class=\"kt-row-layout-overlay kt-row-overlay-gradient\"><\/div><div class=\"kt-row-column-wrap kt-has-1-columns kt-gutter-default kt-v-gutter-default kt-row-valign-top kt-row-layout-equal kt-tab-layout-inherit kt-m-colapse-left-to-right kt-mobile-layout-row\"><\/div><div class=\"kt-row-layout-bottom-sep kt-row-sep-type-ctd\"><\/div><\/div><\/div>\n\n\n<style>.wp-block-kadence-spacer.kt-block-spacer-_737681-40 .kt-block-spacer{height:60px;}.wp-block-kadence-spacer.kt-block-spacer-_737681-40 .kt-divider{border-top-width:1px;height:1px;border-top-color:#eee;width:80%;border-top-style:solid;}<\/style>\n<div class=\"wp-block-kadence-spacer aligncenter kt-block-spacer-_737681-40\"><div class=\"kt-block-spacer kt-block-spacer-halign-center\" style=\"height:60px\"><hr class=\"kt-divider\" style=\"border-top-width:1px;width:80%;border-top-style:solid\" \/><\/div><\/div>\n\n\n\n<h2 class=\"has-text-align-center has-text-color wp-block-heading\" style=\"color:#056c98\"><strong>Tervetuloa Keski-Pohjanmaan <\/strong><\/h2>\n\n\n\n<h2 class=\"has-text-align-center has-text-color wp-block-heading\" style=\"color:#056c98\"><strong>Hevosjalostusliiton sivuille!<\/strong><\/h2>\n\n\n<style>.wp-block-kadence-spacer.kt-block-spacer-_202fd8-54 .kt-block-spacer{height:60px;}.wp-block-kadence-spacer.kt-block-spacer-_202fd8-54 .kt-divider{border-top-width:1px;height:1px;border-top-color:#eee;width:80%;border-top-style:solid;}<\/style>\n<div class=\"wp-block-kadence-spacer aligncenter kt-block-spacer-_202fd8-54\"><div class=\"kt-block-spacer kt-block-spacer-halign-center\" style=\"height:60px\"><hr class=\"kt-divider\" style=\"border-top-width:1px;width:80%;border-top-style:solid\" \/><\/div><\/div>\n\n\n\n<div class=\"wp-block-group\"><div class=\"wp-block-group__inner-container is-layout-flow wp-block-group-is-layout-flow\">\n<p class=\"has-text-align-center\">Autamme mielell\u00e4mme kaikissa hevosaiheisissa kysymyksiss\u00e4 ja asioissa, <\/p>\n\n\n\n<p class=\"has-text-align-center\">toimien hevosenomistajien ja kasvattajien neuvonantajina <\/p>\n\n\n\n<p class=\"has-text-align-center\">yhteisty\u00f6ss\u00e4 <a href=\"http:\/\/www.hippos.fi\" data-type=\"URL\" data-id=\"www.hippos.fi\" target=\"_blank\" rel=\"noreferrer noopener\">Suomen Hippos ry<\/a>:n kanssa.<\/p>\n\n\n<style>.wp-block-kadence-spacer.kt-block-spacer-_a9fe3a-c3 .kt-block-spacer{height:60px;}.wp-block-kadence-spacer.kt-block-spacer-_a9fe3a-c3 .kt-divider{border-top-width:1px;height:1px;border-top-color:#eee;width:80%;border-top-style:solid;}<\/style>\n<div class=\"wp-block-kadence-spacer aligncenter kt-block-spacer-_a9fe3a-c3\"><div class=\"kt-block-spacer kt-block-spacer-halign-center\" style=\"height:60px\"><hr class=\"kt-divider\" style=\"border-top-width:1px;width:80%;border-top-style:solid\" \/><\/div><\/div>\n\n\n\n<p><\/p>\n<\/div><\/div>\n\n\n\n<div class=\"wp-block-image\"><figure class=\"alignright size-large is-resized\"><img loading=\"lazy\" decoding=\"async\" src=\"https:\/\/hevosjalostusliitot.fi\/keskipohjanmaa\/wp-content\/uploads\/sites\/10\/2021\/03\/K-P-HJL-Logo-1024x1024.jpg\" alt=\"\" class=\"wp-image-105\" width=\"387\" height=\"387\" srcset=\"https:\/\/hevosjalostusliitot.fi\/keskipohjanmaa\/wp-content\/uploads\/sites\/10\/2021\/03\/K-P-HJL-Logo-1024x1024.jpg 1024w, https:\/\/hevosjalostusliitot.fi\/keskipohjanmaa\/wp-content\/uploads\/sites\/10\/2021\/03\/K-P-HJL-Logo-300x300.jpg 300w, https:\/\/hevosjalostusliitot.fi\/keskipohjanmaa\/wp-content\/uploads\/sites\/10\/2021\/03\/K-P-HJL-Logo-150x150.jpg 150w, https:\/\/hevosjalostusliitot.fi\/keskipohjanmaa\/wp-content\/uploads\/sites\/10\/2021\/03\/K-P-HJL-Logo-768x768.jpg 768w, https:\/\/hevosjalostusliitot.fi\/keskipohjanmaa\/wp-content\/uploads\/sites\/10\/2021\/03\/K-P-HJL-Logo.jpg 1500w\" sizes=\"auto, (max-width: 387px) 100vw, 387px\" \/><\/figure><\/div>\n\n\n\n<div class=\"wp-block-group\"><div class=\"wp-block-group__inner-container is-layout-flow wp-block-group-is-layout-flow\">\n<h4 class=\"wp-block-heading\"><strong>Esimerkkej\u00e4 toiminnastamme:<\/strong><\/h4>\n\n\n\n<ul class=\"wp-block-list\"><li><a rel=\"noreferrer noopener\" href=\"https:\/\/www.hippos.fi\/kasvatus\/varsan-rekisterointi\/tunnistaminen\/\" data-type=\"URL\" data-id=\"https:\/\/www.hippos.fi\/kasvatus\/varsan-rekisterointi\/tunnistaminen\/\" target=\"_blank\">varsojen ja tuontihevosten tunnistukset<\/a><\/li><li>yleinen hevosalan neuvonta<\/li><li>paikallisravien j\u00e4rjestelyiss\u00e4 auttaminen<\/li><li><a href=\"https:\/\/www.hippos.fi\/koulutus\/raviurheilijan-koulutukset\/ajolupakurssit\/\" data-type=\"URL\" data-id=\"https:\/\/www.hippos.fi\/koulutus\/raviurheilijan-koulutukset\/ajolupakurssit\/\" target=\"_blank\" rel=\"noreferrer noopener\">ajolupakurssit ja vastuuvalmentajakoulutukset<\/a><\/li><li>yhteisty\u00f6 j\u00e4senseurojen kanssa<\/li><li>tamma ja varsan\u00e4yttelyt<\/li><li>viralliset ponimittaukset<\/li><li><a href=\"https:\/\/www.hippos.fi\/raviurheilu\/nuorisotoiminta\/\" data-type=\"URL\" data-id=\"https:\/\/www.hippos.fi\/raviurheilu\/nuorisotoiminta\/\" target=\"_blank\" rel=\"noreferrer noopener\">nuorisotoiminta<\/a><\/li><li><a href=\"https:\/\/www.hippos.fi\/kasvatus\/varsan-rekisterointi\/\" data-type=\"URL\" data-id=\"https:\/\/www.hippos.fi\/kasvatus\/varsan-rekisterointi\/\" target=\"_blank\" rel=\"noreferrer noopener\">astutus- ja varsatietojen rekister\u00f6inti<\/a><\/li><\/ul>\n\n\n\n<hr class=\"wp-block-separator is-style-dots\" \/>\n\n\n\n<h4 class=\"wp-block-heading\"><strong>Keski-Pohjanmaan Hevosjalostusliitto ry:n j\u00e4senseuroja ovat:<\/strong><\/h4>\n<\/div><\/div>\n\n\n\n<div class=\"wp-block-group\"><div class=\"wp-block-group__inner-container is-layout-flow wp-block-group-is-layout-flow\">\n<ul class=\"wp-block-list\"><li><a rel=\"noreferrer noopener\" href=\"https:\/\/www.facebook.com\/Halsuan-Hevosjalostusyhdistys-Ry-395587047168804\" data-type=\"URL\" data-id=\"https:\/\/www.facebook.com\/Halsuan-Hevosjalostusyhdistys-Ry-395587047168804\" target=\"_blank\">Halsuan Hevosjalostusyhdistys ry<\/a><\/li><li><a rel=\"noreferrer noopener\" href=\"https:\/\/www.facebook.com\/Kalajoenravit\" data-type=\"URL\" data-id=\"https:\/\/www.facebook.com\/Kalajoenravit\" target=\"_blank\">Kalajoen Hevosyst\u00e4v\u00e4inseura ry<\/a><\/li><li><a rel=\"noreferrer noopener\" href=\"https:\/\/www.facebook.com\/groups\/360692483185\" data-type=\"URL\" data-id=\"https:\/\/www.facebook.com\/groups\/360692483185\" target=\"_blank\">Kannuksen Hevosjalostusyhdistys ry<\/a><\/li><li>Kannuksen Keskusravirata oy<\/li><li><a rel=\"noreferrer noopener\" href=\"https:\/\/www.facebook.com\/Kaustisen-ravirata-143874562289722\" data-type=\"URL\" data-id=\"https:\/\/www.facebook.com\/Kaustisen-ravirata-143874562289722\" target=\"_blank\">Kaustisen Seudun Raviseura ry<\/a><\/li><li><a rel=\"noreferrer noopener\" href=\"https:\/\/www.facebook.com\/Kokkolanseudun-Hippos-ry-155873517808886\" data-type=\"URL\" data-id=\"https:\/\/www.facebook.com\/Kokkolanseudun-Hippos-ry-155873517808886\" target=\"_blank\">Kokkolanseudun Hippos ry<\/a><\/li><li>K\u00e4lvi\u00e4n Hevosjalostusyhdistys ry<\/li><li>Lestij\u00e4rven Hevosyst\u00e4v\u00e4inseura ry<\/li><li>Lohtajan Hevosjalostusyhdistys ry<\/li><li><a rel=\"noreferrer noopener\" href=\"https:\/\/www.kaustisenravit.fi\/index.php\/fi\/\" data-type=\"URL\" data-id=\"https:\/\/www.kaustisenravit.fi\/index.php\/fi\/\" target=\"_blank\">Nikulan Ravirata oy<\/a><\/li><li><a rel=\"noreferrer noopener\" href=\"https:\/\/www.facebook.com\/Perhon-ravirata-oy-153813501871933\" data-type=\"URL\" data-id=\"https:\/\/www.facebook.com\/Perhon-ravirata-oy-153813501871933\" target=\"_blank\">Perhon Ravirata oy<\/a><\/li><li><a rel=\"noreferrer noopener\" href=\"https:\/\/www.facebook.com\/groups\/405682072805346\" data-type=\"URL\" data-id=\"https:\/\/www.facebook.com\/groups\/405682072805346\" target=\"_blank\">Reisj\u00e4rven Hevosyst\u00e4v\u00e4t ry<\/a><\/li><li>Toholammin Hevosjalostusyhdistys ry<\/li><\/ul>\n\n\n\n<hr class=\"wp-block-separator is-style-dots\" \/>\n<\/div><\/div>\n\n\n\n<p class=\"has-text-color\" style=\"color:#0075a7\"><\/p>\n\n\n\n<p><\/p>\n","protected":false},"excerpt":{"rendered":"<p>Tervetuloa Keski-Pohjanmaan Hevosjalostusliiton sivuille! Autamme mielell\u00e4mme kaikissa hevosaiheisissa kysymyksiss\u00e4 ja asioissa, toimien hevosenomistajien ja kasvattajien neuvonantajina yhteisty\u00f6ss\u00e4 Suomen Hippos ry:n kanssa. Esimerkkej\u00e4 toiminnastamme: varsojen ja tuontihevosten tunnistukset yleinen hevosalan neuvonta paikallisravien j\u00e4rjestelyiss\u00e4 auttaminen ajolupakurssit ja vastuuvalmentajakoulutukset yhteisty\u00f6 j\u00e4senseurojen kanssa tamma ja varsan\u00e4yttelyt viralliset ponimittaukset nuorisotoiminta astutus- ja varsatietojen rekister\u00f6inti Keski-Pohjanmaan [&hellip;]<\/p>\n","protected":false},"author":1,"featured_media":0,"parent":0,"menu_order":0,"comment_status":"closed","ping_status":"closed","template":"page-templates\/template-fullwidth.php","meta":{"_EventAllDay":false,"_EventTimezone":"","_EventStartDate":"","_EventEndDate":"","_EventStartDateUTC":"","_EventEndDateUTC":"","_EventShowMap":false,"_EventShowMapLink":false,"_EventURL":"","_EventCost":"","_EventCostDescription":"","_EventCurrencySymbol":"","_EventCurrencyPosition":"","_EventDateTimeSeparator":"","_EventTimeRangeSeparator":"","_EventOrganizerID":[],"_EventVenueID":0,"_OrganizerEmail":"","_OrganizerPhone":"","_OrganizerWebsite":"","_VenueAddress":"","_VenueCity":"","_VenueCountry":"","_VenueProvince":"","_VenueZip":"","_VenuePhone":"","_VenueURL":"","_VenueStateProvince":"","_VenueLat":"","_VenueLng":"","footnotes":""},"class_list":["post-19","page","type-page","status-publish","hentry"],"_links":{"self":[{"href":"https:\/\/hevosjalostusliitot.fi\/keskipohjanmaa\/wp-json\/wp\/v2\/pages\/19","targetHints":{"allow":["GET"]}}],"collection":[{"href":"https:\/\/hevosjalostusliitot.fi\/keskipohjanmaa\/wp-json\/wp\/v2\/pages"}],"about":[{"href":"https:\/\/hevosjalostusliitot.fi\/keskipohjanmaa\/wp-json\/wp\/v2\/types\/page"}],"author":[{"embeddable":true,"href":"https:\/\/hevosjalostusliitot.fi\/keskipohjanmaa\/wp-json\/wp\/v2\/users\/1"}],"replies":[{"embeddable":true,"href":"https:\/\/hevosjalostusliitot.fi\/keskipohjanmaa\/wp-json\/wp\/v2\/comments?post=19"}],"version-history":[{"count":26,"href":"https:\/\/hevosjalostusliitot.fi\/keskipohjanmaa\/wp-json\/wp\/v2\/pages\/19\/revisions"}],"predecessor-version":[{"id":608,"href":"https:\/\/hevosjalostusliitot.fi\/keskipohjanmaa\/wp-json\/wp\/v2\/pages\/19\/revisions\/608"}],"wp:attachment":[{"href":"https:\/\/hevosjalostusliitot.fi\/keskipohjanmaa\/wp-json\/wp\/v2\/media?parent=19"}],"curies":[{"name":"wp","href":"https:\/\/api.w.org\/{rel}","templated":true}]}}