{"id":75,"date":"2020-06-13T12:32:22","date_gmt":"2020-06-13T09:32:22","guid":{"rendered":"https:\/\/hevosjalostusliitot.fi\/hame\/?page_id=75"},"modified":"2025-12-30T13:17:49","modified_gmt":"2025-12-30T11:17:49","slug":"tunnistus-ja-rekisterointi","status":"publish","type":"page","link":"https:\/\/hevosjalostusliitot.fi\/hame\/tunnistus-ja-rekisterointi\/","title":{"rendered":"Tunnistus ja rekister\u00f6inti"},"content":{"rendered":"\n<p>Varsojen tunnistus, tuontihevosten identiteetin varmennus rekister\u00f6inti\u00e4 varten ja mikrosirutus.<\/p>\n\n\n\n<p>Identifiering f\u00f6r f\u00f6l, identitetskontroll f\u00f6r importerade h\u00e4star och chipm\u00e4rkining.<\/p>\n\n\n\n<p>Foal identification, id-control for imported horses and microchipping.<\/p>\n\n\n\n<p><strong>Varsojen tunnistukset pyrit\u00e4\u00e4n suorittamaan syntym\u00e4vuoden loppuun menness\u00e4.<\/strong> P\u00e4\u00e4s\u00e4\u00e4nt\u00f6isesti liitosta otetaan yhteytt\u00e4 tunnistusajankohdan sopimiseksi, mutta <strong>ota aina yhteytt\u00e4 mik\u00e4li tunnistuksella\/rekister\u00f6innill\u00e4 on kiire <\/strong>esim. varsan pihattoon siirtymisen tai ulkomaille l\u00e4hd\u00f6n vuoksi tai jos tunnistajan yhteydenottoa ei kuulu. Varsa tulisi tunnistaa viimeist\u00e4\u00e4n 10 kk i\u00e4ss\u00e4 ja ravihevosvarsoilla tunnistus tulee suorittaa viimeist\u00e4\u00e4n syntym\u00e4vuotta seuraavana vuonna 31.3. menness\u00e4, jotta ravikilpailuoikeus voidaan my\u00f6nt\u00e4\u00e4. Huomaa, ett\u00e4 my\u00f6s ulkomaille ensirekister\u00f6it\u00e4ville varsoille on asennettava suomalainen mikrosiru!<\/p>\n\n\n\n<p><\/p>\n\n\n\n<p><strong>TUNNISTAJAT:<\/strong><\/p>\n\n\n\n<p>p\u00e4\u00e4osin tunnistukset hoitaa toiminnanjohtaja <strong>Anu Kantala<\/strong>, koko liiton alue p. 0400 &#8211; 454 840, hameenhjl@gmail.com<\/p>\n\n\n\n<p>Lis\u00e4ksi aputunnistajina toimivat:<\/p>\n\n\n\n<p>ell <strong>Marika Nevala-Posio<\/strong>, Forssan-Yp\u00e4j\u00e4n seutu, p. 044 &#8211; 2849565 (p\u00e4\u00e4s\u00e4\u00e4nt\u00f6isesti el\u00e4inl\u00e4\u00e4k\u00e4rik\u00e4yntien yhteydess\u00e4)<\/p>\n\n\n\n<p><strong>Lotta Laine<\/strong>, H\u00e4meenlinnan seutu (tunnistusteht\u00e4v\u00e4t liiton toimiston kautta)<\/p>\n\n\n\n<p>ell <strong>Jukka Kilpinen<\/strong>, Forssan seutu (<strong>vain <\/strong>omat vakioasiakkaat)<\/p>\n\n\n\n<p><\/p>\n\n\n\n<p>Rekister\u00f6innin hinta koostuu tunnistuksesta, rekister\u00f6innist\u00e4 ja mahdollisesti dna-n\u00e4ytteen laboratoriokulusta, hinnasto Suomen Hippoksen sivuilla: <a rel=\"noreferrer noopener\" href=\"https:\/\/www.hippos.fi\/hevosen-omistaminen\/hinnasto\/\" target=\"_blank\">LINKKI<\/a> <\/p>\n\n\n\n<p>Rekister\u00f6innin laskuttavat Suomen Hippos ja Ruokavirasto. Hevosjalostusliitto laskuttaa ainoastaan ulkomaisiin kantakirjoihin ensirekister\u00f6it\u00e4v\u00e4n varsojen tunnistukset.<\/p>\n\n\n\n<p><\/p>\n\n\n\n<p>Lis\u00e4tietoja varsan rekister\u00f6innist\u00e4: <a rel=\"noreferrer noopener\" href=\"https:\/\/www.hippos.fi\/kasvatus\/varsan-rekisterointi\/\" target=\"_blank\">LINKKI<\/a><\/p>\n\n\n\n<p>Lis\u00e4tietoja maahantuodun ravihevosen rekister\u00f6innist\u00e4: <a href=\"https:\/\/www.hippos.fi\/hevosen-omistaminen\/hevosen-rekisterointi-ja-asiakirjat\/hevosen-tuonti-ja-vienti\/tuontiravihevosen-rekisterointi\/\" target=\"_blank\" rel=\"noreferrer noopener\">LINKKI<\/a><\/p>\n\n\n\n<p>Lis\u00e4tietoja maahantuodun ratsun rekister\u00f6innist\u00e4: <a href=\"https:\/\/www.hippos.fi\/hevosen-omistaminen\/hevosen-rekisterointi-ja-asiakirjat\/hevosen-tuonti-ja-vienti\/tuontiratsun-ja-ponin-rekisterointi\/\" target=\"_blank\" rel=\"noreferrer noopener\">LINKKI<\/a><\/p>\n","protected":false},"excerpt":{"rendered":"<p>Varsojen tunnistus, tuontihevosten identiteetin varmennus rekister\u00f6inti\u00e4 varten ja mikrosirutus. Identifiering f\u00f6r f\u00f6l, identitetskontroll f\u00f6r importerade h\u00e4star och chipm\u00e4rkining. Foal identification, id-control for imported horses and microchipping. Varsojen tunnistukset pyrit\u00e4\u00e4n suorittamaan syntym\u00e4vuoden loppuun menness\u00e4. P\u00e4\u00e4s\u00e4\u00e4nt\u00f6isesti liitosta otetaan yhteytt\u00e4 tunnistusajankohdan sopimiseksi, mutta ota aina yhteytt\u00e4 mik\u00e4li tunnistuksella\/rekister\u00f6innill\u00e4 on kiire esim. varsan pihattoon [&hellip;]<\/p>\n","protected":false},"author":14,"featured_media":0,"parent":0,"menu_order":0,"comment_status":"closed","ping_status":"closed","template":"","meta":{"_EventAllDay":false,"_EventTimezone":"","_EventStartDate":"","_EventEndDate":"","_EventStartDateUTC":"","_EventEndDateUTC":"","_EventShowMap":false,"_EventShowMapLink":false,"_EventURL":"","_EventCost":"","_EventCostDescription":"","_EventCurrencySymbol":"","_EventCurrencyPosition":"","_EventDateTimeSeparator":"","_EventTimeRangeSeparator":"","_EventOrganizerID":[],"_EventVenueID":0,"_OrganizerEmail":"","_OrganizerPhone":"","_OrganizerWebsite":"","_VenueAddress":"","_VenueCity":"","_VenueCountry":"","_VenueProvince":"","_VenueZip":"","_VenuePhone":"","_VenueURL":"","_VenueStateProvince":"","_VenueLat":"","_VenueLng":"","footnotes":""},"class_list":["post-75","page","type-page","status-publish","hentry"],"_links":{"self":[{"href":"https:\/\/hevosjalostusliitot.fi\/hame\/wp-json\/wp\/v2\/pages\/75","targetHints":{"allow":["GET"]}}],"collection":[{"href":"https:\/\/hevosjalostusliitot.fi\/hame\/wp-json\/wp\/v2\/pages"}],"about":[{"href":"https:\/\/hevosjalostusliitot.fi\/hame\/wp-json\/wp\/v2\/types\/page"}],"author":[{"embeddable":true,"href":"https:\/\/hevosjalostusliitot.fi\/hame\/wp-json\/wp\/v2\/users\/14"}],"replies":[{"embeddable":true,"href":"https:\/\/hevosjalostusliitot.fi\/hame\/wp-json\/wp\/v2\/comments?post=75"}],"version-history":[{"count":20,"href":"https:\/\/hevosjalostusliitot.fi\/hame\/wp-json\/wp\/v2\/pages\/75\/revisions"}],"predecessor-version":[{"id":786,"href":"https:\/\/hevosjalostusliitot.fi\/hame\/wp-json\/wp\/v2\/pages\/75\/revisions\/786"}],"wp:attachment":[{"href":"https:\/\/hevosjalostusliitot.fi\/hame\/wp-json\/wp\/v2\/media?parent=75"}],"curies":[{"name":"wp","href":"https:\/\/api.w.org\/{rel}","templated":true}]}}