{"id":70,"date":"2020-06-13T12:30:52","date_gmt":"2020-06-13T09:30:52","guid":{"rendered":"https:\/\/hevosjalostusliitot.fi\/hame\/?page_id=70"},"modified":"2026-02-24T15:55:11","modified_gmt":"2026-02-24T13:55:11","slug":"nayttelyt","status":"publish","type":"page","link":"https:\/\/hevosjalostusliitot.fi\/hame\/nayttelyt\/","title":{"rendered":"N\u00e4yttelyt"},"content":{"rendered":"\n<p>H\u00e4meen hevosjalostusliitto ry j\u00e4rjest\u00e4\u00e4 suomenhevosten ja l\u00e4mminveristen tamma- ja varsan\u00e4yttelyit\u00e4 sek\u00e4 avustaa Suomen Hipposta orin\u00e4yttelyiden j\u00e4rjestelyiss\u00e4. <\/p>\n\n\n\n<p>Tamma- ja varsan\u00e4yttelyiss\u00e4 jalostusarvostellaan suomenhevos- ja l\u00e4mminveritammoja sek\u00e4 rakennetarkastetaan suomenhevostammoja. Varsoista arvostellaan 1-3 -vuotiaita suomenhevosia (<em>kaikissa n\u00e4yttelyiss\u00e4 kaikki jalostussuunnat!<\/em>) ja 1-2 -vuotiaita l\u00e4mminverivarsoja. My\u00f6s ruunavarsat voivat osallistua, lukuunottamatta mahdollisia valtakunnallisia n\u00e4yttelyit\u00e4. N\u00e4yttelyosallistumisten m\u00e4\u00e4r\u00e4\u00e4 vuodessa ei ole en\u00e4\u00e4 rajoitettu. Valtakunnalliset varsan\u00e4yttelyt on vuodesta 2023 alkaen korvannut valtakunnallinen n\u00e4yttelyliiga, lis\u00e4tietoja Hippoksen sivuilla: <a rel=\"noreferrer noopener\" href=\"https:\/\/www.hippos.fi\/nutrolin-nayttelyliiga-2023\/\" data-type=\"URL\" data-id=\"https:\/\/www.hippos.fi\/nutrolin-nayttelyliiga-2023\/\" target=\"_blank\">N\u00c4YTTELYLIIGA<\/a><\/p>\n\n\n\n<p>Vuonna 2026 alueemme 1-vuotiaat J-suunnan suomenhevoset sek\u00e4 l\u00e4mmiveriset kilpailevat vuoden parhaan 1-vuotiaan tittelist\u00e4, voittajat palkitaan H\u00e4meen hevosjalostusliiton loimella sek\u00e4 Teivon Ravikeskuksen lahjoittamalla ilmaisella osallistumisoikeudella ik\u00e4luokan Kriteriumiin! Palkittavan varsan tulee olla esitetty alueemme n\u00e4yttelyiss\u00e4 ja my\u00f6s varsan omistajan tulee olla H\u00e4meen hevosjalostusliiton alueelta.<\/p>\n\n\n\n<p>Ajantasainen n\u00e4yttelykalenteri on <a href=\"https:\/\/heppa.hippos.fi\/heppa\/app?page=grading%2FGradingCalendarSL&amp;service=external\">Heppa-j\u00e4rjestelm\u00e4ss\u00e4<\/a>. Hepan kautta voit ilmoittaa hevosen n\u00e4yttelyyn ja sielt\u00e4 l\u00f6yd\u00e4t ilmoittautumisajan p\u00e4\u00e4tytty\u00e4 n\u00e4yttelyn aikataulu sek\u00e4 n\u00e4yttelyn j\u00e4lkeen tulokset. N\u00e4yttelyn aikataulu pyrit\u00e4\u00e4n julkaisemaan noin viikkoa ennen n\u00e4yttely\u00e4.<\/p>\n\n\n\n<p>N\u00e4yttelys\u00e4\u00e4nn\u00f6t ym Suomen Hippoksen sivuilla: <a href=\"https:\/\/www.hippos.fi\/kasvatus\/nayttelyt-ja-jalostusarvostelu\/suomenhevoset-ja-lamminveriset-ravihevoset\/\" data-type=\"link\" data-id=\"https:\/\/www.hippos.fi\/kasvatus\/nayttelyt-ja-jalostusarvostelu\/suomenhevoset-ja-lamminveriset-ravihevoset\/\" target=\"_blank\" rel=\"noreferrer noopener\">https:\/\/www.hippos.fi\/kasvatus\/nayttelyt-ja-jalostusarvostelu\/suomenhevoset-ja-lamminveriset-ravihevoset\/<\/a><\/p>\n\n\n\n<p style=\"font-size:17px\"><strong>HUOMAA N\u00c4YTTELYIDEN UUDET ROKOTUSM\u00c4\u00c4R\u00c4YKSET 1.1.2025 ALKAEN!<\/strong><\/p>\n\n\n\n<p style=\"font-size:30px\"><strong>VUODEN 2026 N\u00c4YTTELYT:<\/strong><\/p>\n\n\n\n<p><\/p>\n\n\n\n<p class=\"has-medium-font-size\"><strong><mark class=\"kt-highlight\">MAANANTAI JA TIISTAI 18.-19.5.2026 Yp\u00e4j\u00e4, Hevosopisto: tamma- ja varsan\u00e4yttely sek\u00e4 Tk-orin\u00e4yttely<\/mark><\/strong><\/p>\n\n\n\n<ul class=\"wp-block-list\">\n<li>HUOM! Jalostusarvostelu maanantaina, varsat tiistaina. Mik\u00e4li ilmoittautuneita on v\u00e4h\u00e4n, n\u00e4yttely on yksip\u00e4iv\u00e4inen ja kaikki hevoset arvostellaan maanantaina!<\/li>\n\n\n\n<li>kaikkien jalostussuuntien 1-3 -vuotiaat suomenhevosvarsat sek\u00e4 1-2 -vuotiaat lv-varsat<\/li>\n\n\n\n<li>tammojen jalostusarvostelu (J-, R-, P- ja Tk-suunnan sh-tammat sek\u00e4 lv) <\/li>\n\n\n\n<li>suomenhevostammojen rakennetarkastus (kaikki jalostussuunnat)<\/li>\n\n\n\n<li>suomenhevosoriit Ty\u00f6- ja k\u00e4ytt\u00f6suunnan k\u00e4ytt\u00f6kokeella (ajo tai ratsastus). Oriiden ilmoittautuminen suoraan Suomen Hippokseen 1 kk ennen n\u00e4yttely\u00e4!<\/li>\n<\/ul>\n\n\n\n<p class=\"has-medium-font-size\"><\/p>\n\n\n\n<p class=\"has-medium-font-size\"><strong><mark class=\"kt-highlight\">MAANANTAI JA TIISTAI 14.-15.9.2026 Yp\u00e4j\u00e4, Hevosopisto: tamma- ja varsan\u00e4yttely<\/mark><\/strong><\/p>\n\n\n\n<ul class=\"wp-block-list\">\n<li>HUOM! Jalostusarvostelu maanantaina, varsat tiistaina. Mik\u00e4li ilmoittautuneita on v\u00e4h\u00e4n, n\u00e4yttely on yksip\u00e4iv\u00e4inen ja kaikki hevoset arvostellaan maanantaina!<\/li>\n\n\n\n<li>kaikkien jalostussuuntien 1-3 -vuotiaat suomenhevosvarsat sek\u00e4 1-2 -vuotiaat lv-varsat<\/li>\n\n\n\n<li>tammojen jalostusarvostelu (J-, R-, P- ja Tk-suunnan sh-tammat sek\u00e4 lv) <\/li>\n\n\n\n<li>suomenhevostammojen rakennetarkastus (kaikki jalostussuunnat)<\/li>\n<\/ul>\n\n\n\n<p><\/p>\n\n\n\n<p class=\"has-medium-font-size\"><mark class=\"kt-highlight\"><strong>SUNNUNTAI 20.9.2026 Yl\u00f6j\u00e4rvi, Teivo: tamma- ja varsan\u00e4yttely<\/strong> <\/mark><\/p>\n\n\n\n<ul class=\"wp-block-list\">\n<li>kaikkien jalostussuuntien 1-3 -vuotiaat suomenhevosvarsat sek\u00e4 1-2 -vuotiaat lv-varsat<\/li>\n\n\n\n<li>tammojen jalostusarvostelu (J-suunnan sh-tammat sek\u00e4 lv)<\/li>\n\n\n\n<li>suomenhevostammojen rakennetarkastus (kaikki jalostussuunnat)<\/li>\n<\/ul>\n\n\n\n<p class=\"has-normal-font-size\"><\/p>\n\n\n<style>.wp-block-kadence-spacer.kt-block-spacer-70_05b220-d5 .kt-block-spacer{height:60px;}.wp-block-kadence-spacer.kt-block-spacer-70_05b220-d5 .kt-divider{border-top-width:1px;height:1px;border-top-color:#eee;width:80%;border-top-style:solid;}<\/style>\n<div class=\"wp-block-kadence-spacer aligncenter kt-block-spacer-70_05b220-d5\"><div class=\"kt-block-spacer kt-block-spacer-halign-center\"><hr class=\"kt-divider\" \/><\/div><\/div>\n\n\n\n<p class=\"has-medium-font-size\"><strong><mark class=\"kt-highlight\">ILMOITTAUTUMINEN:<\/mark><\/strong><\/p>\n\n\n\n<p><strong>Ilmoittautua voi Heppa-j\u00e4rjestelm\u00e4n lis\u00e4ksi s\u00e4hk\u00f6postitse hameenhjl@gmail.com tai p. 0400-454840 (soitto \/ tekstiviesti \/ WhatsApp-viesti).  <em>Ilmoittautuminen vahvistetaan <\/em>maksamalla osallistumismaksu <em>viimeist\u00e4\u00e4n kaksi viikkoa <\/em>ennen n\u00e4yttely\u00e4 H\u00e4meen hevosjalostusliiton tilille FI50 4500 0040 0055 78 (HUOM! Tilinumeromme on vaihtunut 12\/2024), viestiksi hevosen nimi ja n\u00e4yttelypaikkakunta.<\/strong> <\/p>\n\n\n\n<p>Aikataulun laadinnassa huomioidaan mahdollisuuksien mukaan osallistujien toiveita, jos ne on mainittu ilmoittautumisen yhteydess\u00e4. Olisi my\u00f6s eritt\u00e4in t\u00e4rke\u00e4\u00e4 ilmoittaa hevosen esitt\u00e4j\u00e4 (erityisesti suorituskokeissa esitt\u00e4v\u00e4 henkil\u00f6), jotta v\u00e4ltymme p\u00e4\u00e4llekk\u00e4isyyksilt\u00e4.<\/p>\n\n\n\n<p class=\"has-medium-font-size\"><strong><mark class=\"kt-highlight\">N\u00c4YTTELYMAKSUT:<\/mark><\/strong><\/p>\n\n\n\n<p><strong>110 eur:<\/strong> Ilman kokeita arvosteltavat tammat (lv ilman ajokoetta, sh tamman rakennetarkastus, j\u00e4lkel\u00e4isten perusteella arvosteltava)<\/p>\n\n\n\n<p><strong>135 eur: <\/strong>ajokokeella arvosteltavat lv-tammat sek\u00e4 J- ja Tk-suunnan suomenhevostammat<\/p>\n\n\n\n<p><strong>160 eur:<\/strong> R-, P- ja T-suunnan suomenhevostammat<\/p>\n\n\n\n<p><strong>52 eur: <\/strong>varsat<\/p>\n\n\n\n<p><strong>Liikkeet ajaen esitett\u00e4vill\u00e4 varsoilla tulee lis\u00e4ksi Hippoksen laskuttama kilpailuoikeus\/vakuutusmaksu <\/strong>90 euroa (loka-marraskuun n\u00e4yttelyiss\u00e4 52 euroa). Mik\u00e4li varsa tarvitsee vakuutuksen vain n\u00e4yttelyyn, voit valita my\u00f6s p\u00e4iv\u00e4kohtaisen vakuutusmaksun 21 euroa. Vakuutuksen kesto valitaan ilmoittautumisen yhteydess\u00e4.<\/p>\n\n\n\n<p class=\"has-medium-font-size\"><strong><mark class=\"kt-highlight\">ROKOTUSM\u00c4\u00c4R\u00c4YKSET 1.1.2025 ALKAEN: <\/mark><\/strong><\/p>\n\n\n\n<p><strong>N\u00e4yttelyiden rokotuss\u00e4\u00e4nt\u00f6 hevosille, joiden rokotusohjelma on aloitettu ennen 31.12.2024:&nbsp;<\/strong>&nbsp;<\/p>\n\n\n\n<ul class=\"wp-block-list\">\n<li>Kalenterivuonna 2025 1-vuotiaaksi k\u00e4\u00e4ntyv\u00e4ll\u00e4 tai sit\u00e4 vanhemmalla hevosella tai ponilla tulee olla v\u00e4hint\u00e4\u00e4n kaksi perusrokotetta annettuna.<\/li>\n\n\n\n<li>Toinen perusrokote tulee antaa 21\u201392 vrk:n kuluessa ensimm\u00e4isest\u00e4 perusrokotteesta.<\/li>\n\n\n\n<li>Viimeisimm\u00e4n rokotteen antamisesta tulee olla kulunut v\u00e4hint\u00e4\u00e4n 5 vrk ja enint\u00e4\u00e4n 365vrk.&nbsp;<\/li>\n<\/ul>\n\n\n\n<p><strong>N\u00e4yttelyiden rokotuss\u00e4\u00e4nt\u00f6 hevosille, joiden rokotusohjelma k\u00e4ynnistyy 1.1.2025 alkaen:<\/strong>&nbsp;<\/p>\n\n\n\n<ul class=\"wp-block-list\">\n<li>Kalenterivuonna 2025 1-vuotiaaksi k\u00e4\u00e4ntyv\u00e4ll\u00e4 tai sit\u00e4 vanhemmalla hevosella tai ponilla tulee olla v\u00e4hint\u00e4\u00e4n kaksi perusrokotetta annettuna.<\/li>\n\n\n\n<li>Toinen perusrokote tulee antaa 21\u201360 vrk:n kuluessa ensimm\u00e4isest\u00e4 perusrokotteesta.<\/li>\n\n\n\n<li>Viimeisimm\u00e4n rokotteen antamisesta tulee olla kulunut v\u00e4hint\u00e4\u00e4n 5 vrk ja enint\u00e4\u00e4n 365vrk.&nbsp;<\/li>\n<\/ul>\n\n\n\n<p><strong>Rokotustietojen tarkistaminen ja ilmoittaminen<\/strong>:&nbsp;<\/p>\n\n\n\n<p>Rokotustiedot tarkistetaan Heppa-j\u00e4rjestelm\u00e4st\u00e4. Pyyd\u00e4 rokottava el\u00e4inl\u00e4\u00e4k\u00e4ri kirjaamaan hevosen rokotustiedot Heppa-j\u00e4rjestelm\u00e4\u00e4n. Muistathan tarkistaa ennen ilmoittautumista, ett\u00e4 ajantasaiset rokotustiedot l\u00f6ytyv\u00e4t j\u00e4rjestelm\u00e4st\u00e4, jotta osallistuminen hyv\u00e4ksyt\u00e4\u00e4n.&nbsp;<\/p>\n\n\n\n<p><em>Ravi- ja ratsastuskilpailuissa k\u00e4ytett\u00e4v\u00e4t rokotusohjelmat poikkeavat Hippoksen n\u00e4yttely<\/em><em>iss\u00e4 k\u00e4yt\u00f6ss\u00e4 olevasta rokotusohjelmasta muun muassa 1. tehosterokotteen osalta.<\/em><em> Islanninhevoset noudattavat kilpailuissa ja n\u00e4yttelyiss\u00e4 FEIF-s\u00e4\u00e4nt\u00f6j\u00e4.T<\/em><em>arkistatha<\/em><em>n ponin tai hevosen rokotusohjelmaa suunnitellessa, ett\u00e4 se noudattaa my\u00f6s lajikohtaisia vaatimuksia.<\/em>&nbsp;<\/p>\n\n\n\n<p>Tervetuloa n\u00e4yttelyihin!<\/p>\n\n\n\n<p>Sivu p\u00e4ivitetty 24.2.2026<\/p>\n\n\n\n<p><\/p>\n","protected":false},"excerpt":{"rendered":"<p>H\u00e4meen hevosjalostusliitto ry j\u00e4rjest\u00e4\u00e4 suomenhevosten ja l\u00e4mminveristen tamma- ja varsan\u00e4yttelyit\u00e4 sek\u00e4 avustaa Suomen Hipposta orin\u00e4yttelyiden j\u00e4rjestelyiss\u00e4. Tamma- ja varsan\u00e4yttelyiss\u00e4 jalostusarvostellaan suomenhevos- ja l\u00e4mminveritammoja sek\u00e4 rakennetarkastetaan suomenhevostammoja. Varsoista arvostellaan 1-3 -vuotiaita suomenhevosia (kaikissa n\u00e4yttelyiss\u00e4 kaikki jalostussuunnat!) ja 1-2 -vuotiaita l\u00e4mminverivarsoja. My\u00f6s ruunavarsat voivat osallistua, lukuunottamatta mahdollisia valtakunnallisia n\u00e4yttelyit\u00e4. N\u00e4yttelyosallistumisten m\u00e4\u00e4r\u00e4\u00e4 vuodessa [&hellip;]<\/p>\n","protected":false},"author":14,"featured_media":0,"parent":0,"menu_order":0,"comment_status":"closed","ping_status":"closed","template":"","meta":{"_EventAllDay":false,"_EventTimezone":"","_EventStartDate":"","_EventEndDate":"","_EventStartDateUTC":"","_EventEndDateUTC":"","_EventShowMap":false,"_EventShowMapLink":false,"_EventURL":"","_EventCost":"","_EventCostDescription":"","_EventCurrencySymbol":"","_EventCurrencyPosition":"","_EventDateTimeSeparator":"","_EventTimeRangeSeparator":"","_EventOrganizerID":[],"_EventVenueID":0,"_OrganizerEmail":"","_OrganizerPhone":"","_OrganizerWebsite":"","_VenueAddress":"","_VenueCity":"","_VenueCountry":"","_VenueProvince":"","_VenueZip":"","_VenuePhone":"","_VenueURL":"","_VenueStateProvince":"","_VenueLat":"","_VenueLng":"","footnotes":""},"class_list":["post-70","page","type-page","status-publish","hentry"],"_links":{"self":[{"href":"https:\/\/hevosjalostusliitot.fi\/hame\/wp-json\/wp\/v2\/pages\/70","targetHints":{"allow":["GET"]}}],"collection":[{"href":"https:\/\/hevosjalostusliitot.fi\/hame\/wp-json\/wp\/v2\/pages"}],"about":[{"href":"https:\/\/hevosjalostusliitot.fi\/hame\/wp-json\/wp\/v2\/types\/page"}],"author":[{"embeddable":true,"href":"https:\/\/hevosjalostusliitot.fi\/hame\/wp-json\/wp\/v2\/users\/14"}],"replies":[{"embeddable":true,"href":"https:\/\/hevosjalostusliitot.fi\/hame\/wp-json\/wp\/v2\/comments?post=70"}],"version-history":[{"count":39,"href":"https:\/\/hevosjalostusliitot.fi\/hame\/wp-json\/wp\/v2\/pages\/70\/revisions"}],"predecessor-version":[{"id":804,"href":"https:\/\/hevosjalostusliitot.fi\/hame\/wp-json\/wp\/v2\/pages\/70\/revisions\/804"}],"wp:attachment":[{"href":"https:\/\/hevosjalostusliitot.fi\/hame\/wp-json\/wp\/v2\/media?parent=70"}],"curies":[{"name":"wp","href":"https:\/\/api.w.org\/{rel}","templated":true}]}}