{"id":628,"date":"2024-04-03T14:07:05","date_gmt":"2024-04-03T11:07:05","guid":{"rendered":"https:\/\/hevosjalostusliitot.fi\/hame\/?page_id=628"},"modified":"2026-02-24T16:09:13","modified_gmt":"2026-02-24T14:09:13","slug":"ajolupakurssit-ja-vastuuvalmentajatentit","status":"publish","type":"page","link":"https:\/\/hevosjalostusliitot.fi\/hame\/ajolupakurssit-ja-vastuuvalmentajatentit\/","title":{"rendered":"Ajolupakurssit ja vastuuvalmentajatentit"},"content":{"rendered":"\n<p>p\u00e4ivitetty 24.2.2026<\/p>\n\n\n\n<p><strong>H\u00e4meen hevosjalostusliiton C- ja mC-ajolupakurssit <\/strong><a href=\"https:\/\/www.teivo.fi\/\" target=\"_blank\" rel=\"noreferrer noopener\"><strong>Teivossa<\/strong><\/a> seuraavan kerran elokuussa 2026. Tarkempi aikataulu tulee my\u00f6hemmin. J\u00e4rjest\u00e4mme kurssit yhteisty\u00f6ss\u00e4 Teivon Ravikeskuksen ja Ravikoulun kanssa.<\/p>\n\n\n\n<p>Mahdollisuus suorittaa my\u00f6s pelkk\u00e4 monteajolupa, jos osallistujia on riitt\u00e4v\u00e4sti. Muistathan, ett\u00e4 kurssilainen tarvitsee kurssille toimivan hevosen ja varusteet, j\u00e4rjest\u00e4j\u00e4ll\u00e4 ei niit\u00e4 ole tarjolla. Forssassa <a href=\"https:\/\/pilvenmaki.fi\/\" target=\"_blank\" rel=\"noreferrer noopener\">Pilvenm\u00e4en raviradalla<\/a> ajolupakurssien j\u00e4rjest\u00e4misest\u00e4 on vastuussa ravirata.<\/p>\n\n\n\n<p>HUOMAA! Vuodesta 2025 l\u00e4htien teoriaosuus tulee suorittaa <strong><em>hyviss\u00e4 ajoin etuk\u00e4teen <\/em><\/strong>Hipposakatemiassa ja <strong>todistus hyv\u00e4ksytyst\u00e4 suorituksesta tulee toimittaa ilmoittautumislomakkeen liitteen\u00e4<\/strong>. Teoriaosuuteen ei tarvitse erikseen ilmoittautua, se on avoinna kaikille, kunhan olet kirjautunut sis\u00e4\u00e4n Hipposakatemiaan.<\/p>\n\n\n\n<p>Teoriaosuus Hipposakatemiassa: <a href=\"https:\/\/hippos.mmg.fi\/enrol\/index.php?id=376\" data-type=\"link\" data-id=\"https:\/\/hippos.mmg.fi\/enrol\/index.php?id=376\">LINKKI<\/a><\/p>\n\n\n\n<p><\/p>\n\n\n\n<p>Ajolupakurssin loppukokeen yhteydess\u00e4 on mahdollista uusia vanhentunut ajolupa suorittamalla sek\u00e4 kirjallinen koe ett\u00e4 k\u00e4yt\u00e4nn\u00f6n koe, lis\u00e4ksi tulee osallistua yhteen kurssin volttiharjoitukseen. Ole siis hyviss\u00e4 ajoin yhteydess\u00e4 hevosjalostusliittoon.<\/p>\n\n\n\n<p>B-ajolupa on mahdollista tentti\u00e4 ajolupakurssin yhteydess\u00e4 sek\u00e4 my\u00f6s muuna erikseen sovittuna ajankohtana.<\/p>\n\n\n\n<p><strong>Vastuuvalmentajakoulutusta <\/strong>ei varsinaisesti en\u00e4\u00e4 j\u00e4rjestet\u00e4, vaan jatkossa tulee suorittaa Suomen Hippoksen verkkokoulutus <a rel=\"noreferrer noopener\" href=\"https:\/\/www.hippos.fi\/koulutus\/hipposakatemia\/\" target=\"_blank\">Hipposakatemiassa<\/a> ja t\u00e4m\u00e4n j\u00e4lkeen sovitaan erikseen tenttiaika. Tenttej\u00e4 vastaanottavat Tampereen alueella sek\u00e4 H\u00e4meen hevosjalostusliitto ett\u00e4 Teivon ravirata. Halutessaan vastuuvalmentajatenttiin tulija voi osallistua verkkokoulutuksen lis\u00e4ksi ajolupakurssin teoriaosuuteen.<\/p>\n\n\n\n<p>Lis\u00e4tiedot: Anu Kantala, H\u00e4meen hevosjalostusliitto, p. 0400-454840, <a href=\"mailto:hameenhjl@gmail.com\">hameenhjl@gmail.com<\/a><\/p>\n\n\n\n<p>Lis\u00e4tietoja ajoluvasta: <a href=\"https:\/\/www.hippos.fi\/koulutus\/raviurheilijan-koulutukset\/c-ajolupakurssit\/\" target=\"_blank\" rel=\"noreferrer noopener\">https:\/\/www.hippos.fi\/koulutus\/raviurheilijan-koulutukset\/c-ajolupakurssit\/<\/a><\/p>\n\n\n\n<p>Lis\u00e4tietoja vastuuvalmentajakoulutuksesta: <a href=\"https:\/\/www.hippos.fi\/koulutus\/raviurheilijan-koulutukset\/vastuuvalmentajakoulutukset\/\" target=\"_blank\" rel=\"noreferrer noopener\">https:\/\/www.hippos.fi\/koulutus\/raviurheilijan-koulutukset\/vastuuvalmentajakoulutukset\/<\/a><\/p>\n","protected":false},"excerpt":{"rendered":"<p>p\u00e4ivitetty 24.2.2026 H\u00e4meen hevosjalostusliiton C- ja mC-ajolupakurssit Teivossa seuraavan kerran elokuussa 2026. Tarkempi aikataulu tulee my\u00f6hemmin. J\u00e4rjest\u00e4mme kurssit yhteisty\u00f6ss\u00e4 Teivon Ravikeskuksen ja Ravikoulun kanssa. Mahdollisuus suorittaa my\u00f6s pelkk\u00e4 monteajolupa, jos osallistujia on riitt\u00e4v\u00e4sti. Muistathan, ett\u00e4 kurssilainen tarvitsee kurssille toimivan hevosen ja varusteet, j\u00e4rjest\u00e4j\u00e4ll\u00e4 ei niit\u00e4 ole tarjolla. Forssassa Pilvenm\u00e4en raviradalla [&hellip;]<\/p>\n","protected":false},"author":14,"featured_media":0,"parent":0,"menu_order":0,"comment_status":"closed","ping_status":"closed","template":"","meta":{"_EventAllDay":false,"_EventTimezone":"","_EventStartDate":"","_EventEndDate":"","_EventStartDateUTC":"","_EventEndDateUTC":"","_EventShowMap":false,"_EventShowMapLink":false,"_EventURL":"","_EventCost":"","_EventCostDescription":"","_EventCurrencySymbol":"","_EventCurrencyPosition":"","_EventDateTimeSeparator":"","_EventTimeRangeSeparator":"","_EventOrganizerID":[],"_EventVenueID":0,"_OrganizerEmail":"","_OrganizerPhone":"","_OrganizerWebsite":"","_VenueAddress":"","_VenueCity":"","_VenueCountry":"","_VenueProvince":"","_VenueZip":"","_VenuePhone":"","_VenueURL":"","_VenueStateProvince":"","_VenueLat":"","_VenueLng":"","footnotes":""},"class_list":["post-628","page","type-page","status-publish","hentry"],"_links":{"self":[{"href":"https:\/\/hevosjalostusliitot.fi\/hame\/wp-json\/wp\/v2\/pages\/628","targetHints":{"allow":["GET"]}}],"collection":[{"href":"https:\/\/hevosjalostusliitot.fi\/hame\/wp-json\/wp\/v2\/pages"}],"about":[{"href":"https:\/\/hevosjalostusliitot.fi\/hame\/wp-json\/wp\/v2\/types\/page"}],"author":[{"embeddable":true,"href":"https:\/\/hevosjalostusliitot.fi\/hame\/wp-json\/wp\/v2\/users\/14"}],"replies":[{"embeddable":true,"href":"https:\/\/hevosjalostusliitot.fi\/hame\/wp-json\/wp\/v2\/comments?post=628"}],"version-history":[{"count":16,"href":"https:\/\/hevosjalostusliitot.fi\/hame\/wp-json\/wp\/v2\/pages\/628\/revisions"}],"predecessor-version":[{"id":805,"href":"https:\/\/hevosjalostusliitot.fi\/hame\/wp-json\/wp\/v2\/pages\/628\/revisions\/805"}],"wp:attachment":[{"href":"https:\/\/hevosjalostusliitot.fi\/hame\/wp-json\/wp\/v2\/media?parent=628"}],"curies":[{"name":"wp","href":"https:\/\/api.w.org\/{rel}","templated":true}]}}