{"id":598,"date":"2024-03-12T15:28:29","date_gmt":"2024-03-12T13:28:29","guid":{"rendered":"https:\/\/hevosjalostusliitot.fi\/hame\/?page_id=598"},"modified":"2024-03-12T15:29:24","modified_gmt":"2024-03-12T13:29:24","slug":"hyva-talli-laatujarjestelma","status":"publish","type":"page","link":"https:\/\/hevosjalostusliitot.fi\/hame\/hyva-talli-laatujarjestelma\/","title":{"rendered":"Hyv\u00e4 Talli -laatuj\u00e4rjestelm\u00e4"},"content":{"rendered":"\n<h2 class=\"wp-block-heading\"><strong>Hyv\u00e4 Talli -laatuj\u00e4rjestelm\u00e4n neuvontak\u00e4ynti<\/strong><\/h2>\n\n\n\n<p>Hyv\u00e4 Talli -laatuj\u00e4rjestelm\u00e4n neuvontak\u00e4ynti mittaa, todentaa ja tukee hevosalan toimijoita laadun ja turvallisuuden sek\u00e4 hyvinvointilain vaatimien edellytysten varmistamisessa. Neuvontak\u00e4ynti tilataan oman alueen hevosjalostusliitolta.<\/p>\n\n\n\n<ol class=\"wp-block-list\"><li>Hyv\u00e4 Talli -neuvontak\u00e4ynnill\u00e4 keskityt\u00e4\u00e4n tarjoamaan ty\u00f6kaluja hevosten terveydenhoitoon, tallin turvallisuuteen, asiakaskokemukseen sek\u00e4 hevosten lajityypillisen k\u00e4ytt\u00e4ytymisen mahdollistamiseen, yritt\u00e4jien ja ty\u00f6ntekij\u00f6iden hyvinvointia unohtamatta.<\/li><li>Hyv\u00e4 Talli -neuvontak\u00e4ynneille ker\u00e4t\u00e4\u00e4n arvokasta tietoa, jotta voidaan todentaa ja mitata hevosalan hyvinvointia, sek\u00e4 tarvittaessa edist\u00e4\u00e4 toimintaa. Mittaaminen ja valvonta on oleellista hevosalan hyv\u00e4ksytt\u00e4vyyden ja toiminnan kannalta.<\/li><li>Neuvontak\u00e4yntien ohella kehitet\u00e4\u00e4n kansallista hevosten terveydenhuoltoj\u00e4rjestelm\u00e4\u00e4.<\/li><\/ol>\n\n\n\n<p>Hyv\u00e4 Talli -j\u00e4rjestelm\u00e4ss\u00e4 on kolme tasoa; pronssi-, hopea- ja kultataso. Pronssitaso korvaa vuodesta 2024 alkaen tallitarkastukset, jotka ovat olleet edellytys Suomen Hippoksen my\u00f6nt\u00e4mille A-, B- ja F- valmentajalisensseille. Uusille edell\u00e4 mainituille valmentajalisenssinhaltijoille k\u00e4ynti on pakollinen vuodesta 2024 alkaen. Ennen vuotta 2024 voimassa olevilla lisenssinhaltijoilla noudatetaan kolmen vuoden siirtym\u00e4aikaa. Hyv\u00e4 Talli -neuvontak\u00e4ynti on edellytys my\u00f6s Suomen Hippoksen hyv\u00e4ksymille ravikouluille.<\/p>\n\n\n\n<p>Hyv\u00e4 Talli -neuvontak\u00e4ynnin hinta on 300 euroa \/ k\u00e4ynti, joka on voimassa kolme vuotta.&nbsp; K\u00e4ynti laskutetaan Suomen Hippoksen toimesta neuvontak\u00e4ynnin tekij\u00e4n toimitettua lomakkeen Hippokseen. Hyv\u00e4 Talli -merkint\u00e4 tulee n\u00e4kym\u00e4\u00e4n maksusuorituksen j\u00e4lkeen henkil\u00f6n perustiedoissa Heppa-j\u00e4rjestelm\u00e4ss\u00e4 ja talli lis\u00e4t\u00e4\u00e4n alla oleville listoille. Neuvontak\u00e4ynti uusitaan kolmen vuoden v\u00e4lein, maksutonta omavalvontaa suoritetaan vuosittain itsen\u00e4isesti Oma Tallissa.<\/p>\n\n\n\n<p>Hyv\u00e4 Talli -neuvontak\u00e4ynnin voit tilata liiton toiminnanjohtaja Anu Kantalalta, p. 0400-454840, hameenhjl@gmail.com <\/p>\n\n\n\n<p>Lis\u00e4tietoja saat Suomen Hippoksen sivuilta: <a rel=\"noreferrer noopener\" href=\"https:\/\/www.hippos.fi\/hyvatalli\/\" data-type=\"URL\" data-id=\"https:\/\/www.hippos.fi\/hyvatalli\/\" target=\"_blank\">LINKKI<\/a><\/p>\n\n\n\n<figure class=\"wp-block-image size-large\"><img loading=\"lazy\" decoding=\"async\" width=\"1024\" height=\"931\" src=\"https:\/\/hevosjalostusliitot.fi\/hame\/wp-content\/uploads\/sites\/8\/2024\/03\/hyvatallilogo-1024x931.png\" alt=\"\" class=\"wp-image-599\" srcset=\"https:\/\/hevosjalostusliitot.fi\/hame\/wp-content\/uploads\/sites\/8\/2024\/03\/hyvatallilogo-1024x931.png 1024w, https:\/\/hevosjalostusliitot.fi\/hame\/wp-content\/uploads\/sites\/8\/2024\/03\/hyvatallilogo-300x273.png 300w, https:\/\/hevosjalostusliitot.fi\/hame\/wp-content\/uploads\/sites\/8\/2024\/03\/hyvatallilogo-768x698.png 768w, https:\/\/hevosjalostusliitot.fi\/hame\/wp-content\/uploads\/sites\/8\/2024\/03\/hyvatallilogo-1536x1396.png 1536w, https:\/\/hevosjalostusliitot.fi\/hame\/wp-content\/uploads\/sites\/8\/2024\/03\/hyvatallilogo.png 1650w\" sizes=\"auto, (max-width: 1024px) 100vw, 1024px\" \/><\/figure>\n","protected":false},"excerpt":{"rendered":"<p>Hyv\u00e4 Talli -laatuj\u00e4rjestelm\u00e4n neuvontak\u00e4ynti Hyv\u00e4 Talli -laatuj\u00e4rjestelm\u00e4n neuvontak\u00e4ynti mittaa, todentaa ja tukee hevosalan toimijoita laadun ja turvallisuuden sek\u00e4 hyvinvointilain vaatimien edellytysten varmistamisessa. Neuvontak\u00e4ynti tilataan oman alueen hevosjalostusliitolta. Hyv\u00e4 Talli -neuvontak\u00e4ynnill\u00e4 keskityt\u00e4\u00e4n tarjoamaan ty\u00f6kaluja hevosten terveydenhoitoon, tallin turvallisuuteen, asiakaskokemukseen sek\u00e4 hevosten lajityypillisen k\u00e4ytt\u00e4ytymisen mahdollistamiseen, yritt\u00e4jien ja ty\u00f6ntekij\u00f6iden hyvinvointia unohtamatta. Hyv\u00e4 Talli [&hellip;]<\/p>\n","protected":false},"author":14,"featured_media":0,"parent":0,"menu_order":0,"comment_status":"closed","ping_status":"closed","template":"","meta":{"_EventAllDay":false,"_EventTimezone":"","_EventStartDate":"","_EventEndDate":"","_EventStartDateUTC":"","_EventEndDateUTC":"","_EventShowMap":false,"_EventShowMapLink":false,"_EventURL":"","_EventCost":"","_EventCostDescription":"","_EventCurrencySymbol":"","_EventCurrencyPosition":"","_EventDateTimeSeparator":"","_EventTimeRangeSeparator":"","_EventOrganizerID":[],"_EventVenueID":0,"_OrganizerEmail":"","_OrganizerPhone":"","_OrganizerWebsite":"","_VenueAddress":"","_VenueCity":"","_VenueCountry":"","_VenueProvince":"","_VenueZip":"","_VenuePhone":"","_VenueURL":"","_VenueStateProvince":"","_VenueLat":"","_VenueLng":"","footnotes":""},"class_list":["post-598","page","type-page","status-publish","hentry"],"_links":{"self":[{"href":"https:\/\/hevosjalostusliitot.fi\/hame\/wp-json\/wp\/v2\/pages\/598","targetHints":{"allow":["GET"]}}],"collection":[{"href":"https:\/\/hevosjalostusliitot.fi\/hame\/wp-json\/wp\/v2\/pages"}],"about":[{"href":"https:\/\/hevosjalostusliitot.fi\/hame\/wp-json\/wp\/v2\/types\/page"}],"author":[{"embeddable":true,"href":"https:\/\/hevosjalostusliitot.fi\/hame\/wp-json\/wp\/v2\/users\/14"}],"replies":[{"embeddable":true,"href":"https:\/\/hevosjalostusliitot.fi\/hame\/wp-json\/wp\/v2\/comments?post=598"}],"version-history":[{"count":2,"href":"https:\/\/hevosjalostusliitot.fi\/hame\/wp-json\/wp\/v2\/pages\/598\/revisions"}],"predecessor-version":[{"id":602,"href":"https:\/\/hevosjalostusliitot.fi\/hame\/wp-json\/wp\/v2\/pages\/598\/revisions\/602"}],"wp:attachment":[{"href":"https:\/\/hevosjalostusliitot.fi\/hame\/wp-json\/wp\/v2\/media?parent=598"}],"curies":[{"name":"wp","href":"https:\/\/api.w.org\/{rel}","templated":true}]}}