{"id":579,"date":"2024-02-08T14:00:08","date_gmt":"2024-02-08T12:00:08","guid":{"rendered":"https:\/\/hevosjalostusliitot.fi\/hame\/?page_id=579"},"modified":"2024-02-08T14:01:22","modified_gmt":"2024-02-08T12:01:22","slug":"nuorisotoiminta","status":"publish","type":"page","link":"https:\/\/hevosjalostusliitot.fi\/hame\/nuorisotoiminta\/","title":{"rendered":"Nuorisotoiminta"},"content":{"rendered":"\n<p>Tuemme alueemme nuorisotoimintaa, vaikkemme sit\u00e4 itse suoranaisesti j\u00e4rjest\u00e4. Olemme mm. lahjoittaneet stipendin Riihim\u00e4en ravinuorten toimintaan sek\u00e4 ponik\u00e4rryt Teivon ravikoululle.<\/p>\n\n\n\n<p>Ravinuorten kerhoja alueellamme toimii t\u00e4ll\u00e4 hetkell\u00e4 kaksi; <a rel=\"noreferrer noopener\" href=\"https:\/\/www.teivo.fi\/nuorisotoiminta\/\" data-type=\"URL\" data-id=\"https:\/\/www.teivo.fi\/nuorisotoiminta\/\" target=\"_blank\">Teivon Ravinuoret<\/a> ja <a rel=\"noreferrer noopener\" href=\"https:\/\/www.riihimaenravit.fi\/nuorisotoiminta\/\" data-type=\"URL\" data-id=\"https:\/\/www.riihimaenravit.fi\/nuorisotoiminta\/\" target=\"_blank\">Riihim\u00e4en Ravinuorisokerho<\/a>. Forssan Pilvenm\u00e4ell\u00e4 nuorisotoiminnalle etsit\u00e4\u00e4n vet\u00e4j\u00e4\u00e4.<\/p>\n\n\n\n<p>Ravikouluja alueellamme on t\u00e4ll\u00e4 hetkell\u00e4 yksi: <a rel=\"noreferrer noopener\" href=\"https:\/\/www.teivo.fi\/ravikoulu\/\" data-type=\"URL\" data-id=\"https:\/\/www.teivo.fi\/ravikoulu\/\" target=\"_blank\">Teivon Ravikoulu<\/a> <\/p>\n\n\n\n<p>Suomen Hippoksen Hipposakatemiasta l\u00f6yd\u00e4t useita lapsille ja nuorille suunnattuja ilmaisia koulutuksia, mukaan lukien <a href=\"https:\/\/www.hippos.fi\/raviurheilu\/nuorisotoiminta\/hevostaitomerkit\/\" data-type=\"URL\" data-id=\"https:\/\/www.hippos.fi\/raviurheilu\/nuorisotoiminta\/hevostaitomerkit\/\" target=\"_blank\" rel=\"noreferrer noopener\">Suomen Hippoksen<\/a> ja<a rel=\"noreferrer noopener\" href=\"https:\/\/www.ratsastus.fi\/jasenelle\/suorita-taitomerkkeja\/\" target=\"_blank\"> Suomen Ratsastajainliiton<\/a> yhteisten hevostaitomerkkien teoriaosuudet. Osa kursseista on vapaasti opiskeltavissa, osa vaatii sivulle rekister\u00f6itymisen. <a rel=\"noreferrer noopener\" href=\"https:\/\/hippos.mmg.fi\/\" target=\"_blank\">HIPPOSAKATEMIAAN T\u00c4ST\u00c4<\/a><\/p>\n\n\n\n<p>Suomen Hippoksen nuoristoiminnasta lis\u00e4\u00e4 tietoja <a rel=\"noreferrer noopener\" href=\"https:\/\/www.hippos.fi\/raviurheilu\/nuorisotoiminta\/\" target=\"_blank\">T\u00c4ST\u00c4<\/a><\/p>\n\n\n\n<p>Poniraviurheilusta lis\u00e4\u00e4 tietoja <a rel=\"noreferrer noopener\" href=\"https:\/\/www.hippos.fi\/raviurheilu\/poniraviurheilu\/\" data-type=\"URL\" data-id=\"https:\/\/www.hippos.fi\/raviurheilu\/poniraviurheilu\/\" target=\"_blank\">Suomen Hippoksen sivuilla<\/a> ja<a rel=\"noreferrer noopener\" href=\"https:\/\/www.poniraviyhdistys.fi\/\" data-type=\"URL\" data-id=\"https:\/\/www.poniraviyhdistys.fi\/\" target=\"_blank\"> Suomen Poniraviyhdistyksen sivuilla<\/a>.<\/p>\n\n\n\n<p>Suomen Ratsastajainliiton nuorisotoiminnasta lis\u00e4\u00e4 tietoja <a rel=\"noreferrer noopener\" href=\"https:\/\/www.ratsastus.fi\/seuratoimijalle\/lasten-ja-nuorten-toiminta\/\" target=\"_blank\">T\u00c4ST\u00c4<\/a><\/p>\n\n\n\n<p>Suomen Ratsastajainliiton sivuilla voit hakea alueen <a rel=\"noreferrer noopener\" href=\"https:\/\/www.ratsastus.fi\/tallihaku\/\" data-type=\"URL\" data-id=\"https:\/\/www.ratsastus.fi\/tallihaku\/\" target=\"_blank\">talleja<\/a> tai <a rel=\"noreferrer noopener\" href=\"https:\/\/liity.ratsastus.fi\/\" data-type=\"URL\" data-id=\"https:\/\/liity.ratsastus.fi\/\" target=\"_blank\">ratsastusseuroja<\/a>, <a rel=\"noreferrer noopener\" href=\"https:\/\/tapahtumat.ratsastus.fi\/tapahtumat\/\" data-type=\"URL\" data-id=\"https:\/\/tapahtumat.ratsastus.fi\/tapahtumat\/\" target=\"_blank\">SRL:n toimintakalenterista <\/a>l\u00f6yd\u00e4t paljon erilaisia tapahtumia. <a rel=\"noreferrer noopener\" href=\"https:\/\/www.ratsastus.fi\/alueet\/hame\/\" data-type=\"URL\" data-id=\"https:\/\/www.ratsastus.fi\/alueet\/hame\/\" target=\"_blank\">Suomen Ratsastajain liiton H\u00e4meen aluejaosto <\/a>toimii aktiivisesti alueellamme.<\/p>\n\n\n\n<p><\/p>\n","protected":false},"excerpt":{"rendered":"<p>Tuemme alueemme nuorisotoimintaa, vaikkemme sit\u00e4 itse suoranaisesti j\u00e4rjest\u00e4. Olemme mm. lahjoittaneet stipendin Riihim\u00e4en ravinuorten toimintaan sek\u00e4 ponik\u00e4rryt Teivon ravikoululle. Ravinuorten kerhoja alueellamme toimii t\u00e4ll\u00e4 hetkell\u00e4 kaksi; Teivon Ravinuoret ja Riihim\u00e4en Ravinuorisokerho. Forssan Pilvenm\u00e4ell\u00e4 nuorisotoiminnalle etsit\u00e4\u00e4n vet\u00e4j\u00e4\u00e4. Ravikouluja alueellamme on t\u00e4ll\u00e4 hetkell\u00e4 yksi: Teivon Ravikoulu Suomen Hippoksen Hipposakatemiasta l\u00f6yd\u00e4t useita lapsille [&hellip;]<\/p>\n","protected":false},"author":14,"featured_media":0,"parent":0,"menu_order":0,"comment_status":"closed","ping_status":"closed","template":"","meta":{"_EventAllDay":false,"_EventTimezone":"","_EventStartDate":"","_EventEndDate":"","_EventStartDateUTC":"","_EventEndDateUTC":"","_EventShowMap":false,"_EventShowMapLink":false,"_EventURL":"","_EventCost":"","_EventCostDescription":"","_EventCurrencySymbol":"","_EventCurrencyPosition":"","_EventDateTimeSeparator":"","_EventTimeRangeSeparator":"","_EventOrganizerID":[],"_EventVenueID":0,"_OrganizerEmail":"","_OrganizerPhone":"","_OrganizerWebsite":"","_VenueAddress":"","_VenueCity":"","_VenueCountry":"","_VenueProvince":"","_VenueZip":"","_VenuePhone":"","_VenueURL":"","_VenueStateProvince":"","_VenueLat":"","_VenueLng":"","footnotes":""},"class_list":["post-579","page","type-page","status-publish","hentry"],"_links":{"self":[{"href":"https:\/\/hevosjalostusliitot.fi\/hame\/wp-json\/wp\/v2\/pages\/579","targetHints":{"allow":["GET"]}}],"collection":[{"href":"https:\/\/hevosjalostusliitot.fi\/hame\/wp-json\/wp\/v2\/pages"}],"about":[{"href":"https:\/\/hevosjalostusliitot.fi\/hame\/wp-json\/wp\/v2\/types\/page"}],"author":[{"embeddable":true,"href":"https:\/\/hevosjalostusliitot.fi\/hame\/wp-json\/wp\/v2\/users\/14"}],"replies":[{"embeddable":true,"href":"https:\/\/hevosjalostusliitot.fi\/hame\/wp-json\/wp\/v2\/comments?post=579"}],"version-history":[{"count":3,"href":"https:\/\/hevosjalostusliitot.fi\/hame\/wp-json\/wp\/v2\/pages\/579\/revisions"}],"predecessor-version":[{"id":583,"href":"https:\/\/hevosjalostusliitot.fi\/hame\/wp-json\/wp\/v2\/pages\/579\/revisions\/583"}],"wp:attachment":[{"href":"https:\/\/hevosjalostusliitot.fi\/hame\/wp-json\/wp\/v2\/media?parent=579"}],"curies":[{"name":"wp","href":"https:\/\/api.w.org\/{rel}","templated":true}]}}