{"id":289,"date":"2021-07-23T08:45:46","date_gmt":"2021-07-23T05:45:46","guid":{"rendered":"https:\/\/hevosjalostusliitot.fi\/hame\/?page_id=289"},"modified":"2024-05-10T17:29:52","modified_gmt":"2024-05-10T14:29:52","slug":"ilmoituspalsta","status":"publish","type":"page","link":"https:\/\/hevosjalostusliitot.fi\/hame\/ilmoituspalsta\/","title":{"rendered":"Ilmoituspalsta"},"content":{"rendered":"\n<p class=\"has-small-font-size\">Julkaisemme asikkaiden ilmoituksia veloituksetta.<\/p>\n\n\n\n<p class=\"has-small-font-size\">L\u00e4het\u00e4 ilmoitus osoitteeseen hameenhjl@gmail.com. Ilmoitus voidaan poistaa ilmoittajan pyynn\u00f6st\u00e4 tai 6 kk p\u00e4\u00e4st\u00e4.<\/p>\n\n\n\n<p><mark class=\"kt-highlight\"><strong>Tuplakimppa 2024-2027\u00a02 varsaa yhdell\u00e4 maksulla<\/strong> (10.5.2024)<\/mark><\/p>\n\n\n\n<p>Osuusmaksu 1.6 saakka 250\u20ac ( osuus maksu nousee joka kk) l\u00e4hde siis heti mukaan.50 osuutta, yhden osuuden hinta 50\u20ac\/kk ensimm\u00e4isen talvi -valmennusjakson ajan. Opetus ja ensimm\u00e4inen talvi- valmennus sovittu Forssan raviradalle Robert Wesslin talliin, joka opettanut monta menestys hevosta ty\u00f6vuosien varrella. Talli py\u00f6rii pienell\u00e4 hevosm\u00e4\u00e4r\u00e4ll\u00e4, joten huolenpito on hyv\u00e4\u00e4 ja informaatio toimii. Kimppa p\u00e4\u00e4tt\u00e4\u00e4 tulevan kilpailuttajan, joten kulut valmennuksen mukaiset. Saavat my\u00f6s j\u00e4\u00e4d\u00e4 Robertille.&nbsp;Kk kulut alkavat vasta syksyll\u00e4 laitumen j\u00e4lkeen. Varsat madotettu, rokotettu ja kuvattu. Ja rakkaudella huolehdittu ja ruokittu. Varsat ovat O. <strong>Viking Pouz<\/strong>&nbsp;(samaa em\u00e4linjaa kuin Destroyer Flame) ja T. <strong>Vaiana Pouz<\/strong>&nbsp;( Suomen ainoa Arctic Loverin j\u00e4lkel\u00e4inen-&gt; Pekka Korpi). Ori on kompakti, ja tammalla on raameja\ud83d\udc4cKimppa jatkuu jos kimppa haluaa 2027 vuoden j\u00e4lkeenkin.Varsat n\u00e4ht\u00e4vill\u00e4 M\u00e4nt\u00e4ss\u00e4.<br>Yhteydenotot: Anna Poutiainen 0451381334  PS. En vastaa tuntemattomiin numeroihin <a href=\"mailto:poutiainen.anna@gmail.com\">poutiainen.anna@gmail.com<\/a><\/p>\n\n\n\n<p><\/p>\n\n\n\n<p><mark class=\"kt-highlight\"><strong>Team HelppiHeppa 2024-2026<\/strong> (10.5.2024)<\/mark><\/p>\n\n\n\n<p>2-vuotias Space No Limit eli Lilli on vuokrattu kasvattajaltaan Heli Kujalalta ajalle 1.5. 2024 \u2013 31.12.2026 Team HelppiHepalle. Kimpan tuotto menee Kissankulma ry:lle https:\/\/www.kissankulma.com\/ ja kimpan vet\u00e4j\u00e4 on Tia Lehtonen. Lis\u00e4tietoja helppiheppa@gmail.com. https:\/\/www.facebook.com\/SpaceNoLimit<\/p>\n\n\n\n<figure class=\"wp-block-image size-large\"><img loading=\"lazy\" decoding=\"async\" width=\"1024\" height=\"729\" src=\"https:\/\/hevosjalostusliitot.fi\/hame\/wp-content\/uploads\/sites\/8\/2024\/05\/HelppiHeppa-1024x729.jpg\" alt=\"\" class=\"wp-image-660\" srcset=\"https:\/\/hevosjalostusliitot.fi\/hame\/wp-content\/uploads\/sites\/8\/2024\/05\/HelppiHeppa-1024x729.jpg 1024w, https:\/\/hevosjalostusliitot.fi\/hame\/wp-content\/uploads\/sites\/8\/2024\/05\/HelppiHeppa-300x214.jpg 300w, https:\/\/hevosjalostusliitot.fi\/hame\/wp-content\/uploads\/sites\/8\/2024\/05\/HelppiHeppa-768x547.jpg 768w, https:\/\/hevosjalostusliitot.fi\/hame\/wp-content\/uploads\/sites\/8\/2024\/05\/HelppiHeppa.jpg 1334w\" sizes=\"auto, (max-width: 1024px) 100vw, 1024px\" \/><\/figure>\n\n\n\n<p><mark class=\"kt-highlight\"><strong>MYYD\u00c4\u00c4N <\/strong>monenlaista hevosvarustetta<\/mark> (huom! my\u00f6s l\u00e4nki\u00e4 k\u00e4ytt\u00f6\u00f6n) p. 0400-874320, Jorma Uosukainen, Nokia (23.7.2021)<\/p>\n\n\n\n<p><\/p>\n","protected":false},"excerpt":{"rendered":"<p>Julkaisemme asikkaiden ilmoituksia veloituksetta. L\u00e4het\u00e4 ilmoitus osoitteeseen hameenhjl@gmail.com. Ilmoitus voidaan poistaa ilmoittajan pyynn\u00f6st\u00e4 tai 6 kk p\u00e4\u00e4st\u00e4. Tuplakimppa 2024-2027\u00a02 varsaa yhdell\u00e4 maksulla (10.5.2024) Osuusmaksu 1.6 saakka 250\u20ac ( osuus maksu nousee joka kk) l\u00e4hde siis heti mukaan.50 osuutta, yhden osuuden hinta 50\u20ac\/kk ensimm\u00e4isen talvi -valmennusjakson ajan. Opetus ja ensimm\u00e4inen talvi- [&hellip;]<\/p>\n","protected":false},"author":14,"featured_media":0,"parent":0,"menu_order":0,"comment_status":"closed","ping_status":"closed","template":"","meta":{"_EventAllDay":false,"_EventTimezone":"","_EventStartDate":"","_EventEndDate":"","_EventStartDateUTC":"","_EventEndDateUTC":"","_EventShowMap":false,"_EventShowMapLink":false,"_EventURL":"","_EventCost":"","_EventCostDescription":"","_EventCurrencySymbol":"","_EventCurrencyPosition":"","_EventDateTimeSeparator":"","_EventTimeRangeSeparator":"","_EventOrganizerID":[],"_EventVenueID":0,"_OrganizerEmail":"","_OrganizerPhone":"","_OrganizerWebsite":"","_VenueAddress":"","_VenueCity":"","_VenueCountry":"","_VenueProvince":"","_VenueZip":"","_VenuePhone":"","_VenueURL":"","_VenueStateProvince":"","_VenueLat":"","_VenueLng":"","footnotes":""},"class_list":["post-289","page","type-page","status-publish","hentry"],"_links":{"self":[{"href":"https:\/\/hevosjalostusliitot.fi\/hame\/wp-json\/wp\/v2\/pages\/289","targetHints":{"allow":["GET"]}}],"collection":[{"href":"https:\/\/hevosjalostusliitot.fi\/hame\/wp-json\/wp\/v2\/pages"}],"about":[{"href":"https:\/\/hevosjalostusliitot.fi\/hame\/wp-json\/wp\/v2\/types\/page"}],"author":[{"embeddable":true,"href":"https:\/\/hevosjalostusliitot.fi\/hame\/wp-json\/wp\/v2\/users\/14"}],"replies":[{"embeddable":true,"href":"https:\/\/hevosjalostusliitot.fi\/hame\/wp-json\/wp\/v2\/comments?post=289"}],"version-history":[{"count":8,"href":"https:\/\/hevosjalostusliitot.fi\/hame\/wp-json\/wp\/v2\/pages\/289\/revisions"}],"predecessor-version":[{"id":662,"href":"https:\/\/hevosjalostusliitot.fi\/hame\/wp-json\/wp\/v2\/pages\/289\/revisions\/662"}],"wp:attachment":[{"href":"https:\/\/hevosjalostusliitot.fi\/hame\/wp-json\/wp\/v2\/media?parent=289"}],"curies":[{"name":"wp","href":"https:\/\/api.w.org\/{rel}","templated":true}]}}