{"id":12,"date":"2020-05-16T13:20:22","date_gmt":"2020-05-16T10:20:22","guid":{"rendered":"https:\/\/hevosjalostusliitot.fi\/hame\/?page_id=12"},"modified":"2025-10-29T20:39:17","modified_gmt":"2025-10-29T18:39:17","slug":"etusivu","status":"publish","type":"page","link":"https:\/\/hevosjalostusliitot.fi\/hame\/","title":{"rendered":"Etusivu"},"content":{"rendered":"<style>#kt-layout-id_584f03-46 > .kt-row-column-wrap{z-index:10;position:relative;align-content:start;}:where(#kt-layout-id_584f03-46 > .kt-row-column-wrap) > .wp-block-kadence-column{justify-content:start;}#kt-layout-id_584f03-46 > .kt-row-column-wrap{column-gap:var(--global-kb-gap-md, 2rem);row-gap:var(--global-kb-gap-md, 2rem);max-width:900px;margin-left:auto;margin-right:auto;padding-top:var( --global-kb-row-default-top, 25px );padding-bottom:var( --global-kb-row-default-bottom, 25px );padding-top:438px;padding-bottom:300px;grid-template-columns:minmax(0, 1fr);}#kt-layout-id_584f03-46{background-image:url('https:\/\/hevosjalostusliitot.fi\/hame\/wp-content\/uploads\/sites\/8\/2020\/06\/10469807_808653532500791_1221387792_o.jpg');background-size:cover;background-position:center center;background-attachment:fixed;background-repeat:no-repeat;}#kt-layout-id_584f03-46 > .kt-row-layout-overlay{opacity:0.00;background-image:linear-gradient(90deg, #00b5e2 0%, #1c809a 100%);mix-blend-mode:overlay;}#kt-layout-id_584f03-46 .kt-row-layout-bottom-sep{height:100px;}#kt-layout-id_584f03-46 .kt-row-layout-bottom-sep svg{width:100%;}#kt-layout-id_584f03-46 .kt-row-layout-bottom-sep svg{fill:#ffffff!important;}@media all and (max-width: 1024px), only screen and (min-device-width: 1024px) and (max-device-width: 1366px) and (-webkit-min-device-pixel-ratio: 2) and (hover: none){#kt-layout-id_584f03-46{background-attachment:scroll;}}@media all and (max-width: 1024px){#kt-layout-id_584f03-46 > .kt-row-column-wrap{grid-template-columns:minmax(0, 1fr);}}@media all and (max-width: 1024px){#kt-layout-id_584f03-46 .kt-row-layout-bottom-sep{height:px;}}@media all and (max-width: 1024px){#kt-layout-id_584f03-46 .kt-row-layout-bottom-sep svg{width:%;}}@media all and (max-width: 767px){#kt-layout-id_584f03-46 > .kt-row-column-wrap{grid-template-columns:minmax(0, 1fr);}#kt-layout-id_584f03-46 .kt-row-layout-bottom-sep{height:px;}#kt-layout-id_584f03-46 .kt-row-layout-bottom-sep svg{width:%;}}<\/style>\n<div class=\"wp-block-kadence-rowlayout alignfull\"><div id=\"kt-layout-id_584f03-46\" class=\"kt-row-layout-inner kt-row-has-bg kt-layout-id_584f03-46\"><div class=\"kt-row-layout-overlay kt-row-overlay-gradient\"><\/div><div class=\"kt-row-column-wrap kt-has-1-columns kt-gutter-default kt-v-gutter-default kt-row-valign-top kt-row-layout-equal kt-tab-layout-inherit kt-m-colapse-left-to-right kt-mobile-layout-row\">\n<style>.kadence-column_3df01d-25 > .kt-inside-inner-col{border-top-width:0px;border-right-width:0px;border-bottom-width:0px;border-left-width:0px;}.kadence-column_3df01d-25 > .kt-inside-inner-col,.kadence-column_3df01d-25 > .kt-inside-inner-col:before{border-top-left-radius:0px;border-top-right-radius:0px;border-bottom-right-radius:0px;border-bottom-left-radius:0px;}.kadence-column_3df01d-25 > .kt-inside-inner-col{column-gap:var(--global-kb-gap-sm, 1rem);}.kadence-column_3df01d-25 > .kt-inside-inner-col{flex-direction:column;}.kadence-column_3df01d-25 > .kt-inside-inner-col > .aligncenter{width:100%;}.kadence-column_3df01d-25 > .kt-inside-inner-col:before{opacity:0.3;}.kadence-column_3df01d-25{position:relative;}@media all and (max-width: 1024px){.kadence-column_3df01d-25 > .kt-inside-inner-col{flex-direction:column;justify-content:center;}}@media all and (max-width: 767px){.kadence-column_3df01d-25 > .kt-inside-inner-col{flex-direction:column;justify-content:center;}}<\/style>\n<div class=\"wp-block-kadence-column inner-column-1 kadence-column_3df01d-25\"><div class=\"kt-inside-inner-col\">\n<style>.wp-block-kadence-advancedheading.kt-adv-heading_e8f260-c5, .wp-block-kadence-advancedheading.kt-adv-heading_e8f260-c5[data-kb-block=\"kb-adv-heading_e8f260-c5\"]{text-align:center;font-size:3.5em;line-height:1.3em;font-weight:800;font-style:normal;font-family:Montserrat;color:#ffffff;}.wp-block-kadence-advancedheading.kt-adv-heading_e8f260-c5 mark.kt-highlight, .wp-block-kadence-advancedheading.kt-adv-heading_e8f260-c5[data-kb-block=\"kb-adv-heading_e8f260-c5\"] mark.kt-highlight{font-style:normal;color:#f76a0c;-webkit-box-decoration-break:clone;box-decoration-break:clone;padding-top:0px;padding-right:0px;padding-bottom:0px;padding-left:0px;}.wp-block-kadence-advancedheading.kt-adv-heading_e8f260-c5 img.kb-inline-image, .wp-block-kadence-advancedheading.kt-adv-heading_e8f260-c5[data-kb-block=\"kb-adv-heading_e8f260-c5\"] img.kb-inline-image{width:150px;vertical-align:baseline;}<\/style>\n<h2 id=\"kt-adv-heading_e8f260-c5\" class=\"kt-adv-heading_e8f260-c5 wp-block-kadence-advancedheading\" style=\"text-align:center;color:#ffffff\">H\u00e4meen<\/h2>\n\n<style>.wp-block-kadence-advancedheading.kt-adv-heading_d50aca-f8, .wp-block-kadence-advancedheading.kt-adv-heading_d50aca-f8[data-kb-block=\"kb-adv-heading_d50aca-f8\"]{text-align:center;font-size:1.6em;line-height:1em;font-weight:700;font-style:normal;font-family:Montserrat;color:#ffffff;}.wp-block-kadence-advancedheading.kt-adv-heading_d50aca-f8 mark.kt-highlight, .wp-block-kadence-advancedheading.kt-adv-heading_d50aca-f8[data-kb-block=\"kb-adv-heading_d50aca-f8\"] mark.kt-highlight{font-style:normal;color:#f76a0c;-webkit-box-decoration-break:clone;box-decoration-break:clone;padding-top:0px;padding-right:0px;padding-bottom:0px;padding-left:0px;}.wp-block-kadence-advancedheading.kt-adv-heading_d50aca-f8 img.kb-inline-image, .wp-block-kadence-advancedheading.kt-adv-heading_d50aca-f8[data-kb-block=\"kb-adv-heading_d50aca-f8\"] img.kb-inline-image{width:150px;vertical-align:baseline;}<\/style>\n<h4 id=\"kt-adv-heading_d50aca-f8\" class=\"kt-adv-heading_d50aca-f8 wp-block-kadence-advancedheading\" style=\"text-align:center;color:#ffffff\">hevosjalostusliitto ry<\/h4>\n\n<style>.wp-block-kadence-advancedbtn.kb-btns_6ff1f5-3b{gap:var(--global-kb-gap-xs, 0.5rem );justify-content:center;align-items:center;}.kt-btns_6ff1f5-3b .kt-button{font-family:Montserrat;font-weight:300;font-style:normal;}.wp-block-kadence-advancedbtn.kt-btns_6ff1f5-3b .kt-btn-wrap-0 .kt-button{color:#ffffff;font-size:18px;background:#00b5e2;border-color:#00b5e2;border-style:solid;}.wp-block-kadence-advancedbtn.kt-btns_6ff1f5-3b .kt-btn-wrap-0 .kt-button:hover, .wp-block-kadence-advancedbtn.kt-btns_6ff1f5-3b .kt-btn-wrap-0 .kt-button:focus{color:#ffffff;border-color:#444444;}.wp-block-kadence-advancedbtn.kt-btns_6ff1f5-3b .kt-btn-wrap-0 .kt-button::before{display:none;}.wp-block-kadence-advancedbtn.kt-btns_6ff1f5-3b .kt-btn-wrap-0 .kt-button:hover, .wp-block-kadence-advancedbtn.kt-btns_6ff1f5-3b .kt-btn-wrap-0 .kt-button:focus{background:#444444;}.wp-block-kadence-advancedbtn.kt-btns_6ff1f5-3b .kt-btn-wrap-1 .kt-button{color:#ffffff;font-size:18px;border-color:#fbfcfd;border-style:solid;}.wp-block-kadence-advancedbtn.kt-btns_6ff1f5-3b .kt-btn-wrap-1 .kt-button:hover, .wp-block-kadence-advancedbtn.kt-btns_6ff1f5-3b .kt-btn-wrap-1 .kt-button:focus{color:#ffffff;border-color:#444444;}.wp-block-kadence-advancedbtn.kt-btns_6ff1f5-3b .kt-btn-wrap-1 .kt-button::before{display:none;}.wp-block-kadence-advancedbtn.kt-btns_6ff1f5-3b .kt-btn-wrap-1 .kt-button:hover, .wp-block-kadence-advancedbtn.kt-btns_6ff1f5-3b .kt-btn-wrap-1 .kt-button:focus{background:#444444;}<\/style>\n<div class=\"wp-block-kadence-advancedbtn kt-btn-align-center kt-btn-tablet-align-inherit kt-btn-mobile-align-inherit kt-btns-wrap kt-btns_6ff1f5-3b\"><div class=\"kt-btn-wrap kt-btn-wrap-0\"><a class=\"kt-button button kt-btn-0-action kt-btn-size-custom kt-btn-style-basic kt-btn-svg-show-always kt-btn-has-text-true kt-btn-has-svg-false\" href=\"#link\" style=\"border-radius:3px;border-width:3px\"><span class=\"kt-btn-inner-text\">Ota yhteytt\u00e4<\/span><\/a><\/div><\/div>\n\n<\/div><\/div>\n\n<\/div><div class=\"kt-row-layout-bottom-sep kt-row-sep-type-ctd\"><\/div><\/div><\/div>\n\n\n\n<h2 class=\"wp-block-heading\"><\/h2>\n\n\n\n<p>H\u00e4meen hevosjalostusliitto ry<\/p>\n\n\n\n<p>Tammelan puistokatu 24 B 28, 33100 Tampere<\/p>\n\n\n\n<p>p.  0400 &#8211; 454 840 (huom! vanha lankanumero poistunut k\u00e4yt\u00f6st\u00e4)<\/p>\n\n\n\n<p>toiminnanjohtaja Anu Kantala<\/p>\n\n\n\n<p>hameenhjl@gmail.com <\/p>\n\n\n\n<p>tilinumero IBAN: FI50 4500 0040 0055 78 (HUOM! Tilinumeromme on vaihtunut 12\/2024)<\/p>\n\n\n\n<p>y-tunnus 0155426-7<\/p>\n\n\n\n<p><\/p>\n\n\n\n<p><strong>LASKUTUSTIEDOT<\/strong> <\/p>\n\n\n\n<p>OTAMME LASKUJA VASTAAN AINOASTAAN ALLA OLEVIIN OSOITTEISIIN!<\/p>\n\n\n\n<p>1. Verkkolaskut<br>H\u00e4meen hevosjalostusliitto r.y., 0155426-7<br>Verkkolaskuosoite: 003701554267<br>Operaattori: Maventa (003721291126)<br>V\u00e4litt\u00e4j\u00e4tunnus pankkiverkosta l\u00e4hetett\u00e4ess\u00e4: DABAFIHH*<br><br>2. Laskujen vastaanotto s\u00e4hk\u00f6postitse skannauspalveluun<br>S\u00e4hk\u00f6postilaskun osoite: <a href=\"mailto:01554267@scan.netvisor.fi\">01554267@scan.netvisor.fi<\/a><br><br>3. Laskujen vastaanotto postitse skannauspalveluun<br>H\u00e4meen hevosjalostusliitto r.y.<br>01554267<br>PL 100<br>80020 Kollektor Scan<\/p>\n\n\n\n<p><a href=\"https:\/\/hevosjalostusliitot.fi\/hame\/hameen-hevosjalostusliiton-uudet-laskutustiedot\/\" data-type=\"URL\" data-id=\"https:\/\/hevosjalostusliitot.fi\/hame\/hameen-hevosjalostusliiton-uudet-laskutustiedot\/\" target=\"_blank\" rel=\"noreferrer noopener\">TARKEMPI LASKUTUSOHJE <\/a><br><\/p>\n\n\n\n<p><\/p>\n\n\n\n<p><strong>ASIOINTI TOIMISTOLLA:<\/strong><\/p>\n\n\n\n<p>Halutessasi asioida toimistolla, sovithan etuk\u00e4teen k\u00e4ynnist\u00e4, jotta paikalla varmasti ollaan! <\/p>\n\n\n\n<p>HUOM! Omistajanvaihdoksia ei 1.1.2020 alkaen hoideta hevosjalostusliitoissa tai raviradoilla, ne toimitetaan suoraan Hippokseen. Muista my\u00f6s mahdollisuus tehd\u00e4 s\u00e4hk\u00f6inen omistajanvaihdos! Rokotusmerkint\u00f6jen tallennus onnistuu vain el\u00e4inl\u00e4\u00e4k\u00e4rin kautta tai Suomen Hippoksen kautta, kilpailu@hippos.fi.<\/p>\n\n\n\n<p><\/p>\n\n\n\n<p><\/p>\n\n\n\n<p><strong>J\u00c4SENTIEDOTE:<\/strong><\/p>\n\n\n\n<p><a href=\"https:\/\/hevosjalostusliitot.fi\/hame\/wp-content\/uploads\/sites\/8\/2025\/09\/HHJL-Apuohjas-1-2025.pdf\" data-type=\"link\" data-id=\"https:\/\/hevosjalostusliitot.fi\/hame\/wp-content\/uploads\/sites\/8\/2025\/09\/HHJL-Apuohjas-1-2025.pdf\">Apuohjas 1-2025<\/a><\/p>\n\n\n\n<p><\/p>\n","protected":false},"excerpt":{"rendered":"<p>H\u00e4meen hevosjalostusliitto ry H\u00e4meen hevosjalostusliitto ry Tammelan puistokatu 24 B 28, 33100 Tampere p. 0400 &#8211; 454 840 (huom! vanha lankanumero poistunut k\u00e4yt\u00f6st\u00e4) toiminnanjohtaja Anu Kantala hameenhjl@gmail.com tilinumero IBAN: FI50 4500 0040 0055 78 (HUOM! Tilinumeromme on vaihtunut 12\/2024) y-tunnus 0155426-7 LASKUTUSTIEDOT OTAMME LASKUJA VASTAAN AINOASTAAN ALLA OLEVIIN OSOITTEISIIN! 1. [&hellip;]<\/p>\n","protected":false},"author":1,"featured_media":0,"parent":0,"menu_order":0,"comment_status":"closed","ping_status":"closed","template":"page-templates\/template-fullwidth.php","meta":{"_EventAllDay":false,"_EventTimezone":"","_EventStartDate":"","_EventEndDate":"","_EventStartDateUTC":"","_EventEndDateUTC":"","_EventShowMap":false,"_EventShowMapLink":false,"_EventURL":"","_EventCost":"","_EventCostDescription":"","_EventCurrencySymbol":"","_EventCurrencyPosition":"","_EventDateTimeSeparator":"","_EventTimeRangeSeparator":"","_EventOrganizerID":[],"_EventVenueID":0,"_OrganizerEmail":"","_OrganizerPhone":"","_OrganizerWebsite":"","_VenueAddress":"","_VenueCity":"","_VenueCountry":"","_VenueProvince":"","_VenueZip":"","_VenuePhone":"","_VenueURL":"","_VenueStateProvince":"","_VenueLat":"","_VenueLng":"","footnotes":""},"class_list":["post-12","page","type-page","status-publish","hentry"],"_links":{"self":[{"href":"https:\/\/hevosjalostusliitot.fi\/hame\/wp-json\/wp\/v2\/pages\/12","targetHints":{"allow":["GET"]}}],"collection":[{"href":"https:\/\/hevosjalostusliitot.fi\/hame\/wp-json\/wp\/v2\/pages"}],"about":[{"href":"https:\/\/hevosjalostusliitot.fi\/hame\/wp-json\/wp\/v2\/types\/page"}],"author":[{"embeddable":true,"href":"https:\/\/hevosjalostusliitot.fi\/hame\/wp-json\/wp\/v2\/users\/1"}],"replies":[{"embeddable":true,"href":"https:\/\/hevosjalostusliitot.fi\/hame\/wp-json\/wp\/v2\/comments?post=12"}],"version-history":[{"count":42,"href":"https:\/\/hevosjalostusliitot.fi\/hame\/wp-json\/wp\/v2\/pages\/12\/revisions"}],"predecessor-version":[{"id":781,"href":"https:\/\/hevosjalostusliitot.fi\/hame\/wp-json\/wp\/v2\/pages\/12\/revisions\/781"}],"wp:attachment":[{"href":"https:\/\/hevosjalostusliitot.fi\/hame\/wp-json\/wp\/v2\/media?parent=12"}],"curies":[{"name":"wp","href":"https:\/\/api.w.org\/{rel}","templated":true}]}}