{"id":104,"date":"2020-06-15T11:43:44","date_gmt":"2020-06-15T08:43:44","guid":{"rendered":"https:\/\/hevosjalostusliitot.fi\/hame\/?page_id=104"},"modified":"2025-09-24T11:21:00","modified_gmt":"2025-09-24T08:21:00","slug":"paikallis-ja-harjoitusravit","status":"publish","type":"page","link":"https:\/\/hevosjalostusliitot.fi\/hame\/paikallis-ja-harjoitusravit\/","title":{"rendered":"Paikallis- ja harjoitusravit"},"content":{"rendered":"\n<p>Sivua p\u00e4ivitetty: 24.2.2025<\/p>\n\n\n\n<p class=\"has-medium-font-size\"><strong>Paikallisravit vuonna 2025<\/strong><\/p>\n\n\n\n<p>Alueellamme on suunnitelmissa useita paikallisravitapahtumia. P\u00e4iv\u00e4m\u00e4\u00e4r\u00e4t ovat tiedossa seuraavista:<\/p>\n\n\n\n<p>to 29.5. <a href=\"https:\/\/heppa.hippos.fi\/heppa\/app?page=racing%2FRaceCategories&amp;service=external&amp;sp=CF1748466000000&amp;sp=CEPH\" data-type=\"link\" data-id=\"https:\/\/heppa.hippos.fi\/heppa\/app?page=racing%2FRaceCategories&amp;service=external&amp;sp=CF1748466000000&amp;sp=CEPH\">Yp\u00e4j\u00e4, paikallisravit<\/a>, Yp\u00e4j\u00e4n Hevosyst\u00e4v\u00e4inseura, Forssan Seudun Hippos ja Hevosopisto<\/p>\n\n\n\n<p>la 14.6. <a href=\"https:\/\/heppa.hippos.fi\/heppa\/app?page=racing%2FRaceCategories&amp;service=external&amp;sp=CF1749848400000&amp;sp=CEPH\" data-type=\"link\" data-id=\"https:\/\/heppa.hippos.fi\/heppa\/app?page=racing%2FRaceCategories&amp;service=external&amp;sp=CF1749848400000&amp;sp=CEPH\">M\u00e4ntt\u00e4, paikallisravit,<\/a> Kuoreveden Hevosjalostusseura<\/p>\n\n\n\n<p>la 9.8. <a href=\"https:\/\/heppa.hippos.fi\/heppa\/app?page=racing%2FRaceCategories&amp;service=external&amp;sp=CF1754686800000&amp;sp=CEPH\" data-type=\"link\" data-id=\"https:\/\/heppa.hippos.fi\/heppa\/app?page=racing%2FRaceCategories&amp;service=external&amp;sp=CF1754686800000&amp;sp=CEPH\">Oriveden ravit M\u00e4nt\u00e4ss\u00e4<\/a>, Oriveden Hevosjalostus- ja raviseura<\/p>\n\n\n\n<p>Ajankohta avoin seuraavista raveista:<\/p>\n\n\n\n<p><s>Virrat, paikallisravit, Virtain Hevosyst\u00e4v\u00e4inseura<\/s><\/p>\n\n\n\n<p><s>Lemp\u00e4\u00e4l\u00e4n paikallisravit Teivossa, Lemp\u00e4\u00e4l\u00e4n Hevosyhdistys<\/s> PERUTTU<\/p>\n\n\n\n<p>Pohjois-H\u00e4meen Hippoksen Haista Hevonen Cupia ajetaan lis\u00e4ksi muiden hevosjalostusliittojen alueella Niinisalon ja Keuruun (M\u00e4nt\u00e4n rata) raveissa.<\/p>\n\n\n\n<p><mark class=\"kt-highlight\"><strong>Paikallisravien tiedot ovat alustavat ja <\/strong><\/mark><mark class=\"kt-highlight\"><strong>muutokset ovat aina mahdollisia!<\/strong><\/mark><strong><mark class=\"kt-highlight\"> <\/mark><\/strong>Erin\u00e4iset syyt voivat aiheuttaa ravien siirt\u00e4misen tai peruutuksen. Sarjat ja l\u00e4ht\u00f6listat julkaistaan Heppa-j\u00e4rjestelm\u00e4ss\u00e4. <\/p>\n\n\n\n<p><strong>Alueemme paikallisraveissa Pohjois-H\u00e4meen Hippoksen Haista Hevonen cup sek\u00e4 PP Trot ponikiertue, katso tarkemmat tiedot alta!<\/strong><\/p>\n\n\n\n<p><\/p>\n\n\n\n<figure class=\"wp-block-image size-medium\"><img loading=\"lazy\" decoding=\"async\" width=\"295\" height=\"300\" src=\"https:\/\/hevosjalostusliitot.fi\/hame\/wp-content\/uploads\/sites\/8\/2022\/06\/HH-CUP-295x300.jpg\" alt=\"\" class=\"wp-image-402\" srcset=\"https:\/\/hevosjalostusliitot.fi\/hame\/wp-content\/uploads\/sites\/8\/2022\/06\/HH-CUP-295x300.jpg 295w, https:\/\/hevosjalostusliitot.fi\/hame\/wp-content\/uploads\/sites\/8\/2022\/06\/HH-CUP-1006x1024.jpg 1006w, https:\/\/hevosjalostusliitot.fi\/hame\/wp-content\/uploads\/sites\/8\/2022\/06\/HH-CUP-768x782.jpg 768w, https:\/\/hevosjalostusliitot.fi\/hame\/wp-content\/uploads\/sites\/8\/2022\/06\/HH-CUP.jpg 1080w\" sizes=\"auto, (max-width: 295px) 100vw, 295px\" \/><\/figure>\n\n\n\n<p class=\"has-medium-font-size\"><strong>Pohjois-H\u00e4meen Hippoksen kilpailusarja paikallisraveihin <\/strong><\/p>\n\n\n\n<p class=\"has-medium-font-size\"><strong>Haista Hevonen -cup 2025<\/strong> <\/p>\n\n\n\n<p>Haista Hevonen Cup 2025<\/p>\n\n\n\n<p>Kylm\u00e4verisille (finaalissa etusijalla Suomessa syntyneet = ensirekister\u00f6idyt) tai l\u00e4mminverisille suunnattu kilpailusarja (kausikilpailu), jonka s\u00e4\u00e4nn\u00f6ist\u00e4 ja kilpailuihin liittyvist\u00e4 p\u00e4\u00e4t\u00f6ksist\u00e4 ja muutoksista vastaa Pohjois-H\u00e4meen Hippos ry. Vuonna 2025 kilpailu on sek\u00e4 l\u00e4mminverisille ett\u00e4 kylm\u00e4verisille.<\/p>\n\n\n\n<p>Kilpailusarja on suunnattu p\u00e4\u00e4asiassa Teivon vaikutusalueen paikallisraveihin, mutta karsintoja ja finaali voidaan ajaa my\u00f6s maakuntaradoilla. Kilpailusarjaan osallistuvat radat p\u00e4\u00e4tt\u00e4\u00e4 Pohjois-H\u00e4meen Hippos ry. Karsinnoissa on 1-2 sarjaa per rotu per kilpailup\u00e4iv\u00e4, sarja voidaan jakaa, tai finaali voidaan j\u00e4rjest\u00e4\u00e4 ilman karsintoja. Karsintal\u00e4hd\u00f6iss\u00e4 suositaan aloittelevia hevosia. Paikallisravien j\u00e4rjest\u00e4j\u00e4 saa p\u00e4\u00e4tt\u00e4\u00e4 tarkan sarjam\u00e4\u00e4rityksen. Finaalil\u00e4ht\u00f6 ajetaan 2000 tai 2100 metrin tasoitusajona ja tarkempi sarjam\u00e4\u00e4ritys m\u00e4\u00e4ritet\u00e4\u00e4n joka vuosi erikseen. Mik\u00e4li mahdollista, finaalissa maksetaan palkinto kaikille osallistuneille.<\/p>\n\n\n\n<p>Voittaja m\u00e4\u00e4r\u00e4ytyy karsintal\u00e4ht\u00f6jen (HH Cup karsintal\u00e4ht\u00f6) ja finaalin pisteiden perusteella. Finaaliin p\u00e4\u00e4see 12 hevosta, jos finaali ajetaan kapealla radalla tai 16 hevosta, jos finaali ajetaan maakuntaradalla. Finaaliin voidaan ilmoittaa vain karsintal\u00e4ht\u00f6ihin osallistuneita hevosia. Kokonaiscupin palkinnoille p\u00e4\u00e4sy edellytt\u00e4\u00e4 finaaliin osallistumista. Haista Hevonen Cupin voi voittaa vain karsintoihin osallistunut hevonen, jollei kilpailua suoriteta pelk\u00e4st\u00e4\u00e4n finaalina. Finaalin karsinta suoritetaan karsintal\u00e4hd\u00f6ist\u00e4 kertyneiden pisteiden perusteella. Mik\u00e4li finaalia ei ajeta, cupin sijoitukset ratkaistaan karsintal\u00e4hd\u00f6ist\u00e4 kertyneill\u00e4 pisteill\u00e4.<\/p>\n\n\n\n<p>Pistej\u00e4rjestelm\u00e4:<\/p>\n\n\n\n<p>1. sija = 12 p<br>2. sija = 10 p<br>3. sija = 8 p<br>4. sija = 6 p<br>5. sija = 4 p<br>Muut sijat 2 p (my\u00f6s hylyist\u00e4\/keskeytyksist\u00e4 2 p).<br>Finaalil\u00e4hd\u00f6st\u00e4 saa kaksinkertaiset pisteet.<\/p>\n\n\n\n<p>Tasapisteiss\u00e4 p\u00e4\u00e4sy finaaliin ratkeaa karsintal\u00e4ht\u00f6ihin osallistumiskertojen m\u00e4\u00e4r\u00e4ll\u00e4 (etusijalla on useammin karsintaan osallistunut). Jos t\u00e4m\u00e4n j\u00e4lkeen pisteet on samat, ratkaistaan p\u00e4\u00e4sy finaaliin arvalla. Finaalissa noudatetaan normaalia ravikilpailus\u00e4\u00e4nt\u00f6jen mukaista karsintaa. Lopulliset pisteet m\u00e4\u00e4r\u00e4\u00e4v\u00e4 cupin voittajan. Tasapisteiss\u00e4 sijoitus ratkeaa karsintal\u00e4ht\u00f6ihin osallistumisien m\u00e4\u00e4r\u00e4ll\u00e4. Jos t\u00e4m\u00e4n j\u00e4lkeen pisteet on samat, sijoitus ratkeaa finaalinl\u00e4hd\u00f6n sijoituksen perusteella. Kilpailusarjan 3 parasta palkitaan tuotepalkinnoilla.<\/p>\n\n\n\n<p>Hevoskilpailujen lis\u00e4ksi vuonna 2025 j\u00e4rjestet\u00e4\u00e4n ohjastajakilpailu, jonka pistelaskenta tapahtuu samalla tavalla kuin hevosilla. Ohjastajakilpailussa palkitaan vain voittaja.<br><br>FINAALI Teivossa 27.9.2025<\/p>\n\n\n\n<p>Haista Hevonen -finaali L\u00e4mminveriset tasoitusajo p 300\u20ac, 20m 800\u20ac, 40m 2000\u20ac, 60m 4700\u20ac Haista Hevonen -finaali Kylm\u00e4veriset tasoitusajo p 400\u20ac, 20m 800\u20ac, 40m 1500\u20ac, 60m 3000\u20ac, 80m 5200\u20ac<\/p>\n\n\n\n<p>Karsintal\u00e4ht\u00f6j\u00e4 ajetaan seuraavissa raveissa:<\/p>\n\n\n\n<p>11.5. Keuruun paikallisravit M\u00e4nt\u00e4ss\u00e4<\/p>\n\n\n\n<p>14.6. M\u00e4nt\u00e4n Ravit 2025<\/p>\n\n\n\n<p>9.8. Oriveden paikallisravit M\u00e4nt\u00e4ss\u00e4<\/p>\n\n\n\n<p>24.8. Niinisalon paikallisravit<\/p>\n\n\n\n<p><s>xx.xx. Virtain paikallisravit<\/s><\/p>\n\n\n\n<p>PISTETILANNE ENNEN FINAALIA:<\/p>\n\n\n\n<figure class=\"wp-block-image size-full\"><img loading=\"lazy\" decoding=\"async\" width=\"869\" height=\"1568\" src=\"https:\/\/hevosjalostusliitot.fi\/hame\/wp-content\/uploads\/sites\/8\/2025\/09\/IMG-20250826-WA0002.jpg\" alt=\"\" class=\"wp-image-777\" srcset=\"https:\/\/hevosjalostusliitot.fi\/hame\/wp-content\/uploads\/sites\/8\/2025\/09\/IMG-20250826-WA0002.jpg 869w, https:\/\/hevosjalostusliitot.fi\/hame\/wp-content\/uploads\/sites\/8\/2025\/09\/IMG-20250826-WA0002-166x300.jpg 166w, https:\/\/hevosjalostusliitot.fi\/hame\/wp-content\/uploads\/sites\/8\/2025\/09\/IMG-20250826-WA0002-568x1024.jpg 568w, https:\/\/hevosjalostusliitot.fi\/hame\/wp-content\/uploads\/sites\/8\/2025\/09\/IMG-20250826-WA0002-768x1386.jpg 768w, https:\/\/hevosjalostusliitot.fi\/hame\/wp-content\/uploads\/sites\/8\/2025\/09\/IMG-20250826-WA0002-851x1536.jpg 851w\" sizes=\"auto, (max-width: 869px) 100vw, 869px\" \/><\/figure>\n\n\n\n<figure class=\"wp-block-image size-full\"><img loading=\"lazy\" decoding=\"async\" width=\"868\" height=\"595\" src=\"https:\/\/hevosjalostusliitot.fi\/hame\/wp-content\/uploads\/sites\/8\/2025\/09\/IMG-20250826-WA0003.jpg\" alt=\"\" class=\"wp-image-778\" srcset=\"https:\/\/hevosjalostusliitot.fi\/hame\/wp-content\/uploads\/sites\/8\/2025\/09\/IMG-20250826-WA0003.jpg 868w, https:\/\/hevosjalostusliitot.fi\/hame\/wp-content\/uploads\/sites\/8\/2025\/09\/IMG-20250826-WA0003-300x206.jpg 300w, https:\/\/hevosjalostusliitot.fi\/hame\/wp-content\/uploads\/sites\/8\/2025\/09\/IMG-20250826-WA0003-768x526.jpg 768w\" sizes=\"auto, (max-width: 868px) 100vw, 868px\" \/><\/figure>\n\n\n\n<p class=\"has-medium-font-size\"><strong>PP Trot Ponikiertue 2024 \u2013 kilpailun s\u00e4\u00e4nn\u00f6t<\/strong><\/p>\n\n\n\n<p>PP Trot Ponikiertue -kilpailu k\u00e4yd\u00e4\u00e4n vuonna 2024 M\u00e4nt\u00e4n ja Virtain raviradoilla ajettavissa paikallisraveissa. Mukana ovat kaikki n\u00e4ill\u00e4 radoilla t\u00e4n\u00e4 aikana ajettavat paikallisravit niiden lukum\u00e4\u00e4r\u00e4st\u00e4 riippumatta.<\/p>\n\n\n\n<p>Kilpailuun osallistuvat automaattisesti kaikki n\u00e4ihin paikallisraveihin osallistuvat ponit, sek\u00e4 A- ett\u00e4 B-kategorioista.<\/p>\n\n\n\n<p>Kilpailun voittaja on se poni, joka osallistuu eniten ko. paikallisraveissa ajettaviin ponil\u00e4ht\u00f6ihin. Sijoituksella ei ole merkityst\u00e4. Mik\u00e4li useampia poneja p\u00e4\u00e4tyy kauden loputtua samaan tulokseen, palkinto jaetaan korkeimmalle sijalle sijoittuneiden kesken.<\/p>\n\n\n\n<p>PP Trot Ponikiertueen voittajaponi palkitaan 100 euron arvoisella lahjakortilla hevostarvikeliikkeeseen.<\/p>\n\n\n\n<p>PP Trot, Paula ja Pekka L\u00e4hteinen, toimii kilpailun tuomarina ja tekee siihen liittyv\u00e4t p\u00e4\u00e4t\u00f6kset sek\u00e4 pid\u00e4tt\u00e4\u00e4 oikeudet muutoksiin.&nbsp;<\/p>\n\n\n\n<p><\/p>\n\n\n\n<p><\/p>\n\n\n\n<p><\/p>\n\n\n\n<p><\/p>\n\n\n\n<p><\/p>\n","protected":false},"excerpt":{"rendered":"<p>Sivua p\u00e4ivitetty: 24.2.2025 Paikallisravit vuonna 2025 Alueellamme on suunnitelmissa useita paikallisravitapahtumia. P\u00e4iv\u00e4m\u00e4\u00e4r\u00e4t ovat tiedossa seuraavista: to 29.5. Yp\u00e4j\u00e4, paikallisravit, Yp\u00e4j\u00e4n Hevosyst\u00e4v\u00e4inseura, Forssan Seudun Hippos ja Hevosopisto la 14.6. M\u00e4ntt\u00e4, paikallisravit, Kuoreveden Hevosjalostusseura la 9.8. Oriveden ravit M\u00e4nt\u00e4ss\u00e4, Oriveden Hevosjalostus- ja raviseura Ajankohta avoin seuraavista raveista: Virrat, paikallisravit, Virtain Hevosyst\u00e4v\u00e4inseura Lemp\u00e4\u00e4l\u00e4n [&hellip;]<\/p>\n","protected":false},"author":14,"featured_media":0,"parent":0,"menu_order":0,"comment_status":"closed","ping_status":"closed","template":"","meta":{"_EventAllDay":false,"_EventTimezone":"","_EventStartDate":"","_EventEndDate":"","_EventStartDateUTC":"","_EventEndDateUTC":"","_EventShowMap":false,"_EventShowMapLink":false,"_EventURL":"","_EventCost":"","_EventCostDescription":"","_EventCurrencySymbol":"","_EventCurrencyPosition":"","_EventDateTimeSeparator":"","_EventTimeRangeSeparator":"","_EventOrganizerID":[],"_EventVenueID":0,"_OrganizerEmail":"","_OrganizerPhone":"","_OrganizerWebsite":"","_VenueAddress":"","_VenueCity":"","_VenueCountry":"","_VenueProvince":"","_VenueZip":"","_VenuePhone":"","_VenueURL":"","_VenueStateProvince":"","_VenueLat":"","_VenueLng":"","footnotes":""},"class_list":["post-104","page","type-page","status-publish","hentry"],"_links":{"self":[{"href":"https:\/\/hevosjalostusliitot.fi\/hame\/wp-json\/wp\/v2\/pages\/104","targetHints":{"allow":["GET"]}}],"collection":[{"href":"https:\/\/hevosjalostusliitot.fi\/hame\/wp-json\/wp\/v2\/pages"}],"about":[{"href":"https:\/\/hevosjalostusliitot.fi\/hame\/wp-json\/wp\/v2\/types\/page"}],"author":[{"embeddable":true,"href":"https:\/\/hevosjalostusliitot.fi\/hame\/wp-json\/wp\/v2\/users\/14"}],"replies":[{"embeddable":true,"href":"https:\/\/hevosjalostusliitot.fi\/hame\/wp-json\/wp\/v2\/comments?post=104"}],"version-history":[{"count":69,"href":"https:\/\/hevosjalostusliitot.fi\/hame\/wp-json\/wp\/v2\/pages\/104\/revisions"}],"predecessor-version":[{"id":779,"href":"https:\/\/hevosjalostusliitot.fi\/hame\/wp-json\/wp\/v2\/pages\/104\/revisions\/779"}],"wp:attachment":[{"href":"https:\/\/hevosjalostusliitot.fi\/hame\/wp-json\/wp\/v2\/media?parent=104"}],"curies":[{"name":"wp","href":"https:\/\/api.w.org\/{rel}","templated":true}]}}