{"id":87,"date":"2020-05-29T13:02:51","date_gmt":"2020-05-29T10:02:51","guid":{"rendered":"https:\/\/hevosjalostusliitot.fi\/etelasuomi\/?page_id=87"},"modified":"2024-03-27T15:03:47","modified_gmt":"2024-03-27T13:03:47","slug":"tamma-ja-varsanayttelyt","status":"publish","type":"page","link":"https:\/\/hevosjalostusliitot.fi\/etelasuomi\/tamma-ja-varsanayttelyt\/","title":{"rendered":"Tamma- ja varsan\u00e4yttelyt"},"content":{"rendered":"\n<p>Hevosjalostusliitot j\u00e4rjest\u00e4v\u00e4t tamma- ja varsan\u00e4yttelyit\u00e4 suomenhevosille ja l\u00e4mminverisille ravihevosille. N\u00e4yttelyiss\u00e4 jalostusarvostellaan suomenhevos- ja l\u00e4mminveritammat, sek\u00e4 arvostellaan 1 &#8211; 3 -vuotiaat suomenhevosvarsat (kaikki jalostussuunnat) ja 1 &#8211; 2-vuotiaat l\u00e4mminverivarsat. Suomenhevostammat voidaan k\u00e4ytt\u00f6tarkoitustensa perusteella arvostella joko juoksija- (J), ty\u00f6hevos- (T, Ta, Tk), ratsu- (R) tai pienhevossuunnalle (P). <\/p>\n\n\n\n<p>N\u00e4yttelykalenterin l\u00f6yd\u00e4t <a href=\"https:\/\/heppa.hippos.fi\/heppa\/app\">Hepasta<\/a>.<\/p>\n\n\n\n<p>Vuoden 2024 n\u00e4yttelyt j\u00e4rjestet\u00e4\u00e4n Lahdessa Jokimaalla Koulutuskeskus Salpauksen maneesissa. <\/p>\n\n\n\n<p>14.5.2024  tammojen arvostelu mahdollista J-suunnalle ja Tk-suunnalle<\/p>\n\n\n\n<p>4.10.2024  tammojen arvostelu mahdollista J-suunnalle ja Tk-suunnalle ja orien arvostelu Tk-suunnalle <\/p>\n\n\n\n<p>5.10.2024 varsan\u00e4yttely<\/p>\n\n\n\n<p><\/p>\n\n\n\n<p class=\"has-text-align-center\">                                                                <\/p>\n","protected":false},"excerpt":{"rendered":"<p>Hevosjalostusliitot j\u00e4rjest\u00e4v\u00e4t tamma- ja varsan\u00e4yttelyit\u00e4 suomenhevosille ja l\u00e4mminverisille ravihevosille. N\u00e4yttelyiss\u00e4 jalostusarvostellaan suomenhevos- ja l\u00e4mminveritammat, sek\u00e4 arvostellaan 1 &#8211; 3 -vuotiaat suomenhevosvarsat (kaikki jalostussuunnat) ja 1 &#8211; 2-vuotiaat l\u00e4mminverivarsat. Suomenhevostammat voidaan k\u00e4ytt\u00f6tarkoitustensa perusteella arvostella joko juoksija- (J), ty\u00f6hevos- (T, Ta, Tk), ratsu- (R) tai pienhevossuunnalle (P). N\u00e4yttelykalenterin l\u00f6yd\u00e4t Hepasta. Vuoden 2024 [&hellip;]<\/p>\n","protected":false},"author":18,"featured_media":0,"parent":0,"menu_order":0,"comment_status":"closed","ping_status":"closed","template":"page-templates\/template-fullwidth.php","meta":{"_EventAllDay":false,"_EventTimezone":"","_EventStartDate":"","_EventEndDate":"","_EventStartDateUTC":"","_EventEndDateUTC":"","_EventShowMap":false,"_EventShowMapLink":false,"_EventURL":"","_EventCost":"","_EventCostDescription":"","_EventCurrencySymbol":"","_EventCurrencyPosition":"","_EventDateTimeSeparator":"","_EventTimeRangeSeparator":"","_EventOrganizerID":[],"_EventVenueID":0,"_OrganizerEmail":"","_OrganizerPhone":"","_OrganizerWebsite":"","_VenueAddress":"","_VenueCity":"","_VenueCountry":"","_VenueProvince":"","_VenueZip":"","_VenuePhone":"","_VenueURL":"","_VenueStateProvince":"","_VenueLat":"","_VenueLng":"","footnotes":""},"class_list":["post-87","page","type-page","status-publish","hentry"],"_links":{"self":[{"href":"https:\/\/hevosjalostusliitot.fi\/etelasuomi\/wp-json\/wp\/v2\/pages\/87","targetHints":{"allow":["GET"]}}],"collection":[{"href":"https:\/\/hevosjalostusliitot.fi\/etelasuomi\/wp-json\/wp\/v2\/pages"}],"about":[{"href":"https:\/\/hevosjalostusliitot.fi\/etelasuomi\/wp-json\/wp\/v2\/types\/page"}],"author":[{"embeddable":true,"href":"https:\/\/hevosjalostusliitot.fi\/etelasuomi\/wp-json\/wp\/v2\/users\/18"}],"replies":[{"embeddable":true,"href":"https:\/\/hevosjalostusliitot.fi\/etelasuomi\/wp-json\/wp\/v2\/comments?post=87"}],"version-history":[{"count":14,"href":"https:\/\/hevosjalostusliitot.fi\/etelasuomi\/wp-json\/wp\/v2\/pages\/87\/revisions"}],"predecessor-version":[{"id":322,"href":"https:\/\/hevosjalostusliitot.fi\/etelasuomi\/wp-json\/wp\/v2\/pages\/87\/revisions\/322"}],"wp:attachment":[{"href":"https:\/\/hevosjalostusliitot.fi\/etelasuomi\/wp-json\/wp\/v2\/media?parent=87"}],"curies":[{"name":"wp","href":"https:\/\/api.w.org\/{rel}","templated":true}]}}