{"id":30,"date":"2020-05-18T13:56:21","date_gmt":"2020-05-18T10:56:21","guid":{"rendered":"https:\/\/hevosjalostusliitot.fi\/etelasuomi\/?page_id=30"},"modified":"2025-10-31T12:10:05","modified_gmt":"2025-10-31T10:10:05","slug":"jasenseurat","status":"publish","type":"page","link":"https:\/\/hevosjalostusliitot.fi\/etelasuomi\/jasenseurat\/","title":{"rendered":"J\u00e4senseurat"},"content":{"rendered":"\n<p>Heinolan Hevosseura<br>pj. Riitta Nieminen puh. 045 1100754, riitta777@gmail.com<\/p>\n\n\n\n<p>Iitin Hevosyst\u00e4v\u00e4inseura https:\/\/www.iitinhys.fi\/ <br>pj. Vesa Suikkanen 040 7004090, info@iitinhys.fi<br><br>Joutsan Hevosyst\u00e4v\u00e4inseura <a href=\"https:\/\/www.joutsanhevosystavainseura.fi\/\">www.joutsanhevosystavainseura.fi<\/a><br>pj. Pasi Haapasaari,\u00a0<a href=\"mailto:joutsanhys@gmail.com\" target=\"_blank\" rel=\"noreferrer noopener\">joutsanhys@gmail.com<\/a><br><br>J\u00e4ms\u00e4n Ravi\u00a0<a href=\"https:\/\/jamsanraviry.com\/\">https:\/\/jamsanraviry.com\/<\/a><br>pj. Saku Mikkola puh. 0400-630 518, jamsanraviry@gmail.com<br><br>Karjalohjan Hevosyst\u00e4v\u00e4inseura<br>pj. Anna Nordstr\u00f6m puh. 0500-221 699, anna.nordstrom@salo.fi<br><br>K\u00e4rk\u00f6l\u00e4n Hevosseura<br>pj. Tiina Aaltonen<\/p>\n\n\n\n<p>Lahden Hevosyst\u00e4v\u00e4inseura&nbsp;<a href=\"http:\/\/www.jokimaanravit.fi\/\">www.jokimaanravit.fi<\/a><br>pj. Pekka Kairtamo puh. 044-3868 221, pekka.kairtamo@isku.fi<br><br>Luhangan Hevosjalostusyhdistys<br>pj.&nbsp;Jukka Huuskola&nbsp;puh. 0400-246 956, jukka.huuskola@gmail.com<br><br>Nurmij\u00e4rven Hevosurheiluseura&nbsp;<a href=\"http:\/\/www.nurmijarvenhevosurheiluseura.fi\/\">www.nurmijarvenhevosurheiluseura.fi<\/a><br>pj. Marjo Saastamoinen, puh. 0400-951 744, marjosaastamoinen15@gmail.com<br><br>Orimattilan Hevosyst\u00e4v\u00e4inseura<br>pj. Ismo Korhonen puh. 0400-646 196, ismo.korhonen@pp.inet.fi<\/p>\n\n\n\n<p>Padasjoen Hevosurheiluseura<br>Teea Hakulinen, pahus.padasjoki@gmail.com <br><br>ProAgria&nbsp;Etel\u00e4-Suomi ry&nbsp;<a href=\"http:\/\/www.proagria.fi\/\">www.proagria.fi<\/a><br>pj. Pauliina Pakkasmaa info.etela@proagria.fi<br>tj. Jouni Saarinen, 0400 874 575, jouni.saarinen@proagria.fi <br><br>Sysm\u00e4n Hevosyst\u00e4v\u00e4inseura<br>pj. Miia Halme 040 416 9690 jyrkimi@gmail.com <br><br>Tuusulan Hevosyst\u00e4v\u00e4inseura&nbsp;<a href=\"http:\/\/www.thys.fi\/\">www.thys.fi<\/a><br>pj. P\u00e4ivi Karhunen, 050 5281705, <a href=\"mailto:puheenjohtaja@thys.fi\" target=\"_blank\" rel=\"noreferrer noopener\">puheenjohtaja@thys.fi<\/a><br><br>Vihdin Hevosjalostusyhdistys&nbsp;<a href=\"http:\/\/www.vhjy.fi\/\">www.vhjy.fi<\/a><br>pj. Hanna Lepist\u00f6, 040 046 1103, hanna.lepisto3@gmail.com<\/p>\n\n\n\n<p>Viipurin L\u00e4\u00e4nin Hevosyst\u00e4v\u00e4inseura<br>pj. Olli Henttonen puh. 040-533 5248, olli.henttonen@pp.inet.fi<\/p>\n","protected":false},"excerpt":{"rendered":"<p>Heinolan Hevosseurapj. Riitta Nieminen puh. 045 1100754, riitta777@gmail.com Iitin Hevosyst\u00e4v\u00e4inseura https:\/\/www.iitinhys.fi\/ pj. Vesa Suikkanen 040 7004090, info@iitinhys.fi Joutsan Hevosyst\u00e4v\u00e4inseura www.joutsanhevosystavainseura.fipj. Pasi Haapasaari,\u00a0joutsanhys@gmail.com J\u00e4ms\u00e4n Ravi\u00a0https:\/\/jamsanraviry.com\/pj. Saku Mikkola puh. 0400-630 518, jamsanraviry@gmail.com Karjalohjan Hevosyst\u00e4v\u00e4inseurapj. Anna Nordstr\u00f6m puh. 0500-221 699, anna.nordstrom@salo.fi K\u00e4rk\u00f6l\u00e4n Hevosseurapj. Tiina Aaltonen Lahden Hevosyst\u00e4v\u00e4inseura&nbsp;www.jokimaanravit.fipj. Pekka Kairtamo puh. 044-3868 221, pekka.kairtamo@isku.fi [&hellip;]<\/p>\n","protected":false},"author":1,"featured_media":0,"parent":0,"menu_order":0,"comment_status":"closed","ping_status":"closed","template":"page-templates\/template-fullwidth.php","meta":{"_EventAllDay":false,"_EventTimezone":"","_EventStartDate":"","_EventEndDate":"","_EventStartDateUTC":"","_EventEndDateUTC":"","_EventShowMap":false,"_EventShowMapLink":false,"_EventURL":"","_EventCost":"","_EventCostDescription":"","_EventCurrencySymbol":"","_EventCurrencyPosition":"","_EventDateTimeSeparator":"","_EventTimeRangeSeparator":"","_EventOrganizerID":[],"_EventVenueID":0,"_OrganizerEmail":"","_OrganizerPhone":"","_OrganizerWebsite":"","_VenueAddress":"","_VenueCity":"","_VenueCountry":"","_VenueProvince":"","_VenueZip":"","_VenuePhone":"","_VenueURL":"","_VenueStateProvince":"","_VenueLat":"","_VenueLng":"","footnotes":""},"class_list":["post-30","page","type-page","status-publish","hentry"],"_links":{"self":[{"href":"https:\/\/hevosjalostusliitot.fi\/etelasuomi\/wp-json\/wp\/v2\/pages\/30","targetHints":{"allow":["GET"]}}],"collection":[{"href":"https:\/\/hevosjalostusliitot.fi\/etelasuomi\/wp-json\/wp\/v2\/pages"}],"about":[{"href":"https:\/\/hevosjalostusliitot.fi\/etelasuomi\/wp-json\/wp\/v2\/types\/page"}],"author":[{"embeddable":true,"href":"https:\/\/hevosjalostusliitot.fi\/etelasuomi\/wp-json\/wp\/v2\/users\/1"}],"replies":[{"embeddable":true,"href":"https:\/\/hevosjalostusliitot.fi\/etelasuomi\/wp-json\/wp\/v2\/comments?post=30"}],"version-history":[{"count":15,"href":"https:\/\/hevosjalostusliitot.fi\/etelasuomi\/wp-json\/wp\/v2\/pages\/30\/revisions"}],"predecessor-version":[{"id":387,"href":"https:\/\/hevosjalostusliitot.fi\/etelasuomi\/wp-json\/wp\/v2\/pages\/30\/revisions\/387"}],"wp:attachment":[{"href":"https:\/\/hevosjalostusliitot.fi\/etelasuomi\/wp-json\/wp\/v2\/media?parent=30"}],"curies":[{"name":"wp","href":"https:\/\/api.w.org\/{rel}","templated":true}]}}