{"id":28,"date":"2020-05-18T13:55:43","date_gmt":"2020-05-18T10:55:43","guid":{"rendered":"https:\/\/hevosjalostusliitot.fi\/etelasuomi\/?page_id=28"},"modified":"2026-04-13T09:59:22","modified_gmt":"2026-04-13T06:59:22","slug":"johtokunta","status":"publish","type":"page","link":"https:\/\/hevosjalostusliitot.fi\/etelasuomi\/johtokunta\/","title":{"rendered":"Johtokunta"},"content":{"rendered":"\n<p><strong>Puheenjohtaja<\/strong><br>Henrikki Halme, Vihti<br>040 5501 080<br>henrikki.halme@gmail.com<br><\/p>\n\n\n\n<p><strong>Vpj.<\/strong>\u00a0Antti Karhila, J\u00e4ms\u00e4<br><br>Tommi Tiira, Valkeala<br>Juha Kantonen, Sysm\u00e4<br>Anne Laitinen, Vihti<br>Pinja Halme, Asikkala<br>Terhi Kinnari, Hollola<br>Iina Rastas, Lahti<br>Johanna Heinonen, Lahti<\/p>\n","protected":false},"excerpt":{"rendered":"<p>PuheenjohtajaHenrikki Halme, Vihti040 5501 080henrikki.halme@gmail.com Vpj.\u00a0Antti Karhila, J\u00e4ms\u00e4 Tommi Tiira, ValkealaJuha Kantonen, Sysm\u00e4Anne Laitinen, VihtiPinja Halme, AsikkalaTerhi Kinnari, HollolaIina Rastas, LahtiJohanna Heinonen, Lahti<\/p>\n","protected":false},"author":1,"featured_media":0,"parent":0,"menu_order":0,"comment_status":"closed","ping_status":"closed","template":"page-templates\/template-fullwidth.php","meta":{"_EventAllDay":false,"_EventTimezone":"","_EventStartDate":"","_EventEndDate":"","_EventStartDateUTC":"","_EventEndDateUTC":"","_EventShowMap":false,"_EventShowMapLink":false,"_EventURL":"","_EventCost":"","_EventCostDescription":"","_EventCurrencySymbol":"","_EventCurrencyPosition":"","_EventDateTimeSeparator":"","_EventTimeRangeSeparator":"","_EventOrganizerID":[],"_EventVenueID":0,"_OrganizerEmail":"","_OrganizerPhone":"","_OrganizerWebsite":"","_VenueAddress":"","_VenueCity":"","_VenueCountry":"","_VenueProvince":"","_VenueZip":"","_VenuePhone":"","_VenueURL":"","_VenueStateProvince":"","_VenueLat":"","_VenueLng":"","footnotes":""},"class_list":["post-28","page","type-page","status-publish","hentry"],"_links":{"self":[{"href":"https:\/\/hevosjalostusliitot.fi\/etelasuomi\/wp-json\/wp\/v2\/pages\/28","targetHints":{"allow":["GET"]}}],"collection":[{"href":"https:\/\/hevosjalostusliitot.fi\/etelasuomi\/wp-json\/wp\/v2\/pages"}],"about":[{"href":"https:\/\/hevosjalostusliitot.fi\/etelasuomi\/wp-json\/wp\/v2\/types\/page"}],"author":[{"embeddable":true,"href":"https:\/\/hevosjalostusliitot.fi\/etelasuomi\/wp-json\/wp\/v2\/users\/1"}],"replies":[{"embeddable":true,"href":"https:\/\/hevosjalostusliitot.fi\/etelasuomi\/wp-json\/wp\/v2\/comments?post=28"}],"version-history":[{"count":8,"href":"https:\/\/hevosjalostusliitot.fi\/etelasuomi\/wp-json\/wp\/v2\/pages\/28\/revisions"}],"predecessor-version":[{"id":397,"href":"https:\/\/hevosjalostusliitot.fi\/etelasuomi\/wp-json\/wp\/v2\/pages\/28\/revisions\/397"}],"wp:attachment":[{"href":"https:\/\/hevosjalostusliitot.fi\/etelasuomi\/wp-json\/wp\/v2\/media?parent=28"}],"curies":[{"name":"wp","href":"https:\/\/api.w.org\/{rel}","templated":true}]}}