{"id":13,"date":"2020-05-16T13:07:34","date_gmt":"2020-05-16T10:07:34","guid":{"rendered":"https:\/\/hevosjalostusliitot.fi\/etelasuomi\/?page_id=13"},"modified":"2020-09-14T11:50:33","modified_gmt":"2020-09-14T08:50:33","slug":"etusivu","status":"publish","type":"page","link":"https:\/\/hevosjalostusliitot.fi\/etelasuomi\/","title":{"rendered":"Etusivu"},"content":{"rendered":"<style>#kt-layout-id_a2ea6c-d1 > .kt-row-column-wrap{align-content:center;}:where(#kt-layout-id_a2ea6c-d1 > .kt-row-column-wrap) > .wp-block-kadence-column{justify-content:center;}#kt-layout-id_a2ea6c-d1 > .kt-row-column-wrap{column-gap:var(--global-kb-gap-md, 2rem);row-gap:var(--global-kb-gap-md, 2rem);max-width:900px;margin-left:auto;margin-right:auto;padding-top:var( --global-kb-row-default-top, 25px );padding-bottom:var( --global-kb-row-default-bottom, 25px );padding-top:248px;padding-bottom:350px;grid-template-columns:minmax(0, 1fr);}#kt-layout-id_a2ea6c-d1{background-image:url('https:\/\/hevosjalostusliitot.fi\/etelasuomi\/wp-content\/uploads\/sites\/7\/2020\/05\/Vihdin-n\u00e4yttely-2019-kuva-Sonja-Holma-38.jpg');background-size:cover;background-position:center center;background-attachment:scroll;background-repeat:no-repeat;}#kt-layout-id_a2ea6c-d1 > .kt-row-layout-overlay{opacity:0.00;background-image:linear-gradient(90deg, #00b5e2 0%, #1c809a 100%);mix-blend-mode:overlay;}#kt-layout-id_a2ea6c-d1 .kt-row-layout-bottom-sep{height:100px;}#kt-layout-id_a2ea6c-d1 .kt-row-layout-bottom-sep svg{width:100%;}#kt-layout-id_a2ea6c-d1 .kt-row-layout-bottom-sep svg{fill:#ffffff!important;}@media all and (max-width: 1024px){#kt-layout-id_a2ea6c-d1 > .kt-row-column-wrap{grid-template-columns:minmax(0, 1fr);}}@media all and (max-width: 1024px){#kt-layout-id_a2ea6c-d1 .kt-row-layout-bottom-sep{height:px;}}@media all and (max-width: 1024px){#kt-layout-id_a2ea6c-d1 .kt-row-layout-bottom-sep svg{width:%;}}@media all and (max-width: 767px){#kt-layout-id_a2ea6c-d1 > .kt-row-column-wrap{grid-template-columns:minmax(0, 1fr);}#kt-layout-id_a2ea6c-d1 .kt-row-layout-bottom-sep{height:px;}#kt-layout-id_a2ea6c-d1 .kt-row-layout-bottom-sep svg{width:%;}}<\/style>\n<div class=\"wp-block-kadence-rowlayout alignfull\"><div id=\"kt-layout-id_a2ea6c-d1\" class=\"kt-row-layout-inner kt-row-has-bg kt-layout-id_a2ea6c-d1\"><div class=\"kt-row-layout-overlay kt-row-overlay-gradient\"><\/div><div class=\"kt-row-column-wrap kt-has-1-columns kt-gutter-default kt-v-gutter-default kt-row-valign-middle kt-row-layout-equal kt-tab-layout-inherit kt-m-colapse-left-to-right kt-mobile-layout-row\"><style>.kadence-column_244945-18 > .kt-inside-inner-col{border-top-width:0px;border-right-width:0px;border-bottom-width:0px;border-left-width:0px;}.kadence-column_244945-18 > .kt-inside-inner-col,.kadence-column_244945-18 > .kt-inside-inner-col:before{border-top-left-radius:0px;border-top-right-radius:0px;border-bottom-right-radius:0px;border-bottom-left-radius:0px;}.kadence-column_244945-18 > .kt-inside-inner-col{column-gap:var(--global-kb-gap-sm, 1rem);}.kadence-column_244945-18 > .kt-inside-inner-col{flex-direction:column;}.kadence-column_244945-18 > .kt-inside-inner-col > .aligncenter{width:100%;}.kadence-column_244945-18 > .kt-inside-inner-col:before{opacity:0.3;}.kadence-column_244945-18{position:relative;}@media all and (max-width: 1024px){.kadence-column_244945-18 > .kt-inside-inner-col{flex-direction:column;justify-content:center;}}@media all and (max-width: 767px){.kadence-column_244945-18 > .kt-inside-inner-col{flex-direction:column;justify-content:center;}}<\/style>\n<div class=\"wp-block-kadence-column inner-column-1 kadence-column_244945-18\"><div class=\"kt-inside-inner-col\"><style>.wp-block-kadence-advancedheading.kt-adv-heading_52abe8-30, .wp-block-kadence-advancedheading.kt-adv-heading_52abe8-30[data-kb-block=\"kb-adv-heading_52abe8-30\"]{text-align:center;font-size:2.7em;line-height:1.3em;font-weight:800;font-style:normal;font-family:Montserrat;color:#ffffff;}.wp-block-kadence-advancedheading.kt-adv-heading_52abe8-30 mark.kt-highlight, .wp-block-kadence-advancedheading.kt-adv-heading_52abe8-30[data-kb-block=\"kb-adv-heading_52abe8-30\"] mark.kt-highlight{font-style:normal;color:#f76a0c;-webkit-box-decoration-break:clone;box-decoration-break:clone;padding-top:0px;padding-right:0px;padding-bottom:0px;padding-left:0px;}.wp-block-kadence-advancedheading.kt-adv-heading_52abe8-30 img.kb-inline-image, .wp-block-kadence-advancedheading.kt-adv-heading_52abe8-30[data-kb-block=\"kb-adv-heading_52abe8-30\"] img.kb-inline-image{width:150px;vertical-align:baseline;}<\/style>\n<h2 id=\"kt-adv-heading_52abe8-30\" class=\"kt-adv-heading_52abe8-30 wp-block-kadence-advancedheading\" style=\"text-align:center;color:#ffffff\">Etel\u00e4-Suomen Hevosjalostusliitto ry<\/h2>\n\n\n<style>.wp-block-kadence-advancedbtn.kb-btns_65eea9-d9{gap:var(--global-kb-gap-xs, 0.5rem );justify-content:center;align-items:center;}.kt-btns_65eea9-d9 .kt-button{font-family:Montserrat;font-weight:300;font-style:normal;}.wp-block-kadence-advancedbtn.kt-btns_65eea9-d9 .kt-btn-wrap-0 .kt-button{color:#ffffff;font-size:18px;background:#00b5e2;border-color:#00b5e2;border-style:solid;}.wp-block-kadence-advancedbtn.kt-btns_65eea9-d9 .kt-btn-wrap-0 .kt-button:hover, .wp-block-kadence-advancedbtn.kt-btns_65eea9-d9 .kt-btn-wrap-0 .kt-button:focus{color:#ffffff;border-color:#444444;}.wp-block-kadence-advancedbtn.kt-btns_65eea9-d9 .kt-btn-wrap-0 .kt-button::before{display:none;}.wp-block-kadence-advancedbtn.kt-btns_65eea9-d9 .kt-btn-wrap-0 .kt-button:hover, .wp-block-kadence-advancedbtn.kt-btns_65eea9-d9 .kt-btn-wrap-0 .kt-button:focus{background:#444444;}.wp-block-kadence-advancedbtn.kt-btns_65eea9-d9 .kt-btn-wrap-1 .kt-button{color:#ffffff;font-size:18px;border-color:#fbfcfd;border-style:solid;}.wp-block-kadence-advancedbtn.kt-btns_65eea9-d9 .kt-btn-wrap-1 .kt-button:hover, .wp-block-kadence-advancedbtn.kt-btns_65eea9-d9 .kt-btn-wrap-1 .kt-button:focus{color:#ffffff;border-color:#444444;}.wp-block-kadence-advancedbtn.kt-btns_65eea9-d9 .kt-btn-wrap-1 .kt-button::before{display:none;}.wp-block-kadence-advancedbtn.kt-btns_65eea9-d9 .kt-btn-wrap-1 .kt-button:hover, .wp-block-kadence-advancedbtn.kt-btns_65eea9-d9 .kt-btn-wrap-1 .kt-button:focus{background:#444444;}<\/style>\n<div class=\"wp-block-kadence-advancedbtn kt-btn-align-center kt-btn-tablet-align-inherit kt-btn-mobile-align-inherit kt-btns-wrap kt-btns_65eea9-d9\"><div class=\"kt-btn-wrap kt-btn-wrap-0\"><a class=\"kt-button button kt-btn-0-action kt-btn-size-custom kt-btn-style-basic kt-btn-svg-show-always kt-btn-has-text-true kt-btn-has-svg-false\" href=\"mailto:toimisto@eshjl.fi\" style=\"border-radius:3px;border-width:3px\"><span class=\"kt-btn-inner-text\">Ota yhteytt\u00e4<\/span><\/a><\/div><\/div>\n<\/div><\/div>\n<\/div><\/div><\/div>\n\n\n\n<h2 class=\"wp-block-heading\">Tervetuloa<\/h2>\n\n\n\n<p>Suomen hevosjalostusliitot on perustettu vuonna 1907 ja t\u00e4n\u00e4 p\u00e4iv\u00e4n\u00e4 Suomessa toimii 16 hevosjalostusliittoa.<\/p>\n\n\n\n<p>Liittojen toimintaan kuuluu hevoskasvatuksen ja -jalostuksen edist\u00e4minen alueellaan sek\u00e4 hevostalouden tunnettavuuden parantaminen.<\/p>\n\n\n\n<p>Liittojen palveluihin kuuluvat mm. varsojen ja tuontihevosten tunnistukset, astutus- ja varsomistietojen tallennukset, tamma- ja varsan\u00e4yttelyt, viralliset ponimittaukset, ajolupakurssit, hevosalan neuvonta.<\/p>\n\n\n\n<p><strong>Etel\u00e4-Suomen Hevosjalostusliitto toimii Lahdessa Jokimaan ravikeskuksessa.<\/strong><\/p>\n\n\n\n<p>Jokimaankatu 6 A<br>15700 Lahti<br><a href=\"mailto:toimisto@eshjl.fi\">toimisto@eshjl.fi<\/a><\/p>\n\n\n\n<p><strong>Ninni Ala-J\u00e4\u00e4ski<\/strong><br>toiminnanjohtaja<br><strong>041 317 1873<\/strong><\/p>\n\n\n\n<p>Toimisto avoinna arkisin klo&nbsp;9 &#8211; 15 sek\u00e4 ravien aikana.<\/p>\n\n\n\n<p>Olemme nyky\u00e4\u00e4n my\u00f6s Facebookissa,&nbsp;nimell\u00e4 Etel\u00e4-Suomen Hevosjalostusliitto ry<\/p>\n","protected":false},"excerpt":{"rendered":"<p>Etel\u00e4-Suomen Hevosjalostusliitto ry Tervetuloa Suomen hevosjalostusliitot on perustettu vuonna 1907 ja t\u00e4n\u00e4 p\u00e4iv\u00e4n\u00e4 Suomessa toimii 16 hevosjalostusliittoa. Liittojen toimintaan kuuluu hevoskasvatuksen ja -jalostuksen edist\u00e4minen alueellaan sek\u00e4 hevostalouden tunnettavuuden parantaminen. Liittojen palveluihin kuuluvat mm. varsojen ja tuontihevosten tunnistukset, astutus- ja varsomistietojen tallennukset, tamma- ja varsan\u00e4yttelyt, viralliset ponimittaukset, ajolupakurssit, hevosalan neuvonta. Etel\u00e4-Suomen [&hellip;]<\/p>\n","protected":false},"author":1,"featured_media":0,"parent":0,"menu_order":0,"comment_status":"closed","ping_status":"closed","template":"page-templates\/template-fullwidth.php","meta":{"_EventAllDay":false,"_EventTimezone":"","_EventStartDate":"","_EventEndDate":"","_EventStartDateUTC":"","_EventEndDateUTC":"","_EventShowMap":false,"_EventShowMapLink":false,"_EventURL":"","_EventCost":"","_EventCostDescription":"","_EventCurrencySymbol":"","_EventCurrencyPosition":"","_EventDateTimeSeparator":"","_EventTimeRangeSeparator":"","_EventOrganizerID":[],"_EventVenueID":0,"_OrganizerEmail":"","_OrganizerPhone":"","_OrganizerWebsite":"","_VenueAddress":"","_VenueCity":"","_VenueCountry":"","_VenueProvince":"","_VenueZip":"","_VenuePhone":"","_VenueURL":"","_VenueStateProvince":"","_VenueLat":"","_VenueLng":"","footnotes":""},"class_list":["post-13","page","type-page","status-publish","hentry"],"_links":{"self":[{"href":"https:\/\/hevosjalostusliitot.fi\/etelasuomi\/wp-json\/wp\/v2\/pages\/13","targetHints":{"allow":["GET"]}}],"collection":[{"href":"https:\/\/hevosjalostusliitot.fi\/etelasuomi\/wp-json\/wp\/v2\/pages"}],"about":[{"href":"https:\/\/hevosjalostusliitot.fi\/etelasuomi\/wp-json\/wp\/v2\/types\/page"}],"author":[{"embeddable":true,"href":"https:\/\/hevosjalostusliitot.fi\/etelasuomi\/wp-json\/wp\/v2\/users\/1"}],"replies":[{"embeddable":true,"href":"https:\/\/hevosjalostusliitot.fi\/etelasuomi\/wp-json\/wp\/v2\/comments?post=13"}],"version-history":[{"count":13,"href":"https:\/\/hevosjalostusliitot.fi\/etelasuomi\/wp-json\/wp\/v2\/pages\/13\/revisions"}],"predecessor-version":[{"id":376,"href":"https:\/\/hevosjalostusliitot.fi\/etelasuomi\/wp-json\/wp\/v2\/pages\/13\/revisions\/376"}],"wp:attachment":[{"href":"https:\/\/hevosjalostusliitot.fi\/etelasuomi\/wp-json\/wp\/v2\/media?parent=13"}],"curies":[{"name":"wp","href":"https:\/\/api.w.org\/{rel}","templated":true}]}}