{"id":749,"date":"2025-07-10T16:57:29","date_gmt":"2025-07-10T13:57:29","guid":{"rendered":"https:\/\/hevosjalostusliitot.fi\/etelasavo\/?page_id=749"},"modified":"2026-01-27T16:16:50","modified_gmt":"2026-01-27T14:16:50","slug":"st-michel-vedot","status":"publish","type":"page","link":"https:\/\/hevosjalostusliitot.fi\/etelasavo\/st-michel-vedot\/","title":{"rendered":"St Michel -vedot"},"content":{"rendered":"\n<p>St Michel-vedot kilpaillaan vuonna 2026 kolmatta kertaa. Kilpailu on Etel\u00e4-Savon Hevosjalostusliiton j\u00e4rjest\u00e4m\u00e4 ty\u00f6hevosten vetokilpailu, joka k\u00e4ynnist\u00e4\u00e4 kuuluisan St Michel -raviviikonlopun Mikkelin raviradalla perjantaina 17.7.2026. Vetokilpailun j\u00e4lkeen perjantai-ilta jatkuu vauhdikkaiden ravien ja muun oheisohjelman merkeiss\u00e4 raviradalla.<\/p>\n\n\n\n<p>Lue lis\u00e4\u00e4 koko St Michel-viikonlopusta: <a href=\"https:\/\/www.stmichel.fi\/\" data-type=\"link\" data-id=\"https:\/\/www.stmichel.fi\/\">https:\/\/www.stmichel.fi\/<\/a><\/p>\n\n\n\n<p><\/p>\n\n\n\n<h2 class=\"wp-block-heading\"><\/h2>\n\n\n\n<h2 class=\"wp-block-heading\">Vetokilpailu -mit\u00e4 siin\u00e4 tapahtuu?<\/h2>\n\n\n\n<p>Hiekkaesteen pituus on 100 metri\u00e4. Esteeseen on merkitty 10 metrin pituiset portaat, joita vedet\u00e4\u00e4n pys\u00e4htym\u00e4tt\u00e4 kaksi kerrallaan. Kilpailussa kuorman alkupaino on ensikertaa kilpailevilla hevosilla 400 kg ja kilpailleilla hevosilla 500 kg.<\/p>\n\n\n\n<p>Ensimm\u00e4iset kaksi porrasta ved\u00e4tet\u00e4\u00e4n alkupainolla. Kunkin porrasparin j\u00e4lkeen pidet\u00e4\u00e4n yhden minuutin tauko, jonka aikana kuormaa lis\u00e4t\u00e4\u00e4n. Lis\u00e4ykset ovat aina 50 kg. Kustakin vet\u00e4m\u00e4st\u00e4\u00e4n portaasta hevonen saa yhden (1) pisteen. Portailla hevonen saa pys\u00e4hty\u00e4 enint\u00e4\u00e4n kolme kertaa. Pys\u00e4hdyksen j\u00e4lkeen valjakon tulee yhden (1) minuutin kuluessa jatkaa suoritusta. Nelj\u00e4nnell\u00e4 pys\u00e4hdyksell\u00e4 veto lopetetaan. Suoritus voidaan lopettaa my\u00f6s ohjastajan p\u00e4\u00e4tt\u00e4ess\u00e4 suorituksen, vaikka pys\u00e4hdyksi\u00e4 ei olisi ollutkaan. Sen j\u00e4lkeen mitataan viimeisen vedetyn portaan ylitt\u00e4v\u00e4 matka metrin tarkkuudella reen keskikohdasta ja kirjataan hevosen vet\u00e4m\u00e4t portaat ja matka yl\u00f6s.<\/p>\n\n\n\n<p>Ajajan on yksin hallittava hevosensa sek\u00e4 portailla, ett\u00e4 taukojen aikana; muussa tapauksessa veto hyl\u00e4t\u00e4\u00e4n. Avustajan k\u00e4ytt\u00f6 on sallittua vain siirrett\u00e4ess\u00e4 hevosta reen toiseen p\u00e4\u00e4h\u00e4n vetosuunnan vaihtuessa. Varusteiden korjaaminen on sallittu vain taukojen aikana. Jos valjasrikko tulee kesken suorituksen, veto keskeytet\u00e4\u00e4n.<\/p>\n\n\n\n<p>Kilpailut suoritetaan tuomariston ja el\u00e4inl\u00e4\u00e4k\u00e4rin valvonnassa. El\u00e4inl\u00e4\u00e4k\u00e4ri tarkastaa jokaisen kilpailuun ilmoitetun hevosen kunnon sek\u00e4 hevosen varusteet ja valjastuksen ennen kilpailun alkua. Ontuvat tai alakuntoiset hevoset eiv\u00e4t saa osallistua kilpailuun. El\u00e4inl\u00e4\u00e4k\u00e4ri tarkkailee kilpailusuorituksen vaikutusta hevosen rasittuneisuuteen ja tarpeen vaatiessa voi keskeytt\u00e4\u00e4 hevosen suorituksen.<\/p>\n\n\n\n<p>Painavinta kuormaa vet\u00e4nyt hevonen voittaa vetokilpailun, my\u00f6s toiseksi ja kolmanneksi eniten vet\u00e4neet palkitaan. N\u00e4iden lis\u00e4ksi voidaan palkita my\u00f6s parhaan yhteisty\u00f6n omaava valjakko.<\/p>\n\n\n\n<p><\/p>\n\n\n\n<p><\/p>\n\n\n\n<p><\/p>\n\n\n\n<h2 class=\"wp-block-heading\"><\/h2>\n\n\n\n<h2 class=\"wp-block-heading\">Yhteisty\u00f6ss\u00e4 St Michel -vetoja j\u00e4rjest\u00e4m\u00e4ss\u00e4:<\/h2>\n\n\n\n<figure class=\"wp-block-image size-full\"><img loading=\"lazy\" decoding=\"async\" width=\"571\" height=\"312\" src=\"https:\/\/hevosjalostusliitot.fi\/etelasavo\/wp-content\/uploads\/sites\/6\/2025\/07\/ravit.jpg\" alt=\"\" class=\"wp-image-758\" srcset=\"https:\/\/hevosjalostusliitot.fi\/etelasavo\/wp-content\/uploads\/sites\/6\/2025\/07\/ravit.jpg 571w, https:\/\/hevosjalostusliitot.fi\/etelasavo\/wp-content\/uploads\/sites\/6\/2025\/07\/ravit-300x164.jpg 300w\" sizes=\"auto, (max-width: 571px) 100vw, 571px\" \/><\/figure>\n\n\n\n<figure class=\"wp-block-gallery has-nested-images columns-default is-cropped wp-block-gallery-1 is-layout-flex wp-block-gallery-is-layout-flex\">\n<figure class=\"wp-block-image size-full\"><img loading=\"lazy\" decoding=\"async\" width=\"1300\" height=\"597\" data-id=\"752\" src=\"https:\/\/hevosjalostusliitot.fi\/etelasavo\/wp-content\/uploads\/sites\/6\/2025\/07\/tyohevosseura.jpg\" alt=\"\" class=\"wp-image-752\" srcset=\"https:\/\/hevosjalostusliitot.fi\/etelasavo\/wp-content\/uploads\/sites\/6\/2025\/07\/tyohevosseura.jpg 1300w, https:\/\/hevosjalostusliitot.fi\/etelasavo\/wp-content\/uploads\/sites\/6\/2025\/07\/tyohevosseura-300x138.jpg 300w, https:\/\/hevosjalostusliitot.fi\/etelasavo\/wp-content\/uploads\/sites\/6\/2025\/07\/tyohevosseura-1024x470.jpg 1024w, https:\/\/hevosjalostusliitot.fi\/etelasavo\/wp-content\/uploads\/sites\/6\/2025\/07\/tyohevosseura-768x353.jpg 768w\" sizes=\"auto, (max-width: 1300px) 100vw, 1300px\" \/><\/figure>\n<\/figure>\n\n\n\n<p><\/p>\n","protected":false},"excerpt":{"rendered":"<p>St Michel-vedot kilpaillaan vuonna 2026 kolmatta kertaa. Kilpailu on Etel\u00e4-Savon Hevosjalostusliiton j\u00e4rjest\u00e4m\u00e4 ty\u00f6hevosten vetokilpailu, joka k\u00e4ynnist\u00e4\u00e4 kuuluisan St Michel -raviviikonlopun Mikkelin raviradalla perjantaina 17.7.2026. Vetokilpailun j\u00e4lkeen perjantai-ilta jatkuu vauhdikkaiden ravien ja muun oheisohjelman merkeiss\u00e4 raviradalla. Lue lis\u00e4\u00e4 koko St Michel-viikonlopusta: https:\/\/www.stmichel.fi\/ Vetokilpailu -mit\u00e4 siin\u00e4 tapahtuu? Hiekkaesteen pituus on 100 metri\u00e4. [&hellip;]<\/p>\n","protected":false},"author":24,"featured_media":0,"parent":0,"menu_order":0,"comment_status":"closed","ping_status":"closed","template":"","meta":{"_EventAllDay":false,"_EventTimezone":"","_EventStartDate":"","_EventEndDate":"","_EventStartDateUTC":"","_EventEndDateUTC":"","_EventShowMap":false,"_EventShowMapLink":false,"_EventURL":"","_EventCost":"","_EventCostDescription":"","_EventCurrencySymbol":"","_EventCurrencyPosition":"","_EventDateTimeSeparator":"","_EventTimeRangeSeparator":"","_EventOrganizerID":[],"_EventVenueID":0,"_OrganizerEmail":"","_OrganizerPhone":"","_OrganizerWebsite":"","_VenueAddress":"","_VenueCity":"","_VenueCountry":"","_VenueProvince":"","_VenueZip":"","_VenuePhone":"","_VenueURL":"","_VenueStateProvince":"","_VenueLat":"","_VenueLng":"","footnotes":""},"class_list":["post-749","page","type-page","status-publish","hentry"],"_links":{"self":[{"href":"https:\/\/hevosjalostusliitot.fi\/etelasavo\/wp-json\/wp\/v2\/pages\/749","targetHints":{"allow":["GET"]}}],"collection":[{"href":"https:\/\/hevosjalostusliitot.fi\/etelasavo\/wp-json\/wp\/v2\/pages"}],"about":[{"href":"https:\/\/hevosjalostusliitot.fi\/etelasavo\/wp-json\/wp\/v2\/types\/page"}],"author":[{"embeddable":true,"href":"https:\/\/hevosjalostusliitot.fi\/etelasavo\/wp-json\/wp\/v2\/users\/24"}],"replies":[{"embeddable":true,"href":"https:\/\/hevosjalostusliitot.fi\/etelasavo\/wp-json\/wp\/v2\/comments?post=749"}],"version-history":[{"count":6,"href":"https:\/\/hevosjalostusliitot.fi\/etelasavo\/wp-json\/wp\/v2\/pages\/749\/revisions"}],"predecessor-version":[{"id":789,"href":"https:\/\/hevosjalostusliitot.fi\/etelasavo\/wp-json\/wp\/v2\/pages\/749\/revisions\/789"}],"wp:attachment":[{"href":"https:\/\/hevosjalostusliitot.fi\/etelasavo\/wp-json\/wp\/v2\/media?parent=749"}],"curies":[{"name":"wp","href":"https:\/\/api.w.org\/{rel}","templated":true}]}}