{"id":47,"date":"2020-06-26T11:09:18","date_gmt":"2020-06-26T08:09:18","guid":{"rendered":"https:\/\/hevosjalostusliitot.fi\/etelasavo\/?page_id=47"},"modified":"2023-07-31T09:39:59","modified_gmt":"2023-07-31T06:39:59","slug":"ota-yhteytta","status":"publish","type":"page","link":"https:\/\/hevosjalostusliitot.fi\/etelasavo\/ota-yhteytta\/","title":{"rendered":"Ota yhteytt\u00e4"},"content":{"rendered":"\n<p><strong>Toiminnanjohtaja<\/strong> <\/p>\n\n\n\n<p>Janina Aronen<\/p>\n\n\n\n<p> puh. 044 7910 600          <\/p>\n\n\n\n<p>janina.aronen@mikkelinravirata.fi <\/p>\n\n\n\n<p>Raviradantie 22, 50100 Mikkeli <\/p>\n\n\n\n<p>hevosjalostusliitto@mikkelinravirata.fi<\/p>\n\n\n\n<p>L\u00f6yd\u00e4t meid\u00e4t my\u00f6s Facebookista!<br><br> <br> <\/p>\n\n\n\n<p><strong>Toimiston aukioloajat:<\/strong><\/p>\n\n\n\n<p>Mikkelin raviradalla sijaitseva toimisto on toistaiseksi auki vain ravien aikana ja sovitusti, muutoin yhteydenotot puhelimitse tai s\u00e4hk\u00f6postilla. Parhaiten toiminnanjohtajan tavoittaa arkisin aamup\u00e4iv\u00e4st\u00e4 eli klo 8-12.<\/p>\n","protected":false},"excerpt":{"rendered":"<p>Toiminnanjohtaja Janina Aronen puh. 044 7910 600 janina.aronen@mikkelinravirata.fi Raviradantie 22, 50100 Mikkeli hevosjalostusliitto@mikkelinravirata.fi L\u00f6yd\u00e4t meid\u00e4t my\u00f6s Facebookista! Toimiston aukioloajat: Mikkelin raviradalla sijaitseva toimisto on toistaiseksi auki vain ravien aikana ja sovitusti, muutoin yhteydenotot puhelimitse tai s\u00e4hk\u00f6postilla. Parhaiten toiminnanjohtajan tavoittaa arkisin aamup\u00e4iv\u00e4st\u00e4 eli klo 8-12.<\/p>\n","protected":false},"author":24,"featured_media":0,"parent":0,"menu_order":0,"comment_status":"closed","ping_status":"closed","template":"","meta":{"_EventAllDay":false,"_EventTimezone":"","_EventStartDate":"","_EventEndDate":"","_EventStartDateUTC":"","_EventEndDateUTC":"","_EventShowMap":false,"_EventShowMapLink":false,"_EventURL":"","_EventCost":"","_EventCostDescription":"","_EventCurrencySymbol":"","_EventCurrencyPosition":"","_EventDateTimeSeparator":"","_EventTimeRangeSeparator":"","_EventOrganizerID":[],"_EventVenueID":0,"_OrganizerEmail":"","_OrganizerPhone":"","_OrganizerWebsite":"","_VenueAddress":"","_VenueCity":"","_VenueCountry":"","_VenueProvince":"","_VenueZip":"","_VenuePhone":"","_VenueURL":"","_VenueStateProvince":"","_VenueLat":"","_VenueLng":"","footnotes":""},"class_list":["post-47","page","type-page","status-publish","hentry"],"_links":{"self":[{"href":"https:\/\/hevosjalostusliitot.fi\/etelasavo\/wp-json\/wp\/v2\/pages\/47","targetHints":{"allow":["GET"]}}],"collection":[{"href":"https:\/\/hevosjalostusliitot.fi\/etelasavo\/wp-json\/wp\/v2\/pages"}],"about":[{"href":"https:\/\/hevosjalostusliitot.fi\/etelasavo\/wp-json\/wp\/v2\/types\/page"}],"author":[{"embeddable":true,"href":"https:\/\/hevosjalostusliitot.fi\/etelasavo\/wp-json\/wp\/v2\/users\/24"}],"replies":[{"embeddable":true,"href":"https:\/\/hevosjalostusliitot.fi\/etelasavo\/wp-json\/wp\/v2\/comments?post=47"}],"version-history":[{"count":9,"href":"https:\/\/hevosjalostusliitot.fi\/etelasavo\/wp-json\/wp\/v2\/pages\/47\/revisions"}],"predecessor-version":[{"id":568,"href":"https:\/\/hevosjalostusliitot.fi\/etelasavo\/wp-json\/wp\/v2\/pages\/47\/revisions\/568"}],"wp:attachment":[{"href":"https:\/\/hevosjalostusliitot.fi\/etelasavo\/wp-json\/wp\/v2\/media?parent=47"}],"curies":[{"name":"wp","href":"https:\/\/api.w.org\/{rel}","templated":true}]}}