{"id":336,"date":"2021-02-26T14:26:16","date_gmt":"2021-02-26T12:26:16","guid":{"rendered":"https:\/\/hevosjalostusliitot.fi\/etelasavo\/?page_id=336"},"modified":"2026-04-21T11:21:04","modified_gmt":"2026-04-21T08:21:04","slug":"koulutukset-ja-kurssit","status":"publish","type":"page","link":"https:\/\/hevosjalostusliitot.fi\/etelasavo\/koulutukset-ja-kurssit\/","title":{"rendered":"Koulutukset ja kurssit"},"content":{"rendered":"\n<p><strong>Etel\u00e4-Savon Hevosjalostusliitto j\u00e4rjest\u00e4\u00e4 ajolupakursseja Mikkelin raviradalla, sek\u00e4 erilaisia neuvonnallisia hevosalan luentoja ja koulutuksia sek\u00e4 paikallisesti Etel\u00e4-Savon alueella ett\u00e4 yhteisty\u00f6ss\u00e4 muiden hevosjalostusliittojen kanssa maanlaajuisesti.<\/strong><\/p>\n\n\n\n<p><\/p>\n\n\n\n<h2 class=\"wp-block-heading\"><strong>AJOLUPAKURSSIT<\/strong><\/h2>\n\n\n\n<p><strong>P-ajolupakurssi<\/strong><\/p>\n\n\n\n<p>P-ajolupakurssi Mikkeliss\u00e4 kev\u00e4\u00e4ll\u00e4 2026 <strong>peruuntui liian v\u00e4h\u00e4isen osallistujam\u00e4\u00e4r\u00e4n takia<\/strong>. Seuraavan kerran P-ajolupakurssia tarjotaan viimeist\u00e4\u00e4n kev\u00e4\u00e4ll\u00e4 2027.<\/p>\n\n\n\n<p><strong><em>Kurssille ilmoittaudutaan t\u00e4ytt\u00e4m\u00e4ll\u00e4 hakemuslomake P-ajolupakurssille ja toimittamalla se ensisijaisesti s\u00e4hk\u00f6isesti janina.aronen@mikkelinravirata.fi. Linkki hakemuslomakkeeseen l\u00f6ytyy alempaa t\u00e4lt\u00e4 sivulta.<\/em><\/strong><\/p>\n\n\n\n<p><\/p>\n\n\n\n<p>Poniajolupakurssin voi suorittaa 9-18-vuotiaana ja aikaisintaan sen vuoden kes\u00e4kuussa, kun t\u00e4ytt\u00e4\u00e4 yhdeks\u00e4n (9) vuotta.&nbsp;Hakijan ajolupa astuu voimaan sen kalenterivuoden alusta alkaen, jonka aikana h\u00e4n t\u00e4ytt\u00e4\u00e4 v\u00e4hint\u00e4\u00e4n kymmenen (10) vuotta. B-ponilla P-ajolupakurssille osallistuvan kurssilaisen ik\u00e4raja on 12 vuotta. Kurssin alussa j\u00e4rjestet\u00e4\u00e4n p\u00e4\u00e4sykoe, joka kertoo onko hakijalla riitt\u00e4v\u00e4t perustiedot ja -taidot kurssille osallistumiseksi. Hakijan tulee hallita ponin k\u00e4sittelyyn, valmentamiseen ja ohjastamiseen liittyv\u00e4t perustaidot&nbsp;ja tuntea v\u00e4h\u00e4n raviurheilua. Ajolupakurssille osallistutaan omalla tai lainaponilla ja ponilla tulee olla voimassa oleva kilpailuvakuutus. Alle 18-vuotiailla ohjastajilla tulee olla kilpailuhuoltaja. Kilpailuhuoltajille on oma koulutus Hipposakatemian verkkoymp\u00e4rist\u00f6ss\u00e4. Lapsen\/nuoren ajolupaa ei laiteta voimaan, ennen kuin kilpailuhuoltaja on k\u00e4ynyt koulutuksen.<\/p>\n\n\n\n<p>P-ajolupakurssin kurssimaksu 85 \u20ac laskutetaan kurssin aikana. Kurssin j\u00e4lkeen P-ajolupaa haettaessa maksetaan Suomen Hippokselle P-ajolupa ja vuosittainen ponilisenssi.<\/p>\n\n\n\n<p><em>Lis\u00e4tietoa P-ajoluvasta: <a href=\"https:\/\/www.hippos.fi\/raviurheilu\/raviurheilijan-koulutukset\/p-ajolupakurssit\/\">https:\/\/www.hippos.fi\/raviurheilu\/raviurheilijan-koulutukset\/p-ajolupakurssit\/<\/a><\/em><\/p>\n\n\n\n<p><em>Hakemuslomake P-ajolupakurssille: <a href=\"https:\/\/www.hippos.fi\/tiedostot\/hakemus-p-ajolupakurssille\/\">https:\/\/www.hippos.fi\/tiedostot\/hakemus-p-ajolupakurssille\/<\/a><\/em><\/p>\n\n\n\n<figure class=\"wp-block-image size-large is-resized\"><img loading=\"lazy\" decoding=\"async\" width=\"1016\" height=\"1024\" src=\"https:\/\/hevosjalostusliitot.fi\/etelasavo\/wp-content\/uploads\/sites\/6\/2024\/10\/esittely-1016x1024.jpg\" alt=\"\" class=\"wp-image-674\" style=\"width:381px;height:383px\" srcset=\"https:\/\/hevosjalostusliitot.fi\/etelasavo\/wp-content\/uploads\/sites\/6\/2024\/10\/esittely-1016x1024.jpg 1016w, https:\/\/hevosjalostusliitot.fi\/etelasavo\/wp-content\/uploads\/sites\/6\/2024\/10\/esittely-298x300.jpg 298w, https:\/\/hevosjalostusliitot.fi\/etelasavo\/wp-content\/uploads\/sites\/6\/2024\/10\/esittely-150x150.jpg 150w, https:\/\/hevosjalostusliitot.fi\/etelasavo\/wp-content\/uploads\/sites\/6\/2024\/10\/esittely-768x774.jpg 768w, https:\/\/hevosjalostusliitot.fi\/etelasavo\/wp-content\/uploads\/sites\/6\/2024\/10\/esittely.jpg 1415w\" sizes=\"auto, (max-width: 1016px) 100vw, 1016px\" \/><figcaption class=\"wp-element-caption\"><em>Syksyn 2024 P-ajolupakurssilaiset harjoituksissa<\/em>. <br><em>Kuva: Saila Hirvonen<\/em><\/figcaption><\/figure>\n\n\n\n<p><strong>C-ajolupakurssi<\/strong><\/p>\n\n\n\n<p>C-ajolupakurssi Mikkeliss\u00e4 j\u00e4rjestet\u00e4\u00e4n kev\u00e4\u00e4ll\u00e4 2026, <strong>ilmoittautuminen kurssille on p\u00e4\u00e4ttynyt<\/strong>.<\/p>\n\n\n\n<p><strong><em>Kurssille ilmoittaudutaan t\u00e4ytt\u00e4m\u00e4ll\u00e4 hakemuslomake C-ajolupakurssille ja toimittamalla se ensisijaisesti s\u00e4hk\u00f6isesti janina.aronen@mikkelinravirata.fi. Linkki hakemuslomakkeeseen l\u00f6ytyy alempaa t\u00e4lt\u00e4 sivulta.<\/em><\/strong><\/p>\n\n\n\n<p><em>C-ajolupakurssin k\u00e4yt\u00e4nn\u00f6n harjoituksien aikataulut<\/em> <em>(muutokset mahdollisia)<\/em>:<br><br>la 25.4. klo 13 \u2013 15 p\u00e4\u00e4sykoe ja aloitusinfo<br>la 9.5. klo 11 \u2013 15 valjastukset ja varusteet, k\u00e4rryjen veto ilman hevosta ja ensimm\u00e4iset volttausharjoitukset<br>to 14.5. klo 16 \u2013 18:30 volttausharjoitukset, klo 18:30 &#8211; 21 mont\u00e9luento ja -n\u00e4ytt\u00f6 mC-ajoluvan suorittajille<br>la 16.5. klo 14 \u2013 17 volttausharjoitukset<br>la 23.5. klo 14 \u2013 17 volttaus- ja autol\u00e4ht\u00f6harjoitukset<br>su 31.5. klo 13 \u2013 17 volttausharjoitukset, videointi + katselu<br>ti 2.6. klo 18 \u2013 19:30 ravien tuomaritorniin ja toimihenkil\u00f6teht\u00e4viin tutustuminen Mikkelin raveissa<br>pe 5.6. klo 17 \u2013 20 kenraaliharjoitukset<\/p>\n\n\n\n<p>la 6.6. klo 13 alkaen loppukokeet<\/p>\n\n\n\n<p><br><br><\/p>\n\n\n\n<p>C-ajolupakurssin teoria suoritetaan itsen\u00e4isesti tunnuksilla kirjautuneena Hipposakatemiassa. Kurssi l\u00f6ytyy: <a href=\"https:\/\/hippos.mmg.fi\/\">https:\/\/hippos.mmg.fi\/<\/a> -&gt; Raviurheilijoille -&gt; C-ajolupakurssin teoria 2026.<\/p>\n\n\n\n<p>Kurssilla on pakollisia aineistoja, jotka on opiskeltava. Lopussa on harjoitustentti, josta pit\u00e4\u00e4 saada hyv\u00e4ksytty tulos, ett\u00e4 se menee l\u00e4pi. Kun kaikki on suoritettu ja edistymisen seuranta on 100 %, kurssilaiselle muodostuu <strong>todistus, joka on esitett\u00e4v\u00e4 ennen ensimm\u00e4ist\u00e4 ajoharjoitusta kurssin j\u00e4rjest\u00e4j\u00e4lle. <\/strong>Hevosenk\u00e4sittelyn, valjastuksen ja hevosella ajon perustaidot tarkistetaan p\u00e4\u00e4sykokeessa ennen k\u00e4yt\u00e4nn\u00f6n harjoituksien aloittamista.<\/p>\n\n\n\n<p>C-ajolupakurssille voi hakea v\u00e4hint\u00e4\u00e4n 16-vuotias vakinaisesti Suomessa asuva henkil\u00f6, joka hallitsee perustaidot hevosen k\u00e4sittelyss\u00e4, valjastuksessa ja ohjastuksessa.&nbsp;Hakijan t\u00e4ytyy pysty\u00e4&nbsp;hallitsemaan oma ohjastettavansa ja ajamaan ryhm\u00e4ss\u00e4. Ajolupakurssille hakijan ollessa 60 vuotta t\u00e4yt\u00adt\u00e4nyt, h\u00e4nen on toimitettava Ravikilpailus\u00e4\u00e4nt\u00f6jen pyk\u00e4l\u00e4ss\u00e4 35.4. m\u00e4\u00e4ritelty l\u00e4\u00e4k\u00e4rintodistus Suomen Hippokseen kurssin hakuvaiheessa. Alle 60-vuotiaat ajoluvan hakijat vakuuttavat terveytens\u00e4 ajolupakurssin hakemuksen yhteydess\u00e4. Jos hakija ei voi vakuuttaa terveytt\u00e4\u00e4n, h\u00e4n toimittaa l\u00e4\u00e4k\u00e4rintodistuksen ohjastuskelpoisuudestaan.<\/p>\n\n\n\n<p><\/p>\n\n\n\n<p><\/p>\n\n\n\n<p><\/p>\n\n\n\n<p>Mik\u00e4li C-ajoluvan hakija haluaa oikeuden ohjastaa my\u00f6s mont\u00e9-l\u00e4hd\u00f6iss\u00e4, tulee h\u00e4nen antaa n\u00e4yte ratsastustaidostaan ja mont\u00e9-hevosen varustamisesta mont\u00e9p\u00e4iv\u00e4n\u00e4.<\/p>\n\n\n\n<p>Ajolupakurssin harjoituksissa ohjastajalla on oltava aina turvaliivi ja kyp\u00e4r\u00e4. Kurssihevoselta vaaditaan voimassa oleva kilpailuvakuutus. Mik\u00e4li sit\u00e4 ei ole ennest\u00e4\u00e4n, tulee siit\u00e4 lasku maksettavaksi. Hevosen rokotuksien voimassa olosta huolehtimista suositellaan. Hevosen on oltava toimiva ajaa ja riitt\u00e4v\u00e4ss\u00e4 kunnossa jaksaakseen volttiharjoitukset. Ravikilpailuihin yli-ik\u00e4isell\u00e4kin sek\u00e4 my\u00f6s B-ponilla voi osallistua kurssille, mik\u00e4li hevonen\/poni on riitt\u00e4v\u00e4n hyv\u00e4ss\u00e4 kunnossa pysy\u00e4kseen porukan mukana harjoituksissa.<\/p>\n\n\n\n<p>Vastuuvalmentajakoulutus sis\u00e4ltyy ajolupakurssin teoriamateriaaliin.<\/p>\n\n\n\n<p><\/p>\n\n\n\n<p><\/p>\n\n\n\n<p><\/p>\n\n\n\n<p>Lis\u00e4tietoa kurssista antaa hevosjalostusliiton toiminnanjohtaja Janina Aronen.<\/p>\n\n\n\n<p><em><strong>Tietoa ajolupakursseista:<\/strong><\/em> <a href=\"https:\/\/www.hippos.fi\/koulutus\/raviurheilijan-koulutukset\/c-ajolupakurssit\/\" target=\"_blank\" rel=\"noreferrer noopener\">https:\/\/www.hippos.fi\/koulutus\/raviurheilijan-koulutukset\/c-ajolupakurssit\/<\/a><\/p>\n\n\n\n<p><em><strong>Hinnasto ajolupakurssista ja ajoluvasta:<\/strong><\/em> <a href=\"https:\/\/www.hippos.fi\/hevosen-omistaminen\/hinnasto\/\" target=\"_blank\" rel=\"noreferrer noopener\">https:\/\/www.hippos.fi\/hevosen-omistaminen\/hinnasto\/<\/a><\/p>\n\n\n\n<p><strong><em>Hakemuslomake C-ajolupakurssille ilmoittautumista varten (palauta hevosjalostusliittoon t\u00e4ytettyn\u00e4):<\/em> <\/strong><a href=\"https:\/\/www.hippos.fi\/tiedostot\/hakemus-c-ajolupakurssille\/\" target=\"_blank\" rel=\"noreferrer noopener\">https:\/\/www.hippos.fi\/tiedostot\/hakemus-c-ajolupakurssille\/<\/a><\/p>\n\n\n\n<p><\/p>\n\n\n\n<figure class=\"wp-block-image size-large\"><img loading=\"lazy\" decoding=\"async\" width=\"1024\" height=\"641\" src=\"https:\/\/hevosjalostusliitot.fi\/etelasavo\/wp-content\/uploads\/sites\/6\/2023\/07\/volttia-1024x641.jpg\" alt=\"\" class=\"wp-image-547\" srcset=\"https:\/\/hevosjalostusliitot.fi\/etelasavo\/wp-content\/uploads\/sites\/6\/2023\/07\/volttia-1024x641.jpg 1024w, https:\/\/hevosjalostusliitot.fi\/etelasavo\/wp-content\/uploads\/sites\/6\/2023\/07\/volttia-300x188.jpg 300w, https:\/\/hevosjalostusliitot.fi\/etelasavo\/wp-content\/uploads\/sites\/6\/2023\/07\/volttia-768x481.jpg 768w, https:\/\/hevosjalostusliitot.fi\/etelasavo\/wp-content\/uploads\/sites\/6\/2023\/07\/volttia.jpg 1200w\" sizes=\"auto, (max-width: 1024px) 100vw, 1024px\" \/><figcaption class=\"wp-element-caption\"><em>Vuoden 2021 C-ajolupakurssilaisia loppukokeen volttauksissa. Kuva: Jaana P\u00f6ll\u00e4nen<\/em><\/figcaption><\/figure>\n\n\n\n<p><\/p>\n\n\n\n<p><\/p>\n\n\n\n<p><\/p>\n\n\n\n<p><strong>VASTUUVALMENTAJAKOULUTUS<\/strong><\/p>\n\n\n\n<p>Vastuuvalmentajakoulutuksen voi opiskella itsen\u00e4isesti koska vain Hippoksen kautta verkkokoulutuksena ja tulla liiton toimistolle Mikkeliin tentitt\u00e4v\u00e4ksi sovittuna ajankohtana. Vastuuvalmentajatentin hinta on 60 \u20ac. Lis\u00e4tietoa vastuuvalmentajakoulutuksesta janina.aronen@mikkelinravirata.fi tai <a rel=\"noreferrer noopener\" href=\"https:\/\/www.hippos.fi\/koulutus\/raviurheilijan-koulutukset\/vastuuvalmentajakoulutukset\/\" target=\"_blank\">Linkki<\/a><\/p>\n\n\n\n<h2 class=\"wp-block-heading\">Luennot \/ koulutukset<\/h2>\n\n\n\n<p><strong><em>Etel\u00e4-Savon Hevosjalostusliiton j\u00e4rjest\u00e4mist\u00e4 paikallisista koulutuksista ilmoitetaan hevosjalostusliiton Facebook-sivulla, otathan sivun seurantaan!<\/em><\/strong><\/p>\n\n\n\n<p><\/p>\n\n\n\n<p><strong>WEBINAARIT ELI VERKKOLUENNOT<\/strong><\/p>\n\n\n\n<p><span class=\"has-inline-color has-accent-color\">Kaikki Suomen hevosjalostusliitot yhdess\u00e4 tarjoavat hevosihmisille webinaareja mm. hevosten kasvatukseen ja hyvinvointiin liittyvist\u00e4 aiheista.<\/span> <\/p>\n\n\n\n<p>Seuraa facebookissa hevosjalostusliittojen tulevia luentoja: <\/p>\n\n\n\n<p><a href=\"https:\/\/www.facebook.com\/hevosjalostusliitot\" target=\"_blank\" rel=\"noreferrer noopener\">https:\/\/www.facebook.com\/hevosjalostusliitot<\/a><\/p>\n\n\n\n<p>Osasta jo olleista luennoista l\u00f6ytyy tallenteita:<\/p>\n\n\n\n<p><a href=\"https:\/\/www.youtube.com\/c\/Hevosjalostusliitot\" target=\"_blank\" rel=\"noreferrer noopener\">https:\/\/www.youtube.com\/c\/Hevosjalostusliitot<\/a><\/p>\n\n\n\n<p><\/p>\n\n\n\n<div class=\"wp-block-group\"><div class=\"wp-block-group__inner-container is-layout-flow wp-block-group-is-layout-flow\"><\/div><\/div>\n\n\n\n<p><\/p>\n\n\n\n<p><\/p>\n\n\n\n<p><\/p>\n\n\n\n<p><\/p>\n","protected":false},"excerpt":{"rendered":"<p>Etel\u00e4-Savon Hevosjalostusliitto j\u00e4rjest\u00e4\u00e4 ajolupakursseja Mikkelin raviradalla, sek\u00e4 erilaisia neuvonnallisia hevosalan luentoja ja koulutuksia sek\u00e4 paikallisesti Etel\u00e4-Savon alueella ett\u00e4 yhteisty\u00f6ss\u00e4 muiden hevosjalostusliittojen kanssa maanlaajuisesti. AJOLUPAKURSSIT P-ajolupakurssi P-ajolupakurssi Mikkeliss\u00e4 kev\u00e4\u00e4ll\u00e4 2026 peruuntui liian v\u00e4h\u00e4isen osallistujam\u00e4\u00e4r\u00e4n takia. Seuraavan kerran P-ajolupakurssia tarjotaan viimeist\u00e4\u00e4n kev\u00e4\u00e4ll\u00e4 2027. Kurssille ilmoittaudutaan t\u00e4ytt\u00e4m\u00e4ll\u00e4 hakemuslomake P-ajolupakurssille ja toimittamalla se ensisijaisesti [&hellip;]<\/p>\n","protected":false},"author":24,"featured_media":0,"parent":0,"menu_order":0,"comment_status":"closed","ping_status":"closed","template":"","meta":{"_EventAllDay":false,"_EventTimezone":"","_EventStartDate":"","_EventEndDate":"","_EventStartDateUTC":"","_EventEndDateUTC":"","_EventShowMap":false,"_EventShowMapLink":false,"_EventURL":"","_EventCost":"","_EventCostDescription":"","_EventCurrencySymbol":"","_EventCurrencyPosition":"","_EventDateTimeSeparator":"","_EventTimeRangeSeparator":"","_EventOrganizerID":[],"_EventVenueID":0,"_OrganizerEmail":"","_OrganizerPhone":"","_OrganizerWebsite":"","_VenueAddress":"","_VenueCity":"","_VenueCountry":"","_VenueProvince":"","_VenueZip":"","_VenuePhone":"","_VenueURL":"","_VenueStateProvince":"","_VenueLat":"","_VenueLng":"","footnotes":""},"class_list":["post-336","page","type-page","status-publish","hentry"],"_links":{"self":[{"href":"https:\/\/hevosjalostusliitot.fi\/etelasavo\/wp-json\/wp\/v2\/pages\/336","targetHints":{"allow":["GET"]}}],"collection":[{"href":"https:\/\/hevosjalostusliitot.fi\/etelasavo\/wp-json\/wp\/v2\/pages"}],"about":[{"href":"https:\/\/hevosjalostusliitot.fi\/etelasavo\/wp-json\/wp\/v2\/types\/page"}],"author":[{"embeddable":true,"href":"https:\/\/hevosjalostusliitot.fi\/etelasavo\/wp-json\/wp\/v2\/users\/24"}],"replies":[{"embeddable":true,"href":"https:\/\/hevosjalostusliitot.fi\/etelasavo\/wp-json\/wp\/v2\/comments?post=336"}],"version-history":[{"count":58,"href":"https:\/\/hevosjalostusliitot.fi\/etelasavo\/wp-json\/wp\/v2\/pages\/336\/revisions"}],"predecessor-version":[{"id":815,"href":"https:\/\/hevosjalostusliitot.fi\/etelasavo\/wp-json\/wp\/v2\/pages\/336\/revisions\/815"}],"wp:attachment":[{"href":"https:\/\/hevosjalostusliitot.fi\/etelasavo\/wp-json\/wp\/v2\/media?parent=336"}],"curies":[{"name":"wp","href":"https:\/\/api.w.org\/{rel}","templated":true}]}}