{"id":196,"date":"2020-08-10T14:21:46","date_gmt":"2020-08-10T11:21:46","guid":{"rendered":"https:\/\/hevosjalostusliitot.fi\/etelasavo\/?page_id=196"},"modified":"2022-01-11T13:32:51","modified_gmt":"2022-01-11T11:32:51","slug":"ponimittaus","status":"publish","type":"page","link":"https:\/\/hevosjalostusliitot.fi\/etelasavo\/ponimittaus\/","title":{"rendered":"Ponimittaus"},"content":{"rendered":"\n<p>Virallisia mittauksia sek\u00e4 ravi- ett\u00e4 ratsuponeille. <\/p>\n\n\n\n<p>Mittaajina toimivat Etel\u00e4-Savossa liiton toiminnanjohtaja Janina Aronen (koko Etel\u00e4-Savo) sek\u00e4 Savonlinnan alueella P\u00e4ivi Pesonen, Tmi Kavioliitto.<\/p>\n\n\n\n<p>Yhteismittausp\u00e4ivi\u00e4 j\u00e4rjestet\u00e4\u00e4n Mikkelin raviradalla kysynn\u00e4n mukaan. My\u00f6s yksitt\u00e4iset mittaukset onnistuvat sovittaessa. <\/p>\n\n\n\n<p>Mittauksen hinnasto:<\/p>\n\n\n\n<ul class=\"wp-block-list\"><li>mittaus Mikkelin raviradalla 30 \u20ac<\/li><li>mittaus kotitallilla 50 \u20ac + kilometrikorvaukset<\/li><\/ul>\n\n\n\n<p>Lis\u00e4tietoa mittauksista sek\u00e4 varaukset:<\/p>\n\n\n\n<p>Janina Aronen puh. 044 791 0600, janina.aronen@mikkelinravirata.fi<\/p>\n\n\n\n<p>P\u00e4ivi Pesonen puh. 040 7004932, paivi.pesonen10@gmail.com<\/p>\n\n\n\n<div class=\"wp-block-group is-layout-flow wp-block-group-is-layout-flow\"><div class=\"wp-block-group__inner-container\"><\/div><\/div>\n\n\n\n<p><\/p>\n","protected":false},"excerpt":{"rendered":"<p>Virallisia mittauksia sek\u00e4 ravi- ett\u00e4 ratsuponeille. Mittaajina toimivat Etel\u00e4-Savossa liiton toiminnanjohtaja Janina Aronen (koko Etel\u00e4-Savo) sek\u00e4 Savonlinnan alueella P\u00e4ivi Pesonen, Tmi Kavioliitto. Yhteismittausp\u00e4ivi\u00e4 j\u00e4rjestet\u00e4\u00e4n Mikkelin raviradalla kysynn\u00e4n mukaan. My\u00f6s yksitt\u00e4iset mittaukset onnistuvat sovittaessa. Mittauksen hinnasto: mittaus Mikkelin raviradalla 30 \u20ac mittaus kotitallilla 50 \u20ac + kilometrikorvaukset Lis\u00e4tietoa mittauksista sek\u00e4 varaukset: [&hellip;]<\/p>\n","protected":false},"author":24,"featured_media":0,"parent":0,"menu_order":0,"comment_status":"closed","ping_status":"closed","template":"","meta":{"_EventAllDay":false,"_EventTimezone":"","_EventStartDate":"","_EventEndDate":"","_EventStartDateUTC":"","_EventEndDateUTC":"","_EventShowMap":false,"_EventShowMapLink":false,"_EventURL":"","_EventCost":"","_EventCostDescription":"","_EventCurrencySymbol":"","_EventCurrencyPosition":"","_EventDateTimeSeparator":"","_EventTimeRangeSeparator":"","_EventOrganizerID":[],"_EventVenueID":0,"_OrganizerEmail":"","_OrganizerPhone":"","_OrganizerWebsite":"","_VenueAddress":"","_VenueCity":"","_VenueCountry":"","_VenueProvince":"","_VenueZip":"","_VenuePhone":"","_VenueURL":"","_VenueStateProvince":"","_VenueLat":"","_VenueLng":"","footnotes":""},"class_list":["post-196","page","type-page","status-publish","hentry"],"_links":{"self":[{"href":"https:\/\/hevosjalostusliitot.fi\/etelasavo\/wp-json\/wp\/v2\/pages\/196","targetHints":{"allow":["GET"]}}],"collection":[{"href":"https:\/\/hevosjalostusliitot.fi\/etelasavo\/wp-json\/wp\/v2\/pages"}],"about":[{"href":"https:\/\/hevosjalostusliitot.fi\/etelasavo\/wp-json\/wp\/v2\/types\/page"}],"author":[{"embeddable":true,"href":"https:\/\/hevosjalostusliitot.fi\/etelasavo\/wp-json\/wp\/v2\/users\/24"}],"replies":[{"embeddable":true,"href":"https:\/\/hevosjalostusliitot.fi\/etelasavo\/wp-json\/wp\/v2\/comments?post=196"}],"version-history":[{"count":7,"href":"https:\/\/hevosjalostusliitot.fi\/etelasavo\/wp-json\/wp\/v2\/pages\/196\/revisions"}],"predecessor-version":[{"id":418,"href":"https:\/\/hevosjalostusliitot.fi\/etelasavo\/wp-json\/wp\/v2\/pages\/196\/revisions\/418"}],"wp:attachment":[{"href":"https:\/\/hevosjalostusliitot.fi\/etelasavo\/wp-json\/wp\/v2\/media?parent=196"}],"curies":[{"name":"wp","href":"https:\/\/api.w.org\/{rel}","templated":true}]}}