{"id":190,"date":"2020-08-10T13:18:00","date_gmt":"2020-08-10T10:18:00","guid":{"rendered":"https:\/\/hevosjalostusliitot.fi\/etelasavo\/?page_id=190"},"modified":"2022-06-02T11:49:26","modified_gmt":"2022-06-02T08:49:26","slug":"tunnistus-ja-rekisterointi","status":"publish","type":"page","link":"https:\/\/hevosjalostusliitot.fi\/etelasavo\/tunnistus-ja-rekisterointi\/","title":{"rendered":"Tunnistus ja rekister\u00f6inti"},"content":{"rendered":"\n<p>Varsan tunnistusta tai tuontihevosen ID-varmennusta rekister\u00f6inti\u00e4 varten voit tiedustella liiton toiminnanjohtajalta joko puh. 044 791 0600 tai s-postilla janina.aronen@mikkelinravirata.fi<\/p>\n\n\n\n<p>Tunnistusten ja rekister\u00f6innin hinnaston l\u00f6yd\u00e4t Suomen Hippoksen sivuilta <a href=\"https:\/\/www.hippos.fi\/hevosen-omistaminen\/hinnasto\/\">Linkki<\/a><\/p>\n\n\n\n<p>Lis\u00e4tietoa tuontihevosten ID-varmennoksesta ja rekister\u00f6innist\u00e4 <a href=\"https:\/\/www.hippos.fi\/hevosen-omistaminen\/hevosen-rekisterointi-ja-asiakirjat\/hevosen-tuonti-ja-vienti\/\">Linkki<\/a><a href=\"https:\/\/www.hippos.fi\/hevosen-omistaminen\/hevosen-rekisterointi-ja-asiakirjat\/hevosen-tuonti-ja-vienti\/\"><\/a><\/p>\n\n\n\n<p>Lis\u00e4tietoa varsan rekister\u00f6innist\u00e4 <a href=\"https:\/\/www.hippos.fi\/kasvatus\/varsan-rekisterointi\/\">Linkki<\/a><\/p>\n","protected":false},"excerpt":{"rendered":"<p>Varsan tunnistusta tai tuontihevosen ID-varmennusta rekister\u00f6inti\u00e4 varten voit tiedustella liiton toiminnanjohtajalta joko puh. 044 791 0600 tai s-postilla janina.aronen@mikkelinravirata.fi Tunnistusten ja rekister\u00f6innin hinnaston l\u00f6yd\u00e4t Suomen Hippoksen sivuilta Linkki Lis\u00e4tietoa tuontihevosten ID-varmennoksesta ja rekister\u00f6innist\u00e4 Linkki Lis\u00e4tietoa varsan rekister\u00f6innist\u00e4 Linkki<\/p>\n","protected":false},"author":24,"featured_media":0,"parent":0,"menu_order":0,"comment_status":"closed","ping_status":"closed","template":"","meta":{"_EventAllDay":false,"_EventTimezone":"","_EventStartDate":"","_EventEndDate":"","_EventStartDateUTC":"","_EventEndDateUTC":"","_EventShowMap":false,"_EventShowMapLink":false,"_EventURL":"","_EventCost":"","_EventCostDescription":"","_EventCurrencySymbol":"","_EventCurrencyPosition":"","_EventDateTimeSeparator":"","_EventTimeRangeSeparator":"","_EventOrganizerID":[],"_EventVenueID":0,"_OrganizerEmail":"","_OrganizerPhone":"","_OrganizerWebsite":"","_VenueAddress":"","_VenueCity":"","_VenueCountry":"","_VenueProvince":"","_VenueZip":"","_VenuePhone":"","_VenueURL":"","_VenueStateProvince":"","_VenueLat":"","_VenueLng":"","footnotes":""},"class_list":["post-190","page","type-page","status-publish","hentry"],"_links":{"self":[{"href":"https:\/\/hevosjalostusliitot.fi\/etelasavo\/wp-json\/wp\/v2\/pages\/190","targetHints":{"allow":["GET"]}}],"collection":[{"href":"https:\/\/hevosjalostusliitot.fi\/etelasavo\/wp-json\/wp\/v2\/pages"}],"about":[{"href":"https:\/\/hevosjalostusliitot.fi\/etelasavo\/wp-json\/wp\/v2\/types\/page"}],"author":[{"embeddable":true,"href":"https:\/\/hevosjalostusliitot.fi\/etelasavo\/wp-json\/wp\/v2\/users\/24"}],"replies":[{"embeddable":true,"href":"https:\/\/hevosjalostusliitot.fi\/etelasavo\/wp-json\/wp\/v2\/comments?post=190"}],"version-history":[{"count":13,"href":"https:\/\/hevosjalostusliitot.fi\/etelasavo\/wp-json\/wp\/v2\/pages\/190\/revisions"}],"predecessor-version":[{"id":464,"href":"https:\/\/hevosjalostusliitot.fi\/etelasavo\/wp-json\/wp\/v2\/pages\/190\/revisions\/464"}],"wp:attachment":[{"href":"https:\/\/hevosjalostusliitot.fi\/etelasavo\/wp-json\/wp\/v2\/media?parent=190"}],"curies":[{"name":"wp","href":"https:\/\/api.w.org\/{rel}","templated":true}]}}