{"id":13,"date":"2020-05-16T08:41:54","date_gmt":"2020-05-16T05:41:54","guid":{"rendered":"https:\/\/hevosjalostusliitot.fi\/etelasavo\/?page_id=13"},"modified":"2026-01-22T15:00:21","modified_gmt":"2026-01-22T13:00:21","slug":"etusivu","status":"publish","type":"page","link":"https:\/\/hevosjalostusliitot.fi\/etelasavo\/","title":{"rendered":"Etusivu"},"content":{"rendered":"\n<div class=\"wp-block-group alignfull\"><div class=\"wp-block-group__inner-container is-layout-flow wp-block-group-is-layout-flow\">\n<div class=\"wp-block-group\"><div class=\"wp-block-group__inner-container is-layout-flow wp-block-group-is-layout-flow\"><\/div><\/div>\n\n\n\n<div class=\"wp-block-cover alignfull is-repeated is-light\" style=\"min-height:600px;aspect-ratio:unset;\"><span aria-hidden=\"true\" class=\"wp-block-cover__background has-background-dim-10 has-background-dim\" style=\"background-color:#6a7e73\"><\/span><div class=\"wp-block-cover__image-background wp-image-779 is-repeated\" style=\"background-position:41% 54%;background-image:url(https:\/\/hevosjalostusliitot.fi\/etelasavo\/wp-content\/uploads\/sites\/6\/2026\/01\/Helmi-laitumessa.jpg)\"><\/div><div class=\"wp-block-cover__inner-container is-layout-flow wp-block-cover-is-layout-flow\">\n<p class=\"has-text-align-center has-white-color has-text-color has-link-color wp-elements-12383272c575beed324bef6a0a3ce325\" style=\"font-size:33px\"><strong>Etel\u00e4-Savon Hevosjalostusliitto ry<\/strong><\/p>\n\n\n\n<div class=\"wp-block-buttons is-content-justification-center is-layout-flex wp-container-core-buttons-is-layout-1 wp-block-buttons-is-layout-flex\">\n<div class=\"wp-block-button has-custom-width wp-block-button__width-25 is-style-fill\"><a class=\"wp-block-button__link has-background wp-element-button\" href=\"https:\/\/hevosjalostusliitot.fi\/etelasavo\/ota-yhteytta\/\" style=\"background-color:#499d45\">Ota yhteytt\u00e4<\/a><\/div>\n<\/div>\n<\/div><\/div>\n<\/div><\/div>\n\n\n\n<h2 class=\"wp-block-heading\">Tervetuloa<\/h2>\n\n\n\n<p>Etel\u00e4-Savon Hevosjalostusliiton toiminnan tarkoituksena on hevostalouden edellytysten turvaaminen ja kehitt\u00e4minen Etel\u00e4-Savossa yhdess\u00e4 muiden hevostalouteen liittyvien yhteisty\u00f6tahojen kanssa. Hevosjalostusliitto huolehtii my\u00f6s Maa- ja Mets\u00e4talousministeri\u00f6n ja Suomen Hippos ry:n asettamista viranomaisteht\u00e4vist\u00e4.<\/p>\n\n\n\n<p><strong>Etel\u00e4-Savon Hevosjalostusliiton tarjoamat palvelut:<\/strong> <\/p>\n\n\n\n<ul class=\"wp-block-list\">\n<li>Varsojen tunnistaminen rekister\u00f6inti\u00e4 varten<\/li>\n\n\n\n<li>Tuontihevosten ID-varmennokset<\/li>\n\n\n\n<li>Astutus- ja varsomistietojen tallentaminen<\/li>\n\n\n\n<li>Ponien mittaus<\/li>\n\n\n\n<li>Tamma-ja varsan\u00e4yttelyiden j\u00e4rjest\u00e4minen<\/li>\n\n\n\n<li>Hevosalan neuvonta<\/li>\n\n\n\n<li>Ruokintasuunnitelmat<\/li>\n\n\n\n<li>Ajolupakurssit ja vastuuvalmentajatentit<\/li>\n\n\n\n<li>Koulutus- ja kurssitoiminta<\/li>\n\n\n\n<li>Harjoitus- ja paikallisravit<\/li>\n\n\n\n<li>Hyv\u00e4 Talli -auditoinnit<\/li>\n<\/ul>\n\n\n\n<p><strong>Etel\u00e4-Savon Hevosjalostusliiton maantieteelliseen toiminta-alueeseen kuuluu<\/strong> Enonkoski, Hirvensalmi, Juva, Kangasniemi, Mikkeli, M\u00e4ntyharju, Pertunmaa, Pieks\u00e4m\u00e4ki, Puumala, Rantasalmi, Savonlinna ja Sulkava<\/p>\n\n\n<style>.wp-block-kadence-spacer.kt-block-spacer-13_62c64c-05 .kt-block-spacer{height:60px;}.wp-block-kadence-spacer.kt-block-spacer-13_62c64c-05 .kt-divider{border-top-width:1px;height:1px;border-top-color:#eee;width:80%;border-top-style:solid;}<\/style>\n<div class=\"wp-block-kadence-spacer aligncenter kt-block-spacer-13_62c64c-05\"><div class=\"kt-block-spacer kt-block-spacer-halign-center\"><hr class=\"kt-divider\" \/><\/div><\/div>\n\n\n\n<p class=\"has-text-align-center\"><strong>Etel\u00e4-Savon Hevosjalostusliiton toimisto sijaitsee Mikkelin raviradalla<\/strong><\/p>\n\n\n\n<p class=\"has-text-align-center\">Raviradantie 22, 50100 Mikkeli<\/p>\n\n\n\n<p class=\"has-text-align-center\">Toimisto avoinna toistaiseksi vain ravien aikana tai sopimuksen mukaan.<\/p>\n\n\n\n<p class=\"has-text-align-center\">Yhteydenotot joko puhelimitse 044 791 0600<\/p>\n\n\n\n<p class=\"has-text-align-center\">tai s\u00e4hk\u00f6postitse janina.aronen@mikkelinravirata.fi<\/p>\n\n\n<div class=\"wp-block-image\">\n<figure class=\"aligncenter size-large is-resized\"><img loading=\"lazy\" decoding=\"async\" width=\"709\" height=\"495\" src=\"https:\/\/hevosjalostusliitot.fi\/etelasavo\/wp-content\/uploads\/sites\/6\/2020\/08\/hjl_logo_pysty-1.jpg\" alt=\"\" class=\"wp-image-208\" style=\"width:168px;height:117px\" srcset=\"https:\/\/hevosjalostusliitot.fi\/etelasavo\/wp-content\/uploads\/sites\/6\/2020\/08\/hjl_logo_pysty-1.jpg 709w, https:\/\/hevosjalostusliitot.fi\/etelasavo\/wp-content\/uploads\/sites\/6\/2020\/08\/hjl_logo_pysty-1-300x209.jpg 300w\" sizes=\"auto, (max-width: 709px) 100vw, 709px\" \/><\/figure><\/div>\n\n\n<ul class=\"wp-block-social-links is-layout-flex wp-block-social-links-is-layout-flex\">\n\n\n\n\n\n\n\n\n\n\n\n<li class=\"wp-social-link wp-social-link-facebook  wp-block-social-link\"><a href=\"https:\/\/www.facebook.com\/Etel%C3%A4-Savon-Hevosjalostusliitto-ry-1074364435969489\/?ref=bookmarks\" class=\"wp-block-social-link-anchor\"><svg width=\"24\" height=\"24\" viewBox=\"0 0 24 24\" version=\"1.1\" xmlns=\"http:\/\/www.w3.org\/2000\/svg\" aria-hidden=\"true\" focusable=\"false\"><path d=\"M12 2C6.5 2 2 6.5 2 12c0 5 3.7 9.1 8.4 9.9v-7H7.9V12h2.5V9.8c0-2.5 1.5-3.9 3.8-3.9 1.1 0 2.2.2 2.2.2v2.5h-1.3c-1.2 0-1.6.8-1.6 1.6V12h2.8l-.4 2.9h-2.3v7C18.3 21.1 22 17 22 12c0-5.5-4.5-10-10-10z\"><\/path><\/svg><span class=\"wp-block-social-link-label screen-reader-text\">Facebook<\/span><\/a><\/li>\n\n<li class=\"wp-social-link wp-social-link-youtube  wp-block-social-link\"><a href=\"https:\/\/www.youtube.com\/channel\/UCuQ0SHzULCQss3v4NhcUxQg\" class=\"wp-block-social-link-anchor\"><svg width=\"24\" height=\"24\" viewBox=\"0 0 24 24\" version=\"1.1\" xmlns=\"http:\/\/www.w3.org\/2000\/svg\" aria-hidden=\"true\" focusable=\"false\"><path d=\"M21.8,8.001c0,0-0.195-1.378-0.795-1.985c-0.76-0.797-1.613-0.801-2.004-0.847c-2.799-0.202-6.997-0.202-6.997-0.202 h-0.009c0,0-4.198,0-6.997,0.202C4.608,5.216,3.756,5.22,2.995,6.016C2.395,6.623,2.2,8.001,2.2,8.001S2,9.62,2,11.238v1.517 c0,1.618,0.2,3.237,0.2,3.237s0.195,1.378,0.795,1.985c0.761,0.797,1.76,0.771,2.205,0.855c1.6,0.153,6.8,0.201,6.8,0.201 s4.203-0.006,7.001-0.209c0.391-0.047,1.243-0.051,2.004-0.847c0.6-0.607,0.795-1.985,0.795-1.985s0.2-1.618,0.2-3.237v-1.517 C22,9.62,21.8,8.001,21.8,8.001z M9.935,14.594l-0.001-5.62l5.404,2.82L9.935,14.594z\"><\/path><\/svg><span class=\"wp-block-social-link-label screen-reader-text\">YouTube<\/span><\/a><\/li><\/ul>\n\n\n\n<p><\/p>\n","protected":false},"excerpt":{"rendered":"<p>Tervetuloa Etel\u00e4-Savon Hevosjalostusliiton toiminnan tarkoituksena on hevostalouden edellytysten turvaaminen ja kehitt\u00e4minen Etel\u00e4-Savossa yhdess\u00e4 muiden hevostalouteen liittyvien yhteisty\u00f6tahojen kanssa. Hevosjalostusliitto huolehtii my\u00f6s Maa- ja Mets\u00e4talousministeri\u00f6n ja Suomen Hippos ry:n asettamista viranomaisteht\u00e4vist\u00e4. Etel\u00e4-Savon Hevosjalostusliiton tarjoamat palvelut: Etel\u00e4-Savon Hevosjalostusliiton maantieteelliseen toiminta-alueeseen kuuluu Enonkoski, Hirvensalmi, Juva, Kangasniemi, Mikkeli, M\u00e4ntyharju, Pertunmaa, Pieks\u00e4m\u00e4ki, Puumala, Rantasalmi, Savonlinna [&hellip;]<\/p>\n","protected":false},"author":1,"featured_media":779,"parent":0,"menu_order":0,"comment_status":"closed","ping_status":"closed","template":"page-templates\/template-fullwidth.php","meta":{"_EventAllDay":false,"_EventTimezone":"","_EventStartDate":"","_EventEndDate":"","_EventStartDateUTC":"","_EventEndDateUTC":"","_EventShowMap":false,"_EventShowMapLink":false,"_EventURL":"","_EventCost":"","_EventCostDescription":"","_EventCurrencySymbol":"","_EventCurrencyPosition":"","_EventDateTimeSeparator":"","_EventTimeRangeSeparator":"","_EventOrganizerID":[],"_EventVenueID":0,"_OrganizerEmail":"","_OrganizerPhone":"","_OrganizerWebsite":"","_VenueAddress":"","_VenueCity":"","_VenueCountry":"","_VenueProvince":"","_VenueZip":"","_VenuePhone":"","_VenueURL":"","_VenueStateProvince":"","_VenueLat":"","_VenueLng":"","footnotes":""},"class_list":["post-13","page","type-page","status-publish","has-post-thumbnail","hentry"],"_links":{"self":[{"href":"https:\/\/hevosjalostusliitot.fi\/etelasavo\/wp-json\/wp\/v2\/pages\/13","targetHints":{"allow":["GET"]}}],"collection":[{"href":"https:\/\/hevosjalostusliitot.fi\/etelasavo\/wp-json\/wp\/v2\/pages"}],"about":[{"href":"https:\/\/hevosjalostusliitot.fi\/etelasavo\/wp-json\/wp\/v2\/types\/page"}],"author":[{"embeddable":true,"href":"https:\/\/hevosjalostusliitot.fi\/etelasavo\/wp-json\/wp\/v2\/users\/1"}],"replies":[{"embeddable":true,"href":"https:\/\/hevosjalostusliitot.fi\/etelasavo\/wp-json\/wp\/v2\/comments?post=13"}],"version-history":[{"count":73,"href":"https:\/\/hevosjalostusliitot.fi\/etelasavo\/wp-json\/wp\/v2\/pages\/13\/revisions"}],"predecessor-version":[{"id":787,"href":"https:\/\/hevosjalostusliitot.fi\/etelasavo\/wp-json\/wp\/v2\/pages\/13\/revisions\/787"}],"wp:featuredmedia":[{"embeddable":true,"href":"https:\/\/hevosjalostusliitot.fi\/etelasavo\/wp-json\/wp\/v2\/media\/779"}],"wp:attachment":[{"href":"https:\/\/hevosjalostusliitot.fi\/etelasavo\/wp-json\/wp\/v2\/media?parent=13"}],"curies":[{"name":"wp","href":"https:\/\/api.w.org\/{rel}","templated":true}]}}